{"id":19871,"date":"2022-03-31T12:53:54","date_gmt":"2022-03-31T16:53:54","guid":{"rendered":"https:\/\/cap.ca\/?page_id=19871"},"modified":"2022-06-04T09:54:43","modified_gmt":"2022-06-04T13:54:43","slug":"transportation-a-mcmaster","status":"publish","type":"page","link":"https:\/\/cap.ca\/fr\/congres-de-lacp\/congres-anterieurs\/acp2022\/informations-importantes-si-vous-vous-rendez-a-hamilton\/transportation-a-mcmaster\/","title":{"rendered":"Transportation \u00e0 l&#8217;Universit\u00e9 McMaster"},"content":{"rendered":"<p><img loading=\"lazy\" decoding=\"async\" class=\"alignright\" src=\"https:\/\/brand-resources.mcmaster.ca\/asset-bank\/servlet\/file?contentDispositionFilename=abt_6952276934977844393MTQ2OTgz.jpg&amp;signature=614c4f4d633765754d7135557a6174647a745739682f304137554d6b5a6d706977644136726f4d4261507a6a773751427a4e38705051426158526b366338634730724876504e6c46496d2b5137414b796c5477374d6a6e537a58433330653367546a69696b79316b7650303d&amp;contentDisposition=inline&amp;lastModified=2019-04-03T20:03:47Z&amp;contentIdentifier=36c\/XZd1ysCGtO4dJ1da1yjbpObl7IAe.jpg&amp;contentStoreIdentifier=3\" width=\"300\" height=\"163\" \/><br \/>\nLe campus principal de l&#8217;Universit\u00e9 McMaster s&#8217;\u00e9tend sur 300 acres de propri\u00e9t\u00e9s pittoresques et est situ\u00e9 dans le quartier Westdale de Hamilton. Des cartes et tous les d\u00e9tails sur la fa\u00e7on de se rendre \u00e0 McMaster sont disponibles sur le site Web de l&#8217;universit\u00e9 : <a href=\"https:\/\/future.mcmaster.ca\/visit\/directions\/\" target=\"_blank\" rel=\"noopener noreferrer\"><strong>https:\/\/future.mcmaster.ca\/visit\/directions\/hs<\/strong><\/a><a href=\"http:\/\/parking.mcmaster.ca\/documents\/Campus%20Map%202018%2090X39%2001.pdf\">.<\/a><\/p>\n<p><strong>Pour des raisons de GPS<\/strong>, nous vous recommandons d&#8217;utiliser l&#8217;intersection de Sterling Street &amp;amp ; Forsyth Ave (<strong>185 Sterling Street, Hamilton, ON<\/strong>) comme coordonn\u00e9es pour vous guider vers l&#8217;entr\u00e9e du campus.<\/p>\n<h1><\/h1>\n<h1><span style=\"font-size: 18pt;\">Stationnement<\/span><\/h1>\n<p>Lorsque vous arrivez sur le campus, dirigez-vous vers le lot dans lequel vous souhaitez vous garer. <strong>Lots A, B &amp;amp ; C<\/strong> ainsi que le <strong>stationnement souterrain de Wilson Hall<\/strong> sont les options les plus proches du Michael deGroote Centre for Living and Discovery (MDCL (#52)). Pour le Peter George Centre for Living and Learning (PGCLL (#89)) le parking<strong> lot G<\/strong> ainsi que le <strong>Stadium underground parking<\/strong> sont les parkings les plus proches. Veuillez suivre le lien pour plus de <a href=\"https:\/\/parking.mcmaster.ca\/visitor\"><strong>d\u00e9tails sur le stationnement des visiteurs<\/strong><\/a> ou pour voir le <a href=\"https:\/\/parking.mcmaster.ca\/app\/uploads\/2020\/11\/Campus-Map-2018-90X39-01.pdf\"><strong>campus &amp; parking map<\/strong><\/a>.<\/p>\n<p>Des tarifs de stationnement r\u00e9duits de 12 $\/jour sont disponibles pour les participants au Congr\u00e8s (il faut un laissez-passer de stationnement pour b\u00e9n\u00e9ficier de ce tarif).\u00a0 Pour ceux qui n&#8217;ont pas achet\u00e9 de laissez-passer de stationnement \u00e0 l&#8217;avance, des laissez-passer de stationnement de 1 \u00e0 5 jours peuvent \u00eatre achet\u00e9s au comptoir d&#8217;enregistrement des logements sur le campus dans le b\u00e2timent Commons (#28 sur la carte du campus).\u00a0 Nous envisageons de mettre en vente une petite quantit\u00e9 de billets au bureau d&#8217;inscription du CAP pour ceux pour qui se rendre au b\u00e2timent Commons serait difficile.<\/p>\n<h1><\/h1>\n<h1><span style=\"font-size: 18pt;\">Options de transport<\/span><\/h1>\n<p>Il existe diff\u00e9rentes options pour se rendre sur le campus de l&#8217;Universit\u00e9 McMaster en transport en commun :<\/p>\n<p>Pour les services <strong>HSR bus<\/strong>, qui assureront des services de bus r\u00e9guliers entre le centre-ville de Hamilton et le campus de McMaster, veuillez suivre le <a href=\"https:\/\/www.hamilton.ca\/hsr-bus-schedules-fares\"><strong>lien<\/strong><\/a>.<\/p>\n<p><strong>GO Transit<\/strong> fournit un service de transit direct du dimanche au vendredi entre le terminal GO de McMaster et Burlington, Mississauga, Brampton et l&#8217;Universit\u00e9 York. Pour plus de d\u00e9tails, veuillez consulter le <a href=\"https:\/\/www.gotransit.com\/\"><strong>site web deGO Transit<\/strong><\/a>.<\/p>\n<p>&nbsp;<\/p>\n<h1><span style=\"font-size: 18pt;\">En avion<\/span><\/h1>\n<p>Si vous prenez l&#8217;avion, vous arriverez soit \u00e0 <strong>l&#8217;a\u00e9roport international Pearson de Toronto (YYZ)<\/strong>, soit \u00e0 <strong>John C. Munro International<\/strong> \u00e0 Hamilton. GO Transit assure un service en semaine entre Pearson et le campus, avec un transfert \u00e0 la gare GO de Bramalea vers le service de l&#8217;autoroute 407 Ouest. Depuis l&#8217;a\u00e9roport international John C. Munro, il y a une navette qui dessert toutes les heures les h\u00f4tels du centre-ville de Hamilton, ainsi que le syst\u00e8me de transport en commun municipal de Hamilton (HSR) qui dessert \u00e9galement l&#8217;a\u00e9roport. Veuillez suivre le <a href=\"https:\/\/discover.mcmaster.ca\/directions\/#airport\"><strong>lien<\/strong><\/a> pour plus d&#8217;informations.<\/p>\n","protected":false},"excerpt":{"rendered":"<p>Le campus principal de l&#8217;Universit\u00e9 McMaster s&#8217;\u00e9tend sur 300 acres de propri\u00e9t\u00e9s pittoresques et est situ\u00e9 dans le quartier Westdale de Hamilton. Des cartes et tous les d\u00e9tails sur la fa\u00e7on de se rendre \u00e0 McMaster sont disponibles sur le site Web de l&#8217;universit\u00e9 : https:\/\/future.mcmaster.ca\/visit\/directions\/hs. Pour des raisons de GPS, nous vous recommandons d&#8217;utiliser&#8230;  <a class=\"excerpt-read-more\" href=\"https:\/\/cap.ca\/fr\/congres-de-lacp\/congres-anterieurs\/acp2022\/informations-importantes-si-vous-vous-rendez-a-hamilton\/transportation-a-mcmaster\/\" title=\"LireTransportation \u00e0 l&#8217;Universit\u00e9 McMaster\">Lire la suite &raquo;<\/a><\/p>\n","protected":false},"author":7,"featured_media":0,"parent":20339,"menu_order":69,"comment_status":"closed","ping_status":"closed","template":"","meta":{"footnotes":""},"class_list":["post-19871","page","type-page","status-publish","hentry"],"_links":{"self":[{"href":"https:\/\/cap.ca\/fr\/wp-json\/wp\/v2\/pages\/19871","targetHints":{"allow":["GET"]}}],"collection":[{"href":"https:\/\/cap.ca\/fr\/wp-json\/wp\/v2\/pages"}],"about":[{"href":"https:\/\/cap.ca\/fr\/wp-json\/wp\/v2\/types\/page"}],"author":[{"embeddable":true,"href":"https:\/\/cap.ca\/fr\/wp-json\/wp\/v2\/users\/7"}],"replies":[{"embeddable":true,"href":"https:\/\/cap.ca\/fr\/wp-json\/wp\/v2\/comments?post=19871"}],"version-history":[{"count":10,"href":"https:\/\/cap.ca\/fr\/wp-json\/wp\/v2\/pages\/19871\/revisions"}],"predecessor-version":[{"id":21000,"href":"https:\/\/cap.ca\/fr\/wp-json\/wp\/v2\/pages\/19871\/revisions\/21000"}],"up":[{"embeddable":true,"href":"https:\/\/cap.ca\/fr\/wp-json\/wp\/v2\/pages\/20339"}],"wp:attachment":[{"href":"https:\/\/cap.ca\/fr\/wp-json\/wp\/v2\/media?parent=19871"}],"curies":[{"name":"wp","href":"https:\/\/api.w.org\/{rel}","templated":true}]}}