{"id":19764,"date":"2022-02-08T12:00:55","date_gmt":"2022-02-08T17:00:55","guid":{"rendered":"https:\/\/cap.ca\/?page_id=19764"},"modified":"2022-05-31T08:16:20","modified_gmt":"2022-05-31T12:16:20","slug":"atelier-sur-la-politique-scientifique","status":"publish","type":"page","link":"https:\/\/cap.ca\/fr\/congres-de-lacp\/congres-anterieurs\/acp2022\/atelier-sur-la-politique-scientifique\/","title":{"rendered":"Atelier sur la politique scientifique"},"content":{"rendered":"<p><b>L&#8217;ACP a le plaisir d&#8217;accueillir un atelier sur la politique scientifique de 12h15 \u00e0 13h15 HAE le lundi 6 juin.<\/b><\/p>\n<p>Nous vous invitons \u00e0 participer \u00e0 notre atelier du midi de 12h15 \u00e0 13h15 HAE le lundi 6 juin au Congr\u00e8s de l\u2019ACP. Il s\u2019agira d\u2019une discussion sans expos\u00e9 formel. Nous sommes int\u00e9ress\u00e9s par ce sur quoi les intervenants de l\u2019ACP croient que nous devrions nous concentrer. Nous sommes int\u00e9ress\u00e9s par les id\u00e9es perturbatrices. Y a-t-il un mod\u00e8le radicalement diff\u00e9rent que nous pourrions adopter pour le Programme de subventions \u00e0 la d\u00e9couverte du CRSNG ? Pourquoi est-il si difficile de faire bouger les choses au gouvernement f\u00e9d\u00e9ral ? Comment pouvons-nous assurer un financement ad\u00e9quat des infrastructures essentielles ? Qui devrait \u00eatre responsable de l\u2019entretien des installations de base ? Pourrions-nous am\u00e9liorer le CV commun canadien ? Comment pouvons-nous faire en sorte que la recherche soit davantage valoris\u00e9e par le gouvernement et la soci\u00e9t\u00e9 ? Venez, apportez vos propres id\u00e9es et contribuez \u00e0 la discussion. Ce sera amusant.<\/p>\n","protected":false},"excerpt":{"rendered":"<p>L&#8217;ACP a le plaisir d&#8217;accueillir un atelier sur la politique scientifique de 12h15 \u00e0 13h15 HAE le lundi 6 juin. Nous vous invitons \u00e0 participer \u00e0 notre atelier du midi de 12h15 \u00e0 13h15 HAE le lundi 6 juin au Congr\u00e8s de l\u2019ACP. Il s\u2019agira d\u2019une discussion sans expos\u00e9 formel. Nous sommes int\u00e9ress\u00e9s par ce&#8230;  <a class=\"excerpt-read-more\" href=\"https:\/\/cap.ca\/fr\/congres-de-lacp\/congres-anterieurs\/acp2022\/atelier-sur-la-politique-scientifique\/\" title=\"LireAtelier sur la politique scientifique\">Lire la suite &raquo;<\/a><\/p>\n","protected":false},"author":5,"featured_media":0,"parent":18751,"menu_order":64,"comment_status":"closed","ping_status":"closed","template":"","meta":{"footnotes":""},"class_list":["post-19764","page","type-page","status-publish","hentry"],"_links":{"self":[{"href":"https:\/\/cap.ca\/fr\/wp-json\/wp\/v2\/pages\/19764","targetHints":{"allow":["GET"]}}],"collection":[{"href":"https:\/\/cap.ca\/fr\/wp-json\/wp\/v2\/pages"}],"about":[{"href":"https:\/\/cap.ca\/fr\/wp-json\/wp\/v2\/types\/page"}],"author":[{"embeddable":true,"href":"https:\/\/cap.ca\/fr\/wp-json\/wp\/v2\/users\/5"}],"replies":[{"embeddable":true,"href":"https:\/\/cap.ca\/fr\/wp-json\/wp\/v2\/comments?post=19764"}],"version-history":[{"count":4,"href":"https:\/\/cap.ca\/fr\/wp-json\/wp\/v2\/pages\/19764\/revisions"}],"predecessor-version":[{"id":19819,"href":"https:\/\/cap.ca\/fr\/wp-json\/wp\/v2\/pages\/19764\/revisions\/19819"}],"up":[{"embeddable":true,"href":"https:\/\/cap.ca\/fr\/wp-json\/wp\/v2\/pages\/18751"}],"wp:attachment":[{"href":"https:\/\/cap.ca\/fr\/wp-json\/wp\/v2\/media?parent=19764"}],"curies":[{"name":"wp","href":"https:\/\/api.w.org\/{rel}","templated":true}]}}