{"id":19608,"date":"2022-01-10T15:00:40","date_gmt":"2022-01-10T20:00:40","guid":{"rendered":"https:\/\/cap.ca\/?page_id=19608"},"modified":"2022-05-31T08:16:50","modified_gmt":"2022-05-31T12:16:50","slug":"journee-des-symposiums-7-juin","status":"publish","type":"page","link":"https:\/\/cap.ca\/fr\/congres-de-lacp\/congres-anterieurs\/acp2022\/journee-des-symposiums-7-juin\/","title":{"rendered":"Journ\u00e9e des symposiums &#8211; 7 juin"},"content":{"rendered":"<p>Les symposiums th\u00e9matiques offrent la possibilit\u00e9 d&#8217;une mini-r\u00e9union dans le cadre g\u00e9n\u00e9ral du Congr\u00e8s. Ils contribuent \u00e0 soutenir la recherche en physique au Canada en offrant une occasion de r\u00e9seautage et de collaboration dans des domaines de recherche particuliers. Chaque symposium sera compos\u00e9 de 4 sessions et la journ\u00e9e enti\u00e8re sera programm\u00e9e dans une salle avec du caf\u00e9 \u00e0 proximit\u00e9 pour encourager le r\u00e9seautage. Aucun conf\u00e9rencier pl\u00e9nier ou autre \u00e9v\u00e9nement n&#8217;est pr\u00e9vu le mardi pour interrompre la mini-r\u00e9union. La session d&#8217;affiches de l&#8217;ACP est pr\u00e9vue de 17h30 \u00e0 19h00, apr\u00e8s la fin de la quatri\u00e8me session. Nous avons essay\u00e9 de l&#8217;organiser plus t\u00f4t que d&#8217;habitude afin que les d\u00e9l\u00e9gu\u00e9s puissent aller d\u00eener avec les participants au symposium.<\/p>\n<p>Huit symposiums sont pr\u00e9vus pour le mardi. Ils comprennent une s\u00e9rie de conf\u00e9rences invit\u00e9es et de contributions. Les r\u00e9sum\u00e9s peuvent \u00eatre soumis pour ces symposiums en s\u00e9lectionnant la piste du symposium lorsque vous soumettez votre r\u00e9sum\u00e9 (ouverture le 1er f\u00e9vrier 2022). Les d\u00e9l\u00e9gu\u00e9s qui souhaitent assister uniquement \u00e0 la journ\u00e9e des symposiums pourront le faire. \u00c0 l\u2019heure actuelle, nous pr\u00e9voyons que les frais d\u2019inscription pour les d\u00e9l\u00e9gu\u00e9s non \u00e9tudiants membres de l\u2019ACP et les conf\u00e9renciers invit\u00e9s ne d\u00e9passeront pas 175 $ pour la journ\u00e9e. Voici la liste des symposiums pr\u00e9vus :<\/p>\n<ul class=\"content-list\">\n<li><strong>Symposium sur les progr\u00e8s de la physique biologique et m\u00e9dicale, organis\u00e9 par la Division de physique en m\u00e9dicine et biology (DPMP)<\/strong> \u2014 De nouveaux d\u00e9veloppements passionnants en biophysique, physique m\u00e9dicale, biophotonique et autres domaines seront mis en \u00e9vidence. Les sujets abord\u00e9s comprendront les nouveaux instruments, les nouvelles d\u00e9couvertes et les progr\u00e8s en mati\u00e8re de mod\u00e9lisation, y compris les applications de l\u2019IA. Vous pouvez envoyer vos commentaires sur les nouvelles avanc\u00e9es que vous aimeriez voir mises en avant \u00e0 Cornelia Hoehr \u00e0 l\u2019adresse <a href=\"mailto:choehr@triumf.ca\">choehr@triumf.ca<\/a>.<\/li>\n<li><strong>Symposium sur la physique des plasmas, organis\u00e9 par la Division de la physique des plasmas (DPP)<\/strong> \u2013 Les d\u00e9l\u00e9gu\u00e9s souhaitant s\u2019informer des r\u00e9centes avanc\u00e9es de la recherche en physique des plasmas doivent pr\u00e9voir y assister. Divers sujets seront abord\u00e9s, dont, entre autres, la mod\u00e9lisation des plasmas, les plasmas thermiques et les plasmas non thermiques.<\/li>\n<li><strong>Nouvelles orientations pour les exp\u00e9riences bas\u00e9es sur les acc\u00e9l\u00e9rateurs, organis\u00e9 par la Division de la physique des particules (PPD)<\/strong> \u2014 Ce symposium offrira une vue d\u2019ensemble et une discussion sur les exp\u00e9riences actuelles et propos\u00e9es bas\u00e9es sur les acc\u00e9l\u00e9rateurs qui sont planifi\u00e9es au sein de la communaut\u00e9 canadienne de la physique des particules.<\/li>\n<li><strong>Les sujets br\u00fblants de la th\u00e9orie rendue accessible, organis\u00e9 par la Division de la physique th\u00e9orique (DPT)<\/strong> \u2014 Venez vous informer sur un large \u00e9ventail de \u201csujets chauds\u201d de la physique th\u00e9orique aupr\u00e8s d\u2019un groupe d\u2019une douzaine d\u2019experts invit\u00e9s. Ces expos\u00e9s seront destin\u00e9s \u00e0 un public de physiciens de tous les sous-domaines afin de rendre cette mise \u00e0 jour scientifique accessible \u00e0 tous.<\/li>\n<li><strong>Physiciens du secteur priv\u00e9, organis\u00e9 par le directeur des affaires professionnelles et le directeur de la physique du secteur priv\u00e9 de l&#8217;ACP, <\/strong>en partenariat avec la Division de la physique appliqu\u00e9e et de l&#8217;instrumentation de l&#8217;ACP &#8211; Plus des 3\/4 des physiciens dipl\u00f4m\u00e9s travaillent en dehors du milieu universitaire. Les jeunes physiciens, ou ceux qui souhaitent s&#8217;informer sur les carri\u00e8res en physique en dehors du milieu universitaire, sont encourag\u00e9s \u00e0 assister \u00e0 ce symposium interactif qui donnera un aper\u00e7u des carri\u00e8res des physiciens travaillant en dehors du milieu universitaire et offrira des id\u00e9es et des conseils sur les voies possibles et la formation n\u00e9cessaire pour transformer votre formation en physique en une carri\u00e8re int\u00e9ressante et enrichissante en dehors du milieu universitaire.<\/li>\n<li><strong>La physique au collisionneur \u00e9lectron-ion (EIC), organis\u00e9 par la Division de physique nucl\u00e9aire (DPN)<\/strong> \u2014 Au cours de la prochaine d\u00e9cennie, un nouveau complexe acc\u00e9l\u00e9rateur majeur, le collisionneur \u00e9lectron-ion (EIC), sera construit aux \u00c9tats-Unis. Dans l\u2019EIC, des \u00e9lectrons polaris\u00e9s entreront en collision avec des protons polaris\u00e9s, des ions l\u00e9gers polaris\u00e9s et des noyaux lourds \u00e0 haute luminosit\u00e9 afin de r\u00e9pondre \u00e0 des questions d\u2019importance fondamentale en physique nucl\u00e9aire et en physique des particules. S\u2019appuyant sur des d\u00e9cennies d\u2019implication dans les installations de collision de particules du monde entier, les physiciens subatomiques canadiens participent intensivement \u00e0 la r\u00e9alisation de cette nouvelle installation.<\/li>\n<li><strong>Fluctuations et d\u00e9sordre dans la mati\u00e8re condens\u00e9e, organis\u00e9 par la Division de la physique de la mati\u00e8re condens\u00e9e et des mat\u00e9riaux (DPMCM)<\/strong> \u2014 Certains des probl\u00e8mes les plus difficiles de la physique de la mati\u00e8re condens\u00e9e sont ceux o\u00f9 les fluctuations et le d\u00e9sordre sont des caract\u00e9ristiques essentielles, et o\u00f9 il y a souvent de la frustration et un paysage \u00e9nerg\u00e9tique compliqu\u00e9. Ce symposium r\u00e9unira des chercheurs de toute la physique de la mati\u00e8re condens\u00e9e pour pr\u00e9senter et discuter des avanc\u00e9es r\u00e9centes dans des domaines s\u00e9lectionn\u00e9s li\u00e9s \u00e0 ce th\u00e8me.<\/li>\n<li><strong>Techniques de pr\u00e9cision en spectroscopie, organis\u00e9 par la Division de la physique atomique, mol\u00e9culaire et optique du Canada (DPAMOC)<\/strong> \u2013 La mesure et la pr\u00e9cision sont la pierre angulaire de la physique en tant que science quantitative et exacte. Elles se manifestent dans le syst\u00e8me international d\u2019unit\u00e9s et leur r\u00e9alisation. La division de la physique atomique, mol\u00e9culaire et optique cherche \u00e0 mettre en lumi\u00e8re les d\u00e9veloppements actuels, les applications et les techniques de pointe appliqu\u00e9es \u00e0 la spectroscopie. Les id\u00e9es d\u2019expos\u00e9 ou de sujet pour le symposium peuvent \u00eatre envoy\u00e9es directement \u00e0 Jens Lassen \u00e0 l\u2019adresse <a href=\"mailto:lassen@triumf.ca\">lassen@triumf.ca<\/a>.<\/li>\n<\/ul>\n","protected":false},"excerpt":{"rendered":"<p>Les symposiums th\u00e9matiques offrent la possibilit\u00e9 d&#8217;une mini-r\u00e9union dans le cadre g\u00e9n\u00e9ral du Congr\u00e8s. Ils contribuent \u00e0 soutenir la recherche en physique au Canada en offrant une occasion de r\u00e9seautage et de collaboration dans des domaines de recherche particuliers. Chaque symposium sera compos\u00e9 de 4 sessions et la journ\u00e9e enti\u00e8re sera programm\u00e9e dans une salle&#8230;  <a class=\"excerpt-read-more\" href=\"https:\/\/cap.ca\/fr\/congres-de-lacp\/congres-anterieurs\/acp2022\/journee-des-symposiums-7-juin\/\" title=\"LireJourn\u00e9e des symposiums &#8211; 7 juin\">Lire la suite &raquo;<\/a><\/p>\n","protected":false},"author":19,"featured_media":0,"parent":18751,"menu_order":65,"comment_status":"closed","ping_status":"closed","template":"","meta":{"footnotes":""},"class_list":["post-19608","page","type-page","status-publish","hentry"],"_links":{"self":[{"href":"https:\/\/cap.ca\/fr\/wp-json\/wp\/v2\/pages\/19608","targetHints":{"allow":["GET"]}}],"collection":[{"href":"https:\/\/cap.ca\/fr\/wp-json\/wp\/v2\/pages"}],"about":[{"href":"https:\/\/cap.ca\/fr\/wp-json\/wp\/v2\/types\/page"}],"author":[{"embeddable":true,"href":"https:\/\/cap.ca\/fr\/wp-json\/wp\/v2\/users\/19"}],"replies":[{"embeddable":true,"href":"https:\/\/cap.ca\/fr\/wp-json\/wp\/v2\/comments?post=19608"}],"version-history":[{"count":5,"href":"https:\/\/cap.ca\/fr\/wp-json\/wp\/v2\/pages\/19608\/revisions"}],"predecessor-version":[{"id":20892,"href":"https:\/\/cap.ca\/fr\/wp-json\/wp\/v2\/pages\/19608\/revisions\/20892"}],"up":[{"embeddable":true,"href":"https:\/\/cap.ca\/fr\/wp-json\/wp\/v2\/pages\/18751"}],"wp:attachment":[{"href":"https:\/\/cap.ca\/fr\/wp-json\/wp\/v2\/media?parent=19608"}],"curies":[{"name":"wp","href":"https:\/\/api.w.org\/{rel}","templated":true}]}}