{"id":19480,"date":"2021-12-23T04:17:20","date_gmt":"2021-12-23T09:17:20","guid":{"rendered":"https:\/\/cap.ca\/?page_id=19480"},"modified":"2021-12-23T04:17:20","modified_gmt":"2021-12-23T09:17:20","slug":"recipiendaires-par-annee-des-bourses-detudes-de-lacp","status":"publish","type":"page","link":"https:\/\/cap.ca\/fr\/facp\/bourses\/recipiendaires-par-annee-des-bourses-detudes-de-lacp\/","title":{"rendered":"R\u00e9cipiendaires par ann\u00e9e des Bourses d&#8217;\u00e9tudes de l&#8217;ACP"},"content":{"rendered":"<p><iframe loading=\"lazy\" id=\"iframe-medals\" class=\" iframe-delta-0\" src=\"https:\/\/services.cap.ca\/medal\/publicity\/recipients.php?type=sc&#038;lang=fr\" name=\"iframe-0\" width=\"100%\" height=\"700\" frameborder=\"0\" scrolling=\"auto\" data-mce-fragment=\"1\">Your browser does not support iframes. But You can use <a href=\"https:\/\/services.cap.ca\/medal\/publicity\/recipients.php?type=sc&#038;lang=fr\" rel=\"noopener noreferrer\" target=\"_blank\">this link<\/a>.<\/iframe><\/p>\n","protected":false},"excerpt":{"rendered":"<p>Your browser does not support iframes. But You can use this link.<\/p>\n","protected":false},"author":7,"featured_media":0,"parent":15039,"menu_order":41,"comment_status":"closed","ping_status":"closed","template":"","meta":{"footnotes":""},"class_list":["post-19480","page","type-page","status-publish","hentry"],"_links":{"self":[{"href":"https:\/\/cap.ca\/fr\/wp-json\/wp\/v2\/pages\/19480","targetHints":{"allow":["GET"]}}],"collection":[{"href":"https:\/\/cap.ca\/fr\/wp-json\/wp\/v2\/pages"}],"about":[{"href":"https:\/\/cap.ca\/fr\/wp-json\/wp\/v2\/types\/page"}],"author":[{"embeddable":true,"href":"https:\/\/cap.ca\/fr\/wp-json\/wp\/v2\/users\/7"}],"replies":[{"embeddable":true,"href":"https:\/\/cap.ca\/fr\/wp-json\/wp\/v2\/comments?post=19480"}],"version-history":[{"count":3,"href":"https:\/\/cap.ca\/fr\/wp-json\/wp\/v2\/pages\/19480\/revisions"}],"predecessor-version":[{"id":19484,"href":"https:\/\/cap.ca\/fr\/wp-json\/wp\/v2\/pages\/19480\/revisions\/19484"}],"up":[{"embeddable":true,"href":"https:\/\/cap.ca\/fr\/wp-json\/wp\/v2\/pages\/15039"}],"wp:attachment":[{"href":"https:\/\/cap.ca\/fr\/wp-json\/wp\/v2\/media?parent=19480"}],"curies":[{"name":"wp","href":"https:\/\/api.w.org\/{rel}","templated":true}]}}