{"id":19451,"date":"2021-12-21T23:59:51","date_gmt":"2021-12-22T04:59:51","guid":{"rendered":"https:\/\/cap.ca\/?page_id=19451"},"modified":"2021-12-22T00:06:19","modified_gmt":"2021-12-22T05:06:19","slug":"evenements-etudiants-polisci","status":"publish","type":"page","link":"https:\/\/cap.ca\/fr\/politique-scientifique\/evenements-etudiants-polisci\/","title":{"rendered":"\u00c9v\u00e9nements des \u00e9tudiants en politique scientifique"},"content":{"rendered":"<h2><strong>Science Policy 101 Panel\u00a0 (en anglais)<\/strong><br \/>\nThursday, January 13, 2022 &#8211; 15h00 EST<\/h2>\n<p>&nbsp;<\/p>\n<p>The CAP Student Advisory Council is hosting a science policy 101 panel Thursday, January 13th at 15h00 EST.\u00a0<strong><a href=\"https:\/\/ubc.zoom.us\/meeting\/register\/u50ucO6urDwqGtDbD4cbUxCAS0oLGT_sbEFx\" target=\"_blank\" rel=\"noopener noreferrer\"> The (free) registration link can be found here<\/a><\/strong>.<\/p>\n<p>What is science policy and how does it interact with the frontiers of physics research? What can you do at the undergraduate or graduate level in order to start contributing to the conversation? Our three panelists will talk about their experiences in science policy, how their backgrounds in physics and chemistry have helped or motivated them in their current careers, and give some tips on how to become involved.<\/p>\n<p><strong>Aimee Gunther<\/strong> is the current Deputy Director of the Quantum Sensors Challenge Program at the National Research Council of Canada. She was a Mitacs Canadian Science Policy Fellow and served as a scientific advisor in quantum topics for Canada\u2019s Defense Research and Development, co-authoring and co-developing the <a href=\"https:\/\/cradpdf.drdc-rddc.gc.ca\/PDFS\/unc356\/p812809_A1b.pdf\" target=\"_blank\" rel=\"noopener noreferrer\">Quantum Science and Technology Strategy for the Department of National Defense and the Canadian Armed Forces<\/a>. Aimee received her PhD from the University of Waterloo in Quantum Information.\u00a0 <a href=\"https:\/\/can01.safelinks.protection.outlook.com\/?url=https%3A%2F%2Fwww.linkedin.com%2Fin%2Faimeekgunther%2F&amp;data=04%7C01%7C18ax2%40queensu.ca%7C21b6c23651a7404e9c4b08d9c1850d49%7Cd61ecb3b38b142d582c4efb2838b925c%7C1%7C0%7C637753600492464377%7CUnknown%7CTWFpbGZsb3d8eyJWIjoiMC4wLjAwMDAiLCJQIjoiV2luMzIiLCJBTiI6Ik1haWwiLCJXVCI6Mn0%3D%7C3000&amp;sdata=zpMAHdUXz%2BOMDh4j58zPP5trv5mVi8aHEAd7F%2F3Fg%2B0%3D&amp;reserved=0\" target=\"_blank\" rel=\"noopener noreferrer\">Learn more about Aimee on Linkedin<\/a>.<\/p>\n<p><strong>Anh-Khoi Trinh<\/strong> currently sits on the board of directors of Montreal-based, non-profit organization, <a href=\"https:\/\/www.sp-exchange.ca\/\" target=\"_blank\" rel=\"noopener noreferrer\">Science &amp; Policy Exchange<\/a>. Science &amp; Policy Exchange aims to foster the student voice in evidence-based decision making and to bring together leader experts from academic, industry, and government to engage and inform students and the public on issues at the interface of science and policy. Ahn-Khoi is currently doing a PhD in string theory and quantum gravity at McGill University.\u00a0 <a href=\"https:\/\/can01.safelinks.protection.outlook.com\/?url=https%3A%2F%2Fwww.linkedin.com%2Fin%2Fanh-khoi-trinh-297931192%2F%3ForiginalSubdomain%3Dca&amp;data=04%7C01%7C18ax2%40queensu.ca%7C21b6c23651a7404e9c4b08d9c1850d49%7Cd61ecb3b38b142d582c4efb2838b925c%7C1%7C0%7C637753600492620595%7CUnknown%7CTWFpbGZsb3d8eyJWIjoiMC4wLjAwMDAiLCJQIjoiV2luMzIiLCJBTiI6Ik1haWwiLCJXVCI6Mn0%3D%7C3000&amp;sdata=D242QOA8dZHhJA3vK%2Bj%2Bl%2BzJV7RHGBRTrSuHFjyQ4pk%3D&amp;reserved=0\" target=\"_blank\" rel=\"noopener noreferrer\">Learn more about Anh-Khoi on Linkedin<\/a>.<\/p>\n<p><strong>Monika Stolar<\/strong> is a co-founder of <a href=\"https:\/\/can01.safelinks.protection.outlook.com\/?url=https%3A%2F%2Felectstem.com%2F&amp;data=04%7C01%7C18ax2%40queensu.ca%7C21b6c23651a7404e9c4b08d9c1850d49%7Cd61ecb3b38b142d582c4efb2838b925c%7C1%7C0%7C637753600492620595%7CUnknown%7CTWFpbGZsb3d8eyJWIjoiMC4wLjAwMDAiLCJQIjoiV2luMzIiLCJBTiI6Ik1haWwiLCJXVCI6Mn0%3D%7C3000&amp;sdata=rqg7YKzbkj2oxFUReI%2BEsCkNVO7jRGwgaUoKZoZCOfQ%3D&amp;reserved=0\" target=\"_blank\" rel=\"noopener noreferrer\">ElectSTEM<\/a>, an evidence-based non-profit organization with the goal of engaging more scientists and engineers in politics. She also currently works as Simon Fraser University\u2019s industry and research relations officer. Monika holds a PhD in organophosphorus materials from the University of Calgary and completed postdoctoral positions at York University and the Massachusetts Institute of Technology.\u00a0 <a href=\"https:\/\/can01.safelinks.protection.outlook.com\/?url=https%3A%2F%2Fwww.linkedin.com%2Fin%2Fmonika-stolar%2F&amp;data=04%7C01%7C18ax2%40queensu.ca%7C21b6c23651a7404e9c4b08d9c1850d49%7Cd61ecb3b38b142d582c4efb2838b925c%7C1%7C0%7C637753600492620595%7CUnknown%7CTWFpbGZsb3d8eyJWIjoiMC4wLjAwMDAiLCJQIjoiV2luMzIiLCJBTiI6Ik1haWwiLCJXVCI6Mn0%3D%7C3000&amp;sdata=m87hJ9%2BirjesNnU8cxIGosqOtSM%2BuRVDYFi7%2FUVp4GI%3D&amp;reserved=0\" target=\"_blank\" rel=\"noopener noreferrer\">Learn more about Monika on Linkedin<\/a>.<\/p>\n","protected":false},"excerpt":{"rendered":"<p>Science Policy 101 Panel\u00a0 (en anglais) Thursday, January 13, 2022 &#8211; 15h00 EST &nbsp; The CAP Student Advisory Council is hosting a science policy 101 panel Thursday, January 13th at 15h00 EST.\u00a0 The (free) registration link can be found here. What is science policy and how does it interact with the frontiers of physics research?&#8230;  <a class=\"excerpt-read-more\" href=\"https:\/\/cap.ca\/fr\/politique-scientifique\/evenements-etudiants-polisci\/\" title=\"Lire\u00c9v\u00e9nements des \u00e9tudiants en politique scientifique\">Lire la suite &raquo;<\/a><\/p>\n","protected":false},"author":7,"featured_media":0,"parent":3175,"menu_order":7,"comment_status":"closed","ping_status":"closed","template":"","meta":{"footnotes":""},"class_list":["post-19451","page","type-page","status-publish","hentry"],"_links":{"self":[{"href":"https:\/\/cap.ca\/fr\/wp-json\/wp\/v2\/pages\/19451","targetHints":{"allow":["GET"]}}],"collection":[{"href":"https:\/\/cap.ca\/fr\/wp-json\/wp\/v2\/pages"}],"about":[{"href":"https:\/\/cap.ca\/fr\/wp-json\/wp\/v2\/types\/page"}],"author":[{"embeddable":true,"href":"https:\/\/cap.ca\/fr\/wp-json\/wp\/v2\/users\/7"}],"replies":[{"embeddable":true,"href":"https:\/\/cap.ca\/fr\/wp-json\/wp\/v2\/comments?post=19451"}],"version-history":[{"count":4,"href":"https:\/\/cap.ca\/fr\/wp-json\/wp\/v2\/pages\/19451\/revisions"}],"predecessor-version":[{"id":19459,"href":"https:\/\/cap.ca\/fr\/wp-json\/wp\/v2\/pages\/19451\/revisions\/19459"}],"up":[{"embeddable":true,"href":"https:\/\/cap.ca\/fr\/wp-json\/wp\/v2\/pages\/3175"}],"wp:attachment":[{"href":"https:\/\/cap.ca\/fr\/wp-json\/wp\/v2\/media?parent=19451"}],"curies":[{"name":"wp","href":"https:\/\/api.w.org\/{rel}","templated":true}]}}