{"id":19015,"date":"2021-11-04T22:12:27","date_gmt":"2021-11-05T02:12:27","guid":{"rendered":"https:\/\/cap.ca\/?page_id=19015"},"modified":"2021-11-09T12:15:09","modified_gmt":"2021-11-09T17:15:09","slug":"tournee-de-conferenciers-2022-coordonnateurs","status":"publish","type":"page","link":"https:\/\/cap.ca\/fr\/tournee-de-lacp-2022\/tournee-de-conferenciers-2022-coordonnateurs\/","title":{"rendered":"Tourn\u00e9e de conf\u00e9renciers 2022 \u2013 Coordonnateurs"},"content":{"rendered":"<p>La Tourn\u00e9e de conf\u00e9renciers virtuelle 2022 sera organis\u00e9e par r\u00e9gion. Les regions, coordonnateurs et les universit\u00e9s, membres de l&#8217;ACP qui participent sont indiqu\u00e9s ci-dessous<\/p>\n<table style=\"width: 100%; height: 856px;\" width=\"669\">\n<tbody>\n<tr style=\"height: 38px;\">\n<td style=\"height: 38px;\" width=\"317\">Coordonnateurs<\/td>\n<td style=\"height: 38px;\" width=\"352\">Universit\u00e9s<\/td>\n<\/tr>\n<tr style=\"height: 134px;\">\n<td style=\"height: 134px;\" width=\"317\">Coordonnateur national<br \/>\nWilliam Whelan, Univ. of Prince Edward Island<br \/>\nTel: 902-566-0419<br \/>\nCourriel : wwhelan@upei.ca<\/td>\n<td style=\"height: 134px;\" width=\"352\">Tout les d\u00e9partements membres de l&#8217;ACP. (Les d\u00e9partements qui voudraient participer dans la tourn\u00e9e qui ne sont pas membres de l&#8217;ACP devraient communiquer avec le bureau de l&#8217;ACP pour faire adh\u00e9sion.)<\/td>\n<\/tr>\n<tr style=\"height: 110px;\">\n<td style=\"height: 110px;\" width=\"317\">C. B. &amp; les Prairies de l&#8217;ouest<br \/>\nSaurya Das, University of Lethbridge<br \/>\nTel: 403-329-2689<br \/>\nCourriel : saurya.das@uleth.ca<\/td>\n<td style=\"height: 110px;\" width=\"352\">U. Victoria, UBC, SFU, UNBC, U. Fraser Valley, Okanagan College, Trinity Western U., U. Alberta, U. Calgary,\u00a0U. Lethbridge, Thompson Rivers U., UBC Okanagan Campus, Kwantlen Polytechnic U.<\/td>\n<\/tr>\n<tr style=\"height: 110px;\">\n<td style=\"height: 110px;\" width=\"317\">Prairies de l&#8217;est &amp; Lakehead<br \/>\nGwen Grinyer, University of\u00a0Regina<br \/>\nTel: 306-337-2990<br \/>\nCourriel : gwen.grinyer@uregina.ca<\/td>\n<td style=\"height: 110px;\" width=\"352\">U. Saskatchewan, U. Regina, Brandon U.,<br \/>\nU. Winnipeg, U. Manitoba, Lakehead U.<\/td>\n<\/tr>\n<tr style=\"height: 110px;\">\n<td style=\"height: 110px;\" width=\"317\">Sud Ouest de l&#8217;Ontario<br \/>\nDan Xiao, University of Windsor<br \/>\nTel: 519-253-3000, ext. 2653<br \/>\nCourriel : dan.xiao@uwindsor.ca<\/td>\n<td style=\"height: 110px;\" width=\"352\">U. Windsor, U. Western Ont., U. Waterloo, Wilfrid Laurier U., U. Guelph, McMaster U., Brock U.,<br \/>\nU. Toronto, Ryerson U., York U., U. Ont. Inst. Tech.,<br \/>\nU. Toronto Mississauga<\/td>\n<\/tr>\n<tr style=\"height: 110px;\">\n<td style=\"height: 110px;\" width=\"317\">Est de l&#8217;Ontario\u00a0 \/ Qu\u00e9bec (anglais)<br \/>\nJesse Heilman, Carleton University<br \/>\nTel: 613-520-2600, ext. 8215<br \/>\nCourriel : jesse.heilman@carleton.ca<\/td>\n<td style=\"height: 110px;\" width=\"352\">Trent U., Queen\u2019s U., Royal Military College,<br \/>\nUniv. Ottawa, Carleton U., Univ. McGill, Univ. Concordia., Bishop\u2019s U. Laurentian U.<\/td>\n<\/tr>\n<tr style=\"height: 134px;\">\n<td style=\"height: 134px;\" width=\"317\">Qu\u00e9bec (fran\u00e7ais)<br \/>\nAhmad Hamdan, Universit\u00e9 de Montr\u00e9al<br \/>\nTel: 514-343-2288<br \/>\nCourriel : ahmad.hamdan@umontreal.ca<\/td>\n<td style=\"height: 134px;\" width=\"352\">Coll. Montmorency, C\u00e9gep Edouard-Montpetit, Univ. de Montr\u00e9al, Univ. de Sherbrooke, Univ. Qu\u00e9bec \u00e0 Trois-Rivi\u00e8res, Univ. Laval, C\u00e9gep Garneau, Coll. Ahuntsic, \u00c9cole Polytechnique Montr\u00e9al, Centre matap\u00e9dien d\u2019\u00e9tudes coll\u00e9giales<\/td>\n<\/tr>\n<tr style=\"height: 110px;\">\n<td style=\"height: 110px;\" width=\"317\">Atlantique<br \/>\nCarl Adams, St. Francis Xavier University<br \/>\nTel: 902-867-1269<br \/>\nCourriel : cadams@stfx.ca<\/td>\n<td style=\"height: 110px;\" width=\"352\">U. Moncton, UNB Fredericton, U. PEI, Mt. Allison U., Acadia U., Dalhousie U., St. Mary\u2019s U., St. Francis Xavier U., Memorial U.<\/td>\n<\/tr>\n<\/tbody>\n<\/table>\n","protected":false},"excerpt":{"rendered":"<p>La Tourn\u00e9e de conf\u00e9renciers virtuelle 2022 sera organis\u00e9e par r\u00e9gion. Les regions, coordonnateurs et les universit\u00e9s, membres de l&#8217;ACP qui participent sont indiqu\u00e9s ci-dessous Coordonnateurs Universit\u00e9s Coordonnateur national William Whelan, Univ. of Prince Edward Island Tel: 902-566-0419 Courriel : wwhelan@upei.ca Tout les d\u00e9partements membres de l&#8217;ACP. (Les d\u00e9partements qui voudraient participer dans la tourn\u00e9e qui&#8230;  <a class=\"excerpt-read-more\" href=\"https:\/\/cap.ca\/fr\/tournee-de-lacp-2022\/tournee-de-conferenciers-2022-coordonnateurs\/\" title=\"LireTourn\u00e9e de conf\u00e9renciers 2022 \u2013 Coordonnateurs\">Lire la suite &raquo;<\/a><\/p>\n","protected":false},"author":7,"featured_media":0,"parent":18819,"menu_order":7,"comment_status":"closed","ping_status":"closed","template":"","meta":{"footnotes":""},"class_list":["post-19015","page","type-page","status-publish","hentry"],"_links":{"self":[{"href":"https:\/\/cap.ca\/fr\/wp-json\/wp\/v2\/pages\/19015","targetHints":{"allow":["GET"]}}],"collection":[{"href":"https:\/\/cap.ca\/fr\/wp-json\/wp\/v2\/pages"}],"about":[{"href":"https:\/\/cap.ca\/fr\/wp-json\/wp\/v2\/types\/page"}],"author":[{"embeddable":true,"href":"https:\/\/cap.ca\/fr\/wp-json\/wp\/v2\/users\/7"}],"replies":[{"embeddable":true,"href":"https:\/\/cap.ca\/fr\/wp-json\/wp\/v2\/comments?post=19015"}],"version-history":[{"count":2,"href":"https:\/\/cap.ca\/fr\/wp-json\/wp\/v2\/pages\/19015\/revisions"}],"predecessor-version":[{"id":19041,"href":"https:\/\/cap.ca\/fr\/wp-json\/wp\/v2\/pages\/19015\/revisions\/19041"}],"up":[{"embeddable":true,"href":"https:\/\/cap.ca\/fr\/wp-json\/wp\/v2\/pages\/18819"}],"wp:attachment":[{"href":"https:\/\/cap.ca\/fr\/wp-json\/wp\/v2\/media?parent=19015"}],"curies":[{"name":"wp","href":"https:\/\/api.w.org\/{rel}","templated":true}]}}