{"id":18878,"date":"2021-10-20T10:17:39","date_gmt":"2021-10-20T14:17:39","guid":{"rendered":"https:\/\/cap.ca\/?page_id=18878"},"modified":"2021-10-27T16:44:16","modified_gmt":"2021-10-27T20:44:16","slug":"cotisations-individuelles-non-resident-2022","status":"publish","type":"page","link":"https:\/\/cap.ca\/fr\/cotisations-individuelles-non-resident-2022\/","title":{"rendered":"Frais d\u2019adh\u00e9sion 2022 \u2013 Non-R\u00e9sidents du Canada"},"content":{"rendered":"<p><strong>(Les frais sont en vigueur pour les adh\u00e9sions commen\u00e7ant entre le 1er jan. et le 31 d\u00e9c. 2022)<\/strong><\/p>\n<p><em>Tous les montants sont en dollars canadiens, excluants les taxes<\/em><\/p>\n<table style=\"width: 100%; height: 476px;\">\n<tbody>\n<tr style=\"height: 38px;\">\n<td style=\"height: 38px;\">Membre titulaire: R\u00e9gulier (r\u00e9side \u00e0 l&#8217;ext\u00e9rieur du Canada mais travaille au Canada)<\/td>\n<td style=\"height: 38px;\">215.00 $<\/td>\n<\/tr>\n<tr style=\"height: 38px;\">\n<td style=\"height: 38px;\">Membre titulaire:\u00a0R\u00e9gulier (r\u00e9side\u00a0 et travaille \u00e0 l&#8217;ext\u00e9rieur du Canada)<\/td>\n<td style=\"height: 38px;\">115.00 $<\/td>\n<\/tr>\n<tr style=\"height: 38px;\">\n<td style=\"height: 38px;\">Membre titulaire: en d\u00e9but de carri\u00e8re (dipl\u00f4m\u00e9 depuis quatre ans ou moins)<\/td>\n<td style=\"height: 38px;\">107.50 $<\/td>\n<\/tr>\n<tr style=\"height: 38px;\">\n<td style=\"height: 38px;\">Membre titulaire: Retrait\u00e9<\/td>\n<td style=\"height: 38px;\">67.50 $<\/td>\n<\/tr>\n<tr style=\"height: 38px;\">\n<td style=\"height: 38px;\">Membre titulaire: Enseignant (au niveau secondaire ou coll\u00e9gial)<\/td>\n<td style=\"height: 38px;\">41.00 $<\/td>\n<\/tr>\n<tr style=\"height: 62px;\">\n<td style=\"height: 62px;\">Membre titulaire: \u00c9tudiant Dipl\u00f4m\u00e9 (au-del\u00e0 de la 1re ann\u00e9e d&#8217;adh\u00e9sion \u00e0 l&#8217;ACP\/si vous <em>n&#8217;\u00e9tiez<\/em> pas membre \u00e9tudiant de\u00a01er cycle au Canada)<\/td>\n<td style=\"height: 62px;\">56.00 $<\/td>\n<\/tr>\n<tr style=\"height: 62px;\">\n<td style=\"height: 62px;\">Membre titulaire: \u00c9tudiant Dipl\u00f4m\u00e9 (1re ann\u00e9e d&#8217;adh\u00e9sion \u00e0 l&#8217;ACP et si vous avez <em>\u00e9t\u00e9<\/em> membre \u00e9tudiant de\u00a01er cycle au Canada)<\/td>\n<td style=\"height: 62px;\">GRATUIT<\/td>\n<\/tr>\n<tr style=\"height: 38px;\">\n<td style=\"height: 38px;\">Affili\u00e9: \u00c9tudiant de\u00a01er cycle (avec abonnement \u00e0 <em>La Physique au Canada<\/em>)<\/td>\n<td style=\"height: 38px;\">32.00 $<\/td>\n<\/tr>\n<tr style=\"height: 38px;\">\n<td style=\"height: 38px;\">Affili\u00e9: R\u00e9gulier (pas de baccalaur\u00e9at en physique)<\/td>\n<td style=\"height: 38px;\">115.00 $<\/td>\n<\/tr>\n<tr style=\"height: 38px;\">\n<td style=\"height: 38px;\">Affili\u00e9: en d\u00e9but de carri\u00e8re (dipl\u00f4m\u00e9 depuis quatre ans ou moins)<\/td>\n<td style=\"height: 38px;\">107.50 $<\/td>\n<\/tr>\n<tr style=\"height: 38px;\">\n<td style=\"height: 10px;\"><\/td>\n<\/tr>\n<tr style=\"height: 38px;\">\n<td style=\"height: 38px;\">MEMBRE DE SOUTIEN &#8211; FRAIS SUPPL\u00c9MENTAIRES<\/td>\n<td style=\"height: 38px;\">100.00 $<\/td>\n<\/tr>\n<\/tbody>\n<\/table>\n<h3><\/h3>\n<h3>Cotisation des divisions (frais suppl\u00e9mentaires)<\/h3>\n<p><em>(Gratuit pour les \u00e9tudiants et les enseignants au niveau secondaire ou coll\u00e9gial)<\/em><\/p>\n<table style=\"width: 100%; height: 570px;\">\n<tbody>\n<tr style=\"height: 38px;\">\n<td style=\"height: 38px; width: 88.7671%;\">UGC &#8211; Union g\u00e9ophysique canadienne &#8211; Membre titulaire<\/td>\n<td style=\"height: 38px; width: 10.9589%;\">45.00 $<\/td>\n<\/tr>\n<tr style=\"height: 38px;\">\n<td style=\"height: 38px; width: 88.7671%;\">UGC &#8211; Union g\u00e9ophysique canadienne &#8211; Membre \u00e9tudiant<\/td>\n<td style=\"height: 38px; width: 10.9589%;\">20.00 $<\/td>\n<\/tr>\n<tr style=\"height: 38px;\">\n<td style=\"height: 38px; width: 88.7671%;\">DEP &#8211; Division de l&#8217;enseignement de la physique<\/td>\n<td style=\"height: 38px; width: 10.9589%;\">10.00 $<\/td>\n<\/tr>\n<tr style=\"height: 38px;\">\n<td style=\"height: 38px; width: 88.7671%;\">DGEP &#8211; Division pour l&#8217;\u00e9galit\u00e9 des genres en physique (anciennement Comit\u00e9 pour encourager les femmes en physique)<\/td>\n<td style=\"height: 38px; width: 10.9589%;\">10.00 $<\/td>\n<\/tr>\n<tr style=\"height: 38px;\">\n<td style=\"height: 38px; width: 88.7671%;\">DHP &#8211; Division de l&#8217;histoire de la physique<\/td>\n<td style=\"height: 38px; width: 10.9589%;\">10.00 $<\/td>\n<\/tr>\n<tr style=\"height: 38px;\">\n<td style=\"height: 38px; width: 88.7671%;\">DPAE &#8211; Division de physique atmosph\u00e9rique et de l&#8217;espace<\/td>\n<td style=\"height: 38px; width: 10.9589%;\">10.00 $<\/td>\n<\/tr>\n<tr style=\"height: 38px;\">\n<td style=\"height: 38px; width: 88.7671%;\">DPAI &#8211; Division de la physique appliqu\u00e9e et de l&#8217;instrumentation<\/td>\n<td style=\"height: 38px; width: 10.9589%;\">8.00 $<\/td>\n<\/tr>\n<tr style=\"height: 38px;\">\n<td style=\"height: 38px; width: 88.7671%;\">DPAMPC &#8211; Division de la physique atomique, mol\u00e9culaire et photonique, Canada<\/td>\n<td style=\"height: 38px; width: 10.9589%;\">10.00 $<\/td>\n<\/tr>\n<tr style=\"height: 38px;\">\n<td style=\"height: 38px; width: 88.7671%;\">DPMB &#8211; Division de la physique en m\u00e9decine et en biologie<\/td>\n<td style=\"height: 38px; width: 10.9589%;\">15.00 $<\/td>\n<\/tr>\n<tr style=\"height: 38px;\">\n<td style=\"height: 38px; width: 88.7671%;\">DPMCM &#8211; Division de physique de la mati\u00e8re condens\u00e9e et mat\u00e9riaux<\/td>\n<td style=\"height: 38px; width: 10.9589%;\">12.00 $<\/td>\n<\/tr>\n<tr style=\"height: 38px;\">\n<td style=\"height: 38px; width: 88.7671%;\">DPN &#8211; Division de physique nucl\u00e9aire<\/td>\n<td style=\"height: 38px; width: 10.9589%;\">15.00 $<\/td>\n<\/tr>\n<tr style=\"height: 38px;\">\n<td style=\"height: 38px; width: 88.7671%;\">DPP &#8211; Division de physique des plasmas<\/td>\n<td style=\"height: 38px; width: 10.9589%;\">10.00 $<\/td>\n<\/tr>\n<tr style=\"height: 38px;\">\n<td style=\"height: 38px; width: 88.7671%;\">DSS &#8211; Division de la science des surfaces<\/td>\n<td style=\"height: 38px; width: 10.9589%;\">8.00 $<\/td>\n<\/tr>\n<tr style=\"height: 38px;\">\n<td style=\"height: 38px; width: 88.7671%;\">DPT &#8211; Division de physique th\u00e9orique<\/td>\n<td style=\"height: 38px; width: 10.9589%;\">15.00 $<\/td>\n<\/tr>\n<tr style=\"height: 38px;\">\n<td style=\"height: 38px; width: 88.7671%;\">PPD &#8211; Division de physique des particules<\/td>\n<td style=\"height: 38px; width: 10.9589%;\">10.00 $<\/td>\n<\/tr>\n<\/tbody>\n<\/table>\n","protected":false},"excerpt":{"rendered":"<p>(Les frais sont en vigueur pour les adh\u00e9sions commen\u00e7ant entre le 1er jan. et le 31 d\u00e9c. 2022) Tous les montants sont en dollars canadiens, excluants les taxes Membre titulaire: R\u00e9gulier (r\u00e9side \u00e0 l&#8217;ext\u00e9rieur du Canada mais travaille au Canada) 215.00 $ Membre titulaire:\u00a0R\u00e9gulier (r\u00e9side\u00a0 et travaille \u00e0 l&#8217;ext\u00e9rieur du Canada) 115.00 $ Membre titulaire:&#8230;  <a class=\"excerpt-read-more\" href=\"https:\/\/cap.ca\/fr\/cotisations-individuelles-non-resident-2022\/\" title=\"LireFrais d\u2019adh\u00e9sion 2022 \u2013 Non-R\u00e9sidents du Canada\">Lire la suite &raquo;<\/a><\/p>\n","protected":false},"author":16,"featured_media":0,"parent":0,"menu_order":282,"comment_status":"closed","ping_status":"closed","template":"","meta":{"footnotes":""},"class_list":["post-18878","page","type-page","status-publish","hentry"],"_links":{"self":[{"href":"https:\/\/cap.ca\/fr\/wp-json\/wp\/v2\/pages\/18878","targetHints":{"allow":["GET"]}}],"collection":[{"href":"https:\/\/cap.ca\/fr\/wp-json\/wp\/v2\/pages"}],"about":[{"href":"https:\/\/cap.ca\/fr\/wp-json\/wp\/v2\/types\/page"}],"author":[{"embeddable":true,"href":"https:\/\/cap.ca\/fr\/wp-json\/wp\/v2\/users\/16"}],"replies":[{"embeddable":true,"href":"https:\/\/cap.ca\/fr\/wp-json\/wp\/v2\/comments?post=18878"}],"version-history":[{"count":2,"href":"https:\/\/cap.ca\/fr\/wp-json\/wp\/v2\/pages\/18878\/revisions"}],"predecessor-version":[{"id":18880,"href":"https:\/\/cap.ca\/fr\/wp-json\/wp\/v2\/pages\/18878\/revisions\/18880"}],"wp:attachment":[{"href":"https:\/\/cap.ca\/fr\/wp-json\/wp\/v2\/media?parent=18878"}],"curies":[{"name":"wp","href":"https:\/\/api.w.org\/{rel}","templated":true}]}}