{"id":18854,"date":"2021-10-19T14:27:42","date_gmt":"2021-10-19T18:27:42","guid":{"rendered":"https:\/\/cap.ca\/?page_id=18854"},"modified":"2022-10-24T17:20:00","modified_gmt":"2022-10-24T21:20:00","slug":"cotisations-individuelles-canada-2022","status":"publish","type":"page","link":"https:\/\/cap.ca\/fr\/cotisations-individuelles-canada-2022\/","title":{"rendered":"Frais d&#8217;adh\u00e9sion 2022 &#8211; R\u00e9sidents du Canada"},"content":{"rendered":"<p><strong>(Les frais sont en vigueur pour les adh\u00e9sions commen\u00e7ant entre le 1er jan. et le 31 d\u00e9c. 2022)<\/strong><\/p>\n<p><em>Tous les montants sont en dollars canadiens, excluants les taxes.<\/em><\/p>\n<table style=\"width: 100%; height: 570px;\" cellspacing=\"1\" cellpadding=\"1\">\n<tbody>\n<tr style=\"height: 38px;\">\n<td style=\"height: 38px;\"><span style=\"font-weight: 400;\">Membre titulaire: R\u00e9gulier\u00a0<\/span><\/td>\n<td style=\"height: 38px;\">215,00 $<\/td>\n<\/tr>\n<tr style=\"height: 38px;\">\n<td style=\"height: 38px;\">Membre titulaire: frais reduit pour les membres de CASCA, d&#8217;ICC et l&#8217;OCPM<\/td>\n<td style=\"height: 38px;\">150,50 $<\/td>\n<\/tr>\n<tr style=\"height: 38px;\">\n<td style=\"height: 38px;\">Membre titulaire: Retrait\u00e9<\/td>\n<td style=\"height: 38px;\">107,50 $<\/td>\n<\/tr>\n<tr style=\"height: 38px;\">\n<td style=\"height: 38px;\">Membre titulaire: pas d&#8217;emploi r\u00e9mun\u00e9r\u00e9 (membres d&#8217; ACP en titre actifs\/jadis actifs)<\/td>\n<td style=\"height: 38px;\">107,50 $<\/td>\n<\/tr>\n<tr style=\"height: 38px;\">\n<td style=\"height: 38px;\">Membre titulaire: en d\u00e9but de carri\u00e8re (dipl\u00f4m\u00e9 depuis moins de 4 ans)<\/td>\n<td style=\"height: 38px;\">107,50 $<\/td>\n<\/tr>\n<tr style=\"height: 38px;\">\n<td style=\"height: 38px;\">Membre titulaire: \u00c9tudiant dipl\u00f4m\u00e9 &#8211; 1\u00e8re ann\u00e9e d&#8217;adh\u00e9sion \u00e0 l&#8217;ACP<\/td>\n<td style=\"height: 38px;\">GRATUIT<\/td>\n<\/tr>\n<tr style=\"height: 38px;\">\n<td style=\"height: 38px;\">Membre titulaire: \u00c9tudiant dipl\u00f4m\u00e9 &#8211; 2e ann\u00e9e et plus d&#8217;adh\u00e9sion \u00e0 l&#8217;ACP<\/td>\n<td style=\"height: 38px;\">56,00 $<\/td>\n<\/tr>\n<tr style=\"height: 38px;\">\n<td style=\"height: 38px;\">Membre titulaire: \u00c9tudiant dipl\u00f4m\u00e9 &#8211; frais reduit pour les membres de CASCA<\/td>\n<td style=\"height: 38px;\">39,00 $<\/td>\n<\/tr>\n<tr>\n<td>Membre titulaire: Adh\u00e9sion de laboratoire pour \u00e9tudiants dipl\u00f4m\u00e9s (pour les superviseurs) (<a href=\"https:\/\/cap.ca\/fr\/adhesion\/etudiant-diplome-membre\/adhesion-laboratoire\/\" target=\"_blank\" rel=\"noopener noreferrer\">cliquez pour plus de d\u00e9tails<\/a>)<\/td>\n<td>120,00 $<\/td>\n<\/tr>\n<tr style=\"height: 38px;\">\n<td style=\"height: 38px;\">Membre titulaire: Enseignant de c\u00e9gep, d&#8217;\u00e9cole secondaire ou de coll\u00e8ge<\/td>\n<td style=\"height: 38px;\">27,00 $<\/td>\n<\/tr>\n<tr style=\"height: 38px;\">\n<td style=\"height: 38px;\">Affili\u00e9: \u00c9tudiant\u00a0de\u00a01er cycle<\/td>\n<td style=\"height: 38px;\">GRATUIT<\/td>\n<\/tr>\n<tr style=\"height: 38px;\">\n<td style=\"height: 38px;\">Affili\u00e9: \u00c9tudiant de\u00a01er cycle abonnement\u00a0au journal\u00a0<em>Physique au Canada<\/em><\/td>\n<td style=\"height: 38px;\">27,00 $<\/td>\n<\/tr>\n<tr style=\"height: 38px;\">\n<td style=\"height: 38px;\">Affili\u00e9: R\u00e9gulier (pas de baccalaur\u00e9at en physique)<\/td>\n<td style=\"height: 38px;\">143,50 $<\/td>\n<\/tr>\n<tr style=\"height: 38px;\">\n<td style=\"height: 38px;\">Affili\u00e9: en d\u00e9but de carri\u00e8re (dipl\u00f4m\u00e9 depuis moins de 4 ans)<\/td>\n<td style=\"height: 38px;\">107,50 $<\/td>\n<\/tr>\n<tr style=\"height: 38px;\">\n<td style=\"height: 38px;\">Affili\u00e9: Retrait\u00e9<\/td>\n<td style=\"height: 38px;\">107,50 $<\/td>\n<\/tr>\n<tr>\n<td><\/td>\n<td><\/td>\n<\/tr>\n<tr style=\"height: 38px;\">\n<td style=\"height: 38px;\">MEMBRE DE SOUTIEN &#8211; FRAIS SUPPL\u00c9MENTAIRES<\/td>\n<td style=\"height: 38px;\">100,00 $<\/td>\n<\/tr>\n<\/tbody>\n<\/table>\n<h3><\/h3>\n<h3>Cotisation des divisions (frais suppl\u00e9mentaires)<\/h3>\n<p><em>(Gratuit pour les \u00e9tudiants et les enseignants au niveau secondaire ou coll\u00e9gial)<\/em><\/p>\n<table style=\"width: 100%; height: 570px;\">\n<tbody>\n<tr style=\"height: 38px;\">\n<td style=\"height: 38px; width: 88.6457%;\">UGC &#8211; Union g\u00e9ophysique canadienne &#8211; Membre titulaire<\/td>\n<td style=\"height: 38px; width: 11.2175%;\">45,00 $<\/td>\n<\/tr>\n<tr style=\"height: 38px;\">\n<td style=\"height: 38px; width: 88.6457%;\">UGC &#8211; Union g\u00e9ophysique canadienne &#8211; Membre \u00e9tudiant<\/td>\n<td style=\"height: 38px; width: 11.2175%;\">20,00 $<\/td>\n<\/tr>\n<tr style=\"height: 38px;\">\n<td style=\"height: 38px; width: 88.6457%;\">DEP &#8211; Division de l&#8217;enseignement de la physique<\/td>\n<td style=\"height: 38px; width: 11.2175%;\">10,00 $<\/td>\n<\/tr>\n<tr style=\"height: 38px;\">\n<td style=\"height: 38px; width: 88.6457%;\">DGEP &#8211; Division pour l&#8217;\u00e9galit\u00e9 des genres en physique (anciennement Comit\u00e9 pour encourager les femmes en physique)<\/td>\n<td style=\"height: 38px; width: 11.2175%;\">10,00 $<\/td>\n<\/tr>\n<tr style=\"height: 38px;\">\n<td style=\"height: 38px; width: 88.6457%;\">DHP &#8211; Division de l&#8217;histoire de la physique<\/td>\n<td style=\"height: 38px; width: 11.2175%;\">10,00 $<\/td>\n<\/tr>\n<tr style=\"height: 38px;\">\n<td style=\"height: 38px; width: 88.6457%;\">DPAE &#8211; Division de physique atmosph\u00e9rique et de l&#8217;espace<\/td>\n<td style=\"height: 38px; width: 11.2175%;\">10,00 $<\/td>\n<\/tr>\n<tr style=\"height: 38px;\">\n<td style=\"height: 38px; width: 88.6457%;\">DPAI &#8211; Division de la physique appliqu\u00e9e et de l&#8217;instrumentation<\/td>\n<td style=\"height: 38px; width: 11.2175%;\">8,00 $<\/td>\n<\/tr>\n<tr style=\"height: 38px;\">\n<td style=\"height: 38px; width: 88.6457%;\">DPAMPC &#8211; Division de la physique atomique, mol\u00e9culaire et photonique, Canada<\/td>\n<td style=\"height: 38px; width: 11.2175%;\">10,00 $<\/td>\n<\/tr>\n<tr style=\"height: 38px;\">\n<td style=\"height: 38px; width: 88.6457%;\">DPMB &#8211; Division de la physique en m\u00e9decine et en biologie<\/td>\n<td style=\"height: 38px; width: 11.2175%;\">15,00 $<\/td>\n<\/tr>\n<tr style=\"height: 38px;\">\n<td style=\"height: 38px; width: 88.6457%;\">DPMCM &#8211; Division de physique de la mati\u00e8re condens\u00e9e et mat\u00e9riaux<\/td>\n<td style=\"height: 38px; width: 11.2175%;\">12,00 $<\/td>\n<\/tr>\n<tr style=\"height: 38px;\">\n<td style=\"height: 38px; width: 88.6457%;\">DPN &#8211; Division de physique nucl\u00e9aire<\/td>\n<td style=\"height: 38px; width: 11.2175%;\">15,00 $<\/td>\n<\/tr>\n<tr style=\"height: 38px;\">\n<td style=\"height: 38px; width: 88.6457%;\">DPP &#8211; Division de physique des plasmas<\/td>\n<td style=\"height: 38px; width: 11.2175%;\">10,00 $<\/td>\n<\/tr>\n<tr style=\"height: 38px;\">\n<td style=\"height: 38px; width: 88.6457%;\">DSS &#8211; Division de la science des surfaces<\/td>\n<td style=\"height: 38px; width: 11.2175%;\">8,00 $<\/td>\n<\/tr>\n<tr style=\"height: 38px;\">\n<td style=\"height: 38px; width: 88.6457%;\">DPT &#8211; Division de physique th\u00e9orique<\/td>\n<td style=\"height: 38px; width: 11.2175%;\">15,00 $<\/td>\n<\/tr>\n<tr style=\"height: 38px;\">\n<td style=\"height: 38px; width: 88.6457%;\">PPD &#8211; Division de physique des particules<\/td>\n<td style=\"height: 38px; width: 11.2175%;\">10,00 $<\/td>\n<\/tr>\n<\/tbody>\n<\/table>\n<p>&nbsp;<\/p>\n","protected":false},"excerpt":{"rendered":"<p>(Les frais sont en vigueur pour les adh\u00e9sions commen\u00e7ant entre le 1er jan. et le 31 d\u00e9c. 2022) Tous les montants sont en dollars canadiens, excluants les taxes. Membre titulaire: R\u00e9gulier\u00a0 215,00 $ Membre titulaire: frais reduit pour les membres de CASCA, d&#8217;ICC et l&#8217;OCPM 150,50 $ Membre titulaire: Retrait\u00e9 107,50 $ Membre titulaire: pas&#8230;  <a class=\"excerpt-read-more\" href=\"https:\/\/cap.ca\/fr\/cotisations-individuelles-canada-2022\/\" title=\"LireFrais d&#8217;adh\u00e9sion 2022 &#8211; R\u00e9sidents du Canada\">Lire la suite &raquo;<\/a><\/p>\n","protected":false},"author":16,"featured_media":0,"parent":0,"menu_order":257,"comment_status":"closed","ping_status":"closed","template":"","meta":{"footnotes":""},"class_list":["post-18854","page","type-page","status-publish","hentry"],"_links":{"self":[{"href":"https:\/\/cap.ca\/fr\/wp-json\/wp\/v2\/pages\/18854","targetHints":{"allow":["GET"]}}],"collection":[{"href":"https:\/\/cap.ca\/fr\/wp-json\/wp\/v2\/pages"}],"about":[{"href":"https:\/\/cap.ca\/fr\/wp-json\/wp\/v2\/types\/page"}],"author":[{"embeddable":true,"href":"https:\/\/cap.ca\/fr\/wp-json\/wp\/v2\/users\/16"}],"replies":[{"embeddable":true,"href":"https:\/\/cap.ca\/fr\/wp-json\/wp\/v2\/comments?post=18854"}],"version-history":[{"count":7,"href":"https:\/\/cap.ca\/fr\/wp-json\/wp\/v2\/pages\/18854\/revisions"}],"predecessor-version":[{"id":21986,"href":"https:\/\/cap.ca\/fr\/wp-json\/wp\/v2\/pages\/18854\/revisions\/21986"}],"wp:attachment":[{"href":"https:\/\/cap.ca\/fr\/wp-json\/wp\/v2\/media?parent=18854"}],"curies":[{"name":"wp","href":"https:\/\/api.w.org\/{rel}","templated":true}]}}