{"id":18819,"date":"2021-10-16T20:31:11","date_gmt":"2021-10-17T00:31:11","guid":{"rendered":"https:\/\/cap.ca\/?page_id=18819"},"modified":"2022-01-20T15:00:25","modified_gmt":"2022-01-20T20:00:25","slug":"tournee-de-lacp-2022","status":"publish","type":"page","link":"https:\/\/cap.ca\/fr\/tournee-de-lacp-2022\/","title":{"rendered":"Tourn\u00e9e de conf\u00e9renciers de l&#8217;ACP 2022"},"content":{"rendered":"<header>\n<blockquote>\n<p style=\"padding-left: 40px;\"><a href=\"https:\/\/cap.ca\/fr\/activites\/tournee-de-lacp\/tournee-de-lacp-2022\/cedule-des-conferenciers-2022\/\" target=\"_blank\" rel=\"noopener noreferrer\"><strong>Cliquez ici pour consulter l&#8217;horaire des conf\u00e9rences et les liens vers l&#8217;information compl\u00e8te \u00e0 propos de chaque conf\u00e9rencier (r\u00e9sum\u00e9 et biographie).<\/strong><\/a><\/p>\n<\/blockquote>\n<header>\n<p class=\"page-title\">La tourn\u00e9e des conf\u00e9renciers 2022 de l\u2019ACP est un \u00e9v\u00e9nement stimulant et prestigieux pour les \u00e9tudiants de premier cycle des d\u00e9partements de physique partout au Canada.\u00a0 La tourn\u00e9e met en vedette\u00a0 d\u2019excellentes pr\u00e9sentations couvrant plusieurs champs de la physique contemporaine.<\/p>\n<p>Cette ann\u00e9e, les conf\u00e9rences de l&#8217;Association canadienne des physiciens et physiciennes (ACP) pour les \u00e9tudiants de premier cycle seront propos\u00e9es dans un format hybride de la fin janvier \u00e0 la fin mars (environ une conf\u00e9rence par semaine). \u00c0 la suite d&#8217;un processus de s\u00e9lection bas\u00e9 sur les commentaires des \u00e9tudiants de premier cycle des d\u00e9partements membres de l&#8217;ACP, six physiciens et physiciennes de tout le pays seront choisis pour pr\u00e9senter leur conf\u00e9rence dans un \u00e9tablissement h\u00f4te de chacune des six r\u00e9gions de l&#8217;ACP.<\/p>\n<p>Les conf\u00e9rences seront diffus\u00e9es en direct sur la cha\u00eene YouTube de l&#8217;ACP (CAPhys) afin de garantir un acc\u00e8s facile \u00e0 tous. Elles seront pr\u00e9sent\u00e9es en anglais ou en fran\u00e7ais, avec des sous-titres dans l&#8217;autre langue si possible.<\/p>\n<p>Bien que les conf\u00e9rences soient destin\u00e9es aux \u00e9tudiants de premier cycle, les sessions sont ouvertes \u00e0 tous ceux qui souhaitent y assister. Les participants auront la possibilit\u00e9 de soumettre des questions, avant et pendant chaque expos\u00e9.<\/p>\n<h3>Organisation<\/h3>\n<p>Chaque conf\u00e9rencier fera une pr\u00e9sentation devant des \u00e9tudiants de premier cycle dans un \u00e9tablissement h\u00f4te, et sa pr\u00e9sentation sera diffus\u00e9e en direct sur la cha\u00eene YouTube de l&#8217;ACP afin qu&#8217;elle soit accessible \u00e0 tous les \u00e9tudiants de premier cycle du Canada.<\/p>\n<p>Un appel \u00e0 candidatures pour les conf\u00e9renciers a \u00e9t\u00e9 lanc\u00e9 le lundi 18 octobre 2021 ; les candidatures doivent \u00eatre soumises au bureau du CAP avant 12h00 HAE le dimanche 9 novembre 2021.<\/p>\n<p>Une liste de conf\u00e9renciers sera \u00e9labor\u00e9e par le Comit\u00e9 de la tourn\u00e9e de conf\u00e9rences, apr\u00e8s quoi les \u00e9tudiants de premier cycle de chaque d\u00e9partement membre \u00e0 travers le Canada seront invit\u00e9s \u00e0 identifier leurs trois premiers choix.\u00a0 La liste finale de six conf\u00e9renciers sera choisie en fonction des commentaires re\u00e7us. Une fois les conf\u00e9renciers confirm\u00e9s, les dates des conf\u00e9rences seront finalis\u00e9es et affich\u00e9es sur le site Web de l&#8217;ACP.\u00a0 Les membres des d\u00e9partements et des institutions sont pri\u00e9s de promouvoir la conf\u00e9rence aupr\u00e8s de leurs \u00e9tudiants.<\/p>\n<p>Pour atteindre l&#8217;objectif de la tourn\u00e9e, qui est d&#8217;am\u00e9liorer la visibilit\u00e9 de l&#8217;ACP et de promouvoir l&#8217;adh\u00e9sion des \u00e9tudiants, il est essentiel que tous les conf\u00e9renciers soient pr\u00eats \u00e0 agir comme ambassadeurs de l&#8217;association. Une br\u00e8ve s\u00e9rie de diapositives pr\u00e9sentant l&#8217;ACP et les commanditaires de la tourn\u00e9e de conf\u00e9rences sera fournie \u00e0 l&#8217;Ami de l&#8217;ACP de l&#8217;\u00e9tablissement h\u00f4te ou au coordonnateur r\u00e9gional de la tourn\u00e9e de conf\u00e9rences pour \u00eatre pr\u00e9sent\u00e9e lors de la pr\u00e9sentation du conf\u00e9rencier.<\/p>\n<p>Les \u00e9ch\u00e9ances de la planification de la tourn\u00e9e de conf\u00e9rences 2022 sont les suivantes :<\/p>\n<h2>2021<\/h2>\n<ul class=\"content-list\">\n<li><strong>18 octobre :<\/strong> Appel aux membres de l&#8217;ACP, aux membres des d\u00e9partements, aux membres corporatifs et aux partenaires institutionnels pour les propositions de conf\u00e9renciers <strong><a href=\"https:\/\/services.cap.ca\/lecture_tour\/new.php?year=2022&amp;lang=fr\" target=\"_blank\" rel=\"noopener noreferrer\">en utilisant ce formulaire<\/a><\/strong> (voir l&#8217;image ci-dessous pour les informations n\u00e9cessaires \u00e0 la proposition du conf\u00e9rencier).<\/li>\n<li><strong>31 octobre, 23h59 HAE :<\/strong> Date limite de soumission des propositions de conf\u00e9renciers.<\/li>\n<li><strong>8 novembre : <\/strong>Liste des conf\u00e9renciers et r\u00e9sum\u00e9s disponibles sur le Web. Invitation aux d\u00e9partements membres de l&#8217;ACP \u00e0 demander \u00e0 leurs \u00e9tudiants de premier cycle d&#8217;examiner la liste des conf\u00e9renciers afin de d\u00e9terminer leurs trois premiers choix.\u00a0 Ceux-ci sont ensuite soumis au coordinateur national via un lien de sondage accessible \u00e0 chaque d\u00e9partement.<\/li>\n<li><strong>8 novembre : <\/strong>Appel aux directeurs des d\u00e9partements membres de l&#8217;ACP pour qu&#8217;ils envisagent d&#8217;accueillir leur conf\u00e9rencier r\u00e9gional de la tourn\u00e9e de conf\u00e9rences de l&#8217;ACP.<\/li>\n<li><strong>8 d\u00e9cembre, 23h59 HNE:<\/strong> Date limite pour que les d\u00e9partements membres de l&#8217;ACP soumettent les 3 premiers choix de leurs \u00e9tuidiants en utilisant le lien du sondage accessible \u00e0 chaque d\u00e9partement ainsi qu&#8217;une expression d&#8217;int\u00e9r\u00eat pour accueillir leur conf\u00e9rencier r\u00e9gional, le cas \u00e9ch\u00e9ant.<\/li>\n<li><strong>13 d\u00e9cembre : <\/strong>Le comit\u00e9 organisateur national se r\u00e9unit pour identifier le calendrier de la tourn\u00e9e de conf\u00e9rences, faire la s\u00e9lection finale des six conf\u00e9renciers ainsi que des d\u00e9partements h\u00f4tes pour chaque conf\u00e9rence r\u00e9gionale.\u00a0 Les coordinateurs r\u00e9gionaux contactent les conf\u00e9renciers s\u00e9lectionn\u00e9s et les institutions h\u00f4tes.<\/li>\n<li><strong>15 d\u00e9cembre<\/strong> <strong>:<\/strong> Date limite pour que les conf\u00e9renciers s\u00e9lectionn\u00e9s et les institutions h\u00f4tes confirment leur participation.<\/li>\n<li><strong>17 d\u00e9cembre :<\/strong> Le coordinateur national finalise le programme de la tourn\u00e9e (conf\u00e9rencier, lieu, dates) et en informe les conf\u00e9renciers et les institutions h\u00f4tes.<\/li>\n<li><strong>21 d\u00e9cembre :<\/strong> Le programme de la tourn\u00e9e de conf\u00e9rences est publi\u00e9 sur le site Web et un FlashInfo est envoy\u00e9 \u00e0 tous les membres.<\/li>\n<\/ul>\n<h2>2022<\/h2>\n<ul class=\"content-list\">\n<li><strong>Janvier &#8211; avril :<\/strong> La tourn\u00e9e de conf\u00e9rences de l&#8217;ACP a lieu dans les d\u00e9partements h\u00f4tes et est diffus\u00e9e en direct \u00e0 la communaut\u00e9.\u00a0 Des enregistrements sont r\u00e9alis\u00e9s et affich\u00e9s sur la cha\u00eene YouTube de l&#8217;ACP lorsqu&#8217;ils sont disponibles.<\/li>\n<li><strong>31 mai :<\/strong> Date limite pour que les conf\u00e9renciers soumettent toutes leurs demandes de remboursement de frais au bureau de l&#8217;ACP.<\/li>\n<\/ul>\n<\/header>\n<\/header>\n","protected":false},"excerpt":{"rendered":"<p>Cliquez ici pour consulter l&#8217;horaire des conf\u00e9rences et les liens vers l&#8217;information compl\u00e8te \u00e0 propos de chaque conf\u00e9rencier (r\u00e9sum\u00e9 et biographie). La tourn\u00e9e des conf\u00e9renciers 2022 de l\u2019ACP est un \u00e9v\u00e9nement stimulant et prestigieux pour les \u00e9tudiants de premier cycle des d\u00e9partements de physique partout au Canada.\u00a0 La tourn\u00e9e met en vedette\u00a0 d\u2019excellentes pr\u00e9sentations couvrant&#8230;  <a class=\"excerpt-read-more\" href=\"https:\/\/cap.ca\/fr\/tournee-de-lacp-2022\/\" title=\"LireTourn\u00e9e de conf\u00e9renciers de l&#8217;ACP 2022\">Lire la suite &raquo;<\/a><\/p>\n","protected":false},"author":7,"featured_media":0,"parent":0,"menu_order":44,"comment_status":"closed","ping_status":"closed","template":"","meta":{"footnotes":""},"class_list":["post-18819","page","type-page","status-publish","hentry"],"_links":{"self":[{"href":"https:\/\/cap.ca\/fr\/wp-json\/wp\/v2\/pages\/18819","targetHints":{"allow":["GET"]}}],"collection":[{"href":"https:\/\/cap.ca\/fr\/wp-json\/wp\/v2\/pages"}],"about":[{"href":"https:\/\/cap.ca\/fr\/wp-json\/wp\/v2\/types\/page"}],"author":[{"embeddable":true,"href":"https:\/\/cap.ca\/fr\/wp-json\/wp\/v2\/users\/7"}],"replies":[{"embeddable":true,"href":"https:\/\/cap.ca\/fr\/wp-json\/wp\/v2\/comments?post=18819"}],"version-history":[{"count":17,"href":"https:\/\/cap.ca\/fr\/wp-json\/wp\/v2\/pages\/18819\/revisions"}],"predecessor-version":[{"id":19674,"href":"https:\/\/cap.ca\/fr\/wp-json\/wp\/v2\/pages\/18819\/revisions\/19674"}],"wp:attachment":[{"href":"https:\/\/cap.ca\/fr\/wp-json\/wp\/v2\/media?parent=18819"}],"curies":[{"name":"wp","href":"https:\/\/api.w.org\/{rel}","templated":true}]}}