{"id":18771,"date":"2021-09-28T14:18:35","date_gmt":"2021-09-28T18:18:35","guid":{"rendered":"https:\/\/cap.ca\/?page_id=18771"},"modified":"2022-06-04T17:30:14","modified_gmt":"2022-06-04T21:30:14","slug":"comite-organisateur-local-du-congres","status":"publish","type":"page","link":"https:\/\/cap.ca\/fr\/congres-de-lacp\/congres-anterieurs\/acp2022\/comite-organisateur-local-du-congres\/","title":{"rendered":"Comit\u00e9 organisateur du congr\u00e8s"},"content":{"rendered":"<h3><span style=\"font-size: 14pt;\">Comit\u00e9 du Congr\u00e8s de l&#8217;ACP :<\/span><\/h3>\n<table style=\"border-collapse: collapse; width: 99.7166%;\">\n<tbody>\n<tr>\n<td style=\"width: 46.9697%;\"><strong>Coordonnatrice du congr\u00e8s<\/strong><\/p>\n<p><span style=\"font-weight: 400;\">Francine Ford<br \/>\n<\/span><a href=\"mailto:execdir@cap.ca\"><span style=\"font-weight: 400;\">execdir@cap.ca<\/span><\/a><\/td>\n<td style=\"width: 53.3707%;\"><strong>Coordinatrice adjointe du Congr\u00e8s<\/strong><\/p>\n<p><span style=\"font-weight: 400;\">Vicky V.M.<br \/>\n<\/span><a href=\"mailto:programs@cap.ca\"><span style=\"font-weight: 400;\">programs@cap.ca<\/span><\/a><\/p>\n<p><strong>Soutien administratif du Congr\u00e8s<\/strong><\/p>\n<p>Ellen Molloy<br \/>\n<a href=\"mailto:ellen@megram.com\">ellen@megram.com<\/a><\/td>\n<\/tr>\n<\/tbody>\n<\/table>\n<p>&nbsp;<\/p>\n<h3><span style=\"font-size: 14pt;\">Comit\u00e9 d&#8217;organisation du programme :<\/span><\/h3>\n<p>&nbsp;<\/p>\n<table class=\" aligncenter\" style=\"height: 2205px; width: 99.9658%;\">\n<tbody>\n<tr style=\"height: 31px;\">\n<td style=\"width: 11.7116%; height: 31px; background-color: #e3e3e3; text-align: center; vertical-align: middle;\"><b>Division <\/b><b>\/ Rep.<\/b><\/td>\n<td style=\"width: 14.8117%; height: 31px; background-color: #e3e3e3; text-align: center; vertical-align: middle;\"><b>Nom<\/b><\/td>\n<td style=\"width: 16.4875%; height: 31px; background-color: #e3e3e3; text-align: center; vertical-align: middle;\"><b>Affiliation<\/b><\/td>\n<td style=\"width: 28.4349%; height: 31px; background-color: #e3e3e3; text-align: center; vertical-align: middle;\"><b>Titre<\/b><\/td>\n<td style=\"width: 28.4349%; height: 31px; background-color: #e3e3e3; text-align: center; vertical-align: middle;\"><b>Courriel<\/b><\/td>\n<\/tr>\n<tr style=\"height: 86px;\">\n<td style=\"width: 11.7116%; height: 86px; text-align: center; vertical-align: middle;\">Conseil<\/td>\n<td style=\"width: 14.8117%; height: 86px; text-align: center; vertical-align: middle;\"><span style=\"font-weight: 400;\">Manu Paranjape<\/span><\/td>\n<td style=\"width: 16.4875%; height: 86px; text-align: center; vertical-align: middle;\"><span style=\"font-weight: 400;\">Universit\u00e9 de Montr\u00e9al<\/span><\/td>\n<td style=\"width: 28.4349%; height: 86px; text-align: center; vertical-align: middle;\"><span style=\"font-weight: 400;\">President (Observer)<\/span><\/td>\n<td style=\"width: 28.4349%; height: 86px; text-align: center; vertical-align: middle;\"><span style=\"font-weight: 400;\">mparanj@gmail.com<\/span><\/td>\n<\/tr>\n<tr style=\"height: 86px;\">\n<td style=\"width: 11.7116%; height: 86px; text-align: center; vertical-align: middle;\">Conseil<\/td>\n<td style=\"width: 14.8117%; height: 86px; text-align: center; vertical-align: middle;\"><span style=\"font-weight: 400;\">Barbara Frisken<\/span><\/td>\n<td style=\"width: 16.4875%; height: 86px; text-align: center; vertical-align: middle;\"><span style=\"font-weight: 400;\">Simon Fraser University<\/span><\/td>\n<td style=\"width: 28.4349%; height: 86px; text-align: center; vertical-align: middle;\"><span style=\"font-weight: 400;\">VP (Congress Program Chair)<\/span><\/td>\n<td style=\"width: 28.4349%; height: 86px; text-align: center; vertical-align: middle;\"><span style=\"font-weight: 400;\">frisken@sfu.ca<\/span><\/td>\n<\/tr>\n<tr style=\"height: 112px;\">\n<td style=\"width: 11.7116%; height: 112px; text-align: center; vertical-align: middle;\">Conseil<\/td>\n<td style=\"width: 14.8117%; height: 112px; text-align: center; vertical-align: middle;\"><span style=\"font-weight: 400;\">Bill Whelan<\/span><\/td>\n<td style=\"width: 16.4875%; height: 112px; text-align: center; vertical-align: middle;\"><span style=\"font-weight: 400;\">University of Prince Edward Island<\/span><\/td>\n<td style=\"width: 28.4349%; height: 112px; text-align: center; vertical-align: middle;\"><span style=\"font-weight: 400;\">VP-Elect (Best Student Competition)<\/span><\/td>\n<td style=\"width: 28.4349%; height: 112px; text-align: center; vertical-align: middle;\"><span style=\"font-weight: 400;\">wwhelan@upei.ca<\/span><\/td>\n<\/tr>\n<tr style=\"height: 86px;\">\n<td style=\"width: 11.7116%; height: 86px; text-align: center; vertical-align: middle;\">Conseil<\/td>\n<td style=\"width: 14.8117%; height: 86px; text-align: center; vertical-align: middle;\"><span style=\"font-weight: 400;\">Eric Donovan<\/span><\/td>\n<td style=\"width: 16.4875%; height: 86px; text-align: center; vertical-align: middle;\"><span style=\"font-weight: 400;\">University of Calgary<\/span><\/td>\n<td style=\"width: 28.4349%; height: 86px; text-align: center; vertical-align: middle;\"><span style=\"font-weight: 400;\">Science Policy<\/span><\/td>\n<td style=\"width: 28.4349%; height: 86px; text-align: center; vertical-align: middle;\"><span style=\"font-weight: 400;\">edonovan@ucalgary.ca<\/span><\/td>\n<\/tr>\n<tr style=\"height: 86px;\">\n<td style=\"width: 11.7116%; height: 86px; text-align: center; vertical-align: middle;\">Conseil<\/td>\n<td style=\"width: 14.8117%; height: 86px; text-align: center; vertical-align: middle;\"><span style=\"font-weight: 400;\">Christine Kraus<\/span><\/td>\n<td style=\"width: 16.4875%; height: 86px; text-align: center; vertical-align: middle;\"><span style=\"font-weight: 400;\">Laurentian University<\/span><\/td>\n<td style=\"width: 28.4349%; height: 86px; text-align: center; vertical-align: middle;\"><span style=\"font-weight: 400;\">Secretary-Treasurer<\/span><\/td>\n<td style=\"width: 28.4349%; height: 86px; text-align: center; vertical-align: middle;\"><span style=\"font-weight: 400;\">tine@snolab.ca<\/span><\/td>\n<\/tr>\n<tr style=\"height: 86px;\">\n<td style=\"width: 11.7116%; height: 86px; text-align: center; vertical-align: middle;\">Conseil<\/td>\n<td style=\"width: 14.8117%; height: 86px; text-align: center; vertical-align: middle;\"><span style=\"font-weight: 400;\">Ian D\u2019Souza<\/span><\/td>\n<td style=\"width: 16.4875%; height: 86px; text-align: center; vertical-align: middle;\"><span style=\"font-weight: 400;\">Honeywell Aerospace<\/span><\/td>\n<td style=\"width: 28.4349%; height: 86px; text-align: center; vertical-align: middle;\"><span style=\"font-weight: 400;\">Private Sector Relations<\/span><\/td>\n<td style=\"width: 28.4349%; height: 86px; text-align: center; vertical-align: middle;\"><span style=\"font-weight: 400;\">ian.a.dsouza@gmail.com<\/span><\/td>\n<\/tr>\n<tr style=\"height: 86px;\">\n<td style=\"width: 11.7116%; height: 86px; text-align: center; vertical-align: middle;\">Conseil<\/td>\n<td style=\"width: 14.8117%; height: 86px; text-align: center; vertical-align: middle;\"><span style=\"font-weight: 400;\">Daniel Cluff<\/span><\/td>\n<td style=\"width: 16.4875%; height: 86px; text-align: center; vertical-align: middle;\"><span style=\"font-weight: 400;\">CanMind Associates<\/span><\/td>\n<td style=\"width: 28.4349%; height: 86px; text-align: center; vertical-align: middle;\"><span style=\"font-weight: 400;\">Professional Affairs<\/span><\/td>\n<td style=\"width: 28.4349%; height: 86px; text-align: center; vertical-align: middle;\"><span style=\"font-weight: 400;\">Daniel.cluff@deepmining.ca<\/span><\/td>\n<\/tr>\n<tr style=\"height: 86px;\">\n<td style=\"width: 11.7116%; height: 86px; text-align: center; vertical-align: middle;\">Bureau de l&#8217;ACP<\/td>\n<td style=\"width: 14.8117%; height: 86px; text-align: center; vertical-align: middle;\"><span style=\"font-weight: 400;\">Francine Ford<\/span><\/td>\n<td style=\"width: 16.4875%; height: 86px; text-align: center; vertical-align: middle;\"><span style=\"font-weight: 400;\">Executive Director<\/span><\/td>\n<td style=\"width: 28.4349%; height: 86px; text-align: center; vertical-align: middle;\"><span style=\"font-weight: 400;\">Congress Coordinator<\/span><\/td>\n<td style=\"width: 28.4349%; height: 86px; text-align: center; vertical-align: middle;\"><span style=\"font-weight: 400;\">execdir@cap.ca<\/span><\/td>\n<\/tr>\n<tr style=\"height: 86px;\">\n<td style=\"width: 11.7116%; height: 86px; text-align: center; vertical-align: middle;\">Bureau de l&#8217;ACP<\/td>\n<td style=\"width: 14.8117%; height: 86px; text-align: center; vertical-align: middle;\"><span style=\"font-weight: 400;\">Jenny Kliever<\/span><\/td>\n<td style=\"width: 16.4875%; height: 86px; text-align: center; vertical-align: middle;\"><span style=\"font-weight: 400;\">Contract<\/span><\/td>\n<td style=\"width: 28.4349%; height: 86px; text-align: center; vertical-align: middle;\"><span style=\"font-weight: 400;\">Assistant Congress Coordinator<\/span><\/td>\n<td style=\"width: 28.4349%; height: 86px; text-align: center; vertical-align: middle;\"><span style=\"font-weight: 400;\">programs@cap.ca<\/span><\/td>\n<\/tr>\n<tr style=\"height: 86px;\">\n<td style=\"width: 11.7116%; height: 86px; text-align: center; vertical-align: middle;\"><span style=\"font-weight: 400;\">2022 LOC co-chair<\/span><\/td>\n<td style=\"width: 14.8117%; height: 86px; text-align: center; vertical-align: middle;\"><span style=\"font-weight: 400;\">Maikel Rheinstadter<\/span><\/td>\n<td style=\"width: 16.4875%; height: 86px; text-align: center; vertical-align: middle;\"><span style=\"font-weight: 400;\">McMaster University<\/span><\/td>\n<td style=\"width: 28.4349%; height: 86px; text-align: center; vertical-align: middle;\"><span style=\"font-weight: 400;\">LOC Co-Chair<\/span><\/td>\n<td style=\"width: 28.4349%; height: 86px; text-align: center; vertical-align: middle;\"><span style=\"font-weight: 400;\">rheinstadter@mcmaster.ca<\/span><\/td>\n<\/tr>\n<tr style=\"height: 86px;\">\n<td style=\"width: 11.7116%; height: 86px; text-align: center; vertical-align: middle;\"><span style=\"font-weight: 400;\">2022 LOC co-chair<\/span><\/td>\n<td style=\"width: 14.8117%; height: 86px; text-align: center; vertical-align: middle;\"><span style=\"font-weight: 400;\">n\/a<\/span><\/td>\n<td style=\"width: 16.4875%; height: 86px; text-align: center; vertical-align: middle;\"><span style=\"font-weight: 400;\">McMaster University<\/span><\/td>\n<td style=\"width: 28.4349%; height: 86px; text-align: center; vertical-align: middle;\"><span style=\"font-weight: 400;\">LOC Co-Chair<\/span><\/td>\n<td style=\"width: 28.4349%; height: 86px; text-align: center; vertical-align: middle;\"><\/td>\n<\/tr>\n<tr style=\"height: 112px;\">\n<td style=\"width: 11.7116%; height: 112px; text-align: center; vertical-align: middle;\"><span style=\"font-weight: 400;\">DEGP<\/span><\/td>\n<td style=\"width: 14.8117%; height: 112px; text-align: center; vertical-align: middle;\"><span style=\"font-weight: 400;\">James Botte<\/span><\/td>\n<td style=\"width: 16.4875%; height: 112px; text-align: center; vertical-align: middle;\"><span style=\"font-weight: 400;\">Light Machinery<\/span><\/td>\n<td style=\"width: 28.4349%; height: 112px; text-align: center; vertical-align: middle;\"><span style=\"font-weight: 400;\">Chair, Gender Equity in Physics<\/span><\/td>\n<td style=\"width: 28.4349%; height: 112px; text-align: center; vertical-align: middle;\"><span style=\"font-weight: 400;\">jbotte@lightmachinery.com<\/span><\/td>\n<\/tr>\n<tr style=\"height: 112px;\">\n<td style=\"width: 11.7116%; height: 112px; text-align: center; vertical-align: middle;\"><span style=\"font-weight: 400;\">DPAMPC<\/span><\/td>\n<td style=\"width: 14.8117%; height: 112px; text-align: center; vertical-align: middle;\"><span style=\"font-weight: 400;\">Jens Lassen<\/span><\/td>\n<td style=\"width: 16.4875%; height: 112px; text-align: center; vertical-align: middle;\"><span style=\"font-weight: 400;\">Simon Fraser University<\/span><\/td>\n<td style=\"width: 28.4349%; height: 112px; text-align: center; vertical-align: middle;\"><span style=\"font-weight: 400;\">Chair, Atomic Molecular Optical Photonics<\/span><\/td>\n<td style=\"width: 28.4349%; height: 112px; text-align: center; vertical-align: middle;\"><span style=\"font-weight: 400;\">\u00a0 Jens_Lassen@sfu.ca<\/span><\/td>\n<\/tr>\n<tr style=\"height: 86px;\">\n<td style=\"width: 11.7116%; height: 86px; text-align: center; vertical-align: middle;\"><span style=\"font-weight: 400;\">DPAE<\/span><\/td>\n<td style=\"width: 14.8117%; height: 86px; text-align: center; vertical-align: middle;\"><span style=\"font-weight: 400;\">Emma Spanswick<\/span><\/td>\n<td style=\"width: 16.4875%; height: 86px; text-align: center; vertical-align: middle;\"><span style=\"font-weight: 400;\">University of Calgary<\/span><\/td>\n<td style=\"width: 28.4349%; height: 86px; text-align: center; vertical-align: middle;\"><span style=\"font-weight: 400;\">Chair, Atmospheric and Space Physics<\/span><\/td>\n<td style=\"width: 28.4349%; height: 86px; text-align: center; vertical-align: middle;\"><span style=\"font-weight: 400;\">elspansw@ucalgary.ca<\/span><\/td>\n<\/tr>\n<tr style=\"height: 86px;\">\n<td style=\"width: 11.7116%; height: 86px; text-align: center; vertical-align: middle;\"><span style=\"font-weight: 400;\">DPMCM<\/span><\/td>\n<td style=\"width: 14.8117%; height: 86px; text-align: center; vertical-align: middle;\"><span style=\"font-weight: 400;\">Robert Wickham<\/span><\/td>\n<td style=\"width: 16.4875%; height: 86px; text-align: center; vertical-align: middle;\"><span style=\"font-weight: 400;\">University of Guelph<\/span><\/td>\n<td style=\"width: 28.4349%; height: 86px; text-align: center; vertical-align: middle;\"><span style=\"font-weight: 400;\">Acting Chair, Condensed Matter &amp; Materials Physics<\/span><\/td>\n<td style=\"width: 28.4349%; height: 86px; text-align: center; vertical-align: middle;\"><span style=\"font-weight: 400;\">rwickham@uoguelph.ca<\/span><\/td>\n<\/tr>\n<tr style=\"height: 86px;\">\n<td style=\"width: 11.7116%; height: 86px; text-align: center; vertical-align: middle;\"><span style=\"font-weight: 400;\">DHP<\/span><\/td>\n<td style=\"width: 14.8117%; height: 86px; text-align: center; vertical-align: middle;\"><span style=\"font-weight: 400;\">Francesco Barletta<\/span><\/td>\n<td style=\"width: 16.4875%; height: 86px; text-align: center; vertical-align: middle;\"><span style=\"font-weight: 400;\">Cegep de Rimouski<\/span><\/td>\n<td style=\"width: 28.4349%; height: 86px; text-align: center; vertical-align: middle;\"><span style=\"font-weight: 400;\">Chair, History of Physics<\/span><\/td>\n<td style=\"width: 28.4349%; height: 86px; text-align: center; vertical-align: middle;\"><span style=\"font-weight: 400;\">Francesco.barletta@centre-matapedien.qc.ca<\/span><\/td>\n<\/tr>\n<tr style=\"height: 86px;\">\n<td style=\"width: 11.7116%; height: 86px; text-align: center; vertical-align: middle;\"><span style=\"font-weight: 400;\">DPIA<\/span><\/td>\n<td style=\"width: 14.8117%; height: 86px; text-align: center; vertical-align: middle;\"><span style=\"font-weight: 400;\">Steffon Luoma<\/span><\/td>\n<td style=\"width: 16.4875%; height: 86px; text-align: center; vertical-align: middle;\"><span style=\"font-weight: 400;\">SNOLab<\/span><\/td>\n<td style=\"width: 28.4349%; height: 86px; text-align: center; vertical-align: middle;\"><span style=\"font-weight: 400;\">Chair, Applied Physics &amp; Instrumentation<\/span><\/td>\n<td style=\"width: 28.4349%; height: 86px; text-align: center; vertical-align: middle;\"><span style=\"font-weight: 400;\">luoma@live.ca<\/span><\/td>\n<\/tr>\n<tr style=\"height: 86px;\">\n<td style=\"width: 11.7116%; height: 86px; text-align: center; vertical-align: middle;\"><span style=\"font-weight: 400;\">DPMB<\/span><\/td>\n<td style=\"width: 14.8117%; height: 86px; text-align: center; vertical-align: middle;\"><span style=\"font-weight: 400;\">Cornelia Hoehr<\/span><\/td>\n<td style=\"width: 16.4875%; height: 86px; text-align: center; vertical-align: middle;\"><span style=\"font-weight: 400;\">TRIUMF<\/span><\/td>\n<td style=\"width: 28.4349%; height: 86px; text-align: center; vertical-align: middle;\"><span style=\"font-weight: 400;\">Chair, Physics in Medicine and Biology<\/span><\/td>\n<td style=\"width: 28.4349%; height: 86px; text-align: center; vertical-align: middle;\"><span style=\"font-weight: 400;\">\u00a0 choehr@triumf.ca<\/span><\/td>\n<\/tr>\n<tr style=\"height: 86px;\">\n<td style=\"width: 11.7116%; height: 86px; text-align: center; vertical-align: middle;\"><span style=\"font-weight: 400;\">DPN<\/span><\/td>\n<td style=\"width: 14.8117%; height: 86px; text-align: center; vertical-align: middle;\"><span style=\"font-weight: 400;\">Michael Gericke<\/span><\/td>\n<td style=\"width: 16.4875%; height: 86px; text-align: center; vertical-align: middle;\"><span style=\"font-weight: 400;\">University of Manitoba<\/span><\/td>\n<td style=\"width: 28.4349%; height: 86px; text-align: center; vertical-align: middle;\"><span style=\"font-weight: 400;\">Chair, Nuclear Physics<\/span><\/td>\n<td style=\"width: 28.4349%; height: 86px; text-align: center; vertical-align: middle;\"><span style=\"font-weight: 400;\">Mgericke@physics.umanitoba.ca<\/span><\/td>\n<\/tr>\n<tr style=\"height: 86px;\">\n<td style=\"width: 11.7116%; height: 86px; text-align: center; vertical-align: middle;\"><span style=\"font-weight: 400;\">DEP<\/span><\/td>\n<td style=\"width: 14.8117%; height: 86px; text-align: center; vertical-align: middle;\"><span style=\"font-weight: 400;\">Daria Ahrensmeier<\/span><\/td>\n<td style=\"width: 16.4875%; height: 86px; text-align: center; vertical-align: middle;\"><span style=\"font-weight: 400;\">Simon Fraser University<\/span><\/td>\n<td style=\"width: 28.4349%; height: 86px; text-align: center; vertical-align: middle;\"><span style=\"font-weight: 400;\">Chair, Physics Education<\/span><\/td>\n<td style=\"width: 28.4349%; height: 86px; text-align: center; vertical-align: middle;\"><span style=\"font-weight: 400;\">Daria_ahrensmeier@sfu.ca<\/span><\/td>\n<\/tr>\n<tr style=\"height: 86px;\">\n<td style=\"width: 11.7116%; height: 86px; text-align: center; vertical-align: middle;\"><span style=\"font-weight: 400;\">DPP<\/span><\/td>\n<td style=\"width: 14.8117%; height: 86px; text-align: center; vertical-align: middle;\"><span style=\"font-weight: 400;\">Ahmad Hamdan<\/span><\/td>\n<td style=\"width: 16.4875%; height: 86px; text-align: center; vertical-align: middle;\"><span style=\"font-weight: 400;\">Universit\u00e9 de Montr\u00e9al<\/span><\/td>\n<td style=\"width: 28.4349%; height: 86px; text-align: center; vertical-align: middle;\"><span style=\"font-weight: 400;\">Chair, Plasma Physics<\/span><\/td>\n<td style=\"width: 28.4349%; height: 86px; text-align: center; vertical-align: middle;\"><span style=\"font-weight: 400;\">\u00a0 Ahmad.hamdan@umontreal.ca<\/span><\/td>\n<\/tr>\n<tr style=\"height: 86px;\">\n<td style=\"width: 11.7116%; height: 86px; text-align: center; vertical-align: middle;\"><span style=\"font-weight: 400;\">DSS<\/span><\/td>\n<td style=\"width: 14.8117%; height: 86px; text-align: center; vertical-align: middle;\"><span style=\"font-weight: 400;\">Steve Patitsas<\/span><\/td>\n<td style=\"width: 16.4875%; height: 86px; text-align: center; vertical-align: middle;\"><span style=\"font-weight: 400;\">U. Lethbridge<\/span><\/td>\n<td style=\"width: 28.4349%; height: 86px; text-align: center; vertical-align: middle;\"><span style=\"font-weight: 400;\">Chair, Surface Physics<\/span><\/td>\n<td style=\"width: 28.4349%; height: 86px; text-align: center; vertical-align: middle;\"><span style=\"font-weight: 400;\">steve.patitsas@uleth.ca<\/span><\/td>\n<\/tr>\n<tr style=\"height: 86px;\">\n<td style=\"width: 11.7116%; height: 86px; text-align: center; vertical-align: middle;\"><span style=\"font-weight: 400;\">DTP<\/span><\/td>\n<td style=\"width: 14.8117%; height: 86px; text-align: center; vertical-align: middle;\"><span style=\"font-weight: 400;\">Randy Lewis<\/span><\/td>\n<td style=\"width: 16.4875%; height: 86px; text-align: center; vertical-align: middle;\"><span style=\"font-weight: 400;\">York University\u00a0<\/span><\/td>\n<td style=\"width: 28.4349%; height: 86px; text-align: center; vertical-align: middle;\"><span style=\"font-weight: 400;\">Chair, Theoretical Physics<\/span><\/td>\n<td style=\"width: 28.4349%; height: 86px; text-align: center; vertical-align: middle;\"><span style=\"font-weight: 400;\">\u00a0 Randy.lewis@yorku.ca<\/span><\/td>\n<\/tr>\n<tr style=\"height: 86px;\">\n<td style=\"width: 11.7116%; height: 86px; text-align: center; vertical-align: middle;\"><span style=\"font-weight: 400;\">PPD<\/span><\/td>\n<td style=\"width: 14.8117%; height: 86px; text-align: center; vertical-align: middle;\"><span style=\"font-weight: 400;\">Matthias Danninger<\/span><\/td>\n<td style=\"width: 16.4875%; height: 86px; text-align: center; vertical-align: middle;\"><span style=\"font-weight: 400;\">SFU<\/span><\/td>\n<td style=\"width: 28.4349%; height: 86px; text-align: center; vertical-align: middle;\"><span style=\"font-weight: 400;\"> Chair, Particle Physics<\/span><\/td>\n<td style=\"width: 28.4349%; height: 86px; text-align: center; vertical-align: middle;\"><span style=\"font-weight: 400;\">Matthias.danninger@cern.chl mdanning@sfu.ca<\/span><\/td>\n<\/tr>\n<\/tbody>\n<\/table>\n","protected":false},"excerpt":{"rendered":"<p>Comit\u00e9 du Congr\u00e8s de l&#8217;ACP : Coordonnatrice du congr\u00e8s Francine Ford execdir@cap.ca Coordinatrice adjointe du Congr\u00e8s Vicky V.M. programs@cap.ca Soutien administratif du Congr\u00e8s Ellen Molloy ellen@megram.com &nbsp; Comit\u00e9 d&#8217;organisation du programme : &nbsp; Division \/ Rep. Nom Affiliation Titre Courriel Conseil Manu Paranjape Universit\u00e9 de Montr\u00e9al President (Observer) mparanj@gmail.com Conseil Barbara Frisken Simon Fraser University&#8230;  <a class=\"excerpt-read-more\" href=\"https:\/\/cap.ca\/fr\/congres-de-lacp\/congres-anterieurs\/acp2022\/comite-organisateur-local-du-congres\/\" title=\"LireComit\u00e9 organisateur du congr\u00e8s\">Lire la suite &raquo;<\/a><\/p>\n","protected":false},"author":12,"featured_media":0,"parent":18751,"menu_order":122,"comment_status":"closed","ping_status":"closed","template":"","meta":{"footnotes":""},"class_list":["post-18771","page","type-page","status-publish","hentry"],"_links":{"self":[{"href":"https:\/\/cap.ca\/fr\/wp-json\/wp\/v2\/pages\/18771","targetHints":{"allow":["GET"]}}],"collection":[{"href":"https:\/\/cap.ca\/fr\/wp-json\/wp\/v2\/pages"}],"about":[{"href":"https:\/\/cap.ca\/fr\/wp-json\/wp\/v2\/types\/page"}],"author":[{"embeddable":true,"href":"https:\/\/cap.ca\/fr\/wp-json\/wp\/v2\/users\/12"}],"replies":[{"embeddable":true,"href":"https:\/\/cap.ca\/fr\/wp-json\/wp\/v2\/comments?post=18771"}],"version-history":[{"count":9,"href":"https:\/\/cap.ca\/fr\/wp-json\/wp\/v2\/pages\/18771\/revisions"}],"predecessor-version":[{"id":21029,"href":"https:\/\/cap.ca\/fr\/wp-json\/wp\/v2\/pages\/18771\/revisions\/21029"}],"up":[{"embeddable":true,"href":"https:\/\/cap.ca\/fr\/wp-json\/wp\/v2\/pages\/18751"}],"wp:attachment":[{"href":"https:\/\/cap.ca\/fr\/wp-json\/wp\/v2\/media?parent=18771"}],"curies":[{"name":"wp","href":"https:\/\/api.w.org\/{rel}","templated":true}]}}