{"id":18751,"date":"2021-09-28T13:01:51","date_gmt":"2021-09-28T17:01:51","guid":{"rendered":"https:\/\/cap.ca\/?page_id=18751"},"modified":"2022-06-04T13:14:21","modified_gmt":"2022-06-04T17:14:21","slug":"acp2022","status":"publish","type":"page","link":"https:\/\/cap.ca\/fr\/congres-de-lacp\/congres-anterieurs\/acp2022\/","title":{"rendered":"Congr\u00e8s de l&#8217;ACP 2022 &#8211; 5-10 juin 2022"},"content":{"rendered":"<div class=\"wpb-content-wrapper\"><p>[vc_row][vc_column][vc_message]<\/p>\n<p>&#8212;\u00a0 \u00a0Cliquez ici pour\u00a0 \u00a0<a href=\"https:\/\/indico.cern.ch\/event\/1072579\/timetable\/#20220605\"><strong>L&#8217; HORAIRE<\/strong><\/a>\u00a0 \u00a0\/ \u00a0\u00a0<strong><a href=\"https:\/\/indico.cern.ch\/event\/1072579\/contributions\/speakers\">LA LISTE DES CONF\u00c9RENCIERS<\/a>\u00a0 \u00a0<\/strong>du Congr\u00e8s de 2022<\/p>\n<p>Les programmes imprim\u00e9s peuvent \u00eatre t\u00e9l\u00e9charg\u00e9s en utilisant ces liens:<\/p>\n<ul class=\"content-list\">\n<li><a href=\"https:\/\/cap.ca\/wp-content\/uploads\/2022\/06\/2022-Congress-Summary-Program-from-Indico-June4.pdf\" target=\"_blank\" rel=\"noopener noreferrer\">r\u00e9sum\u00e9 du programme imprim\u00e9<\/a><\/li>\n<li><a href=\"https:\/\/cap.ca\/wp-content\/uploads\/2022\/06\/2022-Congress-detailed-program-from-Indico-no-abstracts-June4.pdf\" target=\"_blank\" rel=\"noopener noreferrer\">programme d\u00e9taill\u00e9 (pas de r\u00e9sum\u00e9s)<\/a><\/li>\n<li><a href=\"https:\/\/cap.ca\/wp-content\/uploads\/2022\/06\/2022-Congress-detailed-program-from-Indico-with-abstracts-June4.pdf\" target=\"_blank\" rel=\"noopener noreferrer\">programme d\u00e9taill\u00e9 (avec r\u00e9sum\u00e9s)<\/a><\/li>\n<\/ul>\n<p>L&#8217;inscription pour une participation en personne, pour les membres et les non-membres, est disponible sur <a href=\"https:\/\/crm.cap.ca\">https:\/\/crm.cap.ca<\/a>.\u00a0 \u00a0Les tarifs d&#8217;inscription\u00a0 r\u00e9guliers s&#8217;appliquent.\u00a0 Consulter les instructions d&#8217;inscription d\u00e9taill\u00e9es ci-dessous.\u00a0 <strong>REMARQUE : Les engagements en mati\u00e8re de restauration ayant \u00e9t\u00e9 soumis avec une certaine marge pour les inscriptions tardives, <\/strong>l&#8217;inscription aux \u00e9v\u00e9nements impliquant de la nourriture ne sera plus possible si le nombre maximum de participants \u00e0 ces \u00e9v\u00e9nements a \u00e9t\u00e9 atteint.<\/p>\n<p>Pour des informations sur le <strong>petit-d\u00e9jeuner et le stationnement<\/strong> pendant le Congr\u00e8s, veuillez s\u00e9lectionner le lien Petit-d\u00e9jeuner\/stationnement sur la gauche, ou <a href=\"https:\/\/cap.ca\/congress-conference\/cap2022\/breakfast-parking\/\">cliquez ici<\/a>.<\/p>\n<p>.[\/vc_message][vc_column_text]<\/p>\n<h3><a href=\"https:\/\/cap.ca\/wp-content\/uploads\/2021\/11\/Congress-2022-Poster-8.5-x-11-NEW.png\"><img loading=\"lazy\" decoding=\"async\" class=\"alignleft wp-image-19054 size-medium\" src=\"https:\/\/cap.ca\/wp-content\/uploads\/2021\/11\/Congress-2022-Posters-Final-194x300.png\" alt=\"\" width=\"194\" height=\"300\" border=\"10\" srcset=\"https:\/\/cap.ca\/wp-content\/uploads\/2021\/11\/Congress-2022-Posters-Final-194x300.png 194w, https:\/\/cap.ca\/wp-content\/uploads\/2021\/11\/Congress-2022-Posters-Final-663x1024.png 663w, https:\/\/cap.ca\/wp-content\/uploads\/2021\/11\/Congress-2022-Posters-Final-768x1187.png 768w, https:\/\/cap.ca\/wp-content\/uploads\/2021\/11\/Congress-2022-Posters-Final-994x1536.png 994w, https:\/\/cap.ca\/wp-content\/uploads\/2021\/11\/Congress-2022-Posters-Final-1325x2048.png 1325w\" sizes=\"auto, (max-width: 194px) 100vw, 194px\" \/><\/a><strong>Le Congr\u00e8s de l&#8217;ACP 2022 est ici!<\/strong><\/h3>\n<p>&nbsp;<\/p>\n<p><strong>D\u00c9TAILS :<\/strong><\/p>\n<p><strong>Dates :<\/strong> 5 au 10 juin 2022<br \/>\n(avec quelques activit\u00e9s pr\u00e9-congr\u00e8s le dimanche 4 juin)<\/p>\n<p><strong>Lieu :<\/strong> Universit\u00e9 McMaster, Hamilton, ON<\/p>\n<p><span style=\"color: #000000;\"><strong>Format :<\/strong> Les conf\u00e9renciers doivent pr\u00e9voir une communication en personne ; toutes les pr\u00e9sentations orales seront diffus\u00e9es via Zoom. <\/span><\/p>\n<p>La politique du congr\u00e8s de l&#8217;ACP en mati\u00e8re de la Covid sera affich\u00e9e ici sous peu. La politique de McMaster est disponible en utilisant le lien \u00e0 gauche.<\/p>\n<p>L&#8217;horaire du Congr\u00e8s est maintenant affich\u00e9 sur le <a href=\"https:\/\/indico.cern.ch\/event\/1072579\/timetable\/#20220605\">site des r\u00e9sum\u00e9s et de la programmation du Congr\u00e8s 2022<\/a>.<\/p>\n<ul class=\"content-list\">\n<li>Toute personne ayant soumis un r\u00e9sum\u00e9 pour examen peut trouver rapidement sa contribution pr\u00e9vue en se connectant au site des r\u00e9sum\u00e9s et de la programmation du Congr\u00e8s 2022 et en s\u00e9lectionnant l\u2019option \u201cMes contributions\u201d dans le menu de gauche.<\/li>\n<li>Toutes les personnes inscrites peuvent acc\u00e9der \u00e0 l\u2019horaire et \u00e0 la liste des conf\u00e9renciers pour avoir acc\u00e8s au programme complet.<\/li>\n<li><strong>Pour t\u00e9l\u00e9charger une entr\u00e9e de l\u2019horaire dans votre agenda personnel<\/strong>, s\u00e9lectionnez la session qui vous int\u00e9resse, consultez les d\u00e9tails de la session et cliquez sur l\u2019ic\u00f4ne de l\u2019horaire.<\/li>\n<li><\/li>\n<\/ul>\n<h3><strong>Inscription <\/strong><\/h3>\n<ul class=\"content-list\">\n<li>Acc\u00e9dez au syst\u00e8me d&#8217;enregistrement \u00e0 l&#8217;adresse <a href=\"https:\/\/crm.cap.ca\">https:\/\/crm.cap.ca<\/a>.<\/li>\n<li>La fen\u00eatre de connexion peut \u00eatre utilis\u00e9e par les membres et les non-membres qui ont d\u00e9j\u00e0 un compte dans le syst\u00e8me de l&#8217;ACP.<\/li>\n<li><strong>Les non-membres qui n&#8217;ont pas encore cr\u00e9\u00e9 de compte dans le syst\u00e8me de l&#8217;ACP<\/strong> peuvent utiliser le lien &#8220;Cr\u00e9ation de compte de non-membre&#8221; sous la fen\u00eatre d&#8217;ouverture de session pour cr\u00e9er un compte et acc\u00e9der au lien d&#8217;inscription au Congr\u00e8s 2022.<\/li>\n<li>Une fois connect\u00e9, vous verrez un lien pour &#8221; S&#8217;inscrire au Congr\u00e8s de l&#8217;ACP 2022 &#8221; (acc\u00e8s en personne ou virtuel) sous la rubrique Vos \u00e9v\u00e9nements.<\/li>\n<li>Cliquez ici pour voir les frais d&#8217;inscription pour la participation en personne ou virtuelle. Les tarifs d&#8217;inscription anticip\u00e9e sont maintenant termin\u00e9s. Les frais d&#8217;inscription normaux s&#8217;appliquent.<\/li>\n<\/ul>\n<h3>H\u00e9bergement et informations de voyage<\/h3>\n<p>Pour des informations g\u00e9n\u00e9rales concernant le voyage et ce \u00e0 quoi vous devez vous attendre \u00e0 Hamilton, <a href=\"https:\/\/cap.ca\/congress-conference\/cap2022\/important-information-if-travelling-to-hamilton\/\">cliquez ici<\/a>.<\/p>\n<h3><strong><span style=\"font-size: 14pt;\">Que pouvez-vous vous attendre \u00e0 voir au Congr\u00e8s 2022 de l&#8217;ACP ?<\/span><\/strong><\/h3>\n<p>L&#8217;ACP est heureuse d&#8217;annoncer le retour de tous les \u00e9v\u00e9nements pr\u00e9f\u00e9r\u00e9s des participants, y compris, mais sans s&#8217;y limiter :<\/p>\n<ul class=\"content-list\">\n<li>Le barbecue de bienvenue<\/li>\n<li><a href=\"https:\/\/cap.ca\/fr\/congres-de-lacp\/acp2022\/herzberg-et-conferenciers-pleniers-2022\/\">La conf\u00e9rence comm\u00e9morative Herzberg<\/a><\/li>\n<li><a href=\"https:\/\/cap.ca\/fr\/congres-de-lacp\/acp2022\/herzberg-et-conferenciers-pleniers-2022\/\">Conf\u00e9renciers pl\u00e9niers<\/a><\/li>\n<li><a href=\"https:\/\/indi.to\/kKz7G\">Conf\u00e9renciers invit\u00e9s<\/a><\/li>\n<li><a href=\"https:\/\/cap.ca\/fr\/congres-de-lacp\/acp2022\/journee-des-symposiums-7-juin\/\">Journ\u00e9e du Symposium<\/a><\/li>\n<li>Atelier pour les enseignants du secondaire<\/li>\n<li>\u00c9v\u00e9nement de r\u00e9seautage &#8220;Rencontre avec l&#8217;industrie&#8221; (Industry Meet &amp; Mingle)<\/li>\n<li>Sessions orales et Sessions d&#8217;affiches avec notre concours des meilleurs \u00e9tudiants pour les pr\u00e9sentations orales et les affiches<\/li>\n<li>D\u00eener de banquet (non inclus dans les frais d&#8217;inscription)<\/li>\n<\/ul>\n<p>&nbsp;<\/p>\n<h3><\/h3>\n<p>[\/vc_column_text][\/vc_column][\/vc_row]<\/p>\n<\/div>","protected":false},"excerpt":{"rendered":"<p>[vc_row][vc_column][vc_message] &#8212;\u00a0 \u00a0Cliquez ici pour\u00a0 \u00a0L&#8217; HORAIRE\u00a0 \u00a0\/ \u00a0\u00a0LA LISTE DES CONF\u00c9RENCIERS\u00a0 \u00a0du Congr\u00e8s de 2022 Les programmes imprim\u00e9s peuvent \u00eatre t\u00e9l\u00e9charg\u00e9s en utilisant ces liens: r\u00e9sum\u00e9 du programme imprim\u00e9 programme d\u00e9taill\u00e9 (pas de r\u00e9sum\u00e9s) programme d\u00e9taill\u00e9 (avec r\u00e9sum\u00e9s) L&#8217;inscription pour une participation en personne, pour les membres et les non-membres, est disponible sur https:\/\/crm.cap.ca.\u00a0&#8230;  <a class=\"excerpt-read-more\" href=\"https:\/\/cap.ca\/fr\/congres-de-lacp\/congres-anterieurs\/acp2022\/\" title=\"LireCongr\u00e8s de l&#8217;ACP 2022 &#8211; 5-10 juin 2022\">Lire la suite &raquo;<\/a><\/p>\n","protected":false},"author":12,"featured_media":0,"parent":3253,"menu_order":18,"comment_status":"closed","ping_status":"closed","template":"","meta":{"footnotes":""},"class_list":["post-18751","page","type-page","status-publish","hentry"],"_links":{"self":[{"href":"https:\/\/cap.ca\/fr\/wp-json\/wp\/v2\/pages\/18751","targetHints":{"allow":["GET"]}}],"collection":[{"href":"https:\/\/cap.ca\/fr\/wp-json\/wp\/v2\/pages"}],"about":[{"href":"https:\/\/cap.ca\/fr\/wp-json\/wp\/v2\/types\/page"}],"author":[{"embeddable":true,"href":"https:\/\/cap.ca\/fr\/wp-json\/wp\/v2\/users\/12"}],"replies":[{"embeddable":true,"href":"https:\/\/cap.ca\/fr\/wp-json\/wp\/v2\/comments?post=18751"}],"version-history":[{"count":31,"href":"https:\/\/cap.ca\/fr\/wp-json\/wp\/v2\/pages\/18751\/revisions"}],"predecessor-version":[{"id":21013,"href":"https:\/\/cap.ca\/fr\/wp-json\/wp\/v2\/pages\/18751\/revisions\/21013"}],"up":[{"embeddable":true,"href":"https:\/\/cap.ca\/fr\/wp-json\/wp\/v2\/pages\/3253"}],"wp:attachment":[{"href":"https:\/\/cap.ca\/fr\/wp-json\/wp\/v2\/media?parent=18751"}],"curies":[{"name":"wp","href":"https:\/\/api.w.org\/{rel}","templated":true}]}}