{"id":18678,"date":"2021-09-06T15:42:42","date_gmt":"2021-09-06T19:42:42","guid":{"rendered":"https:\/\/cap.ca\/?page_id=18678"},"modified":"2021-09-09T10:32:23","modified_gmt":"2021-09-09T14:32:23","slug":"resultats-du-concours-2021-de-lacp","status":"publish","type":"page","link":"https:\/\/cap.ca\/fr\/activites\/programme-de-distinctions\/university-physics-students\/prix-lloyd-g-elliott-examen-universitaire\/resultats-du-concours-2021-de-lacp\/","title":{"rendered":"R\u00e9sultats du concours 2021 de l&#8217;ACP"},"content":{"rendered":"<p>Le concours universitaire 2021 de l\u2019ACP a eu lieu le 09 mars 2021. L\u2019examen a \u00e9t\u00e9 compl\u00e9t\u00e9 par 61 \u00e9tudiant(e)s provenant de 14 universit\u00e9s et coll\u00e8ges.<\/p>\n<p><span style=\"font-size: 12pt;\"><strong>Les 10 meilleurs r\u00e9sultats<\/strong><\/span><\/p>\n<p>Rang &#8211; Nom, Universit\u00e9<\/p>\n<p><strong>1<sup>er<\/sup> &#8211; Samuel Li, University of Toronto (prix en argent)<\/strong><\/p>\n<p><strong>2<sup>e<\/sup> &#8211; Qiu Shi Wang, McGill University (prix en argent)<\/strong><\/p>\n<p><strong>3<sup>e<\/sup> &#8211; Pedram Amani, University of British Columbia (prix en argent)<\/strong><\/p>\n<p>4<sup>e<\/sup> &#8211; Tony An, University of Toronto<\/p>\n<p>5<sup>e<\/sup> &#8211; William Francis, Queen&#8217;s University<\/p>\n<p>6<sup>e<\/sup> &#8211; QiLin Xue, University of Toronto<\/p>\n<p>7<sup>e<\/sup> &#8211; Adrien Yeung, Simon Fraser University<\/p>\n<p>8<sup>e<\/sup> &#8211; Jay Epstein, University of Toronto (\u00e9galit\u00e9)<\/p>\n<p>8<sup>e<\/sup> &#8211; Ryan Ripsman, University of Toronto (\u00e9galit\u00e9)<\/p>\n<p>10<sup>e<\/sup> &#8211; Ryohei Weil, University of British Columbia<\/p>\n<p>&nbsp;<\/p>\n<p><strong>L\u2019\u00e9tudiant ayant obtenu la meilleure note par universit\u00e9<\/strong><\/p>\n<p>Universit\u00e9 &#8211; Nom<\/p>\n<p>Carleton University &#8211; Jiapeng Zhang<\/p>\n<p>Laurentian University &#8211; Regan Ross<\/p>\n<p>McGill University &#8211; Qiu Shi Wang<\/p>\n<p>Memorial University of Newfoundland &#8211; Nurul Bin<\/p>\n<p>Queen&#8217;s University &#8211; William Francis<\/p>\n<p>Simon Fraser University &#8211; Adrien Yeung<\/p>\n<p>Universit\u00e9 de Montr\u00e9al &#8211; Antoine Brillant<\/p>\n<p>Universit\u00e9 Laval &#8211; Paul Deguire<\/p>\n<p>University of Alberta &#8211; Adam Prus-Czarnecki<\/p>\n<p>University of British Columbia &#8211; Pedram Amani<\/p>\n<p>University of Guelph &#8211; Elijah Kent<\/p>\n<p>University of Ottawa &#8211; Leah Frackleton<\/p>\n<p>University of Toronto &#8211; Samuel Li<\/p>\n<p>University of Waterloo &#8211; Jinming Wang<\/p>\n","protected":false},"excerpt":{"rendered":"<p>Le concours universitaire 2021 de l\u2019ACP a eu lieu le 09 mars 2021. L\u2019examen a \u00e9t\u00e9 compl\u00e9t\u00e9 par 61 \u00e9tudiant(e)s provenant de 14 universit\u00e9s et coll\u00e8ges. Les 10 meilleurs r\u00e9sultats Rang &#8211; Nom, Universit\u00e9 1er &#8211; Samuel Li, University of Toronto (prix en argent) 2e &#8211; Qiu Shi Wang, McGill University (prix en argent) 3e&#8230;  <a class=\"excerpt-read-more\" href=\"https:\/\/cap.ca\/fr\/activites\/programme-de-distinctions\/university-physics-students\/prix-lloyd-g-elliott-examen-universitaire\/resultats-du-concours-2021-de-lacp\/\" title=\"LireR\u00e9sultats du concours 2021 de l&#8217;ACP\">Lire la suite &raquo;<\/a><\/p>\n","protected":false},"author":7,"featured_media":0,"parent":3344,"menu_order":45,"comment_status":"closed","ping_status":"closed","template":"","meta":{"footnotes":""},"class_list":["post-18678","page","type-page","status-publish","hentry"],"_links":{"self":[{"href":"https:\/\/cap.ca\/fr\/wp-json\/wp\/v2\/pages\/18678","targetHints":{"allow":["GET"]}}],"collection":[{"href":"https:\/\/cap.ca\/fr\/wp-json\/wp\/v2\/pages"}],"about":[{"href":"https:\/\/cap.ca\/fr\/wp-json\/wp\/v2\/types\/page"}],"author":[{"embeddable":true,"href":"https:\/\/cap.ca\/fr\/wp-json\/wp\/v2\/users\/7"}],"replies":[{"embeddable":true,"href":"https:\/\/cap.ca\/fr\/wp-json\/wp\/v2\/comments?post=18678"}],"version-history":[{"count":8,"href":"https:\/\/cap.ca\/fr\/wp-json\/wp\/v2\/pages\/18678\/revisions"}],"predecessor-version":[{"id":18710,"href":"https:\/\/cap.ca\/fr\/wp-json\/wp\/v2\/pages\/18678\/revisions\/18710"}],"up":[{"embeddable":true,"href":"https:\/\/cap.ca\/fr\/wp-json\/wp\/v2\/pages\/3344"}],"wp:attachment":[{"href":"https:\/\/cap.ca\/fr\/wp-json\/wp\/v2\/media?parent=18678"}],"curies":[{"name":"wp","href":"https:\/\/api.w.org\/{rel}","templated":true}]}}