{"id":18547,"date":"2021-07-05T14:17:38","date_gmt":"2021-07-05T18:17:38","guid":{"rendered":"https:\/\/cap.ca\/?page_id=18547"},"modified":"2022-02-18T13:29:33","modified_gmt":"2022-02-18T18:29:33","slug":"offres-demploi","status":"publish","type":"page","link":"https:\/\/cap.ca\/fr\/activites\/careers-and-employment\/offres-demploi\/","title":{"rendered":"Offres d&#8217;emploi"},"content":{"rendered":"<p>Les offres d&#8217;emploi qui ont \u00e9t\u00e9 affich\u00e9es en fran\u00e7ais sur le tableau d&#8217;affichage des offres d&#8217;emploi de l&#8217;ACP apparaissent ci-dessous.<\/p>\n<p><a href=\"https:\/\/cap.ca\/programs\/careers-and-employment\/jobs\/\">Cliquez ici pour voir la liste compl\u00e8te des offres d&#8217;emploi, y compris les offres en anglais<\/a>.<\/p>\n<hr \/>\n<p>&nbsp;<\/p>\n<p>&nbsp;<\/p>\n<table border=\"2\">\n<tbody>\n<tr>\n<td>Poste :<\/td>\n<td><strong>Stagiaires de recherche postdoctorale au CNRC : Maintenant ouvert!<\/strong><\/td>\n<\/tr>\n<tr>\n<td>Organization :<\/td>\n<td>Conseil national de recherches du Canada (CNRC)<\/td>\n<\/tr>\n<tr>\n<td>Ville :<\/td>\n<td>Ottawa, Ontario<\/td>\n<\/tr>\n<tr>\n<td>Date limite de soumission :<\/td>\n<td>mars 25, 2022<\/td>\n<\/tr>\n<tr>\n<td colspan=\"2\"><a href=\"https:\/\/cap.ca\/wp-content\/uploads\/2022\/02\/Ad-714-NRC-FRE.pdf\" target=\"_blank\" rel=\"noopener noreferrer\">Cliquez ici pour plus d&#8217;informations.<\/a><\/td>\n<\/tr>\n<\/tbody>\n<\/table>\n<p>&nbsp;<\/p>\n<table border=\"2\">\n<tbody>\n<tr>\n<td>Poste :<\/td>\n<td><strong>Agent ou agente de recherches, Photom\u00e9trie<\/strong><\/td>\n<\/tr>\n<tr>\n<td>Organization :<\/td>\n<td>Conseil national de recherches, Centre de recherche en m\u00e9trologie<\/td>\n<\/tr>\n<tr>\n<td>Ville :<\/td>\n<td>Ottawa, Ontario<\/td>\n<\/tr>\n<tr>\n<td>Date limite de soumission :<\/td>\n<td>Jan 21, 2022<\/td>\n<\/tr>\n<tr>\n<td colspan=\"2\"><a href=\"https:\/\/cap.ca\/wp-content\/uploads\/2021\/12\/Ad-691-NRC.pdf\">Cliquez ici pour plus d&#8217;informations.<\/a><\/td>\n<\/tr>\n<\/tbody>\n<\/table>\n<p>&nbsp;<\/p>\n","protected":false},"excerpt":{"rendered":"<p>Les offres d&#8217;emploi qui ont \u00e9t\u00e9 affich\u00e9es en fran\u00e7ais sur le tableau d&#8217;affichage des offres d&#8217;emploi de l&#8217;ACP apparaissent ci-dessous. Cliquez ici pour voir la liste compl\u00e8te des offres d&#8217;emploi, y compris les offres en anglais. &nbsp; &nbsp; Poste : Stagiaires de recherche postdoctorale au CNRC : Maintenant ouvert! Organization : Conseil national de recherches&#8230;  <a class=\"excerpt-read-more\" href=\"https:\/\/cap.ca\/fr\/activites\/careers-and-employment\/offres-demploi\/\" title=\"LireOffres d&#8217;emploi\">Lire la suite &raquo;<\/a><\/p>\n","protected":false},"author":12,"featured_media":0,"parent":8567,"menu_order":7,"comment_status":"closed","ping_status":"closed","template":"","meta":{"footnotes":""},"class_list":["post-18547","page","type-page","status-publish","hentry"],"_links":{"self":[{"href":"https:\/\/cap.ca\/fr\/wp-json\/wp\/v2\/pages\/18547","targetHints":{"allow":["GET"]}}],"collection":[{"href":"https:\/\/cap.ca\/fr\/wp-json\/wp\/v2\/pages"}],"about":[{"href":"https:\/\/cap.ca\/fr\/wp-json\/wp\/v2\/types\/page"}],"author":[{"embeddable":true,"href":"https:\/\/cap.ca\/fr\/wp-json\/wp\/v2\/users\/12"}],"replies":[{"embeddable":true,"href":"https:\/\/cap.ca\/fr\/wp-json\/wp\/v2\/comments?post=18547"}],"version-history":[{"count":5,"href":"https:\/\/cap.ca\/fr\/wp-json\/wp\/v2\/pages\/18547\/revisions"}],"predecessor-version":[{"id":19852,"href":"https:\/\/cap.ca\/fr\/wp-json\/wp\/v2\/pages\/18547\/revisions\/19852"}],"up":[{"embeddable":true,"href":"https:\/\/cap.ca\/fr\/wp-json\/wp\/v2\/pages\/8567"}],"wp:attachment":[{"href":"https:\/\/cap.ca\/fr\/wp-json\/wp\/v2\/media?parent=18547"}],"curies":[{"name":"wp","href":"https:\/\/api.w.org\/{rel}","templated":true}]}}