{"id":18444,"date":"2021-06-28T13:49:10","date_gmt":"2021-06-28T17:49:10","guid":{"rendered":"https:\/\/cap.ca\/?page_id=18444"},"modified":"2022-04-17T20:04:39","modified_gmt":"2022-04-18T00:04:39","slug":"assemblee-generale-annuelle-virtuelle-2021-de-lacp-aga","status":"publish","type":"page","link":"https:\/\/cap.ca\/fr\/propos-lacp\/gouvernance\/assemblee-generale-annuelle-virtuelle-2021-de-lacp-aga\/","title":{"rendered":"Assembl\u00e9e g\u00e9n\u00e9rale annuelle virtuelle 2021 de l\u2019ACP (AGA)"},"content":{"rendered":"<header>\n<p class=\"page-title\"><span style=\"color: #444444; font-family: 'Droid Serif', 'Helvetica Neue', Helvetica, Arial, sans-serif; font-size: 16px;\">L\u2019AGA de l\u2019ACP 2021 se tiendra sous forme de r\u00e9union virtuelle<\/span><strong style=\"color: #444444; font-family: 'Droid Serif', 'Helvetica Neue', Helvetica, Arial, sans-serif; font-size: 16px;\"> le mardi 29 juin de 16h00 \u00e0 18h00 HAE. <\/strong>Veuillez marquer cette date importante sur vos calendriers et pr\u00e9voir d\u2019y assister !<\/p>\n<\/header>\n<p>Le lien Zoom pour l&#8217;AGM a \u00e9t\u00e9 envoy\u00e9 \u00e0 tous les membres qui se sont inscrits dans le cadre de leur inscription au Congr\u00e8s.<\/p>\n<p><strong>Vous n&#8217;\u00eates pas encore inscrit ? <a href=\"https:\/\/canadianassocofphys.wufoo.com\/forms\/z196uzkr0mzmdkg\/\">Cliquez ici pour vous inscrire et recevoir le lien de la r\u00e9union par retour d&#8217;e-mail.<\/a><\/strong><\/p>\n<p>&nbsp;<\/p>\n<hr \/>\n<h3><\/h3>\n<h3>ORDRE DU JOUR PROVISOIRE<\/h3>\n<ol class=\"content-list\">\n<li>Rappel \u00e0 l\u2019ordre, constatation du quorum et approbation de l\u2019ordre du jour (R.Thompson)<\/li>\n<li>Rapport du comit\u00e9 des nominations et br\u00e8ve explication du d\u00e9roulement et de la proc\u00e9dure d\u2019\u00e9lection du conseil d\u2019administration de l\u2019ACP (S. Ghose)<br \/>\n<strong><span style=\"font-size: 10pt;\">NOTE: P\u00e9riode de vote accessible via le login aux services pour membres. (16:15-17:15 EDT)<\/span><\/strong><\/p>\n<blockquote><p><strong><span style=\"font-size: 10pt;\"><a href=\"https:\/\/cap.ca\/about-us\/cap-leadership\/board-directors\/june-29-slate-of-nominations\/\">Cliquez ici pour la liste des nominations pour 2021.<\/a><\/span><\/strong><\/p><\/blockquote>\n<\/li>\n<li>Approbation du proc\u00e8s-verbal de l\u2019assembl\u00e9e g\u00e9n\u00e9rale annuelle du 5 juin 2019 (R.Thompson)<br \/>\n<blockquote><p><span style=\"font-size: 10pt;\"><strong><a href=\"https:\/\/cap.ca\/wp-content\/uploads\/2020\/09\/CAP-Minutes-AGM-June-2019-for-approval.pdf\" target=\"_blank\" rel=\"noopener noreferrer\">Cliquez ici pour voir les proc\u00e8s-verbal de l\u2019AGA de 2020<\/a><\/strong><\/span><\/p><\/blockquote>\n<\/li>\n<li><strong>Rapport annuel<\/strong><br \/>\n4.1\u00a0\u00a0Rapport du pr\u00e9sident de l\u2019ACP (R. Thompson)<br \/>\n4.2\u00a0\u00a0\u00c9tats financiers r\u00e9vis\u00e9s au 31 d\u00e9cembre 2020 (C. Kraus)<br \/>\n4.2\u00a0 Commentaires sur les succ\u00e8s et les d\u00e9fis du Congr\u00e8s virtuel de l&#8217;ACP 2021 (M. Paranjape)<\/p>\n<blockquote><p><a href=\"https:\/\/cap.ca\/wp-content\/uploads\/2021\/06\/F-2021-Congress-AGM-Report.pdf\"><strong><span style=\"font-size: 10pt;\">Cliquez ici pour le r\u00e9sum\u00e9 des informations<\/span><\/strong><\/a><\/p><\/blockquote>\n<p>4.3\u00a0 Rapport du tr\u00e9sorier (C.Kraus)<\/p>\n<blockquote><p><span style=\"font-size: 10pt;\"><strong><a href=\"https:\/\/cap.ca\/wp-content\/uploads\/2022\/04\/CAP-2020-Financial-Statement-Final-Signed.pdf\" target=\"_blank\" rel=\"noopener noreferrer\">Cliquez ici pour voir les \u00e9tats financiers au 31 d\u00e9cembre 2020<\/a><br \/>\n<a href=\"https:\/\/cap.ca\/wp-content\/uploads\/2021\/06\/2021-Report-to-AGM-on-2020-Finances.pdf\" target=\"_blank\" rel=\"noopener noreferrer\">Cliquez ici pour voir la Rapport du secr\u00e9taire-tr\u00e9sorier et pr\u00e9sident du Comit\u00e9 des finances<\/a><\/strong><\/span><\/p><\/blockquote>\n<ul class=\"content-list\">\n<li>\u00c9tats financiers examin\u00e9s jusqu&#8217;au 31 d\u00e9cembre 2020<\/li>\n<li>Commentaires sur les finances de 2021 jusqu&#8217;au 30 avril<\/li>\n<li>Motion d&#8217;approbation du cabinet d&#8217;audit pour l&#8217;examen des finances de 2021 (<a href=\"https:\/\/cap.ca\/wp-content\/uploads\/2021\/06\/AGM-Agenda-4-3-Audit-Firm.png\" target=\"_blank\" rel=\"noopener noreferrer\">cliquez ici pour voir la motion<\/a>)<\/li>\n<li>2022 Cotisations des membres\u00a0 (<a href=\"https:\/\/cap.ca\/wp-content\/uploads\/2021\/06\/AGM-Agenda-4-3-2022-fees.png\" target=\"_blank\" rel=\"noopener noreferrer\">cliquez ici pour information<\/a>)<\/li>\n<\/ul>\n<p>4.4 Rapport sur le statut du programme des boursiers (R. Thompson)<\/p>\n<p>4.5 Mise \u00e0 jour sur le calendrier pour les bourses d&#8217;\u00e9tudes 2021\/les prix et m\u00e9dailles de l&#8217;\u00e9cole (R. Thompson)<\/p>\n<p>4.6 Rapport sur la planification pr\u00e9liminaire du Congr\u00e8s annuel du ACP de 2022 \u00e0 l&#8217;Universit\u00e9 McMaster\u00a0(B. Frisken)<\/li>\n<li>Appel aux h\u00f4tes pour le Congr\u00e8s de 2021 et au-del\u00e0 (F. Ford)<\/li>\n<li>Affaires nouvelles (R. Thompson)<\/li>\n<li>R\u00e9sultats de l&#8217;\u00e9lection du conseil d&#8217;administration (F. Ford)<\/li>\n<li>Vote de remerciement et passage de la pr\u00e9sidence (R. Thompson)<\/li>\n<li>Date et lieu de la prochaine r\u00e9union (M. Paranjape)<\/li>\n<li>\u00a0Ajournement<\/li>\n<\/ol>\n<p>&nbsp;<\/p>\n<p>&nbsp;<\/p>\n<p>&nbsp;<\/p>\n","protected":false},"excerpt":{"rendered":"<p>L\u2019AGA de l\u2019ACP 2021 se tiendra sous forme de r\u00e9union virtuelle le mardi 29 juin de 16h00 \u00e0 18h00 HAE. Veuillez marquer cette date importante sur vos calendriers et pr\u00e9voir d\u2019y assister ! Le lien Zoom pour l&#8217;AGM a \u00e9t\u00e9 envoy\u00e9 \u00e0 tous les membres qui se sont inscrits dans le cadre de leur inscription&#8230;  <a class=\"excerpt-read-more\" href=\"https:\/\/cap.ca\/fr\/propos-lacp\/gouvernance\/assemblee-generale-annuelle-virtuelle-2021-de-lacp-aga\/\" title=\"LireAssembl\u00e9e g\u00e9n\u00e9rale annuelle virtuelle 2021 de l\u2019ACP (AGA)\">Lire la suite &raquo;<\/a><\/p>\n","protected":false},"author":12,"featured_media":0,"parent":3170,"menu_order":7,"comment_status":"closed","ping_status":"closed","template":"","meta":{"footnotes":""},"class_list":["post-18444","page","type-page","status-publish","hentry"],"_links":{"self":[{"href":"https:\/\/cap.ca\/fr\/wp-json\/wp\/v2\/pages\/18444","targetHints":{"allow":["GET"]}}],"collection":[{"href":"https:\/\/cap.ca\/fr\/wp-json\/wp\/v2\/pages"}],"about":[{"href":"https:\/\/cap.ca\/fr\/wp-json\/wp\/v2\/types\/page"}],"author":[{"embeddable":true,"href":"https:\/\/cap.ca\/fr\/wp-json\/wp\/v2\/users\/12"}],"replies":[{"embeddable":true,"href":"https:\/\/cap.ca\/fr\/wp-json\/wp\/v2\/comments?post=18444"}],"version-history":[{"count":9,"href":"https:\/\/cap.ca\/fr\/wp-json\/wp\/v2\/pages\/18444\/revisions"}],"predecessor-version":[{"id":20403,"href":"https:\/\/cap.ca\/fr\/wp-json\/wp\/v2\/pages\/18444\/revisions\/20403"}],"up":[{"embeddable":true,"href":"https:\/\/cap.ca\/fr\/wp-json\/wp\/v2\/pages\/3170"}],"wp:attachment":[{"href":"https:\/\/cap.ca\/fr\/wp-json\/wp\/v2\/media?parent=18444"}],"curies":[{"name":"wp","href":"https:\/\/api.w.org\/{rel}","templated":true}]}}