{"id":18441,"date":"2021-06-28T13:26:52","date_gmt":"2021-06-28T17:26:52","guid":{"rendered":"https:\/\/cap.ca\/?page_id=18441"},"modified":"2022-06-17T10:12:01","modified_gmt":"2022-06-17T14:12:01","slug":"election-du-17-juin","status":"publish","type":"page","link":"https:\/\/cap.ca\/fr\/propos-lacp\/gouvernance\/assemblee-generale-annuelle-virtuelle-2020-de-lacp-aga\/election-du-17-juin\/","title":{"rendered":"\u00c9lection du 17 juin : conseil d\u2019administration de l\u2019ACP 2022-2023"},"content":{"rendered":"<blockquote><p><em>Vous trouverez ci-apr\u00e8s la liste des candidatures pour le conseil d\u2019administration de l\u2019ACP 2022-2023, et l\u2019on y trouve des liens aux notices biographiques de chacun des candidats. Aucune autre candidature n\u2019a \u00e9t\u00e9 re\u00e7ue.<\/em><\/p><\/blockquote>\n<p>&nbsp;<\/p>\n<h3><span style=\"font-size: 14pt;\"><strong>Quand voter<\/strong><\/span><\/h3>\n<ul class=\"content-list\">\n<li>Les membres auront la chance\u00a0<strong>d\u2019inscrire leur vote<\/strong> pour les membres du conseil durant\u00a0 Assembl\u00e9e g\u00e9n\u00e9rale annuelle virtuelle (AGA) le 17 juin, de 12h00 \u00e0 13h30 HAE. <a href=\"https:\/\/us02web.zoom.us\/meeting\/register\/tZ0vc-Gvqz8jE9R5T-DZOXdGnkxvht8w5SBB\" target=\"_blank\" rel=\"noopener noreferrer\">Clicquez ici pour vous inscrire \u00e0 cette r\u00e9union.<\/a><\/li>\n<li><strong>Le syst\u00e8me de vote sera ouvert de 12h15 \u00e0 13h00 le 17 juin HAE.<\/strong><\/li>\n<\/ul>\n<p>&nbsp;<\/p>\n<h3><span style=\"font-size: 14pt;\"><strong>Comment voter<\/strong><\/span><\/h3>\n<ul class=\"content-list\">\n<li>Vous pourrez\u00a0<strong>acc\u00e9der au syst\u00e8me de vote\u00a0<\/strong>en vous connectant \u00e0\u00a0<a href=\"https:\/\/crm.cap.ca\/fr\/user\/login\/\" target=\"_blank\" rel=\"noopener noreferrer\">Services aux membres<\/a>\u00a0et puis en choisissant \u00ab\u00a0menu du syst\u00e8me de vote\u00a0\u00bb.<\/li>\n<\/ul>\n<p>&nbsp;<\/p>\n<h3><span style=\"font-size: 14pt;\"><strong>Quorum n\u00e9cessaire<\/strong><\/span><\/h3>\n<ul class=\"content-list\">\n<li><strong>Le quorum des membres pr\u00e9sents sera de 50 membres\u00a0<\/strong>\u00e0 l\u2019assembl\u00e9e g\u00e9n\u00e9rale annuelle pour que l\u2019\u00e9lection puisse se tenir.<\/li>\n<\/ul>\n<p>&nbsp;<\/p>\n<p>&nbsp;<\/p>\n<hr \/>\n<h3><\/h3>\n<h1>Liste des candidatures<br \/>\nConseil d\u2019administration de la l\u2019ACP 2022-23<\/h1>\n<p><strong>NOTE:\u00a0\u00a0Manu Paranjape<\/strong> passera de pr\u00e9sident \u00e0 pr\u00e9sident sortante (aucun vote requis).<\/p>\n<p>Cliquez sur le nom du candidat pour consulter sa biographie.<\/p>\n<table style=\"height: 499px; width: 100%;\">\n<tbody>\n<tr style=\"height: 55px;\">\n<td style=\"width: 40.0821%; height: 55px; background-color: #e3e3e3;\"><strong>Position<\/strong><\/td>\n<td style=\"width: 33.2421%; height: 55px; background-color: #e3e3e3;\"><strong>Mandat<\/strong><\/td>\n<td style=\"width: 26.539%; height: 55px; background-color: #e3e3e3;\"><strong>Candidat(e)s<\/strong><\/td>\n<\/tr>\n<tr style=\"height: 97px;\">\n<td style=\"width: 40.0821%; height: 97px;\"><strong>Pr\u00e9sidente<\/strong><br \/>\n<span style=\"font-size: 10pt;\"><em>La candidate a \u00e9t\u00e9 vice-pr\u00e9sidente en 2021-22<\/em><\/span><\/td>\n<td style=\"width: 33.2421%; height: 97px;\">Progression de 4 ans \u00e0 travers la ligne pr\u00e9sidentielle<br \/>\n(ce sera la troisi\u00e8me ann\u00e9e)<\/td>\n<td style=\"width: 26.539%; height: 97px;\"><span style=\"color: #444444;\"><strong><a href=\"https:\/\/cap.ca\/wp-content\/uploads\/2021\/06\/2021-CAP-Bio-Barbara-Frisken.pdf\">Barbara Frisken<\/a><\/strong><br \/>\nUniversit\u00e9 Simon Fraser<br \/>\n<\/span><\/td>\n<\/tr>\n<tr style=\"height: 97px;\">\n<td style=\"width: 40.0821%; height: 97px;\"><strong>Vice-Pr\u00e9sident<\/strong><br \/>\n<span style=\"font-size: 10pt;\"><em>Le candidat a \u00e9t\u00e9 vice-pr\u00e9sident \u00e9lu<br \/>\n<\/em><\/span><span style=\"font-size: 10pt;\"><em>en 2021-22<\/em><\/span><\/td>\n<td style=\"width: 33.2421%; height: 97px;\">Progression de 4 ans \u00e0 travers la ligne pr\u00e9sidentielle<br \/>\n(ce sera la deuxi\u00e8me ann\u00e9e)<\/td>\n<td style=\"width: 26.539%; height: 97px;\"><span style=\"color: #444444;\"><strong><a href=\"https:\/\/cap.ca\/wp-content\/uploads\/2021\/06\/202122-Slate-Bios-Bill-Whelan.pdf\">Bill Whelan<\/a><\/strong><br \/>\nUniversit\u00e9 de l&#8217;I.P.E<br \/>\n<\/span><\/td>\n<\/tr>\n<tr style=\"height: 120px;\">\n<td style=\"width: 40.0821%; height: 120px;\"><strong>Vice-Pr\u00e9sident \u00e9lu<\/strong><\/td>\n<td style=\"width: 33.2421%; height: 120px;\">Progression de 4 ans \u00e0 travers la ligne pr\u00e9sidentielle<br \/>\n(ce sera la premi\u00e8re ann\u00e9e)<\/td>\n<td style=\"width: 26.539%; height: 120px;\"><a href=\"https:\/\/cap.ca\/wp-content\/uploads\/2022\/06\/Martin-Williams-Bio.pdf\" target=\"_blank\" rel=\"noopener noreferrer\"><strong>Martin Williams<\/strong><\/a><br \/>\nUniversit\u00e9 du Guelph<\/td>\n<\/tr>\n<tr>\n<td style=\"width: 40.0821%;\"><strong>Secr\u00e9taire-tr\u00e9sorier<\/strong><\/td>\n<td style=\"width: 33.2421%;\">Mandat de 3ans<\/td>\n<td style=\"width: 26.539%;\"><strong><a href=\"https:\/\/cap.ca\/wp-content\/uploads\/2019\/05\/Bio-Christine-Kraus-2019-Final.pdf\">Christine Kraus<\/a><br \/>\n<\/strong>SNOLAB<\/td>\n<\/tr>\n<tr style=\"height: 63px;\">\n<td style=\"width: 40.0821%; height: 63px;\"><strong>Directrice de la communication<\/strong><\/td>\n<td style=\"width: 33.2421%; height: 63px;\">Mandat de 3ans<\/td>\n<td style=\"width: 26.539%; height: 63px;\"><a href=\"https:\/\/cap.ca\/wp-content\/uploads\/2020\/04\/Dir.-of-Communications-Sandra-Ribeiro-Website-posting.pdf\"><strong>Sandra Ribeiro<\/strong><\/a><br \/>\nCentre canadien de rayonnement synchrotron<\/td>\n<\/tr>\n<tr style=\"height: 57px;\">\n<td style=\"width: 40.0821%; height: 67px;\"><strong>Directeur des affaires \u00e9tudiantes<\/strong><\/td>\n<td style=\"width: 33.2421%; height: 67px;\">Mandat de 3ans<\/td>\n<td style=\"width: 26.539%; height: 67px;\"><strong><a href=\"https:\/\/cap.ca\/wp-content\/uploads\/2017\/03\/Bio_Ben-Newling.pdf\">Ben Newling<\/a><br \/>\n<\/strong>Universit\u00e9 du Nouveau Brunswick<\/td>\n<\/tr>\n<\/tbody>\n<\/table>\n","protected":false},"excerpt":{"rendered":"<p>Vous trouverez ci-apr\u00e8s la liste des candidatures pour le conseil d\u2019administration de l\u2019ACP 2022-2023, et l\u2019on y trouve des liens aux notices biographiques de chacun des candidats. Aucune autre candidature n\u2019a \u00e9t\u00e9 re\u00e7ue. &nbsp; Quand voter Les membres auront la chance\u00a0d\u2019inscrire leur vote pour les membres du conseil durant\u00a0 Assembl\u00e9e g\u00e9n\u00e9rale annuelle virtuelle (AGA) le&#8230;  <a class=\"excerpt-read-more\" href=\"https:\/\/cap.ca\/fr\/propos-lacp\/gouvernance\/assemblee-generale-annuelle-virtuelle-2020-de-lacp-aga\/election-du-17-juin\/\" title=\"Lire\u00c9lection du 17 juin : conseil d\u2019administration de l\u2019ACP 2022-2023\">Lire la suite &raquo;<\/a><\/p>\n","protected":false},"author":12,"featured_media":0,"parent":15873,"menu_order":7,"comment_status":"closed","ping_status":"closed","template":"","meta":{"footnotes":""},"class_list":["post-18441","page","type-page","status-publish","hentry"],"_links":{"self":[{"href":"https:\/\/cap.ca\/fr\/wp-json\/wp\/v2\/pages\/18441","targetHints":{"allow":["GET"]}}],"collection":[{"href":"https:\/\/cap.ca\/fr\/wp-json\/wp\/v2\/pages"}],"about":[{"href":"https:\/\/cap.ca\/fr\/wp-json\/wp\/v2\/types\/page"}],"author":[{"embeddable":true,"href":"https:\/\/cap.ca\/fr\/wp-json\/wp\/v2\/users\/12"}],"replies":[{"embeddable":true,"href":"https:\/\/cap.ca\/fr\/wp-json\/wp\/v2\/comments?post=18441"}],"version-history":[{"count":6,"href":"https:\/\/cap.ca\/fr\/wp-json\/wp\/v2\/pages\/18441\/revisions"}],"predecessor-version":[{"id":21133,"href":"https:\/\/cap.ca\/fr\/wp-json\/wp\/v2\/pages\/18441\/revisions\/21133"}],"up":[{"embeddable":true,"href":"https:\/\/cap.ca\/fr\/wp-json\/wp\/v2\/pages\/15873"}],"wp:attachment":[{"href":"https:\/\/cap.ca\/fr\/wp-json\/wp\/v2\/media?parent=18441"}],"curies":[{"name":"wp","href":"https:\/\/api.w.org\/{rel}","templated":true}]}}