{"id":18387,"date":"2021-06-27T20:46:12","date_gmt":"2021-06-28T00:46:12","guid":{"rendered":"https:\/\/cap.ca\/?page_id=18387"},"modified":"2021-06-27T20:48:08","modified_gmt":"2021-06-28T00:48:08","slug":"acp-2021-aga","status":"publish","type":"page","link":"https:\/\/cap.ca\/fr\/congres-de-lacp\/congres-anterieurs\/congres-virtuel-de-lacp-2021-6-11-juin\/acp-2021-aga\/","title":{"rendered":"Assembl\u00e9e g\u00e9n\u00e9rale annuelle virtuelle de l&#8217;ACP 2021 (AGA)"},"content":{"rendered":"<p><span style=\"font-size: 10pt;\">L&#8217;AGA 2021 de l&#8217;ACP se tiendra sous forme de r\u00e9union virtuelle le <strong>mardi 29 juin de 16 h \u00e0 18 h HAE<\/strong>.\u00a0 Veuillez marquer cette date importante sur vos calendriers et pr\u00e9voir d&#8217;y assister !\u00a0<\/span><\/p>\n<p><span style=\"font-size: 10pt;\">Le lien Zoom pour l&#8217;AGA a \u00e9t\u00e9 envoy\u00e9 \u00e0 tous les membres qui se sont inscrits dans le cadre de leur inscription au Congr\u00e8s.<\/span><\/p>\n<p><span style=\"font-size: 10pt;\">Non encore inscrit ?\u00a0 Cliquez ici pour vous inscrire et recevoir le lien de la r\u00e9union par retour de mail.<\/span><\/p>\n<h3>ORDRE DU JOUR (\u00e9bauche)<\/h3>\n<ol class=\"content-list\">\n<li>Appel \u00e0 l&#8217;ordre, constatation du quorum et approbation de l&#8217;ordre du jour (R.Thompson)<\/li>\n<li>Rapport du comit\u00e9 des candidatures et br\u00e8ve explication du calendrier et de la proc\u00e9dure d&#8217;\u00e9lection du conseil d&#8217;administration \/ Bienvenue aux nouveaux pr\u00e9sidents de division (S. Ghose).<br \/>\n<strong><span style=\"font-size: 10pt;\">NOTE : Fen\u00eatre de vote, accessible via le login des services aux membres (16:15-17:15 EDT)<\/span><\/strong>.<\/p>\n<blockquote><p><span style=\"font-size: 10pt;\"><strong>Cliquez ici pour la liste des nominations de 2021<\/strong><\/span><\/p><\/blockquote>\n<\/li>\n<li>Approbation du proc\u00e8s-verbal de l&#8217;assembl\u00e9e g\u00e9n\u00e9rale annuelle du 30 septembre 2020 (R.Thompson).<br \/>\n<blockquote><p><span style=\"font-size: 10pt;\"><strong>Cliquez ici pour lire le proc\u00e8s-verbal de l&#8217;AGA 2020<\/strong><\/span>.<\/p><\/blockquote>\n<\/li>\n<li><strong><strong>Rapports annuels<\/strong><\/strong>&nbsp;\n<p>4.1 Mise \u00e0 jour du pr\u00e9sident de l&#8217;ACP (R.Thompson)4.2 Commentaires sur les succ\u00e8s et les d\u00e9fis du Congr\u00e8s virtuel de l&#8217;ACP 2021 (M. Paranjape)<\/p>\n<blockquote><p><span style=\"font-size: 10pt;\">Cliquez ici pour le r\u00e9sum\u00e9 des informations<\/span><\/p><\/blockquote>\n<p>4.3 Rapport du tr\u00e9sorier (C.Kraus)<\/p>\n<blockquote><p><strong><span style=\"font-size: 10pt;\">Cliquez ici pour les \u00e9tats financiers de fin d&#8217;ann\u00e9e 2020 examin\u00e9s &#8211; \u00e9bauche (\u00e0 venir)<\/span><\/strong>.<br \/>\n<strong><span style=\"font-size: 10pt;\">Cliquez ici pour le rapport du secr\u00e9taire-tr\u00e9sorier et pr\u00e9sident du Cttee des finances (bient\u00f4t)<\/span><\/strong><\/p><\/blockquote>\n<ul class=\"content-list\">\n<li>\u00c9tats financiers r\u00e9vis\u00e9s au 31 d\u00e9cembre 2020<\/li>\n<li>Commentaires sur les finances de 2021 au 30 avril<\/li>\n<li>Motion pour approuver les v\u00e9rificateurs pour l&#8217;examen des finances de 2021<\/li>\n<li>Cotisations des membres de 2022<\/li>\n<\/ul>\n<p>4.4 Rapport sur le statut du programme Fellows de l&#8217;ACP (R. Thompson)<\/p>\n<p>4.5 Rapport sur le calendrier des pour les bourses pour \u00e9tudiant(e)s, les prix d&#8217;excellence en enseignment secondaire, et les m\u00e9dailles de l&#8217;ACP 2021 (R. Thompson)<\/p>\n<p>4.6 Rapport sur la planification pr\u00e9liminaire du Congr\u00e8s annuel de l&#8217;ACP de 2022 \u00e0 l&#8217;Universit\u00e9 McMaster\u00a0 (B. Frisken)<\/li>\n<li>Appel aux h\u00f4tes pour le Congr\u00e8s de 2021 et au-del\u00e0 (F. Ford)<\/li>\n<li>Nouvelles affaires (R. Thompson)<\/li>\n<li>R\u00e9sultats de l&#8217;\u00e9lection du conseil d&#8217;administration (F. Ford)<\/li>\n<li>Vote de remerciements et passage de la pr\u00e9sidence (R. Thompson)<\/li>\n<li>Date et lieu de la prochaine r\u00e9union (M. Paranjape)<\/li>\n<li>\u00a0Ajournement<\/li>\n<\/ol>\n","protected":false},"excerpt":{"rendered":"<p>L&#8217;AGA 2021 de l&#8217;ACP se tiendra sous forme de r\u00e9union virtuelle le mardi 29 juin de 16 h \u00e0 18 h HAE.\u00a0 Veuillez marquer cette date importante sur vos calendriers et pr\u00e9voir d&#8217;y assister !\u00a0 Le lien Zoom pour l&#8217;AGA a \u00e9t\u00e9 envoy\u00e9 \u00e0 tous les membres qui se sont inscrits dans le cadre de&#8230;  <a class=\"excerpt-read-more\" href=\"https:\/\/cap.ca\/fr\/congres-de-lacp\/congres-anterieurs\/congres-virtuel-de-lacp-2021-6-11-juin\/acp-2021-aga\/\" title=\"LireAssembl\u00e9e g\u00e9n\u00e9rale annuelle virtuelle de l&#8217;ACP 2021 (AGA)\">Lire la suite &raquo;<\/a><\/p>\n","protected":false},"author":12,"featured_media":0,"parent":16954,"menu_order":7,"comment_status":"closed","ping_status":"closed","template":"","meta":{"footnotes":""},"class_list":["post-18387","page","type-page","status-publish","hentry"],"_links":{"self":[{"href":"https:\/\/cap.ca\/fr\/wp-json\/wp\/v2\/pages\/18387","targetHints":{"allow":["GET"]}}],"collection":[{"href":"https:\/\/cap.ca\/fr\/wp-json\/wp\/v2\/pages"}],"about":[{"href":"https:\/\/cap.ca\/fr\/wp-json\/wp\/v2\/types\/page"}],"author":[{"embeddable":true,"href":"https:\/\/cap.ca\/fr\/wp-json\/wp\/v2\/users\/12"}],"replies":[{"embeddable":true,"href":"https:\/\/cap.ca\/fr\/wp-json\/wp\/v2\/comments?post=18387"}],"version-history":[{"count":4,"href":"https:\/\/cap.ca\/fr\/wp-json\/wp\/v2\/pages\/18387\/revisions"}],"predecessor-version":[{"id":18417,"href":"https:\/\/cap.ca\/fr\/wp-json\/wp\/v2\/pages\/18387\/revisions\/18417"}],"up":[{"embeddable":true,"href":"https:\/\/cap.ca\/fr\/wp-json\/wp\/v2\/pages\/16954"}],"wp:attachment":[{"href":"https:\/\/cap.ca\/fr\/wp-json\/wp\/v2\/media?parent=18387"}],"curies":[{"name":"wp","href":"https:\/\/api.w.org\/{rel}","templated":true}]}}