{"id":18368,"date":"2021-06-18T13:30:09","date_gmt":"2021-06-18T17:30:09","guid":{"rendered":"https:\/\/cap.ca\/?page_id=18368"},"modified":"2021-08-10T13:59:48","modified_gmt":"2021-08-10T17:59:48","slug":"2021-award-recipients","status":"publish","type":"page","link":"https:\/\/cap.ca\/fr\/congres-de-lacp\/congres-anterieurs\/congres-virtuel-de-lacp-2021-6-11-juin\/le-concours-du-meilleur-etudiante\/2021-award-recipients\/","title":{"rendered":"Les laur\u00e9ats de 2021 pour les meilleures pr\u00e9sentations \u00e9tudiantes"},"content":{"rendered":"<p>L\u2019ACP tient \u00e0 remercier et \u00e0 f\u00e9liciter tous ceux qui ont particip\u00e9 au Congr\u00e8s virtuel de l\u2019ACP 2021 et au concours de la meilleure pr\u00e9sentation \u00e9tudiante de cette ann\u00e9e. Ceux-ci comprennent les ~325 \u00e9tudiants comp\u00e9titeurs et les 81 membres du jury, ainsi que ceux qui ont assist\u00e9 aux pr\u00e9sentations et ont visit\u00e9 les affiches. Votre soutien et participation \u00e9taient essentiels au succ\u00e8s de l\u2019\u00e9v\u00e9nement.<\/p>\n<p>Comme toujours, cette ann\u00e9e a \u00e9t\u00e9 marqu\u00e9e par une s\u00e9rie d\u2019affiches et de pr\u00e9sentations orales fantastiques et tous les pr\u00e9sentateurs devraient \u00eatre fiers de leur travail et de leurs r\u00e9alisations !<\/p>\n<p>&nbsp;<\/p>\n<h2><strong><span style=\"font-size: 18pt;\">Les r\u00e9cipiendaires de 2021 des Prix nationaux de l\u2019ACP pour les meilleures pr\u00e9sentations \u00e9tudiantes<\/span><\/strong><\/h2>\n<p>&nbsp;<\/p>\n<p><em><strong><span style=\"font-size: 14pt;\">\u00a0Prix de l\u2019ACP pour les meilleures pr\u00e9sentations \u00e9tudiantes orales :<\/span><\/strong><\/em><\/p>\n<blockquote><p>Ces prix ont \u00e9t\u00e9 parrain\u00e9s par le Centre canadien de rayonnement synchrotron.<\/p><\/blockquote>\n<p><strong><img loading=\"lazy\" decoding=\"async\" class=\" wp-image-18337 alignleft\" src=\"https:\/\/cap.ca\/wp-content\/uploads\/2021\/06\/nikhil-300x263.png\" alt=\"\" width=\"155\" height=\"136\" srcset=\"https:\/\/cap.ca\/wp-content\/uploads\/2021\/06\/nikhil-300x263.png 300w, https:\/\/cap.ca\/wp-content\/uploads\/2021\/06\/nikhil.png 539w\" sizes=\"auto, (max-width: 155px) 100vw, 155px\" \/>1re PLACE<br \/>\nNikhil Kotibhaskar \/ University of Waterloo<\/strong><\/p>\n<p><i>Towards a large scale fully programable trapped<br \/>\nion quantum simulator<\/i><\/p>\n<p>&nbsp;<\/p>\n<p><strong><img loading=\"lazy\" decoding=\"async\" class=\" wp-image-18343 alignleft\" src=\"https:\/\/cap.ca\/wp-content\/uploads\/2021\/06\/pramodh-300x266.png\" alt=\"\" width=\"154\" height=\"137\" srcset=\"https:\/\/cap.ca\/wp-content\/uploads\/2021\/06\/pramodh-300x266.png 300w, https:\/\/cap.ca\/wp-content\/uploads\/2021\/06\/pramodh.png 535w\" sizes=\"auto, (max-width: 154px) 100vw, 154px\" \/>2e PLACE<\/strong><\/p>\n<p><strong>Pramodh Senarath Yapa \/ University of Alberta<\/strong><\/p>\n<p><i>Triangular Pair-Density-Wave in Confined Superfluid 3He<\/i><\/p>\n<p>&nbsp;<\/p>\n<p>&nbsp;<\/p>\n<p><strong><img loading=\"lazy\" decoding=\"async\" class=\" wp-image-18349 alignleft\" src=\"https:\/\/cap.ca\/wp-content\/uploads\/2021\/06\/max-300x224.png\" alt=\"\" width=\"151\" height=\"113\" srcset=\"https:\/\/cap.ca\/wp-content\/uploads\/2021\/06\/max-300x224.png 300w, https:\/\/cap.ca\/wp-content\/uploads\/2021\/06\/max.png 633w\" sizes=\"auto, (max-width: 151px) 100vw, 151px\" \/>3e PLACE<br \/>\nMax Yuan \/ University of Alberta<\/strong><\/p>\n<p><i>Towards the atomic scale readout of single acceptor<br \/>\nstates in p-doped Si<\/i><\/p>\n<p>&nbsp;<\/p>\n<p><strong><img loading=\"lazy\" decoding=\"async\" class=\" wp-image-18347 alignleft\" src=\"https:\/\/cap.ca\/wp-content\/uploads\/2021\/06\/naomi-300x223.png\" alt=\"\" width=\"154\" height=\"115\" srcset=\"https:\/\/cap.ca\/wp-content\/uploads\/2021\/06\/naomi-300x223.png 300w, https:\/\/cap.ca\/wp-content\/uploads\/2021\/06\/naomi.png 639w\" sizes=\"auto, (max-width: 154px) 100vw, 154px\" \/>MENTION HONORABLE<br \/>\nNaomi Bourbeau \/ Universit\u00e9 de Montr\u00e9al<\/strong><\/p>\n<p><i>Statistical analysis of pulsed spark discharges in<br \/>\ndielectric liquids<\/i><\/p>\n<p>&nbsp;<\/p>\n<img loading=\"lazy\" decoding=\"async\" class=\" wp-image-18345 alignleft\" src=\"https:\/\/cap.ca\/wp-content\/uploads\/2021\/06\/stukel-300x250.png\" alt=\"\" width=\"152\" height=\"127\" srcset=\"https:\/\/cap.ca\/wp-content\/uploads\/2021\/06\/stukel-300x250.png 300w, https:\/\/cap.ca\/wp-content\/uploads\/2021\/06\/stukel.png 568w\" sizes=\"auto, (max-width: 152px) 100vw, 152px\" \/>\n<p><strong>MENTION HONORABLE<br \/>\nMatthew Stukel \/ Queen&#8217;s University<\/strong><\/p>\n<p><i>KDK: Measuring the unique third forbidden electron capture decay of K-40 for backgrounds in rare-event searches<\/i><\/p>\n<p>&nbsp;<\/p>\n<p><strong><img loading=\"lazy\" decoding=\"async\" class=\" wp-image-18341 alignleft\" src=\"https:\/\/cap.ca\/wp-content\/uploads\/2021\/06\/marianne-300x300.png\" alt=\"\" width=\"154\" height=\"154\" srcset=\"https:\/\/cap.ca\/wp-content\/uploads\/2021\/06\/marianne-300x300.png 300w, https:\/\/cap.ca\/wp-content\/uploads\/2021\/06\/marianne-150x150.png 150w, https:\/\/cap.ca\/wp-content\/uploads\/2021\/06\/marianne-125x125.png 125w, https:\/\/cap.ca\/wp-content\/uploads\/2021\/06\/marianne.png 472w\" sizes=\"auto, (max-width: 154px) 100vw, 154px\" \/>MENTION HONORABLE<br \/>\nMarianna Moore \/ University of British Colombia<\/strong><\/p>\n<p><i>Using Underground Nuclear Accelerators in the<br \/>\nQuest for Dark Matter<\/i><\/p>\n<p>&nbsp;<\/p>\n<p>&nbsp;<\/p>\n<p><strong><img loading=\"lazy\" decoding=\"async\" class=\" wp-image-18339 alignleft\" src=\"https:\/\/cap.ca\/wp-content\/uploads\/2021\/06\/layale-300x261.png\" alt=\"\" width=\"156\" height=\"136\" srcset=\"https:\/\/cap.ca\/wp-content\/uploads\/2021\/06\/layale-300x261.png 300w, https:\/\/cap.ca\/wp-content\/uploads\/2021\/06\/layale.png 543w\" sizes=\"auto, (max-width: 156px) 100vw, 156px\" \/>MENTION HONORABLE<br \/>\nLayale Bazzi \/ University of Windsor<\/strong><\/p>\n<p><i>Mapping Magnetic Field Around Metal with Pure Phase Encoding Magnetic Resonance Imaging<\/i><\/p>\n<p>&nbsp;<\/p>\n<p>&nbsp;<\/p>\n<p><strong><img loading=\"lazy\" decoding=\"async\" class=\" wp-image-18335 alignleft\" src=\"https:\/\/cap.ca\/wp-content\/uploads\/2021\/06\/woodley-300x270.png\" alt=\"\" width=\"156\" height=\"140\" srcset=\"https:\/\/cap.ca\/wp-content\/uploads\/2021\/06\/woodley-300x270.png 300w, https:\/\/cap.ca\/wp-content\/uploads\/2021\/06\/woodley.png 527w\" sizes=\"auto, (max-width: 156px) 100vw, 156px\" \/><\/strong><strong>MENTION HONORABLE<br \/>\nWilliam Woodley \/ University of Alberta<\/strong><\/p>\n<p><i>A Modern High-Precision Calculation of Deep<br \/>\nUnderground Cosmic Ray Muons<\/i><\/p>\n<p>&nbsp;<\/p>\n<p>&nbsp;<\/p>\n<p><em><strong><span style=\"font-size: 14pt;\">Prix de l\u2019ACP pour les meilleures affiches \u00e9tudiantes :<\/span><\/strong><\/em><\/p>\n<blockquote><p>Ces prix ont \u00e9t\u00e9 parrain\u00e9s par l\u2019 Institute of Quantum Computing (IQC) de l\u2019Universit\u00e9 de Waterloo.<\/p><\/blockquote>\n<p><strong><img loading=\"lazy\" decoding=\"async\" class=\" wp-image-18353 alignleft\" src=\"https:\/\/cap.ca\/wp-content\/uploads\/2021\/06\/wen-300x277.png\" alt=\"\" width=\"154\" height=\"142\" srcset=\"https:\/\/cap.ca\/wp-content\/uploads\/2021\/06\/wen-300x277.png 300w, https:\/\/cap.ca\/wp-content\/uploads\/2021\/06\/wen.png 512w\" sizes=\"auto, (max-width: 154px) 100vw, 154px\" \/>1re PLACE<br \/>\nWen Yi Song \/ York University\u00a0<\/strong><\/p>\n<p><i>POS-J87 &#8212; Magnetic monopole production in heavy-ion ultraperipheral collisions at the LHC<\/i><\/p>\n<p>&nbsp;<\/p>\n<p>&nbsp;<\/p>\n<p><strong><img loading=\"lazy\" decoding=\"async\" class=\" wp-image-18361 alignleft\" src=\"https:\/\/cap.ca\/wp-content\/uploads\/2021\/06\/kaihim-296x300.png\" alt=\"\" width=\"147\" height=\"149\" srcset=\"https:\/\/cap.ca\/wp-content\/uploads\/2021\/06\/kaihim-296x300.png 296w, https:\/\/cap.ca\/wp-content\/uploads\/2021\/06\/kaihim.png 468w\" sizes=\"auto, (max-width: 147px) 100vw, 147px\" \/>2e PLACE<br \/>\nKaihim Wong \/ University of Winnipeg<\/strong><\/p>\n<p><i>POS-D27 &#8212; Moving toward faster measurements of micron-sized axon diameters in vivo<\/i><\/p>\n<p>&nbsp;<\/p>\n<p>&nbsp;<\/p>\n<p><strong><img loading=\"lazy\" decoding=\"async\" class=\" wp-image-18357 alignleft\" src=\"https:\/\/cap.ca\/wp-content\/uploads\/2021\/06\/stephen-300x262.png\" alt=\"\" width=\"149\" height=\"130\" srcset=\"https:\/\/cap.ca\/wp-content\/uploads\/2021\/06\/stephen-300x262.png 300w, https:\/\/cap.ca\/wp-content\/uploads\/2021\/06\/stephen.png 543w\" sizes=\"auto, (max-width: 149px) 100vw, 149px\" \/>3e PLACE<br \/>\nStephen Harrigan \/ University of Waterloo&#8217;s IQC<\/strong><\/p>\n<p><i>POS-F47 &#8212; Microwave resonators for global control of electron spins qubits<\/i><\/p>\n<p>&nbsp;<\/p>\n<p><strong><img loading=\"lazy\" decoding=\"async\" class=\" wp-image-18363 alignleft\" src=\"https:\/\/cap.ca\/wp-content\/uploads\/2021\/06\/joseph-300x288.png\" alt=\"\" width=\"143\" height=\"137\" srcset=\"https:\/\/cap.ca\/wp-content\/uploads\/2021\/06\/joseph-300x288.png 300w, https:\/\/cap.ca\/wp-content\/uploads\/2021\/06\/joseph.png 491w\" sizes=\"auto, (max-width: 143px) 100vw, 143px\" \/>MENTION HONORABLE<br \/>\nJoseph Lindon \/ University of Alberta\u00a0<\/strong><\/p>\n<p><i>POS-E30 &#8212; Quantum Gates in a Cold Atom System<\/i><\/p>\n<p>&nbsp;<\/p>\n<p>&nbsp;<\/p>\n<p><strong><img loading=\"lazy\" decoding=\"async\" class=\" wp-image-18359 alignleft\" src=\"https:\/\/cap.ca\/wp-content\/uploads\/2021\/06\/spender-271x300.png\" alt=\"\" width=\"146\" height=\"162\" srcset=\"https:\/\/cap.ca\/wp-content\/uploads\/2021\/06\/spender-271x300.png 271w, https:\/\/cap.ca\/wp-content\/uploads\/2021\/06\/spender.png 427w\" sizes=\"auto, (max-width: 146px) 100vw, 146px\" \/>MENTION HONORABLE<br \/>\nSpencer Sillaste \/ University of Waterloo<\/strong><\/p>\n<p><i>POS-H79 &#8212; Homonuclear diatomic molecule properties from an orbital-free-related density functional theory<\/i><\/p>\n<p>&nbsp;<\/p>\n<p>&nbsp;<\/p>\n<p><strong><img loading=\"lazy\" decoding=\"async\" class=\" wp-image-18355 alignleft\" src=\"https:\/\/cap.ca\/wp-content\/uploads\/2021\/06\/yasaman-280x300.png\" alt=\"\" width=\"150\" height=\"161\" srcset=\"https:\/\/cap.ca\/wp-content\/uploads\/2021\/06\/yasaman-280x300.png 280w, https:\/\/cap.ca\/wp-content\/uploads\/2021\/06\/yasaman.png 441w\" sizes=\"auto, (max-width: 150px) 100vw, 150px\" \/>MENTION HONORABLE<br \/>\nYasaman Yousefi Sigari \/ University of Saskatchewan<\/strong><\/p>\n<p><i>POS-C10 &#8212; Vertical phase space measurement at Canadian Light Source<\/i><\/p>\n<p>&nbsp;<\/p>\n<p>&nbsp;<\/p>\n<p>&nbsp;<\/p>\n<h2><strong>Prix des Divisions de l\u2019ACP\u00a0 pour les meilleures pr\u00e9sentations \u00e9tudiantes<\/strong><\/h2>\n<p>&nbsp;<\/p>\n<h4><strong>Physique atomique, mol\u00e9culaire et photonique, Canada (DPAMPC)<\/strong><\/h4>\n<p><em><strong>R\u00e9cipiendaires des affiches<\/strong><\/em><\/p>\n<p>1re PLACE<br \/>\nJoseph Lindon, University of Alberta<\/p>\n<p>2e PLACE<br \/>\nJacob Stephen, University of Windsor<\/p>\n<p>&nbsp;<\/p>\n<p><strong><em>R\u00e9cipiendaires pour les pr\u00e9sentations orales<\/em><\/strong><\/p>\n<p>1re PLACE<br \/>\nNikhil Kotibhaskar, Institute for Quantum Computing\/Univ. of Waterloo<\/p>\n<p>2e PLACE<br \/>\nTushar K Saha, Simon Fraser University<\/p>\n<p>3e PLACE<br \/>\nYi Hong Teoh, University of Waterloo<\/p>\n<p>&nbsp;<\/p>\n<h4><strong>Physique appliqu\u00e9e et de l\u2019instrumentation (DPAI)<\/strong><\/h4>\n<p>&nbsp;<\/p>\n<p><em><strong>R\u00e9cipiendaires pour les affiches<\/strong><\/em><\/p>\n<p>1re PLACE<br \/>\nYasaman Yousefi Sigari, University of Saskatchewan<\/p>\n<p>2e PLACE<br \/>\nPatrick Hunchak, University of Saskatchewan<\/p>\n<p>&nbsp;<\/p>\n<p><strong><em>R\u00e9cipiendaires pour les pr\u00e9sentations orales<\/em><\/strong><\/p>\n<p>1re PLACE<br \/>\nThomas Domingo, McMaster University<\/p>\n<p>2e PLACE (<span style=\"font-weight: 400;\">\u00e9galit\u00e9<\/span>)<br \/>\nGiacomo Gallina, TRIUMF\/Univ of British Columbia<\/p>\n<p>2e PLACE (<span style=\"font-weight: 400;\">\u00e9galit\u00e9<\/span>)<br \/>\nHicham Benmansour, Queen\u2019s University<\/p>\n<p>&nbsp;<\/p>\n<h4><strong>Les capteurs quantique et la m\u00e9trologie CNRC<\/strong><\/h4>\n<p>&nbsp;<\/p>\n<p><strong><em>R\u00e9cipiendaires pour les pr\u00e9sentations orales<\/em><\/strong><\/p>\n<p>1re PLACE<br \/>\nMax Yuan, University of Alberta<\/p>\n<p>2e PLACE<br \/>\nPrasoon Kumar Shandilya, University of Calgary<\/p>\n<p>3e PLACE<br \/>\nEdith Yeung, Universit\u00e9 d&#8217;Ottawa<\/p>\n<p>&nbsp;<\/p>\n<h4><strong>Physique de la mati\u00e8re condens\u00e9e et mat\u00e9riaux (compris le nord magn\u00e9tique)\u00a0 (DPMCM)<\/strong><\/h4>\n<p><strong><em>R\u00e9cipiendaires pour les affiches<\/em><\/strong><\/p>\n<p>1re PLACE<br \/>\nStephen Harrigan, Institute for Quantum Computing\/Univ. of Waterloo<\/p>\n<p>2e PLACE<br \/>\nAustin Lindquist, University of Toronto<\/p>\n<p>3e PLACE<br \/>\nClinton Potts, University of Alberta<\/p>\n<p>MENTION HONORABLE<br \/>\nMichael Dunsmore, Univ. of Alberta<\/p>\n<p>&nbsp;<\/p>\n<p><strong><em>R\u00e9cipiendaires pour les pr\u00e9sentations orales<\/em><\/strong><\/p>\n<p>1re PLACE<br \/>\nPramodh Senarath Yapa, Univ. of Alberta<\/p>\n<p>2e PLACE<br \/>\nDavid Purschke, University of Alberta<\/p>\n<p>3e PLACE<br \/>\nLaurent Molino, University of Ottawa<\/p>\n<p>&nbsp;<\/p>\n<h4><strong>Division pour l\u2019\u00e9galit\u00e9 des genres en physique (DEGP)<\/strong><\/h4>\n<p><strong><em>R\u00e9cipiendaires pour les affiches<\/em><\/strong><\/p>\n<p>1re PLACE<br \/>\nWen-Yi Song, York University<\/p>\n<p>&nbsp;<\/p>\n<h4><strong>Physique nucl\u00e9aire (DPN)<\/strong><\/h4>\n<p><strong><em>R\u00e9cipiendaires pour les pr\u00e9sentations orales<\/em><\/strong><\/p>\n<p>1re PLACE<br \/>\nMatthew Stukel, Queen&#8217;s University<\/p>\n<p>2e PLACE<br \/>\nWolfgang Klassen, University of British Columbia<\/p>\n<p>3e PLACE<br \/>\nWilliam Porter, TRIUMF\/University of British Columbia<\/p>\n<p>&nbsp;<\/p>\n<h4><strong>Physique en m\u00e9decine et biologie\u00a0(DPMB)<\/strong><\/h4>\n<p><strong><em>R\u00e9cipiendaires pour les affiches<\/em><\/strong><\/p>\n<p>1re PLACE<br \/>\nKaihim Wong, University of Winnipeg<\/p>\n<p>2e PLACE<br \/>\nEmma Blanchette, University of Windsor<\/p>\n<p>&nbsp;<\/p>\n<p><strong><em>R\u00e9cipiendaires pour les pr\u00e9sentations orales<\/em><\/strong><\/p>\n<p>1re PLACE<br \/>\nLayale Bazzi, University of Windsor<\/p>\n<p>2e PLACE<br \/>\nXingyuan (Kate) Zou, McMaster University<\/p>\n<p>3e PLACE<br \/>\nKyle Bromma, University of Victoria<\/p>\n<p>&nbsp;<\/p>\n<h4><strong>Division de la physique th\u00e9orique (DPT)<\/strong><\/h4>\n<p><strong><em>R\u00e9cipiendaires pour les affiches<\/em><\/strong><\/p>\n<p>1re PLACE<br \/>\nSpencer Sillaste, University of Waterloo<\/p>\n<p>&nbsp;<\/p>\n<p><strong><em>R\u00e9cipiendaires pour les pr\u00e9sentations orales<\/em><\/strong><\/p>\n<p>1re PLACE<br \/>\nMarianne Moore, University of British Columbia<\/p>\n<p>2e PLACE (<span style=\"font-weight: 400;\">\u00e9galit\u00e9<\/span>)<br \/>\nGeorgios Palkanoglou, University of Guelph<\/p>\n<p>2e PLACE (<span style=\"font-weight: 400;\">\u00e9galit\u00e9<\/span>)<br \/>\nSimran Nerval, Queen&#8217;s University<\/p>\n<p>MENTION HONORABLE<br \/>\nMaria DiMarco, University of Waterloo<\/p>\n<p>&nbsp;<\/p>\n<h4><strong>Physique des particules (PPD)<\/strong><\/h4>\n<p><strong><em>R\u00e9cipiendaires pour les affiches<\/em><\/strong><\/p>\n<p>1re PLACE<br \/>\nDanika MacDonell, Univ. of Victoria<\/p>\n<p>2e PLACE<br \/>\nWen-Yi Song, York University<\/p>\n<p>3e PLACE (<span style=\"font-weight: 400;\">\u00e9galit\u00e9<\/span>)<br \/>\nMelissa Baiocchi, SNOLAB<\/p>\n<p>3e PLACE (<span style=\"font-weight: 400;\">\u00e9galit\u00e9<\/span>)<br \/>\nFreyja Wang, University of Alberta<\/p>\n<p>&nbsp;<\/p>\n<p><strong><em>R\u00e9cipiendaires pour les pr\u00e9sentations orales<\/em><\/strong><\/p>\n<p>1re PLACE<br \/>\nWilliam Woodley, Univ. of Alberta<\/p>\n<p>2e PLACE<br \/>\nJakub Stacho, Simon Fraser University<\/p>\n<p>3e PLACE<br \/>\nRichard Germond, Queen&#8217;s University\/TRIUMF<\/p>\n<p>&nbsp;<\/p>\n<h4><strong>Physique des plasmas (DPP), Enseignement de la physique (DEP), Sciences des surfaces (DSS)<\/strong><\/h4>\n<p><strong><em>R\u00e9cipiendaires pour les pr\u00e9sentations orales<\/em><\/strong><\/p>\n<p>1re PLACE<br \/>\nNaomi Bourbeau, University of Montreal<\/p>\n<p>2e PLACE<br \/>\nJoel Moreno, University of Saskatchewan<\/p>\n<p>3e PLACE<br \/>\nMatheus Adam, University of Western Ontario<\/p>\n<p>&nbsp;<\/p>\n<p><strong><em>DPP<\/em><\/strong> <strong><em>R\u00e9cipiendaires pour les pr\u00e9sentations orales<\/em><\/strong><\/p>\n<p>MENTION HONORABLE<br \/>\nHeba Bsharat, University of Saskatchewan<\/p>\n<p>&nbsp;<\/p>\n<p><strong><em>DEP R\u00e9cipiendaires pour les pr\u00e9sentations orales<\/em><\/strong><\/p>\n<p>MENTION HONORABLE<br \/>\nSamantha Clark, Concordia University<\/p>\n<p>&nbsp;<\/p>\n<p><em><strong>DEP<\/strong> <strong>R\u00e9cipiendaires pour les affiches<\/strong><\/em><\/p>\n<p>MENTION HONORABLE<br \/>\nDaniel Dobrowolski, McMaster University<\/p>\n<p>&nbsp;<\/p>\n<p>&nbsp;<\/p>\n","protected":false},"excerpt":{"rendered":"<p>L\u2019ACP tient \u00e0 remercier et \u00e0 f\u00e9liciter tous ceux qui ont particip\u00e9 au Congr\u00e8s virtuel de l\u2019ACP 2021 et au concours de la meilleure pr\u00e9sentation \u00e9tudiante de cette ann\u00e9e. Ceux-ci comprennent les ~325 \u00e9tudiants comp\u00e9titeurs et les 81 membres du jury, ainsi que ceux qui ont assist\u00e9 aux pr\u00e9sentations et ont visit\u00e9 les affiches. Votre&#8230;  <a class=\"excerpt-read-more\" href=\"https:\/\/cap.ca\/fr\/congres-de-lacp\/congres-anterieurs\/congres-virtuel-de-lacp-2021-6-11-juin\/le-concours-du-meilleur-etudiante\/2021-award-recipients\/\" title=\"LireLes laur\u00e9ats de 2021 pour les meilleures pr\u00e9sentations \u00e9tudiantes\">Lire la suite &raquo;<\/a><\/p>\n","protected":false},"author":12,"featured_media":0,"parent":17468,"menu_order":7,"comment_status":"closed","ping_status":"closed","template":"","meta":{"footnotes":""},"class_list":["post-18368","page","type-page","status-publish","hentry"],"_links":{"self":[{"href":"https:\/\/cap.ca\/fr\/wp-json\/wp\/v2\/pages\/18368","targetHints":{"allow":["GET"]}}],"collection":[{"href":"https:\/\/cap.ca\/fr\/wp-json\/wp\/v2\/pages"}],"about":[{"href":"https:\/\/cap.ca\/fr\/wp-json\/wp\/v2\/types\/page"}],"author":[{"embeddable":true,"href":"https:\/\/cap.ca\/fr\/wp-json\/wp\/v2\/users\/12"}],"replies":[{"embeddable":true,"href":"https:\/\/cap.ca\/fr\/wp-json\/wp\/v2\/comments?post=18368"}],"version-history":[{"count":12,"href":"https:\/\/cap.ca\/fr\/wp-json\/wp\/v2\/pages\/18368\/revisions"}],"predecessor-version":[{"id":18630,"href":"https:\/\/cap.ca\/fr\/wp-json\/wp\/v2\/pages\/18368\/revisions\/18630"}],"up":[{"embeddable":true,"href":"https:\/\/cap.ca\/fr\/wp-json\/wp\/v2\/pages\/17468"}],"wp:attachment":[{"href":"https:\/\/cap.ca\/fr\/wp-json\/wp\/v2\/media?parent=18368"}],"curies":[{"name":"wp","href":"https:\/\/api.w.org\/{rel}","templated":true}]}}