{"id":18175,"date":"2021-05-06T13:43:47","date_gmt":"2021-05-06T17:43:47","guid":{"rendered":"https:\/\/cap.ca\/?page_id=18175"},"modified":"2022-05-28T11:53:57","modified_gmt":"2022-05-28T15:53:57","slug":"symposium-du-secteur-prive","status":"publish","type":"page","link":"https:\/\/cap.ca\/fr\/congres-de-lacp\/congres-anterieurs\/congres-virtuel-de-lacp-2021-6-11-juin\/journee-du-symposium-8-juin-2021\/symposium-du-secteur-prive\/","title":{"rendered":"Symposium du secteur priv\u00e9"},"content":{"rendered":"<div class=\"gmail_quote\">\n<div class=\"gmail_quote\">\n<div dir=\"ltr\">\n<h1><span style=\"font-size: 18pt;\">Symposium du secteur priv\u00e9<\/span><\/h1>\n<\/div>\n<\/div>\n<\/div>\n<div class=\"gmail_quote\">\n<div class=\"gmail_quote\">\n<div dir=\"ltr\">\n<p><strong>Organizers:<\/strong><\/p>\n<ul class=\"content-list\">\n<li>Dr. Daniel Cluff, CAP\u00a0Director of Professional Affairs<\/li>\n<li>Dr. Ian D&#8217;Souza, CAP\u00a0Director, Private Sector Physics<\/li>\n<li>Mr. Steffon Luoma,\u00a0Chair, CAP Division of Applied Physics and Instrumentation<\/li>\n<\/ul>\n<p><strong>What the Symposium will look like:\u00a0<\/strong><\/p>\n<ul class=\"content-list\">\n<li><strong>Presentations<\/strong> by invited speakers from the private sector will provide an insight into the careers of physicists working outside academia.<\/li>\n<li><strong>A panel discussion,<\/strong> comprised of private sector physicists and panelists with a specialization in career pathways, follows the lectures.<\/li>\n<li>The session is concluded with a vibrant <strong>question, answer and discussion session<\/strong> that has been found to be both informative and enlightening in past symposia.<\/li>\n<\/ul>\n<p>Young physicists, or those interested in a possible career change, are encouraged to attend this interactive symposium.\u00a0 <a href=\"https:\/\/indico.cern.ch\/event\/985448\/sessions\/388950\/#20210608\" target=\"_blank\" rel=\"noopener noreferrer\">Click here for the current symposium schedule.<\/a><\/p>\n<\/div>\n<\/div>\n<\/div>\n<h3><\/h3>\n<h3>Plenary Speaker Feature:<\/h3>\n<h3><em style=\"color: #444444; font-family: 'Droid Serif', 'Helvetica Neue', Helvetica, Arial, sans-serif; font-size: 16px;\"><strong><br \/>\n<img loading=\"lazy\" decoding=\"async\" class=\" wp-image-18152 alignleft\" src=\"https:\/\/cap.ca\/wp-content\/uploads\/2021\/05\/Crystal-Bailey-247x300.png\" alt=\"\" width=\"123\" height=\"150\" srcset=\"https:\/\/cap.ca\/wp-content\/uploads\/2021\/05\/Crystal-Bailey-247x300.png 247w, https:\/\/cap.ca\/wp-content\/uploads\/2021\/05\/Crystal-Bailey.png 343w\" sizes=\"auto, (max-width: 123px) 100vw, 123px\" \/><\/strong><\/em><\/h3>\n<h3><span style=\"font-size: 14pt; color: #333333;\">Crystal Bailey | American Physical Society<\/span><\/h3>\n<p><a href=\"https:\/\/cap.ca\/wp-content\/uploads\/2021\/05\/Speaker-Bios-Crystal-Bailey.pdf\">View speaker bio here.<\/a><\/p>\n<p><strong>Title:<\/strong> &#8220;<em style=\"color: #444444; font-family: 'Droid Serif', 'Helvetica Neue', Helvetica, Arial, sans-serif; font-size: 16px;\">Breaking the Myth of the &#8220;Non Traditional Physicist&#8221;: The Real Story About Employment for Physics Graduates&#8221;<\/em><\/p>\n<p>&nbsp;<\/p>\n<p><strong>Abstract: <\/strong><\/p>\n<p>Physics degree holders are among the most employable in the world, often doing everything from managing a research lab at a multi-million dollar corporation, to developing solutions to global problems in their own small startups. Science and Technology employers know that with a physics training, a potential hire has acquired a broad problem-solving skill set that translates to almost any environment, as well as an ability to be self-guided and -motivated so that they can teach themselves whatever is needed to be successful at achieving their goals. Therefore it&#8217;s no surprise that the majority of physics graduates find employment in private&#8211;sector, industrial settings. At the same time, about 25% of graduating PhDs will take a permanent faculty position&#8211;yet academic careers are usually the only track to which students are exposed while earning their degrees.<\/p>\n<div class=\"gmail_quote\">\n<p>In this talk, I will explore less-familiar (but more common!) career paths for physics graduates, and will provide information on resources to boost your career planning and job hunting skills.<\/p>\n<\/div>\n<p>&nbsp;<\/p>\n<h3><span style=\"font-size: 14pt; color: #333333;\">Laura-Isabelle Dion-Bertrand | Photons etc.<\/span><\/h3>\n<p><strong>Title:<\/strong> Career Opportunities in Physics &#8211; What to do Next? (sous-titrage\/questions en fran\u00e7ais disponibles)<\/p>\n<p><strong>Abstract<\/strong><\/p>\n<p>This talk will go over the different skills that physicists will acquire during their undergraduate and graduate studies. An overview of the different career paths will be given as well as tricks to network. Finally, we will discuss salaries and preparation for interviews.<\/p>\n<p>&#8220;Opportunit\u00e9s de carri\u00e8re en physique &#8211; Quel chemin prendre?&#8221; Cette conf\u00e9rence passera en revue les diff\u00e9rentes comp\u00e9tences que les physiciens acquerront au cours de leurs baccalaur\u00e9at, maitrise et doctorat. Un aper\u00e7u de diff\u00e9rentes carri\u00e8res possible sera donn\u00e9 ainsi que des astuces pour r\u00e9seauter. Enfin, nous discuterons de la pr\u00e9paration de l&#8217;entrevue et des salaires.<\/p>\n<p>&nbsp;<\/p>\n<h3>Session Schedule:<\/h3>\n<p><strong>11:00 &#8211; 12:00:<br \/>\n<\/strong>Crystal Bailey &#8211;\u00a0&#8220;Breaking the Myth of the &#8220;Non-Traditional Physicist&#8221;: The Real Story about Employment for Physics Graduates&#8221;<\/p>\n<p><strong>12:00 &#8211; 12:30<br \/>\n<\/strong>Melissa Valdez &#8211; &#8220;Artificial Intelligence for Customer Care&#8221;<\/p>\n<p><strong>12:30 \u2013 13:00<br \/>\n<\/strong>Chad Bryant &#8211; &#8220;Perspectives on Applied AI and Machine Learning&#8221;<\/p>\n<p><strong>13:00 &#8211; 13:30<br \/>\n<\/strong>Daniel Cluff &#8211; &#8220;Cryogenics in Mining, Deep Mine Cooling By Converting The Heat To Electricity&#8221;<\/p>\n<p><strong>13:30 \u2013 14:00<br \/>\n<\/strong>Ren\u00e9 Stock &#8211; &#8220;From Physics to Finance and Risk Management in Times of a Pandemic&#8221;<\/p>\n<p><strong>14:00 &#8211; 14:30<br \/>\n<\/strong>Denis Dufour &#8211; &#8220;The winding road from a degree in physics to the development of leading-edge optical sensors&#8221;<\/p>\n<p><strong>14:30 \u2013 15:00<br \/>\n<\/strong>Al Scott &#8211; &#8220;Using a Physics Education to Communicate Science to Society&#8221;<\/p>\n<p><strong>15:00 &#8211; 15:30<br \/>\n<\/strong>Laura-Isabelle Dion-Bertrand &#8211; &#8220;Career Opportunities in Physics &#8211; What to do Next?&#8221;<\/p>\n<p><em>(sous-titrage\/questions en fran\u00e7ais disponibles)<\/em><\/p>\n<p><strong>15:30 \u2013 17:00<br \/>\n<\/strong>Panel Discussion<\/p>\n","protected":false},"excerpt":{"rendered":"<p>Symposium du secteur priv\u00e9 Organizers: Dr. Daniel Cluff, CAP\u00a0Director of Professional Affairs Dr. Ian D&#8217;Souza, CAP\u00a0Director, Private Sector Physics Mr. Steffon Luoma,\u00a0Chair, CAP Division of Applied Physics and Instrumentation What the Symposium will look like:\u00a0 Presentations by invited speakers from the private sector will provide an insight into the careers of physicists working outside academia&#8230;.  <a class=\"excerpt-read-more\" href=\"https:\/\/cap.ca\/fr\/congres-de-lacp\/congres-anterieurs\/congres-virtuel-de-lacp-2021-6-11-juin\/journee-du-symposium-8-juin-2021\/symposium-du-secteur-prive\/\" title=\"LireSymposium du secteur priv\u00e9\">Lire la suite &raquo;<\/a><\/p>\n","protected":false},"author":12,"featured_media":0,"parent":17522,"menu_order":7,"comment_status":"closed","ping_status":"closed","template":"","meta":{"footnotes":""},"class_list":["post-18175","page","type-page","status-publish","hentry"],"_links":{"self":[{"href":"https:\/\/cap.ca\/fr\/wp-json\/wp\/v2\/pages\/18175","targetHints":{"allow":["GET"]}}],"collection":[{"href":"https:\/\/cap.ca\/fr\/wp-json\/wp\/v2\/pages"}],"about":[{"href":"https:\/\/cap.ca\/fr\/wp-json\/wp\/v2\/types\/page"}],"author":[{"embeddable":true,"href":"https:\/\/cap.ca\/fr\/wp-json\/wp\/v2\/users\/12"}],"replies":[{"embeddable":true,"href":"https:\/\/cap.ca\/fr\/wp-json\/wp\/v2\/comments?post=18175"}],"version-history":[{"count":2,"href":"https:\/\/cap.ca\/fr\/wp-json\/wp\/v2\/pages\/18175\/revisions"}],"predecessor-version":[{"id":20894,"href":"https:\/\/cap.ca\/fr\/wp-json\/wp\/v2\/pages\/18175\/revisions\/20894"}],"up":[{"embeddable":true,"href":"https:\/\/cap.ca\/fr\/wp-json\/wp\/v2\/pages\/17522"}],"wp:attachment":[{"href":"https:\/\/cap.ca\/fr\/wp-json\/wp\/v2\/media?parent=18175"}],"curies":[{"name":"wp","href":"https:\/\/api.w.org\/{rel}","templated":true}]}}