{"id":18075,"date":"2021-05-01T15:56:27","date_gmt":"2021-05-01T19:56:27","guid":{"rendered":"https:\/\/cap.ca\/?page_id=18075"},"modified":"2021-05-25T13:25:40","modified_gmt":"2021-05-25T17:25:40","slug":"conditions-et-remboursement-2021","status":"publish","type":"page","link":"https:\/\/cap.ca\/fr\/congres-de-lacp\/congres-anterieurs\/congres-virtuel-de-lacp-2021-6-11-juin\/frais-dinscription-2021\/conditions-et-remboursement-2021\/","title":{"rendered":"Conditions g\u00e9n\u00e9rales et politique de remboursement &#8211; Congr\u00e8s virtuel de l&#8217;ACP 2021"},"content":{"rendered":"<p>Les conditions suivantes sont applicables au congr\u00e8s virtuel de l&#8217;ACP 2021.<\/p>\n<ul class=\"content-list\">\n<li>Les inscriptions doivent \u00eatre soumises par le biais du syst\u00e8me d&#8217;inscription en ligne du Congr\u00e8s de l&#8217;ACP.<\/li>\n<li>Les frais sont calcul\u00e9s en fonction de la date d&#8217;inscription, du fait que la personne inscrite soit membre ou non, et du type d&#8217;inscription (par exemple, conf\u00e9rencier invit\u00e9, \u00e9tudiant dipl\u00f4m\u00e9, etc.)<\/li>\n<li>Les modes de paiement accept\u00e9s sont : ch\u00e8que, Visa, Mastercard et American Express. Les paiements par ch\u00e8que sont soumis aux conditions indiqu\u00e9es ci-dessous.<\/li>\n<li>L&#8217;inscription \u00e0 un \u00e9v\u00e9nement sp\u00e9cial vous assure une place \u00e0 l&#8217;\u00e9v\u00e9nement, sous r\u00e9serve de surr\u00e9servation.<\/li>\n<li>Les d\u00e9l\u00e9gu\u00e9s qui s&#8217;inscrivent avant le 25 mai b\u00e9n\u00e9ficieront du tarif d&#8217;inscription anticip\u00e9e.\u00a0 Ils recevront \u00e9galement les informations de connexion pour le syst\u00e8me de soulignement du congr\u00e8s virtuel CAP 2021 d\u00e8s que le site web sera mis en ligne le 31 mai, ce qui leur donnera un acc\u00e8s maximal au programme en ligne, aux conf\u00e9rences pr\u00e9enregistr\u00e9es et aux fichiers pdf des affiches.<\/li>\n<li>Les inscriptions ne seront pas entr\u00e9es dans le syst\u00e8me et consid\u00e9r\u00e9es comme valides tant que le paiement int\u00e9gral n&#8217;aura pas \u00e9t\u00e9 re\u00e7u par le bureau de l&#8217;ACP. Tous les paiements, y compris les paiements par ch\u00e8que, doivent \u00eatre re\u00e7us par le bureau de l&#8217;ACP avant le 25 mai pour pouvoir b\u00e9n\u00e9ficier du tarif d&#8217;inscription anticip\u00e9e.<\/li>\n<\/ul>\n<p><strong>Politique de remboursement<\/strong><\/p>\n<p>Tout d\u00e9l\u00e9gu\u00e9 qui soumet une <strong>annulation d&#8217;inscription<\/strong> par courriel \u00e0 <a href=\"mailto:programs@cap.ca\">programs@cap.ca<\/a>, avec une copie \u00e0 <a href=\"mailto:membership@cap.ca\">membership@cap.ca<\/a>, <strong>au plus tard le 25 mai<\/strong> recevra un remboursement complet des frais.\u00a0 NOTE : Nous vous recommandons de renvoyer votre avis original (comme preuve de la date de soumission) si vous ne recevez pas de confirmation de r\u00e9ception dans les 48 heures suivant l&#8217;envoi de l&#8217;e-mail d&#8217;annulation.<\/p>\n<p>Aucun remboursement n&#8217;est possible apr\u00e8s le 25 mai, mais une substitution par la m\u00eame organisation est possible \u00e0 tout moment avant le <strong>4 juin<\/strong> sans frais.<\/p>\n<p>Les remboursements seront effectu\u00e9s en appliquant un remboursement sur la carte de cr\u00e9dit utilis\u00e9e pour l&#8217;inscription, ou par ch\u00e8que si le paiement n&#8217;a pas \u00e9t\u00e9 effectu\u00e9 par carte de cr\u00e9dit. Aucun remboursement ne sera accord\u00e9 aux personnes inscrites qui ne remplissent pas les conditions \u00e9nonc\u00e9es ci-dessus.<\/p>\n<p>Des questions ?\u00a0 \u00a0Contactez <a href=\"mailto:programs@cap.ca\">programs@cap.ca<\/a>.<\/p>\n","protected":false},"excerpt":{"rendered":"<p>Les conditions suivantes sont applicables au congr\u00e8s virtuel de l&#8217;ACP 2021. Les inscriptions doivent \u00eatre soumises par le biais du syst\u00e8me d&#8217;inscription en ligne du Congr\u00e8s de l&#8217;ACP. Les frais sont calcul\u00e9s en fonction de la date d&#8217;inscription, du fait que la personne inscrite soit membre ou non, et du type d&#8217;inscription (par exemple, conf\u00e9rencier&#8230;  <a class=\"excerpt-read-more\" href=\"https:\/\/cap.ca\/fr\/congres-de-lacp\/congres-anterieurs\/congres-virtuel-de-lacp-2021-6-11-juin\/frais-dinscription-2021\/conditions-et-remboursement-2021\/\" title=\"LireConditions g\u00e9n\u00e9rales et politique de remboursement &#8211; Congr\u00e8s virtuel de l&#8217;ACP 2021\">Lire la suite &raquo;<\/a><\/p>\n","protected":false},"author":7,"featured_media":0,"parent":17207,"menu_order":7,"comment_status":"closed","ping_status":"closed","template":"","meta":{"footnotes":""},"class_list":["post-18075","page","type-page","status-publish","hentry"],"_links":{"self":[{"href":"https:\/\/cap.ca\/fr\/wp-json\/wp\/v2\/pages\/18075","targetHints":{"allow":["GET"]}}],"collection":[{"href":"https:\/\/cap.ca\/fr\/wp-json\/wp\/v2\/pages"}],"about":[{"href":"https:\/\/cap.ca\/fr\/wp-json\/wp\/v2\/types\/page"}],"author":[{"embeddable":true,"href":"https:\/\/cap.ca\/fr\/wp-json\/wp\/v2\/users\/7"}],"replies":[{"embeddable":true,"href":"https:\/\/cap.ca\/fr\/wp-json\/wp\/v2\/comments?post=18075"}],"version-history":[{"count":3,"href":"https:\/\/cap.ca\/fr\/wp-json\/wp\/v2\/pages\/18075\/revisions"}],"predecessor-version":[{"id":18226,"href":"https:\/\/cap.ca\/fr\/wp-json\/wp\/v2\/pages\/18075\/revisions\/18226"}],"up":[{"embeddable":true,"href":"https:\/\/cap.ca\/fr\/wp-json\/wp\/v2\/pages\/17207"}],"wp:attachment":[{"href":"https:\/\/cap.ca\/fr\/wp-json\/wp\/v2\/media?parent=18075"}],"curies":[{"name":"wp","href":"https:\/\/api.w.org\/{rel}","templated":true}]}}