{"id":18040,"date":"2021-04-28T15:09:47","date_gmt":"2021-04-28T19:09:47","guid":{"rendered":"https:\/\/cap.ca\/?page_id=18040"},"modified":"2021-04-28T15:15:35","modified_gmt":"2021-04-28T19:15:35","slug":"liste-dadresses","status":"publish","type":"page","link":"https:\/\/cap.ca\/fr\/politique-scientifique\/community-action-laurentian\/liste-dadresses\/","title":{"rendered":"Liste d&#8217;adresses &#8211; la d\u00e9claration concernant l&#8217;Universit\u00e9 Laurentienne"},"content":{"rendered":"<p>(la version fran\u00e7aise suivra sous peu)<\/p>\n<p><strong>FEDERAL<\/strong><\/p>\n<p>The Right Honourable <strong>Justin Trudeau<\/strong>, P.C., M.P.<br \/>\nPrime Minister of Canada<br \/>\n<a href=\"mailto:pm@pm.gc.ca\">pm@pm.gc.ca<\/a>, <a href=\"mailto:justin.trudeau@parl.gc.ca\">justin.trudeau@parl.gc.ca<\/a><\/p>\n<p>The Honourable <strong>Chrystia Freeland<\/strong>, P.C., M.P.<br \/>\nMinister of Finance<br \/>\nHouse of Commons, Ottawa<br \/>\n<a href=\"mailto:Chrystia.Freeland@parl.gc.ca\">Chrystia.Freeland@parl.gc.ca<\/a><\/p>\n<p>The Honourable <strong>Francois-Philippe Champagne<\/strong>, P.C., M.P.<br \/>\nMinister of Innovation, Science and Industry<br \/>\nHouse of Commons, Ottawa<br \/>\n<a href=\"mailto:ISI.minister-ministre.ISI@canada.ca\">ISI.minister-ministre.ISI@canada.ca<\/a>,<br \/>\n<a href=\"mailto:Francois-Philippe.Champagne@parl.gc.ca\">Francois-Philippe.Champagne@parl.gc.ca<\/a><\/p>\n<p>The Honourable <strong>Melanie Joly<\/strong>, P.C., M.P.<br \/>\nMinister of Economic Development and Official Languages<br \/>\nHouse of Commons, Ottawa<br \/>\n<a href=\"mailto:ED.minister-ministre.DE@canada.ca\">ED.minister-ministre.DE@canada.ca<\/a><br \/>\n<a href=\"mailto:melanie.joly@parl.gc.ca\">melanie.joly@parl.gc.ca<\/a><\/p>\n<p>The Honourable <strong>Kirsty Duncan<\/strong>, P.C., M.P.<br \/>\nDeputy House Leader of the Government<br \/>\nHouse of Commons, Ottawa<br \/>\n<a href=\"mailto:kirsty.duncan@parl.gc.ca\">kirsty.duncan@parl.gc.ca<\/a><\/p>\n<p>Mr. <strong>Terry Sheehan<\/strong>, P.C., M.P.<br \/>\nParliamentary Secreatry to the Minister of<br \/>\nEconomic Development and Official Languages (FedNor)<br \/>\nHouse of Commons, Ottawa<br \/>\n<a href=\"mailto:terry.sheehan@parl.gc.ca\">terry.sheehan@parl.gc.ca<\/a><\/p>\n<p>Mr. <strong>Marc Serre<\/strong>, M.P.<br \/>\nNickel Belt<br \/>\nHouse of Commons,<br \/>\nOttawa<br \/>\n<a href=\"mailto:Marc.Serre@parl.gc.ca\">Marc.Serre@parl.gc.ca<\/a><\/p>\n<p>Mr. <strong>Paul Lefebvre<\/strong>, M.P.<br \/>\nSudbury<br \/>\nHouse of Commons,<br \/>\nOttawa<br \/>\n<a href=\"mailto:Paul.Lefebvre@parl.gc.ca\">Paul.Lefebvre@parl.gc.ca<\/a><\/p>\n<p><strong>ONTARIO<\/strong><\/p>\n<p>The Honourable <strong>Douglas Ford<\/strong>, M.P.P.<br \/>\nPremier of Ontario<br \/>\n<a href=\"mailto:premier@ontario.ca\">premier@ontario.ca<\/a><\/p>\n<p>The Honorable <strong>Peter Bethlenfalvy<\/strong>, M.P.P.,<br \/>\nMinister of Finance and President of the Treasury Board<br \/>\nQueen&#8217;s Park, Toronto<br \/>\n<a href=\"mailto:peter.bethlenfalvy@pc.ola.org\">peter.bethlenfalvy@pc.ola.org<\/a><br \/>\n<a href=\"mailto:Minister.fin@ontario.ca\">Minister.fin@ontario.ca<\/a><\/p>\n<p>The Honorable <strong>Ross Romano<\/strong>, M.P.P.,<br \/>\nMinister of Colleges and Universities<br \/>\nQueen&#8217;s Park<br \/>\n<a href=\"mailto:ross.romanoco@pc.ola.org\">ross.romanoco@pc.ola.org<\/a><\/p>\n<p>Mr. <strong>Jamie West<\/strong>, M.P.P.<br \/>\nQueen&#8217;s Park, Toronto,<br \/>\n<a href=\"mailto:JWest-QP@ndp.on.ca\">JWest-QP@ndp.on.ca<\/a><\/p>\n<p>Ms. <strong>France Gelinas<\/strong>, M.P.P.<br \/>\nQueen&#8217;s Park, Toronto,<br \/>\n<a href=\"mailto:fgelinas-qp@ndp.on.ca\">fgelinas-qp@ndp.on.ca<\/a><\/p>\n<p><strong>SUDBURY<\/strong><\/p>\n<p>His Worship Brian Bigger,<br \/>\nMayor of Greater Sudbury<br \/>\n<a href=\"mailto:mayor@greatersudbury.ca\">mayor@greatersudbury.ca<\/a><\/p>\n<p><strong>LAURENTIAN UNIVERSITY<\/strong><\/p>\n<p>Robert Hache<br \/>\nPresident and Vice-Chancellor<br \/>\nLaurentian University<br \/>\n<a href=\"mailto:president@laurentian.ca\">president@laurentian.ca<\/a><\/p>\n<p>Dr. Dean Millar<br \/>\nDean of Science<br \/>\nLaurentian University<br \/>\n<a href=\"mailto:DMillar@laurentian.ca\">DMillar@laurentian.ca<\/a><\/p>\n<p>Tammy Eger<br \/>\nVP Research<br \/>\nLaurentian University<br \/>\n<a href=\"mailto:TEger@laurentian.ca\">TEger@laurentian.ca<\/a><\/p>\n","protected":false},"excerpt":{"rendered":"<p>(la version fran\u00e7aise suivra sous peu) FEDERAL The Right Honourable Justin Trudeau, P.C., M.P. Prime Minister of Canada pm@pm.gc.ca, justin.trudeau@parl.gc.ca The Honourable Chrystia Freeland, P.C., M.P. Minister of Finance House of Commons, Ottawa Chrystia.Freeland@parl.gc.ca The Honourable Francois-Philippe Champagne, P.C., M.P. Minister of Innovation, Science and Industry House of Commons, Ottawa ISI.minister-ministre.ISI@canada.ca, Francois-Philippe.Champagne@parl.gc.ca The Honourable Melanie&#8230;  <a class=\"excerpt-read-more\" href=\"https:\/\/cap.ca\/fr\/politique-scientifique\/community-action-laurentian\/liste-dadresses\/\" title=\"LireListe d&#8217;adresses &#8211; la d\u00e9claration concernant l&#8217;Universit\u00e9 Laurentienne\">Lire la suite &raquo;<\/a><\/p>\n","protected":false},"author":7,"featured_media":0,"parent":18007,"menu_order":7,"comment_status":"closed","ping_status":"closed","template":"","meta":{"footnotes":""},"class_list":["post-18040","page","type-page","status-publish","hentry"],"_links":{"self":[{"href":"https:\/\/cap.ca\/fr\/wp-json\/wp\/v2\/pages\/18040","targetHints":{"allow":["GET"]}}],"collection":[{"href":"https:\/\/cap.ca\/fr\/wp-json\/wp\/v2\/pages"}],"about":[{"href":"https:\/\/cap.ca\/fr\/wp-json\/wp\/v2\/types\/page"}],"author":[{"embeddable":true,"href":"https:\/\/cap.ca\/fr\/wp-json\/wp\/v2\/users\/7"}],"replies":[{"embeddable":true,"href":"https:\/\/cap.ca\/fr\/wp-json\/wp\/v2\/comments?post=18040"}],"version-history":[{"count":4,"href":"https:\/\/cap.ca\/fr\/wp-json\/wp\/v2\/pages\/18040\/revisions"}],"predecessor-version":[{"id":18044,"href":"https:\/\/cap.ca\/fr\/wp-json\/wp\/v2\/pages\/18040\/revisions\/18044"}],"up":[{"embeddable":true,"href":"https:\/\/cap.ca\/fr\/wp-json\/wp\/v2\/pages\/18007"}],"wp:attachment":[{"href":"https:\/\/cap.ca\/fr\/wp-json\/wp\/v2\/media?parent=18040"}],"curies":[{"name":"wp","href":"https:\/\/api.w.org\/{rel}","templated":true}]}}