{"id":18015,"date":"2021-04-24T14:21:13","date_gmt":"2021-04-24T18:21:13","guid":{"rendered":"https:\/\/cap.ca\/?page_id=18015"},"modified":"2021-04-24T14:21:13","modified_gmt":"2021-04-24T18:21:13","slug":"merci-a-nos-genereux-donateurs-en-2020","status":"publish","type":"page","link":"https:\/\/cap.ca\/fr\/facp\/merci-a-nos-genereux-donateurs-en-2020\/","title":{"rendered":"Merci \u00e0 nos g\u00e9n\u00e9reux donateurs en 2020"},"content":{"rendered":"<div class=\"wpb-content-wrapper\"><p>[vc_row][vc_column][vc_column_text]La Fondation de l&#8217;Association canadienne des physiciens et physiciennes tient \u00e0 souligner la g\u00e9n\u00e9rosit\u00e9 des personnes suivantes qui ont rendu possibles les activit\u00e9s de la FACP. [\/vc_column_text][\/vc_column][\/vc_row][vc_row][vc_column width=&#8221;1\/2&#8243;][vc_column_text]Accelerators and Class II Facilities and Friends, CNSC<br \/>\nAlcock, A. John<br \/>\nAndrews, H.R.<br \/>\nAtkinson, William<br \/>\nBagger, Jonathan A.<br \/>\nBarrette, Jean<br \/>\nBechhoefer, John Lawrence<br \/>\nBlanchet, Benoit<br \/>\nBoisvert, Jean-Sebastien<br \/>\nBolton, Richard<br \/>\nBowden, Timothy<br \/>\nCode, R. Fraser<br \/>\nCorbett, James<br \/>\nCrawford, Travis<br \/>\nDahn, Douglas<br \/>\nDrake, Gordon<br \/>\nEdgar, Barry<br \/>\nEpps, Tom<br \/>\nFolinsbee, James T.<br \/>\nFord, Francine<br \/>\nGautrin, Henri-Fran\u00e7ois<br \/>\nGreeniaus, L. Gordon<br \/>\nHeinrich, Bretislav<br \/>\nHoward, Roger<br \/>\nHuber, Garth<br \/>\nHuschilt, John<br \/>\nHutter, Jeffrey L.<br \/>\nJohns, Paul<br \/>\nKalman, Calvin<br \/>\nKieser, William E.<br \/>\nLahaie, Pierre-Olivier<br \/>\nLees, Ronald<br \/>\nLeonelli, Richard<br \/>\nL\u00e9pine, Yves<br \/>\nLowe, Leo<br \/>\nLupien, Christian<br \/>\nMann, Robert<br \/>\nMarchildon, Louis[\/vc_column_text][\/vc_column][vc_column width=&#8221;1\/2&#8243;][vc_column_text]<br \/>\nMayard, Patrick<br \/>\nMcArthur, Randall<br \/>\nMcDiarmid, Donald R.<br \/>\nMcDonald, Arthur<br \/>\nMichaelian, Kirk H.<br \/>\nMitchler, Patricia D<br \/>\nMorrow, Michael R.<br \/>\nOffenberger, Allan<br \/>\nPage, John<br \/>\nPage, Shelley A.<br \/>\nPavan, Marcello<br \/>\nPetric, Martin Peter<br \/>\nPistorius, Stephen<br \/>\nPyne, Jennifer<br \/>\nRogers, David<br \/>\nRoney, J. Michael<br \/>\nRoy, Ren\u00e9<br \/>\nSarkissian, Andranik<br \/>\nShoucri, Rachad<br \/>\nSinervo, Pekka Kalervo<br \/>\nSmith, Nigel<br \/>\nSouthern, Byron<br \/>\nSt-Jean, H\u00e9l\u00e8ne<br \/>\nTaylor, Wendy<br \/>\nThomson, David<br \/>\nTindall, David A.<br \/>\nValluri, Sree Ram<br \/>\nVan Driel, Henry M.<br \/>\nVirtue, Clarence<br \/>\nVisetsuth, Peeranut<br \/>\nVos, Kenneth<br \/>\nWalker, Kaley Anne<br \/>\nWichoski, Ubi<br \/>\nWinter, Calvin<br \/>\nWolfe, Sean<br \/>\nWortis, Michael<br \/>\nYelon, Arthur<\/p>\n<p>plus 1 donneur anonyme[\/vc_column_text][\/vc_column][\/vc_row]<\/p>\n<\/div>","protected":false},"excerpt":{"rendered":"<p>[vc_row][vc_column][vc_column_text]La Fondation de l&#8217;Association canadienne des physiciens et physiciennes tient \u00e0 souligner la g\u00e9n\u00e9rosit\u00e9 des personnes suivantes qui ont rendu possibles les activit\u00e9s de la FACP. [\/vc_column_text][\/vc_column][\/vc_row][vc_row][vc_column width=&#8221;1\/2&#8243;][vc_column_text]Accelerators and Class II Facilities and Friends, CNSC Alcock, A. John Andrews, H.R. Atkinson, William Bagger, Jonathan A. Barrette, Jean Bechhoefer, John Lawrence Blanchet, Benoit Boisvert, Jean-Sebastien Bolton,&#8230;  <a class=\"excerpt-read-more\" href=\"https:\/\/cap.ca\/fr\/facp\/merci-a-nos-genereux-donateurs-en-2020\/\" title=\"LireMerci \u00e0 nos g\u00e9n\u00e9reux donateurs en 2020\">Lire la suite &raquo;<\/a><\/p>\n","protected":false},"author":8,"featured_media":0,"parent":3382,"menu_order":7,"comment_status":"closed","ping_status":"closed","template":"","meta":{"footnotes":""},"class_list":["post-18015","page","type-page","status-publish","hentry"],"_links":{"self":[{"href":"https:\/\/cap.ca\/fr\/wp-json\/wp\/v2\/pages\/18015","targetHints":{"allow":["GET"]}}],"collection":[{"href":"https:\/\/cap.ca\/fr\/wp-json\/wp\/v2\/pages"}],"about":[{"href":"https:\/\/cap.ca\/fr\/wp-json\/wp\/v2\/types\/page"}],"author":[{"embeddable":true,"href":"https:\/\/cap.ca\/fr\/wp-json\/wp\/v2\/users\/8"}],"replies":[{"embeddable":true,"href":"https:\/\/cap.ca\/fr\/wp-json\/wp\/v2\/comments?post=18015"}],"version-history":[{"count":2,"href":"https:\/\/cap.ca\/fr\/wp-json\/wp\/v2\/pages\/18015\/revisions"}],"predecessor-version":[{"id":18017,"href":"https:\/\/cap.ca\/fr\/wp-json\/wp\/v2\/pages\/18015\/revisions\/18017"}],"up":[{"embeddable":true,"href":"https:\/\/cap.ca\/fr\/wp-json\/wp\/v2\/pages\/3382"}],"wp:attachment":[{"href":"https:\/\/cap.ca\/fr\/wp-json\/wp\/v2\/media?parent=18015"}],"curies":[{"name":"wp","href":"https:\/\/api.w.org\/{rel}","templated":true}]}}