{"id":18007,"date":"2021-04-23T15:34:32","date_gmt":"2021-04-23T19:34:32","guid":{"rendered":"https:\/\/cap.ca\/?page_id=18007"},"modified":"2021-05-03T14:40:00","modified_gmt":"2021-05-03T18:40:00","slug":"community-action-laurentian","status":"publish","type":"page","link":"https:\/\/cap.ca\/fr\/politique-scientifique\/community-action-laurentian\/","title":{"rendered":"Action communautaire en faveur de l&#8217;Universit\u00e9 Laurentienne"},"content":{"rendered":"<blockquote><p>Passez \u00e0 l&#8217;action :<\/p>\n<ul class=\"content-list\">\n<li><a href=\"https:\/\/www.caut.ca\/content\/laurentian-university-reach-out-your-mp\">Utilisez cette lettre-formulaire pour envoyer un message \u00e0 votre d\u00e9put\u00e9(e)<\/a><\/li>\n<li><a href=\"https:\/\/lufappul.ca\/wp\/?page_id=4989\">Signez la p\u00e9tition lanc\u00e9e par l&#8217;Association des professeurs de l&#8217;Universit\u00e9 Laurentienne<\/a><\/li>\n<li><a href=\"https:\/\/docs.google.com\/forms\/d\/e\/1FAIpQLSf3fS1bQjr7lENQzDattXOSVhYJgHFR8LrHDj4Xzcn2r12t-w\/viewform\">Ajoutez votre nom \u00e0 la liste des universitaires qui appuient l&#8217;Universit\u00e9 Laurentienne<\/a><\/li>\n<\/ul>\n<\/blockquote>\n<p><strong>D\u00e9clarations sur la fermeture des programmes de physique \u00e0 l&#8217;Universit\u00e9 Laurentienne<\/strong><\/p>\n<ul class=\"content-list\">\n<li><a href=\"https:\/\/cap.ca\/wp-content\/uploads\/2021\/04\/CAP-statement-re-LaurentianU-closure-Apr2021-Fre.pdf\">D\u00e9claration de l&#8217;ACP<\/a><\/li>\n<li><a href=\"https:\/\/cap.ca\/wp-content\/uploads\/2021\/04\/LaurentianU-Statement-IPP-CINP-2021April15.pdf\">D\u00e9claration conjointe du CINP \/ IPP<\/a> sur la fermeture pr\u00e9vue des programmes de physique \u00e0 la Laurentienne<\/li>\n<li><a href=\"https:\/\/comp-ocpm.ca\/news\/impact-of-program-closures-at-laurentian-university-on-health-care-and-medical-physics-education-2021-04-20.htm\">D\u00e9claration de la COMP<\/a> (Organisation canadienne des physiciens m\u00e9dicaux)<\/li>\n<li><a href=\"https:\/\/ocufa.sharepoint.com\/OCUFA%20Library\/Forms\/Public%20view.aspx?id=%2FOCUFA%20Library%2FS%20Research%20reports%2C%20Issues%2C%20and%20Data%2FLAURENTIAN%2DNORTHERN%20SOLIDARITY%20CAMPAIGN%2FCommunications%2FMedia%20coverage%2F2021%2D04%2D16%2DLaurentian%20What%20Can%20We%20Do%2Em4a&amp;parent=%2FOCUFA%20Library%2FS%20Research%20reports%2C%20Issues%2C%20and%20Data%2FLAURENTIAN%2DNORTHERN%20SOLIDARITY%20CAMPAIGN%2FCommunications%2FMedia%20coverage&amp;p=true&amp;originalPath=aHR0cHM6Ly9vY3VmYS5zaGFyZXBvaW50LmNvbS86dTovZy9FU2RlVmR3U29WOUx0UV9RUUxqcmZxQUJrRmF4S251RjFVUTlFbW52Y01sNWxRP3J0aW1lPXd3aFdSV0lPMlVn\">Enregistrement audio<\/a> de l&#8217;\u00e9v\u00e9nement du 16 avril &#8220;Laurentian : Que faisons-nous ?<\/li>\n<\/ul>\n<p><strong>Liste des adresses auxquelles le relev\u00e9 ACP a \u00e9t\u00e9 envoy\u00e9 (<a href=\"https:\/\/cap.ca\/fr\/politique-scientifique\/community-action-laurentian\/liste-dadresses\/\">cliquez ici)<\/a><\/strong><\/p>\n<p>&nbsp;<\/p>\n","protected":false},"excerpt":{"rendered":"<p>Passez \u00e0 l&#8217;action : Utilisez cette lettre-formulaire pour envoyer un message \u00e0 votre d\u00e9put\u00e9(e) Signez la p\u00e9tition lanc\u00e9e par l&#8217;Association des professeurs de l&#8217;Universit\u00e9 Laurentienne Ajoutez votre nom \u00e0 la liste des universitaires qui appuient l&#8217;Universit\u00e9 Laurentienne D\u00e9clarations sur la fermeture des programmes de physique \u00e0 l&#8217;Universit\u00e9 Laurentienne D\u00e9claration de l&#8217;ACP D\u00e9claration conjointe du CINP&#8230;  <a class=\"excerpt-read-more\" href=\"https:\/\/cap.ca\/fr\/politique-scientifique\/community-action-laurentian\/\" title=\"LireAction communautaire en faveur de l&#8217;Universit\u00e9 Laurentienne\">Lire la suite &raquo;<\/a><\/p>\n","protected":false},"author":7,"featured_media":0,"parent":3175,"menu_order":7,"comment_status":"closed","ping_status":"closed","template":"","meta":{"footnotes":""},"class_list":["post-18007","page","type-page","status-publish","hentry"],"_links":{"self":[{"href":"https:\/\/cap.ca\/fr\/wp-json\/wp\/v2\/pages\/18007","targetHints":{"allow":["GET"]}}],"collection":[{"href":"https:\/\/cap.ca\/fr\/wp-json\/wp\/v2\/pages"}],"about":[{"href":"https:\/\/cap.ca\/fr\/wp-json\/wp\/v2\/types\/page"}],"author":[{"embeddable":true,"href":"https:\/\/cap.ca\/fr\/wp-json\/wp\/v2\/users\/7"}],"replies":[{"embeddable":true,"href":"https:\/\/cap.ca\/fr\/wp-json\/wp\/v2\/comments?post=18007"}],"version-history":[{"count":8,"href":"https:\/\/cap.ca\/fr\/wp-json\/wp\/v2\/pages\/18007\/revisions"}],"predecessor-version":[{"id":18125,"href":"https:\/\/cap.ca\/fr\/wp-json\/wp\/v2\/pages\/18007\/revisions\/18125"}],"up":[{"embeddable":true,"href":"https:\/\/cap.ca\/fr\/wp-json\/wp\/v2\/pages\/3175"}],"wp:attachment":[{"href":"https:\/\/cap.ca\/fr\/wp-json\/wp\/v2\/media?parent=18007"}],"curies":[{"name":"wp","href":"https:\/\/api.w.org\/{rel}","templated":true}]}}