{"id":17522,"date":"2021-02-25T16:41:17","date_gmt":"2021-02-25T21:41:17","guid":{"rendered":"https:\/\/cap.ca\/?page_id=17522"},"modified":"2021-06-03T14:45:27","modified_gmt":"2021-06-03T18:45:27","slug":"journee-du-symposium-8-juin-2021","status":"publish","type":"page","link":"https:\/\/cap.ca\/fr\/congres-de-lacp\/congres-anterieurs\/congres-virtuel-de-lacp-2021-6-11-juin\/journee-du-symposium-8-juin-2021\/","title":{"rendered":"Journ\u00e9e du symposium &#8211; 8 juin 2021"},"content":{"rendered":"<blockquote><p>Cette page sera mise \u00e0 jour au fur et \u00e0 mesure que des informations suppl\u00e9mentaires seront disponibles.<\/p><\/blockquote>\n<p>La journ\u00e9e du symposium est le mardi 8 juin 2021 et nous sommes impatients !<\/p>\n<p>Les Journ\u00e9es du symposium sont des mini-conf\u00e9rences th\u00e9matiques organis\u00e9es par nos diff\u00e9rentes divisions et partenaires.<\/p>\n<p>Nous avons pr\u00e9vu 7 symposiums cette ann\u00e9e, en plus de la conf\u00e9rence Magnetic North qui se d\u00e9roule sous la banni\u00e8re du Congr\u00e8s de l&#8217;ACP.\u00a0 <strong><a href=\"https:\/\/indico.cern.ch\/event\/985448\/timetable\/#20210608\">Cliquez ici pour le programme complet de chaque symposium.<\/a><\/strong><\/p>\n<ul class=\"content-list\">\n<li><strong>Cosmologie ; Une c\u00e9l\u00e9bration du prix Nobel de James Peebles (DPT)<\/strong><\/li>\n<li><strong>Avanc\u00e9es importantes en physique biologique et m\u00e9dicale (DPMB)<\/strong><\/li>\n<li><strong>Plasmas \u00e0 basse temp\u00e9rature \/ Plasmas de fusion (confinement magn\u00e9tique et inertiel) \/ Plasmas laser \/ Plasmas de base (DPP)<\/strong><\/li>\n<li><strong>Physique des neutrinos et au-del\u00e0 (PPD)<\/strong><\/li>\n<li><strong>La physique pour la prochaine g\u00e9n\u00e9ration de capteurs et la m\u00e9trologie (CRNC)<\/strong><br \/>\nLe symposium sur les capteurs et la m\u00e9trologie (organis\u00e9 dans le cadre du programme D\u00e9fi des capteurs quantiques du Conseil national de recherches du Canada) sera ax\u00e9 sur le d\u00e9veloppement de capteurs r\u00e9volutionnaires qui exploitent l&#8217;extr\u00eame sensibilit\u00e9 des syst\u00e8mes quantiques afin d&#8217;am\u00e9liorer la pr\u00e9cision, la sensibilit\u00e9, les taux et la port\u00e9e des ph\u00e9nom\u00e8nes mesurables.\u00a0 Cette nouvelle g\u00e9n\u00e9ration de capteurs quantiques jettera les bases d&#8217;une future industrie de haute technologie au Canada ax\u00e9e sur les technologies quantiques.<\/li>\n<li><strong>Physique au secteur priv\u00e9 (DPAI\/Affaires prof.)<\/strong><\/li>\n<li><strong>Apprentissage par machine quantique (DPT)<\/strong><\/li>\n<\/ul>\n<p><strong>Conf\u00e9rence co-organis\u00e9e &#8211; Magnetic North<\/strong><\/p>\n<p>&nbsp;<\/p>\n<hr \/>\n<p>&nbsp;<\/p>\n<div class=\"gmail_quote\">\n<div class=\"gmail_quote\">\n<div dir=\"ltr\">\n<h1><strong><span style=\"font-size: 14pt;\">Symposium des physiciens du secteur priv\u00e9 :<\/span><\/strong><\/h1>\n<p><strong>Organisateurs :<\/strong><\/p>\n<p>Dr. Daniel Cluff, Directeur des affaires professionnelles de l&#8217;ACP<br \/>\nM. Steffon Luoma, pr\u00e9sident, Division de la physique appliqu\u00e9e et de l&#8217;instrumentation de l&#8217;ACP<br \/>\nDr. Ian D&#8217;Souza, Directeur de l&#8217;ACP, Physique du secteur priv\u00e9<\/p>\n<p><strong>\u00c0 quoi ressemblera le symposium :\u00a0<\/strong><\/p>\n<p><strong>Les pr\u00e9sentations<\/strong> des conf\u00e9renciers invit\u00e9s du secteur priv\u00e9 donneront un aper\u00e7u des carri\u00e8res des physiciens travaillant en dehors du milieu universitaire.<\/p>\n<p>Les conf\u00e9rences seront suivies <strong>d&#8217;un d\u00e9bat d&#8217;experts<\/strong>, compos\u00e9 de physiciens du secteur priv\u00e9 et de pan\u00e9listes sp\u00e9cialis\u00e9s dans les parcours de carri\u00e8re.<\/p>\n<p>La session se termine par une s\u00e9ance de <strong>questions-r\u00e9ponses et de discussion<\/strong> qui s&#8217;est av\u00e9r\u00e9e \u00e0 la fois instructive et \u00e9clairante lors des symposiums pr\u00e9c\u00e9dents.<\/p>\n<p>Les jeunes physiciens, ou ceux qui sont int\u00e9ress\u00e9s par un \u00e9ventuel changement de carri\u00e8re, sont encourag\u00e9s \u00e0 assister \u00e0 ce symposium interactif.<\/p>\n<p><strong><a href=\"https:\/\/indico.cern.ch\/event\/985448\/sessions\/388950\/#20210608\">Cliquez ici pour le programme complet de cette symposium.<\/a><\/strong><\/p>\n<\/div>\n<\/div>\n<\/div>\n","protected":false},"excerpt":{"rendered":"<p>Cette page sera mise \u00e0 jour au fur et \u00e0 mesure que des informations suppl\u00e9mentaires seront disponibles. La journ\u00e9e du symposium est le mardi 8 juin 2021 et nous sommes impatients ! Les Journ\u00e9es du symposium sont des mini-conf\u00e9rences th\u00e9matiques organis\u00e9es par nos diff\u00e9rentes divisions et partenaires. Nous avons pr\u00e9vu 7 symposiums cette ann\u00e9e, en&#8230;  <a class=\"excerpt-read-more\" href=\"https:\/\/cap.ca\/fr\/congres-de-lacp\/congres-anterieurs\/congres-virtuel-de-lacp-2021-6-11-juin\/journee-du-symposium-8-juin-2021\/\" title=\"LireJourn\u00e9e du symposium &#8211; 8 juin 2021\">Lire la suite &raquo;<\/a><\/p>\n","protected":false},"author":12,"featured_media":0,"parent":16954,"menu_order":7,"comment_status":"closed","ping_status":"closed","template":"","meta":{"footnotes":""},"class_list":["post-17522","page","type-page","status-publish","hentry"],"_links":{"self":[{"href":"https:\/\/cap.ca\/fr\/wp-json\/wp\/v2\/pages\/17522","targetHints":{"allow":["GET"]}}],"collection":[{"href":"https:\/\/cap.ca\/fr\/wp-json\/wp\/v2\/pages"}],"about":[{"href":"https:\/\/cap.ca\/fr\/wp-json\/wp\/v2\/types\/page"}],"author":[{"embeddable":true,"href":"https:\/\/cap.ca\/fr\/wp-json\/wp\/v2\/users\/12"}],"replies":[{"embeddable":true,"href":"https:\/\/cap.ca\/fr\/wp-json\/wp\/v2\/comments?post=17522"}],"version-history":[{"count":7,"href":"https:\/\/cap.ca\/fr\/wp-json\/wp\/v2\/pages\/17522\/revisions"}],"predecessor-version":[{"id":18302,"href":"https:\/\/cap.ca\/fr\/wp-json\/wp\/v2\/pages\/17522\/revisions\/18302"}],"up":[{"embeddable":true,"href":"https:\/\/cap.ca\/fr\/wp-json\/wp\/v2\/pages\/16954"}],"wp:attachment":[{"href":"https:\/\/cap.ca\/fr\/wp-json\/wp\/v2\/media?parent=17522"}],"curies":[{"name":"wp","href":"https:\/\/api.w.org\/{rel}","templated":true}]}}