{"id":17486,"date":"2021-02-22T15:33:27","date_gmt":"2021-02-22T20:33:27","guid":{"rendered":"https:\/\/cap.ca\/?page_id=17486"},"modified":"2021-02-22T15:36:44","modified_gmt":"2021-02-22T20:36:44","slug":"directives-pour-la-publication-des-resumes-gagnants-dans-pac","status":"publish","type":"page","link":"https:\/\/cap.ca\/fr\/congres-de-lacp\/congres-anterieurs\/congres-virtuel-de-lacp-2021-6-11-juin\/le-concours-du-meilleur-etudiante\/directives-pour-la-publication-des-resumes-gagnants-dans-pac\/","title":{"rendered":"Directives pour la publication des r\u00e9sum\u00e9s gagnants dans PaC"},"content":{"rendered":"<h4><strong>Votre r\u00e9sum\u00e9 d\u00e9taill\u00e9 doit \u00eatre pr\u00e9par\u00e9 selon les directives suivantes :<\/strong><\/h4>\n<p>Le manuscrit ne doit pas d\u00e9passer 3 pages de journal. En r\u00e8gle g\u00e9n\u00e9rale, l&#8217;article ne doit pas d\u00e9passer 2300 mots (y compris les r\u00e9f\u00e9rences), moins 300 mots par chiffre inclus dans l&#8217;article.<br \/>\nLe manuscrit doit \u00eatre format\u00e9 pour du papier 8 1\/2\u00d711 (lettre), et doit \u00eatre \u00e0 double interligne.<br \/>\nL&#8217;article doit commencer par le titre (centr\u00e9), les auteurs (y compris l&#8217;affiliation et l&#8217;adresse \u00e9lectronique, \u00e9galement centr\u00e9s) et un &#8220;r\u00e9sum\u00e9&#8221; (r\u00e9sum\u00e9 du contenu) de 25 mots ou moins.<br \/>\nUtilisez le format suivant pour les titres des sections : SECTION \/ Sous-section \/ SOUS-SUBSECTION.<\/p>\n<p>Chaque figure doit \u00eatre plac\u00e9e \u00e0 un endroit appropri\u00e9 et \u00eatre r\u00e9f\u00e9renc\u00e9e dans le texte. Elle doit \u00e9galement comporter une l\u00e9gende d\u00e9crivant clairement son contenu. (Voir la note ci-dessous concernant les figures en couleur).<\/p>\n<p>Les r\u00e9f\u00e9rences apparaissent sous forme de nombres entre crochets dans le corps du document (par exemple, [1]), et sont ensuite \u00e9num\u00e9r\u00e9es \u00e0 la fin du document par ordre num\u00e9rique (N&#8217;UTILISEZ PAS la fonction de note de fin de document de votre logiciel de traitement de texte), selon les formats suivants :<\/p>\n<p>Articles :<\/p>\n<p>A. Einstein, B. Podolsky, et N. Rosen, <em>&#8220;Can quantum-mechanical description of physical reality be considered complete ?<\/em>&#8220;, Phys. Rev. 47, 777-780 (1935).<br \/>\nLivres :<\/p>\n<p>P.A.M. Dirac, &#8220;<em>The principles of quantum mechanics, 4th edition&#8221;<\/em>, Oxford Science Publications, 1982.<br \/>\nSi une r\u00e9f\u00e9rence a plus de trois auteurs, utilisez uniquement le premier auteur, comme dans : A. Einstein, et al., &#8220;Can&#8230;&#8221;.<\/p>\n<h4><\/h4>\n<h4><strong>FORMAT DU DOSSIER<\/strong><\/h4>\n<p>Deux versions du document doivent \u00eatre soumises par voie \u00e9lectronique : une version word et une version pdf (polices de caract\u00e8res int\u00e9gr\u00e9es). Le format word sera utilis\u00e9 pour la composition ; le pdf permettra de s&#8217;assurer que les symboles math\u00e9matiques sont correctement compos\u00e9s. Les deux versions, ainsi que les fichiers graphiques individuels \u00e0 haute r\u00e9solution (300 dpi) (.jpg, .tif, ou .pdf (polices de caract\u00e8res int\u00e9gr\u00e9es)) pour chaque figure et une photo \u00e0 haute r\u00e9solution (2\u00d72) ou \u00e0 basse r\u00e9solution (3\u00d75 ou plus) de l&#8217;auteur doivent parvenir au bureau de la PAC (capmgr@uottawa.ca) avant le 15 ao\u00fbt.<\/p>\n<p><strong>REMARQUE :<\/strong> Une redevance de 100 dollars par figure est per\u00e7ue pour chaque figure en couleur (y compris la photo de l&#8217;auteur) ; il n&#8217;y a pas de redevance pour les figures en noir et blanc. Si vous convertissez une figure en couleur en noir et blanc, veuillez vous assurer qu&#8217;elle est toujours claire (par exemple, diff\u00e9rents styles de lignes pour diff\u00e9rentes courbes) ; de m\u00eame, si vous convertissez une photo en couleur en noir et blanc, veuillez vous assurer que le contraste, etc. r\u00e9sulte en une image claire.<\/p>\n","protected":false},"excerpt":{"rendered":"<p>Votre r\u00e9sum\u00e9 d\u00e9taill\u00e9 doit \u00eatre pr\u00e9par\u00e9 selon les directives suivantes : Le manuscrit ne doit pas d\u00e9passer 3 pages de journal. En r\u00e8gle g\u00e9n\u00e9rale, l&#8217;article ne doit pas d\u00e9passer 2300 mots (y compris les r\u00e9f\u00e9rences), moins 300 mots par chiffre inclus dans l&#8217;article. Le manuscrit doit \u00eatre format\u00e9 pour du papier 8 1\/2\u00d711 (lettre), et&#8230;  <a class=\"excerpt-read-more\" href=\"https:\/\/cap.ca\/fr\/congres-de-lacp\/congres-anterieurs\/congres-virtuel-de-lacp-2021-6-11-juin\/le-concours-du-meilleur-etudiante\/directives-pour-la-publication-des-resumes-gagnants-dans-pac\/\" title=\"LireDirectives pour la publication des r\u00e9sum\u00e9s gagnants dans PaC\">Lire la suite &raquo;<\/a><\/p>\n","protected":false},"author":12,"featured_media":0,"parent":17468,"menu_order":7,"comment_status":"closed","ping_status":"closed","template":"","meta":{"footnotes":""},"class_list":["post-17486","page","type-page","status-publish","hentry"],"_links":{"self":[{"href":"https:\/\/cap.ca\/fr\/wp-json\/wp\/v2\/pages\/17486","targetHints":{"allow":["GET"]}}],"collection":[{"href":"https:\/\/cap.ca\/fr\/wp-json\/wp\/v2\/pages"}],"about":[{"href":"https:\/\/cap.ca\/fr\/wp-json\/wp\/v2\/types\/page"}],"author":[{"embeddable":true,"href":"https:\/\/cap.ca\/fr\/wp-json\/wp\/v2\/users\/12"}],"replies":[{"embeddable":true,"href":"https:\/\/cap.ca\/fr\/wp-json\/wp\/v2\/comments?post=17486"}],"version-history":[{"count":2,"href":"https:\/\/cap.ca\/fr\/wp-json\/wp\/v2\/pages\/17486\/revisions"}],"predecessor-version":[{"id":17488,"href":"https:\/\/cap.ca\/fr\/wp-json\/wp\/v2\/pages\/17486\/revisions\/17488"}],"up":[{"embeddable":true,"href":"https:\/\/cap.ca\/fr\/wp-json\/wp\/v2\/pages\/17468"}],"wp:attachment":[{"href":"https:\/\/cap.ca\/fr\/wp-json\/wp\/v2\/media?parent=17486"}],"curies":[{"name":"wp","href":"https:\/\/api.w.org\/{rel}","templated":true}]}}