{"id":17472,"date":"2021-02-18T15:55:11","date_gmt":"2021-02-18T20:55:11","guid":{"rendered":"https:\/\/cap.ca\/?page_id=17472"},"modified":"2021-03-30T23:08:06","modified_gmt":"2021-03-31T03:08:06","slug":"soumission-des-resumes","status":"publish","type":"page","link":"https:\/\/cap.ca\/fr\/congres-de-lacp\/congres-anterieurs\/congres-virtuel-de-lacp-2021-6-11-juin\/soumission-des-resumes\/","title":{"rendered":"Soumission des r\u00e9sum\u00e9s"},"content":{"rendered":"<blockquote><p><strong><em>L&#8217;appel \u00e0 r\u00e9sum\u00e9s pour le Congr\u00e8s virtuel de l&#8217;ACP 2021 est maintent r\u00e9ouvert pour les r\u00e9sum\u00e9s des conf\u00e9renciers invit\u00e9s et pour les r\u00e9sum\u00e9s d&#8217;affiches apr\u00e8s la date limite.\u00a0 Il sera fermer \u00e0 23h56 HAE mercredi le 31 mars.<\/em><\/strong><\/p><\/blockquote>\n<p><strong>Pr\u00eat \u00e0 soumettre ?\u00a0 <a href=\"https:\/\/indico.cern.ch\/e\/CAP2021\"><strong>Cliquer ici.\u00a0<\/strong><\/a><\/strong><\/p>\n<p>Nous sommes heureux d&#8217;annoncer que les r\u00e9sum\u00e9s sont d\u00e9sormais accept\u00e9s (oraux et poster) pour le Congr\u00e8s virtuel de l\u2019ACP 2021 qui se tiendra du 6 au 10 juin 2021 en utilisant la plate-forme en ligne underline.io (aucune installation de logiciel requise).<\/p>\n<p>Ce congr\u00e8s est l&#8217;occasion de pr\u00e9senter et de c\u00e9l\u00e9brer les r\u00e9alisations des physicien(ne)s au Canada et \u00e0 l&#8217;\u00e9tranger.<\/p>\n<p>Soumettez un r\u00e9sum\u00e9 et partagez vos recherches. Pour les superviseurs, le cadre virtuel offre une excellente occasion de pr\u00e9senter les travaux de tous vos \u00e9tudiants.<\/p>\n<p>&nbsp;<\/p>\n<p><strong>LES SOUMISSIONS DE R\u00c9SUM\u00c9S APR\u00c8S \u00c9CH\u00c9ANCE.<\/strong><\/p>\n<p>Les r\u00e9sum\u00e9s de pr\u00e9sentations orales soumis avant la date limite du 28 f\u00e9vrier 2021 sont consid\u00e9r\u00e9s comme prioritaires pour la programmation.<\/p>\n<p>Le syst\u00e8me a \u00e9t\u00e9 r\u00e9ouvert pour les r\u00e9sum\u00e9s des conf\u00e9renciers invit\u00e9s et les r\u00e9sum\u00e9s des affiches apr\u00e8s la date limite.\u00a0 Il sera fermer \u00e0 23h59 HAE mercredi le 31 mars.<\/p>\n<p>&nbsp;<\/p>\n<p><strong>IMPORTANT \u00c0 NOTER AVANT DE SOUMETTRE UN R\u00c9SUM\u00c9<\/strong><\/p>\n<p><em>Un r\u00e9sum\u00e9 ne peut pas exc\u00e9der 2400 caract\u00e8res incluant les espaces (~300 mots)<\/em><\/p>\n<p>Nous utilisons \u00e0 nouveau le syst\u00e8me de soumissions de r\u00e9sum\u00e9s Indico chez CERN qui n&#8217;est pas reli\u00e9 \u00e0 celui de l\u2019adh\u00e9sion de l\u2019ACP ni au syst\u00e8me de soumission utilis\u00e9 avant le congr\u00e8s 2014. Donc, si vous n&#8217;avez pas d\u00e9j\u00e0 un compte Indico chez CERN et n&#8217;en aviez pas cr\u00e9\u00e9 un pour le congr\u00e8s de l&#8217;ann\u00e9e pr\u00e9c\u00e9dente, vous devez en cr\u00e9er un maintenant avant de pouvoir d\u00e9poser votre r\u00e9sum\u00e9.<\/p>\n<p>Pour cr\u00e9er un nouveau compte, suivre les \u00e9tapes suivantes :<\/p>\n<ol class=\"content-list\">\n<li>Compl\u00e9tez le formulaire sur cette page : <a href=\"https:\/\/account.cern.ch\/account\/Externals\/RegisterAccount.aspx\">https:\/\/account.cern.ch\/account\/Externals\/RegisterAccount.aspx<\/a><\/li>\n<li>Vous recevrez un courriel de v\u00e9rification. Cliquez sur le lien dans le courriel pour compl\u00e9ter le processus.<\/li>\n<li>Allez au site CAP2021 (<a href=\"http:\/\/indico.cern.ch\/e\/CAP2021\">http:\/\/indico.cern.ch\/e\/CAP2021<\/a>) et cliquez sur &#8220;S&#8217;identifier&#8221; dans le coin sup\u00e9rieur droit pour acc\u00e9der \u00e0 la page &#8220;CERN Single Sign-on&#8221;.\u00a0 Entrez les informations d&#8217;identification de votre compte et vous pourrez alors soumettre un r\u00e9sum\u00e9.<\/li>\n<\/ol>\n<p><strong>\u00c0 NOTER:<\/strong> Afin d\u2019\u00e9viter les d\u00e9lais dans le traitement de votre soumission, vous DEVEZ choisir un \u00ab presentation type \u00bb (directement sous la bo\u00eete \u00ab abstract content \u00bb) ainsi qu\u2019un \u00ab track classification \u00bb.<\/p>\n<p>&nbsp;<\/p>\n","protected":false},"excerpt":{"rendered":"<p>L&#8217;appel \u00e0 r\u00e9sum\u00e9s pour le Congr\u00e8s virtuel de l&#8217;ACP 2021 est maintent r\u00e9ouvert pour les r\u00e9sum\u00e9s des conf\u00e9renciers invit\u00e9s et pour les r\u00e9sum\u00e9s d&#8217;affiches apr\u00e8s la date limite.\u00a0 Il sera fermer \u00e0 23h56 HAE mercredi le 31 mars. Pr\u00eat \u00e0 soumettre ?\u00a0 Cliquer ici.\u00a0 Nous sommes heureux d&#8217;annoncer que les r\u00e9sum\u00e9s sont d\u00e9sormais accept\u00e9s (oraux&#8230;  <a class=\"excerpt-read-more\" href=\"https:\/\/cap.ca\/fr\/congres-de-lacp\/congres-anterieurs\/congres-virtuel-de-lacp-2021-6-11-juin\/soumission-des-resumes\/\" title=\"LireSoumission des r\u00e9sum\u00e9s\">Lire la suite &raquo;<\/a><\/p>\n","protected":false},"author":12,"featured_media":0,"parent":16954,"menu_order":7,"comment_status":"closed","ping_status":"closed","template":"","meta":{"footnotes":""},"class_list":["post-17472","page","type-page","status-publish","hentry"],"_links":{"self":[{"href":"https:\/\/cap.ca\/fr\/wp-json\/wp\/v2\/pages\/17472","targetHints":{"allow":["GET"]}}],"collection":[{"href":"https:\/\/cap.ca\/fr\/wp-json\/wp\/v2\/pages"}],"about":[{"href":"https:\/\/cap.ca\/fr\/wp-json\/wp\/v2\/types\/page"}],"author":[{"embeddable":true,"href":"https:\/\/cap.ca\/fr\/wp-json\/wp\/v2\/users\/12"}],"replies":[{"embeddable":true,"href":"https:\/\/cap.ca\/fr\/wp-json\/wp\/v2\/comments?post=17472"}],"version-history":[{"count":8,"href":"https:\/\/cap.ca\/fr\/wp-json\/wp\/v2\/pages\/17472\/revisions"}],"predecessor-version":[{"id":17878,"href":"https:\/\/cap.ca\/fr\/wp-json\/wp\/v2\/pages\/17472\/revisions\/17878"}],"up":[{"embeddable":true,"href":"https:\/\/cap.ca\/fr\/wp-json\/wp\/v2\/pages\/16954"}],"wp:attachment":[{"href":"https:\/\/cap.ca\/fr\/wp-json\/wp\/v2\/media?parent=17472"}],"curies":[{"name":"wp","href":"https:\/\/api.w.org\/{rel}","templated":true}]}}