{"id":17468,"date":"2021-02-18T15:16:15","date_gmt":"2021-02-18T20:16:15","guid":{"rendered":"https:\/\/cap.ca\/?page_id=17468"},"modified":"2021-04-28T15:19:04","modified_gmt":"2021-04-28T19:19:04","slug":"le-concours-du-meilleur-etudiante","status":"publish","type":"page","link":"https:\/\/cap.ca\/fr\/congres-de-lacp\/congres-anterieurs\/congres-virtuel-de-lacp-2021-6-11-juin\/le-concours-du-meilleur-etudiante\/","title":{"rendered":"Meilleur pr\u00e9sentation d\u2019\u00e9tudiant(e)"},"content":{"rendered":"<p>&nbsp;<\/p>\n<p>L\u2019ACP organise les concours de la meilleure pr\u00e9sentation oral et du meilleur affiche d&#8217;\u00e9tudiant au Congr\u00e8s virtuel de l\u2019ACP 2021. Des prix seront d\u00e9cern\u00e9s par l\u2019ACP pour les trois meilleures pr\u00e9sentations orales d&#8217;\u00e9tudiant(e) et pour les trois meilleures affiches d&#8217;\u00e9tudiant(e). En outre, des Divisions th\u00e9matiques de l\u2019ACP et d&#8217;autres sponsors organiseront des concours plus cibl\u00e9s par domaines.<\/p>\n<p>&nbsp;<\/p>\n<p><strong>QUELS SONT LES AVANTAGES DE LA PARTICIPATION ?<\/strong><\/p>\n<p>L&#8217;objectif de ces concours est d&#8217;encourager les \u00e9tudiants gradu\u00e9s \u00e0 pr\u00e9senter leurs travaux de recherche \u00e0 la communaut\u00e9 physique canadienne et \u00e0 interagir avec elle d\u00e8s le d\u00e9but de leur carri\u00e8re. Les \u00e9tudiants doivent pr\u00e9senter leur travat prendre la responsabilit\u00e9 principale du contenu de la pr\u00e9sentation ainsi que du r\u00e9sum\u00e9 \u00e9crit et, s&#8217;ils sont s\u00e9lectionn\u00e9s comme gagnants, du r\u00e9sum\u00e9 d\u00e9taill\u00e9 pour La physique au Canada. Les \u00e9tudiants de premier cycle sont \u00e9galement invit\u00e9s \u00e0 participer au concours.<\/p>\n<p>&nbsp;<\/p>\n<p><strong>ADMISSIBILIT\u00c9<\/strong><\/p>\n<p>Pour \u00eatre pris en consid\u00e9ration pour ce concours, un \u00e9tudiant doit \u00eatre membre (dipl\u00f4m\u00e9) ou affili\u00e9 (premier cycle) de l\u2019ACP. L\u2019inscription des \u00e9tudiants de premier cycle est gratuite pendant toute la dur\u00e9e de leur baccalaur\u00e9at. La premi\u00e8re ann\u00e9e d&#8217;adh\u00e9sion est gratuite pour les \u00e9tudiants gradu\u00e9s; des frais consid\u00e9rablement r\u00e9duits s&#8217;appliquent pour les ann\u00e9es suivantes. Les demandes d&#8217;adh\u00e9sion et de renouvellement peuvent \u00eatre soumises <a href=\"https:\/\/cap.ca\/fr\/adhesion\/etudiant-diplome-membre\/\">en ligne ici.<\/a><\/p>\n<p>Veuillez noter que l&#8217;activation de votre adh\u00e9sion\/affiliation peut prendre jusqu&#8217;\u00e0 10 jours ouvrables au total, ce qui inclut le traitement du paiement, le cas \u00e9ch\u00e9ant. Par cons\u00e9quent, vous devez soumettre votre demande d&#8217;adh\u00e9sion en m\u00eame temps que votre r\u00e9sum\u00e9.<\/p>\n<p>&nbsp;<\/p>\n<p><strong>COMMENT PARTICIPER AU CONCOURS<\/strong><\/p>\n<p>Les \u00e9tudiants qui souhaitent participer au concours du meilleur \u00e9tudiant doivent indiquer sp\u00e9cifiquement leur intention de participer en s\u00e9lectionnant l&#8217;option appropri\u00e9e pour le concours oral ou le concours d&#8217;affiches au moment de la soumission du r\u00e9sum\u00e9 au congr\u00e8s. Veuillez noter que si un \u00e9tudiant peut faire plus d&#8217;une pr\u00e9sentation (par exemple un expos\u00e9 et une affiche, il ne peut pas participer \u00e0 plus d&#8217;un concours ACP) oral ou affiche.<\/p>\n<p>Instructions pour pr\u00e9parer une pr\u00e9sentation, y compris les pr\u00e9sentations de concours \u00e9tudiants, <a href=\"https:\/\/cap.ca\/fr\/congres-de-lacp\/congres-virtuel-de-lacp-2021-6-11-juin\/17920-2\/\">veuillez cliquer ici<\/a><\/p>\n<p>&nbsp;<\/p>\n<p><strong>QU&#8217;EST-CE QUE JE GAGNE ?<\/strong><\/p>\n<p>Les gagnants du concours du meilleur \u00e9tudiant de l\u2019ACP (expos\u00e9 oral et affiche, ainsi que de tout concours de division th\u00e9matique seront annonc\u00e9s et publi\u00e9s sur le site web du Congr\u00e8s, ainsi que lors d&#8217;une c\u00e9r\u00e9monie de remise des prix qui se tiendra pendant le Congr\u00e8s et dans notre publication, <em>Physique au Canada<\/em>.\u00a0 En outre, les gagnants des concours des meilleurs \u00e9tudiants au niveau de l\u2019ACP (oral et affiche) seront invit\u00e9s \u00e0 <a href=\"https:\/\/cap.ca\/fr\/congres-de-lacp\/congres-virtuel-de-lacp-2021-6-11-juin\/le-concours-du-meilleur-etudiante\/directives-pour-la-publication-des-resumes-gagnants-dans-pac\/\">publier un r\u00e9sum\u00e9 d\u00e9taill\u00e9 de leur pr\u00e9sentation pour <em>Physique au Canada.<\/em><\/a><\/p>\n<p><strong>Division et concours sponsoris\u00e9s<\/strong><\/p>\n<p>Un \u00e9tudiant qui participe au concours de la meilleure pr\u00e9sentation d&#8217;\u00e9tudiant de l\u2019ACP sera automatiquement inscrit au concours de la division appropri\u00e9e de l\u2019ACP s&#8217;il en existe un et s&#8217;il est membre de cette division. Tout \u00e9tudiant qui a des questions ou des pr\u00e9occupations concernant la participation \u00e0 tous les prix auxquels il peut pr\u00e9tendre doit envoyer un courriel \u00e0 programs@cap.ca . L&#8217;adh\u00e9sion \u00e0 une division de l\u2019ACP est gratuite pour les \u00e9tudiants et peut \u00eatre activ\u00e9e lors de la demande ou du renouvellement de l&#8217;adh\u00e9sion \u00e0 l\u2019ACP. Les membres actuels de l\u2019ACP peuvent adh\u00e9rer \u00e0 une Division de l\u2019ACP en envoyant une demande par courrier \u00e9lectronique \u00e0 membership@cap.ca.<\/p>\n<p>&nbsp;<\/p>\n<p>La liste des concours et des prix des divisions de l\u2019ACP qui seront d\u00e9cern\u00e9s lors du Congr\u00e8s virtuel de l\u2019ACP en 2021 se trouve sur cette page (lien \u00e0 venir).<\/p>\n<p>&nbsp;<\/p>\n<p>&nbsp;<\/p>\n<p>&nbsp;<\/p>\n<p>&nbsp;<\/p>\n<p>&nbsp;<\/p>\n<p>&nbsp;<\/p>\n<p>&nbsp;<\/p>\n","protected":false},"excerpt":{"rendered":"<p>&nbsp; L\u2019ACP organise les concours de la meilleure pr\u00e9sentation oral et du meilleur affiche d&#8217;\u00e9tudiant au Congr\u00e8s virtuel de l\u2019ACP 2021. Des prix seront d\u00e9cern\u00e9s par l\u2019ACP pour les trois meilleures pr\u00e9sentations orales d&#8217;\u00e9tudiant(e) et pour les trois meilleures affiches d&#8217;\u00e9tudiant(e). En outre, des Divisions th\u00e9matiques de l\u2019ACP et d&#8217;autres sponsors organiseront des concours plus&#8230;  <a class=\"excerpt-read-more\" href=\"https:\/\/cap.ca\/fr\/congres-de-lacp\/congres-anterieurs\/congres-virtuel-de-lacp-2021-6-11-juin\/le-concours-du-meilleur-etudiante\/\" title=\"LireMeilleur pr\u00e9sentation d\u2019\u00e9tudiant(e)\">Lire la suite &raquo;<\/a><\/p>\n","protected":false},"author":12,"featured_media":0,"parent":16954,"menu_order":7,"comment_status":"closed","ping_status":"closed","template":"","meta":{"footnotes":""},"class_list":["post-17468","page","type-page","status-publish","hentry"],"_links":{"self":[{"href":"https:\/\/cap.ca\/fr\/wp-json\/wp\/v2\/pages\/17468","targetHints":{"allow":["GET"]}}],"collection":[{"href":"https:\/\/cap.ca\/fr\/wp-json\/wp\/v2\/pages"}],"about":[{"href":"https:\/\/cap.ca\/fr\/wp-json\/wp\/v2\/types\/page"}],"author":[{"embeddable":true,"href":"https:\/\/cap.ca\/fr\/wp-json\/wp\/v2\/users\/12"}],"replies":[{"embeddable":true,"href":"https:\/\/cap.ca\/fr\/wp-json\/wp\/v2\/comments?post=17468"}],"version-history":[{"count":6,"href":"https:\/\/cap.ca\/fr\/wp-json\/wp\/v2\/pages\/17468\/revisions"}],"predecessor-version":[{"id":18052,"href":"https:\/\/cap.ca\/fr\/wp-json\/wp\/v2\/pages\/17468\/revisions\/18052"}],"up":[{"embeddable":true,"href":"https:\/\/cap.ca\/fr\/wp-json\/wp\/v2\/pages\/16954"}],"wp:attachment":[{"href":"https:\/\/cap.ca\/fr\/wp-json\/wp\/v2\/media?parent=17468"}],"curies":[{"name":"wp","href":"https:\/\/api.w.org\/{rel}","templated":true}]}}