{"id":17443,"date":"2021-02-18T12:08:31","date_gmt":"2021-02-18T17:08:31","guid":{"rendered":"https:\/\/cap.ca\/?page_id=17443"},"modified":"2021-05-27T12:39:12","modified_gmt":"2021-05-27T16:39:12","slug":"conferenciers-invites","status":"publish","type":"page","link":"https:\/\/cap.ca\/fr\/congres-de-lacp\/congres-anterieurs\/congres-virtuel-de-lacp-2021-6-11-juin\/conferenciers-invites\/","title":{"rendered":"Conf\u00e9renciers invit\u00e9s"},"content":{"rendered":"<div class=\"wpb-content-wrapper\"><p>[vc_row][vc_column][vc_column_text]<\/p>\n<blockquote><p><strong>NOTE :<\/strong> Cette page sera continuellement mise \u00e0 jour au fur et \u00e0 mesure de la confirmation des conf\u00e9renciers.<\/p>\n<p>Pour consulter notre page des conf\u00e9renciers pl\u00e9niers, <a href=\"https:\/\/cap.ca\/fr\/congres-de-lacp\/congres-virtuel-de-lacp-2021-6-11-juin\/herzberg-et-les-orateurs-de-la-pleniere-2021\/\">cliquez ici.\u00a0<\/a><\/p><\/blockquote>\n<p><strong>QUELLE EST LA DIFF\u00c9RENCE ENTRE LES CONF\u00c9RENCIERS INVIT\u00c9S ET LES CONF\u00c9RENCIERS PL\u00c9NIERS ?<\/strong><\/p>\n<p>Les conf\u00e9renciers invit\u00e9s sont organis\u00e9s par les diff\u00e9rentes divisions de l&#8217;ACP afin d&#8217;offrir aux participants la possibilit\u00e9 d&#8217;entendre des experts de diverses sous-disciplines.\u00a0 Les conf\u00e9renciers invit\u00e9s feront leurs pr\u00e9sentations dans le cadre de la session technique d&#8217;une division qui se tient en parall\u00e8le avec les sessions des autres divisions.<\/p>\n<p>Les conf\u00e9renciers pl\u00e9niers sont choisis par le comit\u00e9 du programme du congr\u00e8s.\u00a0 Leurs pr\u00e9sentations sont donn\u00e9es pendant un temps consacr\u00e9 \u00e0 leurs pr\u00e9sentations.[\/vc_column_text][vc_btn title=&#8221;VOIR LA LISTE COMPL\u00c8TE DES CONF\u00c9RENCIERS INVIT\u00c9S &#8221; style=&#8221;classic&#8221; color=&#8221;green&#8221; align=&#8221;left&#8221; link=&#8221;url:https%3A%2F%2Fcap.ca%2Fwp-content%2Fuploads%2F2021%2F05%2FInvited-Speakers-June3-21.xlsx-Google-Sheets.pdf||target:%20_blank|&#8221;][\/vc_column][\/vc_row]<\/p>\n<\/div>","protected":false},"excerpt":{"rendered":"<p>[vc_row][vc_column][vc_column_text] NOTE : Cette page sera continuellement mise \u00e0 jour au fur et \u00e0 mesure de la confirmation des conf\u00e9renciers. Pour consulter notre page des conf\u00e9renciers pl\u00e9niers, cliquez ici.\u00a0 QUELLE EST LA DIFF\u00c9RENCE ENTRE LES CONF\u00c9RENCIERS INVIT\u00c9S ET LES CONF\u00c9RENCIERS PL\u00c9NIERS ? Les conf\u00e9renciers invit\u00e9s sont organis\u00e9s par les diff\u00e9rentes divisions de l&#8217;ACP afin d&#8217;offrir&#8230;  <a class=\"excerpt-read-more\" href=\"https:\/\/cap.ca\/fr\/congres-de-lacp\/congres-anterieurs\/congres-virtuel-de-lacp-2021-6-11-juin\/conferenciers-invites\/\" title=\"LireConf\u00e9renciers invit\u00e9s\">Lire la suite &raquo;<\/a><\/p>\n","protected":false},"author":12,"featured_media":0,"parent":16954,"menu_order":7,"comment_status":"closed","ping_status":"closed","template":"","meta":{"footnotes":""},"class_list":["post-17443","page","type-page","status-publish","hentry"],"_links":{"self":[{"href":"https:\/\/cap.ca\/fr\/wp-json\/wp\/v2\/pages\/17443","targetHints":{"allow":["GET"]}}],"collection":[{"href":"https:\/\/cap.ca\/fr\/wp-json\/wp\/v2\/pages"}],"about":[{"href":"https:\/\/cap.ca\/fr\/wp-json\/wp\/v2\/types\/page"}],"author":[{"embeddable":true,"href":"https:\/\/cap.ca\/fr\/wp-json\/wp\/v2\/users\/12"}],"replies":[{"embeddable":true,"href":"https:\/\/cap.ca\/fr\/wp-json\/wp\/v2\/comments?post=17443"}],"version-history":[{"count":18,"href":"https:\/\/cap.ca\/fr\/wp-json\/wp\/v2\/pages\/17443\/revisions"}],"predecessor-version":[{"id":18231,"href":"https:\/\/cap.ca\/fr\/wp-json\/wp\/v2\/pages\/17443\/revisions\/18231"}],"up":[{"embeddable":true,"href":"https:\/\/cap.ca\/fr\/wp-json\/wp\/v2\/pages\/16954"}],"wp:attachment":[{"href":"https:\/\/cap.ca\/fr\/wp-json\/wp\/v2\/media?parent=17443"}],"curies":[{"name":"wp","href":"https:\/\/api.w.org\/{rel}","templated":true}]}}