{"id":17378,"date":"2021-02-16T12:54:58","date_gmt":"2021-02-16T17:54:58","guid":{"rendered":"https:\/\/cap.ca\/?page_id=17378"},"modified":"2021-04-03T21:10:52","modified_gmt":"2021-04-04T01:10:52","slug":"le-congres-en-un-coup-doeil","status":"publish","type":"page","link":"https:\/\/cap.ca\/fr\/congres-de-lacp\/congres-anterieurs\/congres-virtuel-de-lacp-2021-6-11-juin\/le-congres-en-un-coup-doeil\/","title":{"rendered":"Le Congr\u00e8s en un coup d&#8217;\u0153il"},"content":{"rendered":"<div class=\"wpb-content-wrapper\"><p>[vc_row][vc_column][vc_cta h2=&#8221;&#8221; txt_align=&#8221;center&#8221; color=&#8221;green&#8221;]<\/p>\n<h4>LE SYST\u00c8ME DE SOUMISSION DES R\u00c9SUM\u00c9S DE CONGR\u00c8S SERA OUVERT<br \/>\nJUSQU&#8217;AU 23H59 HAE DIMANCHE LE 4 AVRIL.\u00a0 (Pour les r\u00e9sum\u00e9s soumis apr\u00e8s la date limite de 28 f\u00e9vrier, on accepte seulement les r\u00e9sum\u00e9s de conf\u00e9renciers invit\u00e9s our les r\u00e9sum\u00e9s d&#8217;affiches).<\/h4>\n<p>[\/vc_cta][vc_btn title=&#8221;Voir le programme du Congr\u00e8s ici&#8221; color=&#8221;success&#8221; size=&#8221;lg&#8221; align=&#8221;center&#8221; button_block=&#8221;true&#8221; link=&#8221;url:https:\/\/cap.ca\/wp-content\/uploads\/2021\/03\/Congress-Schedule-2021-May13.xlsx.pdf|target:%20_blank|&#8221;][vc_column_text]<\/p>\n<div>\n<p class=\"x_MsoNormal\">Le Congr\u00e8s 2021 de l&#8217;ACP se tiendra enti\u00e8rement en ligne du 6 au 10 juin 2021. Ce congr\u00e8s de 5 jours sera l&#8217;occasion de pr\u00e9senter et de c\u00e9l\u00e9brer les r\u00e9alisations des physiciens au Canada et \u00e0 l&#8217;\u00e9tranger. Soumettez un r\u00e9sum\u00e9 pour partager vos recherches.<\/p>\n<\/div>\n<p>&nbsp;<\/p>\n<h4><strong>CONF\u00c9RENCE PUBLIQUE HERZBERG<\/strong><\/h4>\n<p>Notre programme passionnant comprend des conf\u00e9rences pl\u00e9ni\u00e8res par :<\/p>\n<ul class=\"content-list\">\n<li><strong>Avery Broderick<\/strong> (Universit\u00e9 de Waterloo\/Perimeter),<\/li>\n<li><strong>Renee Horton<\/strong> (NASA),<\/li>\n<li><strong>Alessandra Lanzara<\/strong> (Lawrence Berkeley National Laboratory),<\/li>\n<li><strong>Chanda Prescod-Weinstein<\/strong> (Universit\u00e9 du New Hampshire),<\/li>\n<li><strong>Brian Wilson<\/strong> (Universit\u00e9 de Toronto)<\/li>\n<\/ul>\n<p>Aussi, il y a :<\/p>\n<ul class=\"content-list\">\n<li>Une mise \u00e0 jour sur la communaut\u00e9 par le pr\u00e9sident du CRSNG, <strong>Alejandro Adem<\/strong>,<\/li>\n<li>et une pr\u00e9sentation des r\u00e9sultats de la premi\u00e8re enqu\u00eate annuelle sur l&#8217;EDI au Canada par les coordinateurs de l&#8217;enqu\u00eate, le <strong>Dr Kevin Hewitt<\/strong> et <strong>Anastasia Smolina<\/strong>.<\/li>\n<\/ul>\n<p>Le congr\u00e8s comprendra \u00e9galement plusieurs \u00e9v\u00e9nements de r\u00e9seautage, notamment un atelier sur la politique scientifique &#8220;\u00e0 l&#8217;heure du d\u00e9jeuner&#8221;, deux s\u00e9ances d\u2019affiches, ainsi que des possibilit\u00e9s pour les \u00e9tudiants de participer \u00e0 des concours des meilleurs articles d&#8217;\u00e9tudiants, d\u00e9veloppement professionnel et des possibilit\u00e9s de formation.<\/p>\n<p><strong>The Best Student Oral Presentation Competition Finals, followed by the Awards Ceremony for both the oral and poster competition, will be held on Thursday, June 17.\u00a0 Full details will be posted by April 15.<\/strong><\/p>\n<p>&nbsp;<\/p>\n<h4><strong>JOURN\u00c9E DES SYMPOSIUMS, MARDI 8 JUIN<\/strong><\/h4>\n<p>\u00c0 l&#8217;heure actuelle, les symposiums th\u00e9matiques suivantes sont pr\u00e9vues :<\/p>\n<ul class=\"content-list\">\n<li>Neutrinos &amp; Beyond (PPD)<\/li>\n<li>Cosmologie : Une c\u00e9l\u00e9bration du prix Nobel 2019 du Dr James Peebles (DTP), avec une pr\u00e9sentation d&#8217;ouverture par le Dr Peebles<\/li>\n<li>Apprentissage par machine quantique (DTP)<\/li>\n<li>Avanc\u00e9es importantes en physique biologique et m\u00e9dicale (DPMB)<\/li>\n<li>Secteur priv\u00e9 de la physique (DAPI, affaires professionnelles)<\/li>\n<li>Basse pression\/confinement magn\u00e9tique\/confinement inertiel\/physique fondamentale des plasmas (DPP)<\/li>\n<li>Mini-congr\u00e8s Magnetic North<\/li>\n<li>La physique pour la prochaine g\u00e9n\u00e9ration de capteurs et la m\u00e9trologie (NRC)<\/li>\n<\/ul>\n<p><strong>\u00a0<\/strong><\/p>\n<h4><strong>PLATE-FORME \/ PROGRAMMATION EN LIGNE INNOVANTE <\/strong><strong>LOGICIELS :<\/strong><\/h4>\n<p>Comme le Congr\u00e8s 2021 sera uniquement virtuel, nous avons pass\u00e9 un contrat avec une plate-forme logicielle appel\u00e9e Underline pour g\u00e9rer les \u00e9v\u00e9nements virtuels du Congr\u00e8s (voir https:\/\/underline.io).<\/p>\n<p>Cette plate-forme ne n\u00e9cessite aucun t\u00e9l\u00e9chargement de logiciel sp\u00e9cifique, elle est enti\u00e8rement bas\u00e9e sur un navigateur.\u00a0 La plate-forme Underline contient un sous-domaine &#8220;R\u00e9seaux\/activit\u00e9s sociales&#8221;, bas\u00e9 sur la plate-forme GatherTown que nous utiliserons pour notre session d\u2019affiches et d&#8217;autres possibilit\u00e9s de r\u00e9seautage.<\/p>\n<p>&nbsp;<\/p>\n<h4><strong>FUSEAU HORAIRES :\u00a0<\/strong><\/h4>\n<p>En plus des conf\u00e9rences pl\u00e9ni\u00e8res en direct et des symposiums \u00e9num\u00e9r\u00e9s ci-dessus, le programme du Congr\u00e8s comprend une s\u00e9rie de sessions parall\u00e8les de 45 minutes le lundi, mercredi et jeudi.\u00a0 Afin de garantir que le conf\u00e9rence soit accessible \u00e0 tous nos membres d\u2019une c\u00f4te \u00e0 l&#8217;autre, il sera programm\u00e9e entre 10h30 HEE et 17h30 HEE.\u00a0 Cela signifie que le temps disponible pour les pr\u00e9sentations de nos d\u00e9l\u00e9gu\u00e9s est beaucoup plus limit\u00e9 que celui qui a \u00e9t\u00e9 offert lors du congr\u00e8s en personne.<\/p>\n<p>Ainsi, pour tirer parti des innovations que permet le fait d&#8217;\u00eatre totalement en ligne tout en s&#8217;effor\u00e7ant de maximiser le nombre de pr\u00e9sentations qui peuvent \u00eatre offertes, nous demandons qu&#8217;une grande partie du congr\u00e8s se d\u00e9roule en mode hybride invers\u00e9.\u00a0 Cela signifie que les pr\u00e9sentateurs pr\u00e9enregistreront des vid\u00e9os de leurs pr\u00e9sentations et participeront ensuite \u00e0 une session en ligne o\u00f9 ils donneront un court \u00a0r\u00e9sum\u00e9\/mise \u00e0 jour en direct de leur pr\u00e9sentation d\u00e9j\u00e0 et participeront \u00e0 une session de questions et r\u00e9ponses consacr\u00e9e aux pr\u00e9sentations attribu\u00e9s \u00e0 leur session.<\/p>\n<p>Les r\u00e9sum\u00e9s\/mises \u00e0 jour des pr\u00e9sentations seront d&#8217;une dur\u00e9e de 3 minutes pour les pr\u00e9sentations invit\u00e9s et de 1,5 minute pour les pr\u00e9sentations contribu\u00e9s. En adoptant ce mod\u00e8le, les pr\u00e9sentateurs auront l&#8217;avantage de pouvoir mettre \u00e0 disposition l&#8217;int\u00e9gralit\u00e9 de leurs 30 ou 15 (pr\u00e9sentations contribu\u00e9s) tout en \u00e9tant en mesure de mettre \u00e0 jour le mat\u00e9riel pr\u00e9enregistr\u00e9 pendant leur pr\u00e9sentation de mise \u00e0 jour. Les pr\u00e9sentateurs oraux \u00e9tudiants acquerront \u00e9galement de l&#8217;exp\u00e9rience dans la pr\u00e9paration d\u2019une pr\u00e9sentations, la pr\u00e9paration d&#8217;une version &#8220;ascenseur&#8221; et la participation \u00e0 une discussion de groupe sur leur domaine de recherche.<\/p>\n<p>Tous les expos\u00e9s pr\u00e9enregistr\u00e9s seront mis \u00e0 la disposition des d\u00e9l\u00e9gu\u00e9s inscrits environ deux semaines avant le d\u00e9but du congr\u00e8s.\u00a0 En outre, le Congr\u00e8s g\u00e9r\u00e9 dans le cadre de la plateforme Underline sera enregistr\u00e9 et sera mis \u00e0 la disposition des d\u00e9l\u00e9gu\u00e9s inscrits pendant une certaine p\u00e9riode apr\u00e8s le Congr\u00e8s.<\/p>\n<p>Les pr\u00e9sentateurs d&#8217;affiches profiteront de la plateforme de r\u00e9seautage virtuel qui permettra aux d\u00e9l\u00e9gu\u00e9s de parcourir les affiches avant les sessions formelles, de poser des questions \u00e0 l&#8217;auteur \u00e0 tout moment, d&#8217;assister \u00e0 la session d&#8217;affiches et de rencontrer virtuellement l&#8217;auteur de l&#8217;affiche via Gather.Town (de type Zoom) tout en regardant le pdf de l&#8217;affiche.\u00a0 Les d\u00e9l\u00e9gu\u00e9s pourront \u00e9galement demander une r\u00e9union pour discuter de leur mat\u00e9riel s&#8217;ils ne peuvent pas assister aux s\u00e9ances d&#8217;affichage pr\u00e9vues.<\/p>\n<p>&nbsp;<\/p>\n<h4><span style=\"font-size: 14pt;\"><strong>SOYEZ PARMI LES PR\u00c9SENTATEURS &#8211; SOUMETTEZ UN R\u00c9SUM\u00c9 AVANT LE 28 F\u00c9VRIER<\/strong><\/span><\/h4>\n<p>Les soumissions de r\u00e9sum\u00e9s pour les pr\u00e9sentations orales et les posters du Congr\u00e8s de l\u2019ACP 2021 sont maintenant accept\u00e9es \u00e0 (lien \u00e0 venir).<\/p>\n<p>&nbsp;<\/p>\n<h4><span style=\"font-size: 14pt;\"><strong>LES FRAIS D&#8217;INSCRIPTION<\/strong><\/span><\/h4>\n<p>Comme le congr\u00e8s de 2021 se tiendra de mani\u00e8re virtuelle, les co\u00fbts associ\u00e9s \u00e0 la gestion du congr\u00e8s sont moins \u00e9lev\u00e9s que ceux associ\u00e9s aux \u00e9v\u00e9nements en personne ; cependant, il y a encore des co\u00fbts \u00e0 r\u00e9cup\u00e9rer, notamment les co\u00fbts du logiciel de gestion du congr\u00e8s et le temps du personnel du bureau de l\u2019ACP associ\u00e9 au congr\u00e8s.\u00a0\u00a0 La structure tarifaire qui a \u00e9t\u00e9 adopt\u00e9e pour cette ann\u00e9e a \u00e9t\u00e9 fix\u00e9e apr\u00e8s un examen minutieux de ces deux facteurs.\u00a0 Cliquez ici pour voir les frais d&#8217;inscription &#8211;<\/p>\n<p>&nbsp;<\/p>\n<p><strong>Enregistrement anticip\u00e9 (9 avr. &#8211; 24 mai)<\/strong><\/p>\n<p>Enseignants du secondaire &#8211; 20<\/p>\n<p>\u00c9tudiants\/retrait\u00e9s (membres) &#8211; 75<\/p>\n<p>\u00c9tudiants\/retrait\u00e9s (non-membres) &#8211; 100 $<\/p>\n<p>Tous les autres (membres\/soci\u00e9t\u00e9s r\u00e9ciproques\/intervenants invit\u00e9s) &#8211; 150<\/p>\n<p>Tous les autres (non membres) &#8211; 180<\/p>\n<p>&nbsp;<\/p>\n<p><strong>Enregistrement tardif (25 mai &#8211; 11 juin)<\/strong><\/p>\n<p>Enseignants du secondaire &#8211; 35<\/p>\n<p>\u00c9tudiants\/retrait\u00e9s (membres) &#8211; 90<\/p>\n<p>\u00c9tudiants\/retrait\u00e9s (non-membres) &#8211; 115<\/p>\n<p>Tous les autres (membres\/soci\u00e9t\u00e9s r\u00e9ciproques\/intervenants invit\u00e9s) &#8211; 175<\/p>\n<p>Tous les autres (non membres) &#8211; 205<\/p>\n<p>&nbsp;<\/p>\n<p><strong>Lors de l&#8217;inscription, nous souhaitons que les membres indiquent s&#8217;ils participeront aux \u00e9v\u00e9nements suivants :<\/strong><\/p>\n<ul class=\"content-list\">\n<li>Symposiums<\/li>\n<li>Conf\u00e9rences connexes<\/li>\n<li>R\u00e9unions IPP \/ CINP<\/li>\n<li>S\u00e9ances d&#8217;affichage<\/li>\n<li>Conf\u00e9rence publique Herzberg<\/li>\n<li>Concours oral des \u00e9tudiants Finales<\/li>\n<\/ul>\n<p>Nous esp\u00e9rons vous voir en ligne du 6 au 10 juin !<\/p>\n<\/div>","protected":false},"excerpt":{"rendered":"<p>[vc_row][vc_column][vc_cta h2=&#8221;&#8221; txt_align=&#8221;center&#8221; color=&#8221;green&#8221;] LE SYST\u00c8ME DE SOUMISSION DES R\u00c9SUM\u00c9S DE CONGR\u00c8S SERA OUVERT JUSQU&#8217;AU 23H59 HAE DIMANCHE LE 4 AVRIL.\u00a0 (Pour les r\u00e9sum\u00e9s soumis apr\u00e8s la date limite de 28 f\u00e9vrier, on accepte seulement les r\u00e9sum\u00e9s de conf\u00e9renciers invit\u00e9s our les r\u00e9sum\u00e9s d&#8217;affiches). [\/vc_cta][vc_btn title=&#8221;Voir le programme du Congr\u00e8s ici&#8221; color=&#8221;success&#8221; size=&#8221;lg&#8221; align=&#8221;center&#8221; button_block=&#8221;true&#8221;&#8230;  <a class=\"excerpt-read-more\" href=\"https:\/\/cap.ca\/fr\/congres-de-lacp\/congres-anterieurs\/congres-virtuel-de-lacp-2021-6-11-juin\/le-congres-en-un-coup-doeil\/\" title=\"LireLe Congr\u00e8s en un coup d&#8217;\u0153il\">Lire la suite &raquo;<\/a><\/p>\n","protected":false},"author":12,"featured_media":0,"parent":16954,"menu_order":7,"comment_status":"closed","ping_status":"closed","template":"","meta":{"footnotes":""},"class_list":["post-17378","page","type-page","status-publish","hentry"],"_links":{"self":[{"href":"https:\/\/cap.ca\/fr\/wp-json\/wp\/v2\/pages\/17378","targetHints":{"allow":["GET"]}}],"collection":[{"href":"https:\/\/cap.ca\/fr\/wp-json\/wp\/v2\/pages"}],"about":[{"href":"https:\/\/cap.ca\/fr\/wp-json\/wp\/v2\/types\/page"}],"author":[{"embeddable":true,"href":"https:\/\/cap.ca\/fr\/wp-json\/wp\/v2\/users\/12"}],"replies":[{"embeddable":true,"href":"https:\/\/cap.ca\/fr\/wp-json\/wp\/v2\/comments?post=17378"}],"version-history":[{"count":9,"href":"https:\/\/cap.ca\/fr\/wp-json\/wp\/v2\/pages\/17378\/revisions"}],"predecessor-version":[{"id":17903,"href":"https:\/\/cap.ca\/fr\/wp-json\/wp\/v2\/pages\/17378\/revisions\/17903"}],"up":[{"embeddable":true,"href":"https:\/\/cap.ca\/fr\/wp-json\/wp\/v2\/pages\/16954"}],"wp:attachment":[{"href":"https:\/\/cap.ca\/fr\/wp-json\/wp\/v2\/media?parent=17378"}],"curies":[{"name":"wp","href":"https:\/\/api.w.org\/{rel}","templated":true}]}}