{"id":17207,"date":"2021-01-18T06:38:24","date_gmt":"2021-01-18T11:38:24","guid":{"rendered":"https:\/\/cap.ca\/?page_id=17207"},"modified":"2021-05-19T15:02:15","modified_gmt":"2021-05-19T19:02:15","slug":"frais-dinscription-2021","status":"publish","type":"page","link":"https:\/\/cap.ca\/fr\/congres-de-lacp\/congres-anterieurs\/congres-virtuel-de-lacp-2021-6-11-juin\/frais-dinscription-2021\/","title":{"rendered":"Processus et frais d&#8217;inscription pour 2021"},"content":{"rendered":"<blockquote><p><strong><br \/>\nINSCRIVEZ-VOUS D\u00c8S MAINTENANT AU CONGR\u00c8S VIRTUEL DE L&#8217;ACP 2021<br \/>\n<\/strong><\/p>\n<p><strong>L&#8217;inscription anticip\u00e9e se termine mardi 25 mai<br \/>\n<\/strong><\/p>\n<p><span style=\"font-size: large;\"><strong>Vous \u00eates membre de la CAP ?\u00a0 Suivez ces instructions&#8230;<\/strong><\/span><br \/>\n<span style=\"font-size: medium;\"><a href=\"https:\/\/crm.cap.ca\/\" target=\"blank\" rel=\"noopener noreferrer\">Cliquez ici pour vous connecter \u00e0 votre compte de membre<\/a>, v\u00e9rifier votre statut de membre (et le renouveler si n\u00e9cessaire), puis s\u00e9lectionnez le lien d&#8217;inscription au Congr\u00e8s sous \u00c9v\u00e9nements dans votre tableau de bord pour acc\u00e9der au tarif r\u00e9duit d&#8217;inscription des membres.<br \/>\n<\/span><br \/>\n<span style=\"font-size: large;\"><strong>Pas encore membre ? <\/strong><\/span>.<br \/>\n<span style=\"font-size: medium;\">Adh\u00e9rez \u00e0 l&#8217;ACP pour b\u00e9n\u00e9ficier de tarifs d&#8217;inscription r\u00e9duits pour les membres !\u00a0\u00a0(NOTE : Pr\u00e9voyez 5 jours ouvrables pour le traitement de votre demande d&#8217;adh\u00e9sion).\u00a0 \u00a0<a href=\"https:\/\/crm.cap.ca\/en\/civicrm\/event\/register?reset=1&amp;id=74\" target=\"_blank\" rel=\"noopener noreferrer\"><strong>Cliquez ici pour vous inscrire en tant que d\u00e9l\u00e9gu\u00e9 non membre (changer l&#8217;option de langue en haut de la page en fran\u00e7ais).<\/strong><\/a><\/span><\/p><\/blockquote>\n<p>&nbsp;<\/p>\n<p><strong>Les frais d\u2019inscription suivants sont indiqu\u00e9s en dollars canadiens. La TVH de 13 % doit \u00eatre ajout\u00e9e \u00e0 ces prix.<\/strong><\/p>\n<p>Les frais d&#8217;inscription comprennent l&#8217;acc\u00e8s \u00e0 la conf\u00e9rence Magnetic North et \u00e0 tous les \u00e9v\u00e9nements organis\u00e9s dans le cadre du congr\u00e8s de l&#8217;ACP qui se tient pendant la semaine du 6 au 11 juin, ainsi que la finale de la comp\u00e9tition de la meilleure pr\u00e9sentation orale des \u00e9tudiants qui aura lieu la semaine suivante.<br \/>\nPour les enseignants du secondaire, les frais d&#8217;inscription comprennent l&#8217;atelier des enseignants du secondaire pr\u00e9vu dans l&#8217;apr\u00e8s-midi du dimanche 6 juin.<\/p>\n<p>La conf\u00e9rence comm\u00e9morative Herzberg du dimanche soir sera diffus\u00e9e gratuitement en direct sur YouTube.\u00a0 Aucune inscription n&#8217;est requise.<\/p>\n<p>Comme le congr\u00e8s de 2021 est propos\u00e9 de mani\u00e8re virtuelle, les co\u00fbts associ\u00e9s \u00e0 la gestion du congr\u00e8s sont moins \u00e9lev\u00e9s que ceux associ\u00e9s aux \u00e9v\u00e9nements en personne ; cependant, il y a encore des co\u00fbts \u00e0 recouvrer, notamment les co\u00fbts du logiciel de gestion du congr\u00e8s et le temps du personnel associ\u00e9 au congr\u00e8s.\u00a0 La structure tarifaire qui a \u00e9t\u00e9 adopt\u00e9e pour cette ann\u00e9e a \u00e9t\u00e9 fix\u00e9e apr\u00e8s un examen minutieux de ces deux facteurs.<\/p>\n<table style=\"width: 87.6825%; height: 746px;\" border=\"1\" cellspacing=\"1\" cellpadding=\"1\">\n<tbody>\n<tr style=\"height: 39px;\">\n<td style=\"height: 106px; width: 51.7413%;\" rowspan=\"2\" align=\"center\"><strong>Frais d\u2019inscription du<br \/>\nCongr\u00e8s de l&#8217;ACP 2021<\/strong><\/td>\n<td style=\"height: 39px; width: 25.1214%; text-align: center;\" align=\"center\"><span style=\"font-size: 10pt;\">T\u00d4T<\/span><\/td>\n<td style=\"height: 39px; width: 29.2733%; text-align: center;\" align=\"center\"><span style=\"font-size: 10pt;\">R\u00c9GULIER \/ TARD<\/span><\/td>\n<\/tr>\n<tr style=\"height: 67px;\">\n<td style=\"height: 67px; width: 25.1214%; text-align: center;\" align=\"center\"><span style=\"font-size: 13.3333px;\"><b>Du fin-avril au 25 mai<\/b><\/span><\/td>\n<td style=\"height: 67px; width: 29.2733%; text-align: center;\" align=\"center\"><strong><span style=\"font-size: 10pt;\">Du 26 mai au 11 juin<\/span><\/strong><\/td>\n<\/tr>\n<tr style=\"height: 30px;\">\n<td style=\"height: 30px; width: 106.136%;\" colspan=\"3\"><span style=\"font-size: 12pt; color: #993300;\"><strong>Membres et \u00e9tudiant(e)s affili\u00e9(e) :<\/strong><\/span><\/td>\n<\/tr>\n<tr style=\"height: 30px;\">\n<td style=\"height: 30px; width: 51.7413%; padding-left: 30px;\"><span style=\"font-size: 10pt;\">R\u00e9gulier<\/span><\/td>\n<td style=\"height: 30px; width: 25.1214%; text-align: center;\"><span style=\"font-size: 10pt;\">150 $<\/span><\/td>\n<td style=\"height: 30px; width: 29.2733%; text-align: center;\"><span style=\"font-size: 10pt;\">175 $<\/span><\/td>\n<\/tr>\n<tr style=\"height: 30px;\">\n<td style=\"height: 30px; width: 51.7413%; padding-left: 30px;\"><span style=\"font-size: 10pt;\">Conf\u00e9renciers invit\u00e9s<\/span><\/td>\n<td style=\"height: 30px; width: 25.1214%; text-align: center;\"><span style=\"font-size: 10pt;\">150 $<\/span><\/td>\n<td style=\"height: 30px; width: 29.2733%; text-align: center;\"><span style=\"font-size: 10pt;\">175 $<\/span><\/td>\n<\/tr>\n<tr style=\"height: 30px;\">\n<td style=\"height: 30px; width: 51.7413%; padding-left: 30px;\"><span style=\"font-size: 10pt;\">Retrait\u00e9s<\/span><\/td>\n<td style=\"height: 30px; width: 25.1214%; text-align: center;\"><span style=\"font-size: 10pt;\">75 $<\/span><\/td>\n<td style=\"height: 30px; width: 29.2733%; text-align: center;\"><span style=\"font-size: 10pt;\">90 $<\/span><\/td>\n<\/tr>\n<tr style=\"height: 30px;\">\n<td style=\"height: 30px; width: 51.7413%; padding-left: 30px;\"><span style=\"font-size: 10pt;\">En d\u00e9but de carri\u00e8re* (dipl\u00f4me obtenu depuis moins de 4 ans)<\/span><\/td>\n<td style=\"height: 30px; width: 25.1214%; text-align: center;\"><span style=\"font-size: 10pt;\">75 $<\/span><\/td>\n<td style=\"height: 30px; width: 29.2733%; text-align: center;\"><span style=\"font-size: 10pt;\">90 $<\/span><\/td>\n<\/tr>\n<tr style=\"height: 30px;\">\n<td style=\"height: 30px; width: 51.7413%; padding-left: 30px;\"><span style=\"font-size: 10pt;\">\u00c9tudiant(e)s dipl\u00f4m\u00e9(e) et pr\u00e9sentant les \u00e9tudiants de premier cycle<\/span><\/td>\n<td style=\"height: 30px; width: 25.1214%; text-align: center;\"><span style=\"font-size: 10pt;\">75 $<\/span><\/td>\n<td style=\"height: 30px; width: 29.2733%; text-align: center;\"><span style=\"font-size: 10pt;\">90 $<\/span><\/td>\n<\/tr>\n<tr style=\"height: 30px;\">\n<td style=\"height: 30px; width: 51.7413%; padding-left: 30px;\"><span style=\"font-size: 10pt;\">Enseignants au secondaire<\/span><\/td>\n<td style=\"height: 30px; width: 25.1214%; text-align: center;\"><span style=\"font-size: 10pt;\">20 $<\/span><\/td>\n<td style=\"height: 30px; width: 29.2733%; text-align: center;\"><span style=\"font-size: 10pt;\">35 $<\/span><\/td>\n<\/tr>\n<tr style=\"height: 30px;\">\n<td style=\"height: 30px; width: 51.7413%; padding-left: 30px;\"><span style=\"font-size: 10pt;\">\u00c9tudiant(e)s du premier cycle<\/span><\/td>\n<td style=\"height: 30px; width: 25.1214%; text-align: center;\"><span style=\"font-size: 10pt;\">20 $<\/span><\/td>\n<td style=\"height: 30px; width: 29.2733%; text-align: center;\"><span style=\"font-size: 10pt;\">35 $<\/span><\/td>\n<\/tr>\n<tr style=\"height: 30px;\">\n<td style=\"height: 30px; width: 51.7413%; text-align: left;\"><span style=\"font-size: 10pt; color: #993300;\"><span style=\"font-size: 12pt;\"><strong>Non-membres :<\/strong><\/span><\/span><\/td>\n<td style=\"height: 30px; width: 25.1214%; text-align: center;\"><\/td>\n<td style=\"height: 30px; width: 29.2733%; text-align: center;\"><\/td>\n<\/tr>\n<tr style=\"height: 30px;\">\n<td style=\"height: 30px; width: 51.7413%; padding-left: 30px;\"><span style=\"font-size: 10pt;\">R\u00e9gulier<\/span><\/td>\n<td style=\"height: 30px; width: 25.1214%; text-align: center;\"><span style=\"font-size: 10pt;\">180 $<\/span><\/td>\n<td style=\"height: 30px; width: 29.2733%; text-align: center;\"><span style=\"font-size: 10pt;\">205 $<\/span><\/td>\n<\/tr>\n<tr style=\"height: 30px;\">\n<td style=\"height: 30px; width: 51.7413%; padding-left: 30px;\"><span style=\"font-size: 10pt;\">Conf\u00e9renciers invit\u00e9s<\/span><\/td>\n<td style=\"height: 30px; width: 25.1214%; text-align: center;\"><span style=\"font-size: 10pt;\">150 $<\/span><\/td>\n<td style=\"height: 30px; width: 29.2733%; text-align: center;\"><span style=\"font-size: 10pt;\">175 $<\/span><\/td>\n<\/tr>\n<tr style=\"height: 10px;\">\n<td style=\"height: 10px; width: 51.7413%; padding-left: 30px;\"><span style=\"font-size: 10pt;\">Membres d&#8217;un soci\u00e9t\u00e9 r\u00e9ciproque (IoP, APS, JPS, GPS, SMF)<\/span><\/td>\n<td style=\"height: 10px; width: 25.1214%; text-align: center;\"><span style=\"font-size: 10pt;\">150 $<\/span><\/td>\n<td style=\"height: 10px; width: 29.2733%; text-align: center;\"><span style=\"font-size: 10pt;\">175 $<\/span><\/td>\n<\/tr>\n<tr style=\"height: 30px;\">\n<td style=\"height: 30px; width: 51.7413%; padding-left: 30px;\"><span style=\"font-size: 10pt;\">En d\u00e9but de carri\u00e8re* (dipl\u00f4me obtenu depuis moins de 4 ans)<\/span><\/td>\n<td style=\"height: 30px; width: 25.1214%; text-align: center;\"><span style=\"font-size: 10pt;\">180 $<\/span><\/td>\n<td style=\"height: 30px; width: 29.2733%; text-align: center;\"><span style=\"font-size: 10pt;\">205 $<\/span><\/td>\n<\/tr>\n<tr style=\"height: 39px;\">\n<td style=\"height: 39px; width: 51.7413%; padding-left: 30px;\"><span style=\"font-size: 10pt;\">Retrait\u00e9s<\/span><\/td>\n<td class=\"rtecenter\" style=\"height: 39px; width: 25.1214%; text-align: center;\"><span style=\"font-size: 10pt;\">\u00a0100 $<\/span><\/td>\n<td class=\"rtecenter\" style=\"height: 39px; width: 29.2733%; text-align: center;\"><span style=\"font-size: 10pt;\">115 $<\/span><\/td>\n<\/tr>\n<tr style=\"height: 39px;\">\n<td style=\"height: 39px; width: 51.7413%; padding-left: 30px;\"><span style=\"font-size: 10pt;\">\u00c9tudiants dipl\u00f4m\u00e9s<\/span><\/td>\n<td class=\"rtecenter\" style=\"height: 39px; width: 25.1214%; text-align: center;\"><span style=\"font-size: 10pt;\">100 $<\/span><\/td>\n<td class=\"rtecenter\" style=\"height: 39px; width: 29.2733%; text-align: center;\"><span style=\"font-size: 10pt;\">115 $<\/span><\/td>\n<\/tr>\n<tr style=\"height: 39px;\">\n<td style=\"height: 39px; width: 51.7413%; padding-left: 30px;\"><span style=\"font-size: 10pt;\">\u00c9tudiants du premier cycle<\/span><\/td>\n<td class=\"rtecenter\" style=\"height: 39px; width: 25.1214%; text-align: center;\"><span style=\"font-size: 10pt;\">\u00a0100 $<\/span><\/td>\n<td class=\"rtecenter\" style=\"height: 39px; width: 29.2733%; text-align: center;\"><span style=\"font-size: 10pt;\">115 $<\/span><\/td>\n<\/tr>\n<tr style=\"height: 30px;\">\n<td style=\"height: 30px; width: 51.7413%; padding-left: 30px;\"><span style=\"font-size: 10pt;\">Enseignants au secondaire<\/span><\/td>\n<td style=\"height: 30px; width: 25.1214%; text-align: center;\"><span style=\"font-size: 10pt;\">20 $<\/span><\/td>\n<td style=\"height: 30px; width: 29.2733%; text-align: center;\"><span style=\"font-size: 10pt;\">35 $<\/span><\/td>\n<\/tr>\n<tr style=\"height: 123px;\">\n<td style=\"height: 123px; width: 106.136%;\" colspan=\"3\"><span style=\"font-size: 10pt; font-family: inherit;\">*\u00a0 Ce frais sp\u00e9cial est offert aux membres seulement; les non-membres en d\u00e9but de carri\u00e8re sont invit\u00e9s \u00e0 se joindre \u00e0 l\u2019ACP pour en profiter. Sinon, le frais de non-membres sera requis.<\/span><\/p>\n<p><span style=\"font-size: 10pt;\"><strong>** L&#8217;adh\u00e9sion \u00e9tant gratuite pour les \u00e9tudiants de premier cycle, les \u00e9tudiants de premier cycle non membres doivent payer le m\u00eame tarif que les \u00e9tudiants dipl\u00f4m\u00e9s non membres.<\/strong><\/span><\/td>\n<\/tr>\n<\/tbody>\n<\/table>\n<p>&nbsp;<\/p>\n","protected":false},"excerpt":{"rendered":"<p>INSCRIVEZ-VOUS D\u00c8S MAINTENANT AU CONGR\u00c8S VIRTUEL DE L&#8217;ACP 2021 L&#8217;inscription anticip\u00e9e se termine mardi 25 mai Vous \u00eates membre de la CAP ?\u00a0 Suivez ces instructions&#8230; Cliquez ici pour vous connecter \u00e0 votre compte de membre, v\u00e9rifier votre statut de membre (et le renouveler si n\u00e9cessaire), puis s\u00e9lectionnez le lien d&#8217;inscription au Congr\u00e8s sous \u00c9v\u00e9nements&#8230;  <a class=\"excerpt-read-more\" href=\"https:\/\/cap.ca\/fr\/congres-de-lacp\/congres-anterieurs\/congres-virtuel-de-lacp-2021-6-11-juin\/frais-dinscription-2021\/\" title=\"LireProcessus et frais d&#8217;inscription pour 2021\">Lire la suite &raquo;<\/a><\/p>\n","protected":false},"author":5,"featured_media":0,"parent":16954,"menu_order":83,"comment_status":"closed","ping_status":"closed","template":"","meta":{"footnotes":""},"class_list":["post-17207","page","type-page","status-publish","hentry"],"_links":{"self":[{"href":"https:\/\/cap.ca\/fr\/wp-json\/wp\/v2\/pages\/17207","targetHints":{"allow":["GET"]}}],"collection":[{"href":"https:\/\/cap.ca\/fr\/wp-json\/wp\/v2\/pages"}],"about":[{"href":"https:\/\/cap.ca\/fr\/wp-json\/wp\/v2\/types\/page"}],"author":[{"embeddable":true,"href":"https:\/\/cap.ca\/fr\/wp-json\/wp\/v2\/users\/5"}],"replies":[{"embeddable":true,"href":"https:\/\/cap.ca\/fr\/wp-json\/wp\/v2\/comments?post=17207"}],"version-history":[{"count":20,"href":"https:\/\/cap.ca\/fr\/wp-json\/wp\/v2\/pages\/17207\/revisions"}],"predecessor-version":[{"id":18222,"href":"https:\/\/cap.ca\/fr\/wp-json\/wp\/v2\/pages\/17207\/revisions\/18222"}],"up":[{"embeddable":true,"href":"https:\/\/cap.ca\/fr\/wp-json\/wp\/v2\/pages\/16954"}],"wp:attachment":[{"href":"https:\/\/cap.ca\/fr\/wp-json\/wp\/v2\/media?parent=17207"}],"curies":[{"name":"wp","href":"https:\/\/api.w.org\/{rel}","templated":true}]}}