{"id":16954,"date":"2021-01-07T01:05:49","date_gmt":"2021-01-07T06:05:49","guid":{"rendered":"https:\/\/cap.ca\/?page_id=16954"},"modified":"2021-09-28T13:02:40","modified_gmt":"2021-09-28T17:02:40","slug":"congres-virtuel-de-lacp-2021-6-11-juin","status":"publish","type":"page","link":"https:\/\/cap.ca\/fr\/congres-de-lacp\/congres-anterieurs\/congres-virtuel-de-lacp-2021-6-11-juin\/","title":{"rendered":"Congr\u00e8s virtuel de l&#8217;ACP 2021 &#8211; 6-11 juin"},"content":{"rendered":"<div class=\"wpb-content-wrapper\"><p>[vc_row][vc_column][vc_cta h2=&#8221;&#8221; h4=&#8221;Merci beaucoup !&#8221;]L&#8217;ACP remercie chaleureusement tous ceux qui ont contribu\u00e9 \u00e0 rendre le Congr\u00e8s de l&#8217;ACP 2021 possible ! Consultez le document officiel de remerciement du Congr\u00e8s virtuel de l&#8217;ACP 2021 <a href=\"https:\/\/cap.ca\/wp-content\/uploads\/2021\/06\/FRE-Congress-Closing-Slides-2.pdf\">ici.<\/a>[\/vc_cta][vc_column_text]<\/p>\n<h3>L&#8217;ACP tiendra un congr\u00e8s virtuel du 6 au 11 juin 2021 !<\/h3>\n<p>&nbsp;<\/p>\n<blockquote>\n<h3>Le site du Congr\u00e8s de l&#8217;ACP sur Underline est maintenant ouvert aux inscrits au Congr\u00e8s &#8212; <a href=\"https:\/\/underline.io\/events\/105\/reception\" target=\"_blank\" rel=\"noopener noreferrer\">https:\/\/underline.io\/events\/105\/reception<\/a><\/h3>\n<p>Les personnes inscrites au congr\u00e8s recevront un courriel d&#8217;Underline contenant des instructions sur la fa\u00e7on de cr\u00e9er un compte dans leur syst\u00e8me pour avoir acc\u00e8s au site du congr\u00e8s CAP.\u00a0 Toutes les inscriptions re\u00e7ues avant le 31 mai seront enti\u00e8rement trait\u00e9es avant le mercredi 2 juin \u00e0 midi.\u00a0 Le paiement int\u00e9gral des frais d&#8217;inscription est requis avant que l&#8217;acc\u00e8s ne soit accord\u00e9.\u00a0 \u00a0Les inscriptions re\u00e7ues entre le 31 mai et le 4 juin recevront le message soulign\u00e9 dans les 24 heures suivant leur r\u00e9ception.\u00a0 Veuillez v\u00e9rifier vos spams.\u00a0 Si vous n&#8217;avez pas re\u00e7u votre message avant minuit le 4 juin, veuillez contacter <a href=\"mailto:cap2021@underline.io\">cap2021@underline.io<\/a>.<\/p>\n<p><strong><br \/>\nINSCRIVEZ-VOUS D\u00c8S MAINTENANT AU CONGR\u00c8S VIRTUEL DE L&#8217;ACP 2021<br \/>\n(l&#8217;inscription anticip\u00e9e se termine le 25 mai)<br \/>\n<\/strong><\/p>\n<p><span style=\"font-size: 10pt;\"><strong>Vous \u00eates membre de la CAP ?\u00a0 Suivez ces instructions&#8230;<\/strong><\/span><br \/>\n<span style=\"font-size: medium;\"><span style=\"font-size: 10pt;\"><strong><a href=\"https:\/\/crm.cap.ca\/\" target=\"blank\" rel=\"noopener noreferrer\">Cliquez ici pour vous connecter \u00e0 votre compte de membre<\/a><\/strong>, v\u00e9rifier votre statut de membre (et le renouveler si n\u00e9cessaire), puis s\u00e9lectionnez le lien d&#8217;inscription au Congr\u00e8s sous \u00c9v\u00e9nements dans votre tableau de bord pour acc\u00e9der au tarif r\u00e9duit d&#8217;inscription des membres.<\/span><br \/>\n<\/span><br \/>\n<span style=\"font-size: 10pt;\"><strong>Pas encore membre ? <\/strong>.<\/span><br \/>\n<span style=\"font-size: 10pt;\">Adh\u00e9rez \u00e0 l&#8217;ACP pour b\u00e9n\u00e9ficier de tarifs d&#8217;inscription r\u00e9duits pour les membres !\u00a0\u00a0(NOTE : Pr\u00e9voyez 5 jours ouvrables pour le traitement de votre demande d&#8217;adh\u00e9sion).\u00a0 \u00a0<a href=\"https:\/\/crm.cap.ca\/en\/civicrm\/event\/register?reset=1&amp;id=74\" target=\"_blank\" rel=\"noopener noreferrer\"><strong>Cliquez ici pour vous inscrire en tant que d\u00e9l\u00e9gu\u00e9 non membre (changer l&#8217;option de langue en haut de la page en fran\u00e7ais).<\/strong><\/a><\/span><\/p>\n<p><a href=\"https:\/\/cap.ca\/fr\/congres-de-lacp\/congres-virtuel-de-lacp-2021-6-11-juin\/frais-dinscription-2021\/\" target=\"_blank\" rel=\"noopener noreferrer\">Les frais d&#8217;inscription sont disponible ici.<\/a><\/p><\/blockquote>\n<p>&nbsp;<\/p>\n<table style=\"border-collapse: collapse; width: 57.3187%;\">\n<tbody>\n<tr>\n<td style=\"width: 100%; background-color: #4f9942; text-align: center;\"><span style=\"color: #ffffff;\"><a style=\"color: #ffffff;\" href=\"https:\/\/cap.ca\/wp-content\/uploads\/2021\/03\/Congress-Schedule-2021-May13.xlsx.pdf\"><strong>Voir le programme du Congr\u00e8s ici<\/strong><\/a><\/span><\/td>\n<\/tr>\n<\/tbody>\n<\/table>\n<h3><a href=\"https:\/\/indico.cern.ch\/event\/985448\/timetable\/#20210606\" target=\"_blank\" rel=\"noopener noreferrer\"><strong>Cliquez ici pour consulter le programme complet du Congr\u00e8s<\/strong><\/a><\/h3>\n<h4><\/h4>\n<h4>Inscrivez le \u00e0 votre agenda et pr\u00e9voyez d&#8217;y participer !<\/h4>\n<p>La semaine commencera par la traditionnelle conf\u00e9rence comm\u00e9morative Herzberg de l&#8217;ACP, le dimanche 6 juin au soir. La semaine officielle du Congr\u00e8s sera lanc\u00e9e avec la mise \u00e0 jour de la communaut\u00e9 du CRSNG le lundi 7 juin de 11h00 \u00e0 11h30 HAE. Le reste de la semaine, il y aura une s\u00e9rie de conf\u00e9rences pl\u00e9ni\u00e8res, des sessions techniques, des sessions de concours de pr\u00e9sentations d&#8217;\u00e9tudiants et plusieurs symposiums offerts par les divisions de l&#8217;ACP et ses partenaires.<\/p>\n<h4><\/h4>\n<h4>D\u00e9tails actuels du Congr\u00e8s virtuel 2021 :<\/h4>\n<p>Les grandes lignes de notre conf\u00e9rence virtuelle se trouvent dans le programme affich\u00e9 ici. Le calendrier d\u00e9taill\u00e9 sera mis en ligne une fois que le programme aura \u00e9t\u00e9 \u00e9labor\u00e9 par le comit\u00e9 de programme vers la fin du mois de mars.<\/p>\n<p>&nbsp;<\/p>\n<h4>Appel \u00e0 r\u00e9sum\u00e9s &#8211; Soumissions apr\u00e8s l&#8217;\u00e9ch\u00e9ance :<\/h4>\n<p>L&#8217;ACP utilisera le syst\u00e8me Indico pour la soumission et le traitement des r\u00e9sum\u00e9s du Congr\u00e8s. Le premier appel \u00e0 r\u00e9sum\u00e9s pour le Congr\u00e8s virtuel de l&#8217;ACP 2021 est maintenant clos. <strong>Le syst\u00e8me de soumission des r\u00e9sum\u00e9s est maintenant r\u00e9ouvert pour les r\u00e9sum\u00e9s des conf\u00e9renciers invit\u00e9s et les soumissions d&#8217;affiches apr\u00e8s la date limite.\u00a0 Il sera fermer \u00e0 23h59 HAE mercredi le 31 mars.<\/strong><\/p>\n<p>Les directives pour la soumission des r\u00e9sum\u00e9s sont disponibles en s\u00e9lectionnant le bouton de soumission des r\u00e9sum\u00e9s dans le menu de gauche.\u00a0 Si vous \u00eates pr\u00eat \u00e0 soumettre un r\u00e9sum\u00e9, <a href=\"http:\/\/indico.cern.ch\/e\/CAP2021\">cliquez ici<\/a>.<\/p>\n<h4><\/h4>\n<h4>Logiciel de congr\u00e8s virtuel :<\/h4>\n<p>Le Congr\u00e8s 2021 de l&#8217;ACP sera organis\u00e9 \u00e0 l&#8217;aide du programme de gestion Underline (voir <a href=\"https:\/\/underline.io\">https:\/\/underline.io<\/a> pour plus d&#8217;informations). Des instructions compl\u00e8tes sur la mani\u00e8re d&#8217;acc\u00e9der au syst\u00e8me et de l&#8217;utiliser seront affich\u00e9es \u00e0 proximit\u00e9 du Congr\u00e8s, une fois que le programme d\u00e9velopp\u00e9 sera transf\u00e9r\u00e9 dans ce syst\u00e8me pour le d\u00e9roulement du congr\u00e8s en ligne.<\/p>\n<p>&nbsp;<\/p>\n<h4>Inscription :<\/h4>\n<p><strong>Les inscriptions pour le Congr\u00e8s virtuel de l&#8217;ACP 2021 sont officiellement ouvertes !<\/strong><\/p>\n<p>Pour plus de d\u00e9tails, <a href=\"https:\/\/cap.ca\/fr\/congres-de-lacp\/congres-virtuel-de-lacp-2021-6-11-juin\/frais-dinscription-2021\/\"><strong>visitez la page d&#8217;inscription ici.<\/strong><\/a><\/p>\n<p>Les frais d\u2019inscription comprennent l\u2019acc\u00e8s \u00e0 la conf\u00e9rence Magnetic North et \u00e0 tous les \u00e9v\u00e9nements organis\u00e9s dans le cadre du congr\u00e8s de l\u2019ACP qui se tient pendant la semaine du 6 au 11 juin, ainsi que la finale de la comp\u00e9tition de la meilleure pr\u00e9sentation orale des \u00e9tudiants qui aura lieu la semaine suivante.<\/p>\n<p>Pour les enseignants du secondaire, les frais d\u2019inscription comprennent l\u2019atelier des enseignants du secondaire pr\u00e9vu dans l\u2019apr\u00e8s-midi du dimanche 6 juin.<\/p>\n<p>La conf\u00e9rence comm\u00e9morative Herzberg du dimanche soir sera diffus\u00e9e gratuitement en direct sur YouTube.\u00a0 Aucune inscription n\u2019est requise.[\/vc_column_text][\/vc_column][\/vc_row]<\/p>\n<\/div>","protected":false},"excerpt":{"rendered":"<p>[vc_row][vc_column][vc_cta h2=&#8221;&#8221; h4=&#8221;Merci beaucoup !&#8221;]L&#8217;ACP remercie chaleureusement tous ceux qui ont contribu\u00e9 \u00e0 rendre le Congr\u00e8s de l&#8217;ACP 2021 possible ! Consultez le document officiel de remerciement du Congr\u00e8s virtuel de l&#8217;ACP 2021 ici.[\/vc_cta][vc_column_text] L&#8217;ACP tiendra un congr\u00e8s virtuel du 6 au 11 juin 2021 ! &nbsp; Le site du Congr\u00e8s de l&#8217;ACP sur Underline&#8230;  <a class=\"excerpt-read-more\" href=\"https:\/\/cap.ca\/fr\/congres-de-lacp\/congres-anterieurs\/congres-virtuel-de-lacp-2021-6-11-juin\/\" title=\"LireCongr\u00e8s virtuel de l&#8217;ACP 2021 &#8211; 6-11 juin\">Lire la suite &raquo;<\/a><\/p>\n","protected":false},"author":7,"featured_media":0,"parent":3253,"menu_order":18,"comment_status":"closed","ping_status":"closed","template":"","meta":{"footnotes":""},"class_list":["post-16954","page","type-page","status-publish","hentry"],"_links":{"self":[{"href":"https:\/\/cap.ca\/fr\/wp-json\/wp\/v2\/pages\/16954","targetHints":{"allow":["GET"]}}],"collection":[{"href":"https:\/\/cap.ca\/fr\/wp-json\/wp\/v2\/pages"}],"about":[{"href":"https:\/\/cap.ca\/fr\/wp-json\/wp\/v2\/types\/page"}],"author":[{"embeddable":true,"href":"https:\/\/cap.ca\/fr\/wp-json\/wp\/v2\/users\/7"}],"replies":[{"embeddable":true,"href":"https:\/\/cap.ca\/fr\/wp-json\/wp\/v2\/comments?post=16954"}],"version-history":[{"count":27,"href":"https:\/\/cap.ca\/fr\/wp-json\/wp\/v2\/pages\/16954\/revisions"}],"predecessor-version":[{"id":18753,"href":"https:\/\/cap.ca\/fr\/wp-json\/wp\/v2\/pages\/16954\/revisions\/18753"}],"up":[{"embeddable":true,"href":"https:\/\/cap.ca\/fr\/wp-json\/wp\/v2\/pages\/3253"}],"wp:attachment":[{"href":"https:\/\/cap.ca\/fr\/wp-json\/wp\/v2\/media?parent=16954"}],"curies":[{"name":"wp","href":"https:\/\/api.w.org\/{rel}","templated":true}]}}