{"id":16848,"date":"2020-12-11T21:58:47","date_gmt":"2020-12-12T02:58:47","guid":{"rendered":"https:\/\/cap.ca\/?page_id=16848"},"modified":"2022-04-26T16:39:36","modified_gmt":"2022-04-26T20:39:36","slug":"conferences-des-laureats-2021","status":"publish","type":"page","link":"https:\/\/cap.ca\/fr\/activites\/programme-de-distinctions\/recipiendaires-des-medailles-par-annee\/conferences-des-laureats-2021\/","title":{"rendered":"M\u00e9dailles de l&#8217;ACP 2021 : Conf\u00e9rences des laur\u00e9ats"},"content":{"rendered":"<p>&nbsp;<\/p>\n<p>Les journ\u00e9es de conf\u00e9rences des laur\u00e9ats ont eu lieu le vendredi 17 d\u00e9cembre 2021 et le lundi 20 d\u00e9cembre 2021. La c\u00e9r\u00e9monie de reconnaissance des laur\u00e9ats a eu lieu le lundi 20 d\u00e9cembre.<\/p>\n<table style=\"border-collapse: collapse; width: 100%; height: 654px;\">\n<tbody>\n<tr style=\"height: 654px;\">\n<td style=\"width: 68.0711%; height: 654px; vertical-align: top;\">\n<h4><strong>L&#8217;HORAIRE\u00a0 (toutes les heures en HNE) :\u00a0<\/strong><\/h4>\n<p>&nbsp;<\/p>\n<h5><strong>vendredi, 17 d\u00e9cembre 2021<\/strong><\/h5>\n<p><strong><a id=\"topBlais\"><\/a><strong>15:00 \u2013 15:30 :<\/strong><br \/>\n<strong>Dr. Alexandre Blais,<\/strong><\/strong><\/p>\n<p><a href=\"#abstractBlais\">Cliquez ici pour le r\u00e9sum\u00e9 du D<sup>r<\/sup> Blais<\/a>.<br \/>\n<a href=\"https:\/\/youtu.be\/kU_mPhrGW2s\" target=\"_blank\" rel=\"noopener noreferrer\">Cliquez ici pour le discours du D<sup>r<\/sup> Blais.<\/a><\/p>\n<p><strong>15:30 \u2013 16:00 :<\/strong><br \/>\n<strong>Dr. Vincent Tabard-Cossa,<br \/>\n<\/strong><a href=\"https:\/\/cap.ca\/fr\/activites\/medailles-bourses\/physique-appliquee-et-la-recherche\/physique-industrielle-appliquee\/\">M\u00e9daille de l\u2019ACP pour des r\u00e9alisations significatives en physique industrielle et appliqu\u00e9e<\/a><\/p>\n<p><a href=\"#abstractCossa\">Cliquez ici pour le r\u00e9sum\u00e9 du D<sup>r<\/sup> Tabard-Cossa<\/a>.<br \/>\n<a href=\"https:\/\/youtu.be\/tpwX9tydj7M\" target=\"_blank\" rel=\"noopener noreferrer\">Cliquez ici pour le discours du D<sup>r<\/sup> Tabard-Cossa.<\/a><\/p>\n<p><a id=\"topMelko\"><\/a><strong>16:00 \u2013 16:30 :<\/strong><br \/>\n<strong>Prof. Roger Melko,<\/strong><br \/>\n<a href=\"https:\/\/cap.ca\/fr\/activites\/medailles-bourses\/medailles-recherche\/medaille-brockhouse\/\">M\u00e9daille Brockhouse ACP\/DPMCM<\/a><\/p>\n<p><a href=\"#abstractMelko\">Cliquez ici pour le r\u00e9sum\u00e9 du Dr Melko<\/a>.<br \/>\n<a href=\"https:\/\/youtu.be\/u5RbfwhT3e0\" target=\"_blank\" rel=\"noopener noreferrer\">Cliquez ici pour le discours du D<sup>r<\/sup> Melko.<\/a><\/p>\n<p><a id=\"topJames\"><\/a><strong>16:30 \u2013 17:00 :<\/strong><br \/>\n<strong>Dr. Richard James Epp,<br \/>\n<\/strong><a href=\"https:\/\/cap.ca\/fr\/activites\/medailles-bourses\/medailles-enseignement\/excellence-enseignement-premier-cycle\/\">La M\u00e9daille de l\u2019ACP pour l\u2019excellence en enseignement de la physique au premier cycle<\/a><\/p>\n<p><a href=\"#abstractJames\">Cliquez ici pour le r\u00e9sum\u00e9 du D<sup>r<\/sup> Epp<\/a>.<br \/>\n<a href=\"https:\/\/youtu.be\/vMKwKK3TMNI\" target=\"_blank\" rel=\"noopener noreferrer\">Cliquez ici pour le discours du D<sup>r<\/sup> Epp.<\/a><\/p>\n<p>&nbsp;<\/p>\n<h5><strong>lundi, 20 d\u00e9cembre 2021<\/strong><\/h5>\n<p><a id=\"topRaussendorf\"><\/a><strong>13:30 \u2013 14:00 :<br \/>\nProf. Robert Raussendorf,<br \/>\n<\/strong><a href=\"https:\/\/cap.ca\/fr\/activites\/medailles-bourses\/medailles-recherche\/theorique-mathematique\/\">Prix ACP-CRM de physique th\u00e9orique et math\u00e9matique<\/a><\/p>\n<p><a href=\"#abstractRaussendorf\">Cliquez ici pour le r\u00e9sum\u00e9 du D<sup>r<\/sup> Raussendorf<\/a>.<br \/>\nVous avez manqu\u00e9 le discours du D<sup>r<\/sup> Raussendorf? Un lien sera fourni ici d\u00e8s qu&#8217;il sera publi\u00e9 sur la cha\u00eene YouTube de l&#8217;ACP.<\/p>\n<p><a id=\"topJeon\"><\/a><strong>14:00 \u2013 14:30 :<br \/>\nProf. Sangyong Jeon,<br \/>\n<\/strong><a href=\"https:\/\/cap.ca\/fr\/activites\/medailles-bourses\/medailles-recherche\/vogt-physique-subatomique\/\">M\u00e9daille Vogt de l\u2019ACP-TRIUMF<\/a><\/p>\n<p><a href=\"#abstractJeon\">Cliquez ici pour le r\u00e9sum\u00e9 du D<sup>r<\/sup> Jeon<\/a>.<br \/>\nVous avez manqu\u00e9 le discours du D<sup>r <\/sup>Jeon? Un lien sera fourni ici d\u00e8s qu&#8217;il sera publi\u00e9 sur la cha\u00eene YouTube de l&#8217;ACP.<\/p>\n<p><a id=\"topHuot\"><\/a><strong>14:30 \u2013 15:00 :<\/strong><br \/>\n<strong>Prof. Simon Caron-Huot,<br \/>\n<\/strong><a href=\"https:\/\/cap.ca\/fr\/activites\/medailles-bourses\/medailles-recherche\/medaille-herzberg\/\">M\u00e9daille Herzberg de l\u2019ACP<\/a><\/p>\n<p><a href=\"#abstractHuot\">Cliquez ici pour le r\u00e9sum\u00e9 du D<sup>r<\/sup> Caron-Huot<\/a>.<br \/>\nVous avez manqu\u00e9 le discours du D<sup>r<\/sup> Caron-Huot? Un lien sera fourni ici d\u00e8s qu&#8217;il sera publi\u00e9 sur la cha\u00eene YouTube de l&#8217;ACP.<\/p>\n<p><strong>15:00 \u2013 15:30 :<br \/>\nDr. Robert Brandenberger,<br \/>\n<\/strong><a href=\"https:\/\/cap.ca\/fr\/activites\/medailles-bourses\/medailles-recherche\/contributions-carriere-physique\/\">M\u00e9daille de l\u2019ACP pour les r\u00e9alisations de toute la carri\u00e8re en physique<\/a><\/p>\n<p><a href=\"#abstractBrandenberger\">Cliquez ici pour le r\u00e9sum\u00e9 du D<sup>r<\/sup> Brandenberger<\/a>.<br \/>\nVous avez manqu\u00e9 le discours du D<sup>r<\/sup> Brandenberger? Un lien sera fourni ici d\u00e8s qu&#8217;il sera publi\u00e9 sur la cha\u00eene YouTube de l&#8217;ACP.<\/p>\n<p><strong>15:30 \u2013 16:00 :<\/strong><br \/>\n<strong>C\u00e9r\u00e9monie de reconnaissance des laur\u00e9ats avec le pr\u00e9sident sortant de l&#8217;ACP, Rob Thompson<\/strong><br \/>\n<em>(chaque laur\u00e9at prononcera un bref commentaire)<\/em><\/td>\n<td style=\"width: 41.9289%; height: 654px; vertical-align: top; text-align: left;\">&nbsp;<\/p>\n<p>&nbsp;<\/p>\n<p>&nbsp;<\/p>\n<p>&nbsp;<\/p>\n<p>&nbsp;<\/p>\n<p>&nbsp;<\/p>\n<p>&nbsp;<\/p>\n<p>&nbsp;<\/p>\n<p>&nbsp;<\/p>\n<p>&nbsp;<\/p>\n<p>&nbsp;<\/p>\n<p>&nbsp;<\/p>\n<p>&nbsp;<\/p>\n<p>&nbsp;<\/p>\n<p>&nbsp;<\/p>\n<p>Merci \u00e0 tous ceux qui ont assist\u00e9 aux conf\u00e9rences de la Journ\u00e9e de la M\u00e9daille et se sont joints \u00e0 la c\u00e9r\u00e9monie de remise des prix.<\/td>\n<\/tr>\n<\/tbody>\n<\/table>\n<p>&nbsp;<\/p>\n<p>&nbsp;<\/p>\n<h3>R\u00c9SUM\u00c9S<\/h3>\n<p>&nbsp;<\/p>\n<p><a id=\"abstractBlais\"><\/a><span style=\"font-size: 14pt;\"><strong>vendredi, 17 d\u00e9cembre 2021<br \/>\n15:00 \u2013 15:30 | Dr. Alexandre Blais<br \/>\n<\/strong><\/span><\/p>\n<p><em><strong>\u00ab Traitement quantique de l&#8217;information avec des circuits supraconducteurs \u00bb<\/strong><\/em><\/p>\n<p>En exploitant des effets tels que les superpositions et l&#8217;intrication quantiques, les ordinateurs quantiques pourraient r\u00e9soudre des probl\u00e8mes que les ordinateurs classiques standard ne peuvent r\u00e9soudre. Bien que la construction d&#8217;un ordinateur quantique \u00e0 grande \u00e9chelle capable de rivaliser avec les superordinateurs actuels reste un d\u00e9fi, les derni\u00e8res ann\u00e9es ont vu des am\u00e9liorations consid\u00e9rables dans notre capacit\u00e9 \u00e0 construire de petits processeurs quantiques supraconducteurs et \u00e0 ex\u00e9cuter des algorithmes simples sur ces processeurs. Parall\u00e8lement \u00e0 ces progr\u00e8s vers le traitement de l&#8217;information quantique, de nombreux efforts ont \u00e9t\u00e9 investis dans l&#8217;utilisation de qubits supraconducteurs comme atomes artificiels pour explorer la physique de l&#8217;optique quantique dans de nouveaux r\u00e9gimes de param\u00e8tres. Je discuterai des d\u00e9veloppements r\u00e9cents et des d\u00e9fis futurs qui nous attendent.<br \/>\n<a href=\"#topBlais\">Retour au d\u00e9but.<\/a><\/p>\n<p>&nbsp;<\/p>\n<p><span style=\"font-size: 14pt;\"><strong>15:30 \u2013 16:00 |\u00a0<\/strong><strong>Dr. Vincent Tabard-Cossa<\/strong><\/span><\/p>\n<p><em><strong>\u00ab\u00a0Utilisation de chocs statiques pour sculpter la mati\u00e8re \u00e0 l&#8217;\u00e9chelle nanom\u00e9trique \u00bb<\/strong><\/em><\/p>\n<p>De la compr\u00e9hension de la formation des nanopores \u00e0 la commercialisation d&#8217;une technologie de nanofabrication.<\/p>\n<p>Les nanopores \u00e0 l&#8217;\u00e9tat solide sont des trous de taille mol\u00e9culaire dans de fines membranes di\u00e9lectriques qui traduisent l&#8217;identit\u00e9 d&#8217;une mol\u00e9cule en un signal \u00e9lectrique. Les nanopores sont d\u00e9velopp\u00e9s comme capteurs de mol\u00e9cules uniques pour le s\u00e9quen\u00e7age \u00e9lectronique et la d\u00e9tection de biomarqueurs de maladies. Cependant, les avanc\u00e9es scientifiques et leur traduction en applications pratiques sont entrav\u00e9es par la difficult\u00e9 de fabriquer des nanopores \u00e0 l&#8217;\u00e9tat solide. Les techniques de nanofabrication standard permettant d&#8217;obtenir un contr\u00f4le dimensionnel \u00e0 l&#8217;\u00e9chelle nanom\u00e9trique n\u00e9cessitent un \u00e9quipement important et n&#8217;atteignent pas le niveau de pr\u00e9cision requis. Dans cet expos\u00e9, je d\u00e9crirai la m\u00e9thode de fabrication de nanopores \u00e0 l&#8217;\u00e9tat solide que mon laboratoire a invent\u00e9e pour relever ce d\u00e9fi, appel\u00e9e rupture contr\u00f4l\u00e9e. La m\u00e9thode consiste \u00e0 appliquer un champ \u00e9lectrique \u00e0 travers une membrane proche de sa force de rupture di\u00e9lectrique tout en surveillant le courant par effet tunnel. Cela finit par provoquer un \u00e9v\u00e9nement de rupture di\u00e9lectrique \u00e0 l&#8217;\u00e9chelle nanom\u00e9trique qui est observ\u00e9 comme une augmentation du courant, annon\u00e7ant la formation d&#8217;un nanopore. Je pr\u00e9senterai ensuite les r\u00e9centes innovations permettant de produire cette technologie et montrerai comment nous pouvons former automatiquement des nanopores jusqu&#8217;\u00e0 1 nm de diam\u00e8tre avec une pr\u00e9cision de l&#8217;ordre de l&#8217;angstr\u00f6m en appuyant simplement sur un bouton. Cette technologie d\u00e9mocratise rapidement le domaine des nanopores \u00e0 l&#8217;\u00e9tat solide et favorise le d\u00e9veloppement d&#8217;applications pour les sciences de la vie, les diagnostics m\u00e9dicaux et le stockage d&#8217;informations num\u00e9riques.<br \/>\n<a href=\"#topCossa\">Retour au d\u00e9but.<\/a><\/p>\n<p>&nbsp;<\/p>\n<p><span style=\"font-size: 14pt;\"><strong>16:00 \u2013 16:30 |\u00a0<\/strong><strong>Prof. Roger Melko<\/strong><\/span><\/p>\n<p><em><strong>\u00ab\u00a0L&#8217;avenir de la simulation quantique \u00bb<\/strong><\/em><\/p>\n<p>L&#8217;un des objectifs des simulations informatiques en physique des corps multiples est de comprendre les ph\u00e9nom\u00e8nes quantiques pr\u00e9sents dans la mati\u00e8re et les mat\u00e9riaux, en r\u00e9solvant les mod\u00e8les de leurs interactions microscopiques. Bien que les outils de calcul traditionnels aient largement r\u00e9ussi dans cette t\u00e2che, ils sont confront\u00e9s \u00e0 des difficult\u00e9s fondamentales pour simuler avec pr\u00e9cision certains syst\u00e8mes d&#8217;int\u00e9r\u00eat critique, tels que ceux comportant des fermions ou des spins frustr\u00e9s. Toutefois, avec l&#8217;av\u00e8nement d&#8217;une nouvelle g\u00e9n\u00e9ration de qubits programmables, nombre de ces syst\u00e8mes d&#8217;int\u00e9r\u00eat sont sur le point d&#8217;\u00eatre synth\u00e9tis\u00e9s en laboratoire, o\u00f9 un degr\u00e9 \u00e9lev\u00e9 de contr\u00f4le exp\u00e9rimental permet d&#8217;effectuer des mesures projectives pr\u00e9cises de la fonction d&#8217;onde de plusieurs corps. L&#8217;exploration des ph\u00e9nom\u00e8nes quantiques devient ainsi un probl\u00e8me ax\u00e9 sur les donn\u00e9es, qui se pr\u00eate bien aux m\u00e9thodes modernes d&#8217;apprentissage automatique.\u00a0 Dans cet expos\u00e9, je discuterai de l&#8217;effort en cours pour unifier ces deux concepts de simulation quantique dans un cadre commun, et je sp\u00e9culerai sur l&#8217;avenir de la d\u00e9couverte scientifique dans les simulateurs quantiques \u00e0 plusieurs corps qui hybrident les approches traditionnelles et celles ax\u00e9es sur les donn\u00e9es.<br \/>\n<a href=\"#topMelko\">Retour au d\u00e9but.<\/a><\/p>\n<p>&nbsp;<\/p>\n<p><span style=\"font-size: 14pt;\"><strong><a id=\"abstractJames\"><\/a>16:30 \u2013 17:00 | <\/strong><strong>Dr. Richard James Epp<\/strong><\/span><\/p>\n<p><em><strong>\u00ab\u00a0L&#8217;inspiration et l&#8217;intuition dans l&#8217;enseignement \u00bb<\/strong><\/em><\/p>\n<p>J&#8217;ai eu beaucoup de chance au cours de mes 20 ans de carri\u00e8re d&#8217;enseignant, et je dois remercier de nombreuses personnes. Ma strat\u00e9gie d&#8217;enseignement a toujours \u00e9t\u00e9 double : D&#8217;abord, inspirer les \u00e9tudiants pour qu&#8217;ils soient motiv\u00e9s \u00e0 faire le travail difficile requis pour l&#8217;apprentissage profond, et ensuite, construire soigneusement l&#8217;intuition des \u00e9tudiants pour que tout ce qu&#8217;ils apprennent, y compris m\u00eame la relativit\u00e9 et la physique quantique, ait un sens profond. Dans cet expos\u00e9, j&#8217;aborderai ma carri\u00e8re d&#8217;enseignant sous cet angle, en commen\u00e7ant par mes exp\u00e9riences au Perimeter Institute, o\u00f9 j&#8217;\u00e9tais le troisi\u00e8me employ\u00e9. Alors que Perimeter grandissait autour de moi, j&#8217;ai eu la merveilleuse opportunit\u00e9 de construire, \u00e0 partir de rien, son programme de sensibilisation \u00e0 la physique, par exemple en cr\u00e9ant l&#8217;\u00e9cole d&#8217;\u00e9t\u00e9 internationale pour les jeunes physiciens. Je parlerai \u00e9galement de mon travail ult\u00e9rieur au d\u00e9partement de physique et d&#8217;astronomie de l&#8217;universit\u00e9 de Waterloo, o\u00f9 j&#8217;ai \u00e0 nouveau b\u00e9n\u00e9fici\u00e9 de ressources et de la libert\u00e9 de d\u00e9velopper de nouveaux cours, notamment un cours sur la relativit\u00e9 g\u00e9n\u00e9rale destin\u00e9 aux \u00e9tudiants de deuxi\u00e8me ann\u00e9e, et un cours &#8220;Big Ideas&#8221; qui explique comment la physique aide \u00e0 r\u00e9pondre \u00e0 la question de l&#8217;origine de la vie. Je parlerai \u00e9galement de la version COVID en ligne enti\u00e8rement remani\u00e9e de notre cours de m\u00e9canique de premi\u00e8re ann\u00e9e, qui mettait l&#8217;accent sur le travail de groupe collaboratif \u00e0 distance mais en direct, inspir\u00e9 par la recherche sur l&#8217;enseignement de la physique, tout en renfor\u00e7ant la sant\u00e9 mentale des \u00e9tudiants.<br \/>\n<a href=\"#topJames\">Retour au d\u00e9but.<\/a><\/p>\n<p>&nbsp;<\/p>\n<p><a id=\"abstractRaussendorf\"><\/a><span style=\"font-size: 14pt;\"><strong>lundi, 20 d\u00e9cembre 2021<br \/>\n13:30 \u2013 14:00 | Prof. Robert Raussendorf<\/strong><\/span><\/p>\n<p><em><strong>\u00ab Phase de la mati\u00e8re quantique universellement calculable \u00bb<\/strong><\/em><\/p>\n<p>Nous fournissons le premier exemple d&#8217;une phase quantique prot\u00e9g\u00e9e par sym\u00e9trie qui poss\u00e8de une puissance de calcul universelle. Cette phase bidimensionnelle est prot\u00e9g\u00e9e par des sym\u00e9tries de type linelike\u00a0unidimensionnelles qui peuvent \u00eatre comprises en termes de sym\u00e9tries locales d&#8217;un r\u00e9seau tensoriel. Ces sym\u00e9tries locales impliquent que chaque \u00e9tat fondamental de la phase est une ressource universelle pour le calcul quantique bas\u00e9 sur la mesure.<\/p>\n<p>Dans mon expos\u00e9, je pr\u00e9senterai d&#8217;abord une introduction aux &#8220;phases computationnelles de la mati\u00e8re quantique&#8221;, un sujet qui a maintenant 10 ans. Ensuite, j&#8217;expliquerai la distinction entre 1D et les dimensions sup\u00e9rieures pour de telles phases computationnelles, et je d\u00e9crirai notre r\u00e9sultat en 2D.<br \/>\n<a href=\"#topRaussendorf\">Retour au d\u00e9but.<\/a><\/p>\n<p>&nbsp;<\/p>\n<p><span style=\"font-size: 14pt;\"><strong>14:00 \u2013 14:30 |\u00a0<\/strong><strong>Prof. Sangyong Jeon<\/strong><\/span><\/p>\n<p><em><strong>\u00ab\u00a0Plasma Quarks-Gluons : Le fluide le plus chaud, le plus dense et le plus parfait. \u00bb<\/strong><\/em><\/p>\n<p>Juste apr\u00e8s le Big-Bang, l&#8217;Univers \u00e9tait si chaud que les quarks et les gluons ne pouvaient pas encore se lier pour former de la mati\u00e8re nucl\u00e9aire normale. Au cours des derni\u00e8res d\u00e9cennies, l&#8217;un des principaux axes de la physique nucl\u00e9aire des hautes \u00e9nergies a \u00e9t\u00e9 la recr\u00e9ation et l&#8217;\u00e9tude de cet \u00e9tat primordial et extr\u00eame de la mati\u00e8re appel\u00e9 plasma quarks-gluons (QGP). Gr\u00e2ce aux exp\u00e9riences men\u00e9es au collisionneur d&#8217;ions lourds relativistes (RHIC) et au grand collisionneur de hadrons (LHC), nous savons maintenant que le plasma quarks-gluons est la mati\u00e8re la plus chaude (des trillions de kelvins) et la plus dense (plus de 10 fois la densit\u00e9 d&#8217;un noyau) jamais cr\u00e9\u00e9e dans une exp\u00e9rience terrestre, tout en \u00e9tant le fluide le plus id\u00e9al jamais observ\u00e9. La complexit\u00e9 de la chromodynamique quantique (QCD) \u00e0 corps multiples et \u00e0 forte interaction est ce qui fait du QGP un syst\u00e8me aussi riche et fascinant \u00e0 \u00e9tudier.<\/p>\n<p>Dans cet expos\u00e9, je d\u00e9crirai comment cet \u00e9tat extr\u00eame de la mati\u00e8re est cr\u00e9\u00e9 dans des collisions relativistes d&#8217;ions lourds, comment le diagramme de phase QCD est explor\u00e9 et comment le groupe de th\u00e9orie nucl\u00e9aire de McGill a apport\u00e9 des contributions importantes \u00e0 la compr\u00e9hension th\u00e9orique des propri\u00e9t\u00e9s du QGP au fil des ans en utilisant divers outils th\u00e9oriques allant de la th\u00e9orie des champs \u00e0 temp\u00e9rature finie aux simulations hydrodynamiques de l&#8217;\u00e9volution du QGP dans les collisions d&#8217;ions lourds.<br \/>\n<a href=\"#topJeon\">Retour au d\u00e9but.<\/a><\/p>\n<p>&nbsp;<\/p>\n<p><span style=\"font-size: 14pt;\"><strong>14:30 \u2013 15:00 |\u00a0<\/strong><strong>Prof. Simon Caron-Huot<\/strong><\/span><\/p>\n<p><em><strong>\u00ab\u00a0R\u00e9soudre les interactions fortes en utilisant l&#8217;autoconsistance \u00bb<\/strong><\/em><\/p>\n<p>La nature semble respecter certaines lois avec une pr\u00e9cision exquise, par exemple l&#8217;information ne voyage jamais plus vite que la lumi\u00e8re.\u00a0 Ces lois, codifi\u00e9es dans la th\u00e9orie quantique des champs, sous-tendent le mod\u00e8le standard de la physique des particules.\u00a0 R\u00e9cemment, on s&#8217;est aper\u00e7u que cette structure est si rigide que, souvent, une th\u00e9orie quantique des champs unique est compatible avec quelques hypoth\u00e8ses suppl\u00e9mentaires.\u00a0 Cela donne un nouvel outil important aux th\u00e9oriciens : la coh\u00e9rence interne permet des calculs pr\u00e9cis.\u00a0 Je d\u00e9crirai mes contributions \u00e0 ce vaste effort, et ce qu&#8217;il nous apprend sur les th\u00e9ories des champs \u00e0 forte interaction qui apparaissent dans des contextes apparemment disjoints : les ph\u00e9nom\u00e8nes critiques et la gravit\u00e9 quantique.<br \/>\n<a href=\"#topHuot\">Retour au d\u00e9but.<\/a><\/p>\n<p>&nbsp;<\/p>\n<p><strong><span style=\"font-size: 14pt;\">15:00 \u2013 15:30 | Prof. Robert Brandenberger<\/span><\/strong><\/p>\n<p><strong><em>\u00ab Les d\u00e9fis de la cosmologie de l&#8217;univers primitif \u00bb<br \/>\n<\/em><\/strong><strong><span style=\"font-size: 10pt;\"><a href=\"#topBrandenberger\">Retour au d\u00e9but.<\/a><\/span><\/strong><\/p>\n","protected":false},"excerpt":{"rendered":"<p>&nbsp; Les journ\u00e9es de conf\u00e9rences des laur\u00e9ats ont eu lieu le vendredi 17 d\u00e9cembre 2021 et le lundi 20 d\u00e9cembre 2021. La c\u00e9r\u00e9monie de reconnaissance des laur\u00e9ats a eu lieu le lundi 20 d\u00e9cembre. L&#8217;HORAIRE\u00a0 (toutes les heures en HNE) :\u00a0 &nbsp; vendredi, 17 d\u00e9cembre 2021 15:00 \u2013 15:30 : Dr. Alexandre Blais, Cliquez ici&#8230;  <a class=\"excerpt-read-more\" href=\"https:\/\/cap.ca\/fr\/activites\/programme-de-distinctions\/recipiendaires-des-medailles-par-annee\/conferences-des-laureats-2021\/\" title=\"LireM\u00e9dailles de l&#8217;ACP 2021 : Conf\u00e9rences des laur\u00e9ats\">Lire la suite &raquo;<\/a><\/p>\n","protected":false},"author":7,"featured_media":0,"parent":3361,"menu_order":7,"comment_status":"closed","ping_status":"closed","template":"","meta":{"footnotes":""},"class_list":["post-16848","page","type-page","status-publish","hentry"],"_links":{"self":[{"href":"https:\/\/cap.ca\/fr\/wp-json\/wp\/v2\/pages\/16848","targetHints":{"allow":["GET"]}}],"collection":[{"href":"https:\/\/cap.ca\/fr\/wp-json\/wp\/v2\/pages"}],"about":[{"href":"https:\/\/cap.ca\/fr\/wp-json\/wp\/v2\/types\/page"}],"author":[{"embeddable":true,"href":"https:\/\/cap.ca\/fr\/wp-json\/wp\/v2\/users\/7"}],"replies":[{"embeddable":true,"href":"https:\/\/cap.ca\/fr\/wp-json\/wp\/v2\/comments?post=16848"}],"version-history":[{"count":40,"href":"https:\/\/cap.ca\/fr\/wp-json\/wp\/v2\/pages\/16848\/revisions"}],"predecessor-version":[{"id":20554,"href":"https:\/\/cap.ca\/fr\/wp-json\/wp\/v2\/pages\/16848\/revisions\/20554"}],"up":[{"embeddable":true,"href":"https:\/\/cap.ca\/fr\/wp-json\/wp\/v2\/pages\/3361"}],"wp:attachment":[{"href":"https:\/\/cap.ca\/fr\/wp-json\/wp\/v2\/media?parent=16848"}],"curies":[{"name":"wp","href":"https:\/\/api.w.org\/{rel}","templated":true}]}}