{"id":16757,"date":"2020-12-08T17:23:50","date_gmt":"2020-12-08T22:23:50","guid":{"rendered":"https:\/\/cap.ca\/?page_id=16757"},"modified":"2021-09-01T23:58:55","modified_gmt":"2021-09-02T03:58:55","slug":"resultats-du-upe-2020","status":"publish","type":"page","link":"https:\/\/cap.ca\/fr\/activites\/programme-de-distinctions\/university-physics-students\/prix-lloyd-g-elliott-examen-universitaire\/anciens-examens\/resultats-du-upe-2020\/","title":{"rendered":"R\u00e9sultats du concours universitaire 2020"},"content":{"rendered":"<p><strong>Le concours universitaire 2020 de l&#8217;ACP a eu lieu le 04 f\u00e9vrier 2020. L&#8217;examen a \u00e9t\u00e9 compl\u00e9t\u00e9 par 51 \u00e9tudiant(e)s provenant de 11 universit\u00e9s et coll\u00e8ges.<\/strong><\/p>\n<p><strong><br \/>\nLes 10 meilleurs r\u00e9sultats<\/strong><\/p>\n<p>Rang &#8211; Nom, Universit\u00e9<\/p>\n<p><strong>1re &#8211; Samuel Li, University of Toronto (prix en argent)<\/strong><\/p>\n<p><strong>2e &#8211; Hanzhen Lin, University of Toronto (prix en argent)<\/strong><\/p>\n<p><strong>3e &#8211; An Zihe, University of Toronto (prix en argent)<\/strong><\/p>\n<p>4e &#8211; Kehui Li, University of Toronto<\/p>\n<p>5e &#8211; Eric Culf, Universit\u00e9 d&#8217;Ottawa<\/p>\n<p>6e &#8211; Pierre-Antoine Benard, Universit\u00e9 de Montr\u00e9al<\/p>\n<p>7e &#8211; Pedram Amani, University of British Columbia<\/p>\n<p>8e &#8211; Wucheng Zhang, University of British Columbia (\u00e9galit\u00e9)<\/p>\n<p>8e &#8211; Zhi Han, University of Alberta (\u00e9galit\u00e9)<\/p>\n<p>10e &#8211; Leo Goutte, McGill University<\/p>\n<p>&nbsp;<\/p>\n<p><strong>L&#8217;\u00e9tudiant ayant obtenu la meilleure note par universit\u00e9<\/strong><\/p>\n<p>Universit\u00e9 &#8211; Nom<\/p>\n<p>Universit\u00e9 Laurentienne &#8211; Kyle Yeates<\/p>\n<p>McGill University &#8211; Leo Goutte<\/p>\n<p>McMaster University &#8211; Sullivan Nicholas<\/p>\n<p>Queen&#8217;s University &#8211; Trevor Vrekovnik<\/p>\n<p>Universit\u00e9 de Montr\u00e9al &#8211; Pierre-Antoine Benard<\/p>\n<p>University of Alberta &#8211; Zhi Han<\/p>\n<p>University of British Columbia &#8211; Pedram Amani<\/p>\n<p>Universit\u00e9 d&#8217;Ottawa &#8211; Eric Culf<\/p>\n<p>University of Prince Edward Island &#8211; Madhavendra Stark<\/p>\n<p>University of Saskatchewan &#8211; Ilya Bulayev<\/p>\n<p>University of Toronto &#8211; Samuel Li<\/p>\n","protected":false},"excerpt":{"rendered":"<p>Le concours universitaire 2020 de l&#8217;ACP a eu lieu le 04 f\u00e9vrier 2020. L&#8217;examen a \u00e9t\u00e9 compl\u00e9t\u00e9 par 51 \u00e9tudiant(e)s provenant de 11 universit\u00e9s et coll\u00e8ges. Les 10 meilleurs r\u00e9sultats Rang &#8211; Nom, Universit\u00e9 1re &#8211; Samuel Li, University of Toronto (prix en argent) 2e &#8211; Hanzhen Lin, University of Toronto (prix en argent) 3e&#8230;  <a class=\"excerpt-read-more\" href=\"https:\/\/cap.ca\/fr\/activites\/programme-de-distinctions\/university-physics-students\/prix-lloyd-g-elliott-examen-universitaire\/anciens-examens\/resultats-du-upe-2020\/\" title=\"LireR\u00e9sultats du concours universitaire 2020\">Lire la suite &raquo;<\/a><\/p>\n","protected":false},"author":5,"featured_media":0,"parent":3345,"menu_order":7,"comment_status":"closed","ping_status":"closed","template":"","meta":{"footnotes":""},"class_list":["post-16757","page","type-page","status-publish","hentry"],"_links":{"self":[{"href":"https:\/\/cap.ca\/fr\/wp-json\/wp\/v2\/pages\/16757","targetHints":{"allow":["GET"]}}],"collection":[{"href":"https:\/\/cap.ca\/fr\/wp-json\/wp\/v2\/pages"}],"about":[{"href":"https:\/\/cap.ca\/fr\/wp-json\/wp\/v2\/types\/page"}],"author":[{"embeddable":true,"href":"https:\/\/cap.ca\/fr\/wp-json\/wp\/v2\/users\/5"}],"replies":[{"embeddable":true,"href":"https:\/\/cap.ca\/fr\/wp-json\/wp\/v2\/comments?post=16757"}],"version-history":[{"count":11,"href":"https:\/\/cap.ca\/fr\/wp-json\/wp\/v2\/pages\/16757\/revisions"}],"predecessor-version":[{"id":18672,"href":"https:\/\/cap.ca\/fr\/wp-json\/wp\/v2\/pages\/16757\/revisions\/18672"}],"up":[{"embeddable":true,"href":"https:\/\/cap.ca\/fr\/wp-json\/wp\/v2\/pages\/3345"}],"wp:attachment":[{"href":"https:\/\/cap.ca\/fr\/wp-json\/wp\/v2\/media?parent=16757"}],"curies":[{"name":"wp","href":"https:\/\/api.w.org\/{rel}","templated":true}]}}