{"id":16650,"date":"2020-11-19T15:29:37","date_gmt":"2020-11-19T20:29:37","guid":{"rendered":"https:\/\/cap.ca\/?page_id=16650"},"modified":"2022-12-23T10:49:23","modified_gmt":"2022-12-23T15:49:23","slug":"annonce-de-lappel-a-candidatures-2023","status":"publish","type":"page","link":"https:\/\/cap.ca\/fr\/activites\/programme-de-distinctions\/annonce-de-lappel-a-candidatures-2023\/","title":{"rendered":"Annonce de l&#8217;appel \u00e0 candidatures 2023"},"content":{"rendered":"<blockquote><p>L&#8217;appel \u00e0 candidatures a \u00e9t\u00e9 lanc\u00e9 le 23 d\u00e9cembre 2022. <a href=\"https:\/\/cap.ca\/fr\/activites\/medailles-bourses\/\">Cliquez ici pour la liste compl\u00e8te des m\u00e9dailles, des prix et des bourses d&#8217;\u00e9tudes offerts par l&#8217;ACP. <\/a>La date limite de soumission des nominations pour les m\u00e9dailles 2023 est le 28 f\u00e9vrier, les prix pour les enseignants du secondaire et du coll\u00e9gial est le 15 mars, et les bourses d\u2019\u00e9tudes sup\u00e9rieures est le 15 mars.<\/p><\/blockquote>\n<p>En juin 2019, le conseil d&#8217;administration a approuv\u00e9 un nouveau plan strat\u00e9gique pour l&#8217;ACP qui comprenait l&#8217;\u00e9nonc\u00e9 de mission suivant : d\u00e9fendre, communiquer et c\u00e9l\u00e9brer le r\u00f4le, la valeur et les contributions de la physique canadienne.<\/p>\n<p>Nous nous effor\u00e7ons de faire en sorte que nos m\u00e9dailles et nos prix c\u00e9l\u00e8brent nos valeurs d\u00e9clar\u00e9es :<\/p>\n<ul class=\"content-list\">\n<li>Excellence et professionnalisme<\/li>\n<li>\u00c9quit\u00e9, diversit\u00e9 et inclusion<\/li>\n<li>Coll\u00e9gialit\u00e9 et mentorat<\/li>\n<\/ul>\n<p>Il est clair pour le conseil d&#8217;administration de l&#8217;ACP que, historiquement, la liste des nominations pour nos m\u00e9dailles et nos prix n&#8217;a g\u00e9n\u00e9ralement pas refl\u00e9t\u00e9 la diversit\u00e9 des membres de notre communaut\u00e9 et que, par cons\u00e9quent, les membres des groupes sous-repr\u00e9sent\u00e9s qui m\u00e9ritent d&#8217;\u00eatre reconnus ont \u00e9t\u00e9 n\u00e9glig\u00e9s.<\/p>\n<p>Nous nous engageons \u00e0 faire mieux et avons commenc\u00e9 par entreprendre une r\u00e9vision compl\u00e8te de nos directives et proc\u00e9dures de nomination et de s\u00e9lection des prix. Plusieurs recommandations propos\u00e9es dans le rapport ont \u00e9t\u00e9 trait\u00e9es \u00e0 temps pour \u00eatre mises en \u0153uvre dans le cadre de l&#8217;appel \u00e0 candidatures pour les m\u00e9dailles et les prix 2022. Les autres sont encore en cours de traitement et seront mises en \u0153uvre pour les cycles d&#8217;attribution ult\u00e9rieurs au fur et \u00e0 mesure qu&#8217;elles seront finalis\u00e9es.<\/p>\n<p>Nous esp\u00e9rons que nos membres nous aideront en proposant des candidatures en 2023 et dans les ann\u00e9es \u00e0 venir qui refl\u00e8tent l&#8217;excellence diversifi\u00e9e de notre communaut\u00e9 de physiciens et physiciennes.<\/p>\n","protected":false},"excerpt":{"rendered":"<p>L&#8217;appel \u00e0 candidatures a \u00e9t\u00e9 lanc\u00e9 le 23 d\u00e9cembre 2022. Cliquez ici pour la liste compl\u00e8te des m\u00e9dailles, des prix et des bourses d&#8217;\u00e9tudes offerts par l&#8217;ACP. La date limite de soumission des nominations pour les m\u00e9dailles 2023 est le 28 f\u00e9vrier, les prix pour les enseignants du secondaire et du coll\u00e9gial est le 15&#8230;  <a class=\"excerpt-read-more\" href=\"https:\/\/cap.ca\/fr\/activites\/programme-de-distinctions\/annonce-de-lappel-a-candidatures-2023\/\" title=\"LireAnnonce de l&#8217;appel \u00e0 candidatures 2023\">Lire la suite &raquo;<\/a><\/p>\n","protected":false},"author":12,"featured_media":0,"parent":3308,"menu_order":83,"comment_status":"closed","ping_status":"closed","template":"","meta":{"footnotes":""},"class_list":["post-16650","page","type-page","status-publish","hentry"],"_links":{"self":[{"href":"https:\/\/cap.ca\/fr\/wp-json\/wp\/v2\/pages\/16650","targetHints":{"allow":["GET"]}}],"collection":[{"href":"https:\/\/cap.ca\/fr\/wp-json\/wp\/v2\/pages"}],"about":[{"href":"https:\/\/cap.ca\/fr\/wp-json\/wp\/v2\/types\/page"}],"author":[{"embeddable":true,"href":"https:\/\/cap.ca\/fr\/wp-json\/wp\/v2\/users\/12"}],"replies":[{"embeddable":true,"href":"https:\/\/cap.ca\/fr\/wp-json\/wp\/v2\/comments?post=16650"}],"version-history":[{"count":8,"href":"https:\/\/cap.ca\/fr\/wp-json\/wp\/v2\/pages\/16650\/revisions"}],"predecessor-version":[{"id":22329,"href":"https:\/\/cap.ca\/fr\/wp-json\/wp\/v2\/pages\/16650\/revisions\/22329"}],"up":[{"embeddable":true,"href":"https:\/\/cap.ca\/fr\/wp-json\/wp\/v2\/pages\/3308"}],"wp:attachment":[{"href":"https:\/\/cap.ca\/fr\/wp-json\/wp\/v2\/media?parent=16650"}],"curies":[{"name":"wp","href":"https:\/\/api.w.org\/{rel}","templated":true}]}}