{"id":16446,"date":"2020-10-30T02:10:33","date_gmt":"2020-10-30T06:10:33","guid":{"rendered":"https:\/\/cap.ca\/?page_id=16446"},"modified":"2025-11-13T17:28:34","modified_gmt":"2025-11-13T22:28:34","slug":"adhesion-laboratoire","status":"publish","type":"page","link":"https:\/\/cap.ca\/fr\/adhesion\/etudiant-diplome-membre\/adhesion-laboratoire\/","title":{"rendered":"NOUVEAU &#8211; Adh\u00e9sion de laboratoire pour \u00e9tudiants dipl\u00f4m\u00e9s (pour les superviseurs)"},"content":{"rendered":"<p>\u00c0 compter du 1<sup>er<\/sup> novembre 2020, les professeurs\/directeurs de laboratoires de recherche peuvent demander au bureau de l&#8217;ACP de cr\u00e9er une adh\u00e9sion de laboratoire pour leurs \u00e9tudiants dipl\u00f4m\u00e9s.<\/p>\n<ul class=\"content-list\">\n<li>Pour seulement 132 $ plus TPS\/TVH pour l&#8217;ann\u00e9e d&#8217;adh\u00e9sion, le directeur de recherche peut offrir une adh\u00e9sion \u00e0 l&#8217;ACP \u00e0 un maximum de quatre \u00e9tudiants dipl\u00f4m\u00e9s de son laboratoire (les adh\u00e9sions individuelles des \u00e9tudiants dipl\u00f4m\u00e9s sont actuellement d&#8217;environ 60 $).<\/li>\n<li>Des \u00e9tudiants dipl\u00f4m\u00e9s suppl\u00e9mentaires de leur laboratoire peuvent \u00eatre ajout\u00e9s au programme pour seulement 33 $ par \u00e9tudiant dipl\u00f4m\u00e9.<\/li>\n<\/ul>\n<p>Pour demander cette adh\u00e9sion, le directeur du laboratoire doit simplement envoyer un courriel \u00e0 <a href=\"mailto:membership@cap.ca\">membership@cap.ca<\/a> en demandant cette adh\u00e9sion pour son (nom du laboratoire) et en fournissant une liste d\u00e9taillant le nom complet et le courriel de chacun de ses \u00e9tudiants \u00e0 inclure dans son adh\u00e9sion de laboratoire.<\/p>\n<p>La facture d&#8217;adh\u00e9sion sera envoy\u00e9e au demandeur.\u00a0 Une fois le paiement effectu\u00e9, les \u00e9tudiants recevront par courriel un lien pour remplir leur formulaire d&#8217;adh\u00e9sion, qui leur permettra d&#8217;acc\u00e9der \u00e0 leur compte d&#8217;adh\u00e9sion en ligne, ainsi qu&#8217;aux <span style=\"text-decoration: underline;\"><strong><a href=\"https:\/\/cap.ca\/fr\/adhesion\/etudiant-diplome-membre\/\" target=\"_blank\" rel=\"noopener noreferrer\">avantages<\/a><\/strong><\/span> d&#8217;\u00eatre membre de l&#8217;ACP pour les \u00e9tudiants dipl\u00f4m\u00e9s<\/p>\n<p>NOTE : chaque \u00e9tudiant dipl\u00f4m\u00e9 doit r\u00e9pondre aux <span style=\"text-decoration: underline;\"><strong><a href=\"https:\/\/cap.ca\/fr\/adhesion\/etudiant-diplome-membre\/\" target=\"_blank\" rel=\"noopener noreferrer\">crit\u00e8res d&#8217;adh\u00e9sion<\/a><\/strong><\/span> pour \u00eatre \u00e9ligible.<\/p>\n<p>Des questions ?\u00a0 \u00a0Veuillez contacter <a href=\"mailto:membership@cap.ca\">membership@cap.ca<\/a>.<\/p>\n","protected":false},"excerpt":{"rendered":"<p>\u00c0 compter du 1er novembre 2020, les professeurs\/directeurs de laboratoires de recherche peuvent demander au bureau de l&#8217;ACP de cr\u00e9er une adh\u00e9sion de laboratoire pour leurs \u00e9tudiants dipl\u00f4m\u00e9s. Pour seulement 132 $ plus TPS\/TVH pour l&#8217;ann\u00e9e d&#8217;adh\u00e9sion, le directeur de recherche peut offrir une adh\u00e9sion \u00e0 l&#8217;ACP \u00e0 un maximum de quatre \u00e9tudiants dipl\u00f4m\u00e9s de&#8230;  <a class=\"excerpt-read-more\" href=\"https:\/\/cap.ca\/fr\/adhesion\/etudiant-diplome-membre\/adhesion-laboratoire\/\" title=\"LireNOUVEAU &#8211; Adh\u00e9sion de laboratoire pour \u00e9tudiants dipl\u00f4m\u00e9s (pour les superviseurs)\">Lire la suite &raquo;<\/a><\/p>\n","protected":false},"author":7,"featured_media":0,"parent":3183,"menu_order":7,"comment_status":"closed","ping_status":"closed","template":"","meta":{"footnotes":""},"class_list":["post-16446","page","type-page","status-publish","hentry"],"_links":{"self":[{"href":"https:\/\/cap.ca\/fr\/wp-json\/wp\/v2\/pages\/16446","targetHints":{"allow":["GET"]}}],"collection":[{"href":"https:\/\/cap.ca\/fr\/wp-json\/wp\/v2\/pages"}],"about":[{"href":"https:\/\/cap.ca\/fr\/wp-json\/wp\/v2\/types\/page"}],"author":[{"embeddable":true,"href":"https:\/\/cap.ca\/fr\/wp-json\/wp\/v2\/users\/7"}],"replies":[{"embeddable":true,"href":"https:\/\/cap.ca\/fr\/wp-json\/wp\/v2\/comments?post=16446"}],"version-history":[{"count":8,"href":"https:\/\/cap.ca\/fr\/wp-json\/wp\/v2\/pages\/16446\/revisions"}],"predecessor-version":[{"id":28235,"href":"https:\/\/cap.ca\/fr\/wp-json\/wp\/v2\/pages\/16446\/revisions\/28235"}],"up":[{"embeddable":true,"href":"https:\/\/cap.ca\/fr\/wp-json\/wp\/v2\/pages\/3183"}],"wp:attachment":[{"href":"https:\/\/cap.ca\/fr\/wp-json\/wp\/v2\/media?parent=16446"}],"curies":[{"name":"wp","href":"https:\/\/api.w.org\/{rel}","templated":true}]}}