{"id":16419,"date":"2020-10-29T15:12:45","date_gmt":"2020-10-29T19:12:45","guid":{"rendered":"https:\/\/cap.ca\/?page_id=16419"},"modified":"2020-10-29T21:34:30","modified_gmt":"2020-10-30T01:34:30","slug":"tim-bardouille","status":"publish","type":"page","link":"https:\/\/cap.ca\/fr\/bicp\/tim-bardouille\/","title":{"rendered":"C\u00e9l\u00e9brer Black in Canadian Physics \u2013 Rencontrez Tim Bardouille"},"content":{"rendered":"<section class=\"entry-content cf\">\n<blockquote><p><strong>Les \u00e9tudiants en physique (\u00e0 plein temps ou \u00e0 temps partiel) et toute personne titulaire d\u2019un dipl\u00f4me de physique travaillant au Canada, qui s\u2019identifient comme Noirs, Afro-Canadiens, Afro-N\u00e9o-\u00c9cossais ou d\u2019origine noire\/africaine<\/strong>\u00a0sont invit\u00e9s \u00e0 s\u2019entretenir avec un groupe de professeurs et de post-doctorants canadiens en physique, lors de la r\u00e9union de r\u00e9seautage de l\u2019ACP sur le th\u00e8me \u00ab\u00a0Black in Canadian Physics\u00a0\u00bb, qui se tiendra le vendredi 30 octobre 2020 de 14 \u00e0 15 heures (HAE).<\/p>\n<p><a href=\"https:\/\/cap.ca\/fr\/congres-de-lacp\/conferences-evenements-venir\/bicp\/#Register\">Cliquez ici pour vous inscrire<\/a>\u00a0et recevoir le lien vers Zoom sur le 30 octobre.<\/p><\/blockquote>\n<\/section>\n<p>&nbsp;<\/p>\n<h4><img loading=\"lazy\" decoding=\"async\" class=\"size-medium wp-image-16416 alignleft\" src=\"https:\/\/cap.ca\/wp-content\/uploads\/2020\/10\/TimBardouille_Proof1-300x300.jpg\" alt=\"\" width=\"300\" height=\"300\" srcset=\"https:\/\/cap.ca\/wp-content\/uploads\/2020\/10\/TimBardouille_Proof1-300x300.jpg 300w, https:\/\/cap.ca\/wp-content\/uploads\/2020\/10\/TimBardouille_Proof1-1024x1024.jpg 1024w, https:\/\/cap.ca\/wp-content\/uploads\/2020\/10\/TimBardouille_Proof1-150x150.jpg 150w, https:\/\/cap.ca\/wp-content\/uploads\/2020\/10\/TimBardouille_Proof1-768x768.jpg 768w, https:\/\/cap.ca\/wp-content\/uploads\/2020\/10\/TimBardouille_Proof1-1536x1536.jpg 1536w, https:\/\/cap.ca\/wp-content\/uploads\/2020\/10\/TimBardouille_Proof1-2048x2048.jpg 2048w, https:\/\/cap.ca\/wp-content\/uploads\/2020\/10\/TimBardouille_Proof1-125x125.jpg 125w\" sizes=\"auto, (max-width: 300px) 100vw, 300px\" \/><span style=\"font-size: 18pt; color: #0000ff;\">Tim Bardouille, PhD<\/span><\/h4>\n<h4>Physicien m\u00e9dicaux<br \/>\nUniversit\u00e9 de Dalhousie<\/h4>\n<p>________________________________<\/p>\n<p>Tim Bardouille, physicien m\u00e9dical et professeur adjoint au d\u00e9partement de physique et de sciences atmosph\u00e9riques de l&#8217;Universit\u00e9 Dalhousie.<\/p>\n<p>Sa fascination pr\u00e9coce pour la technologie et la philosophie a suscit\u00e9 son d\u00e9sir d&#8217;\u00e9tudier la physique. Lorsqu&#8217;il a appris la physique m\u00e9dicale &#8211; un domaine ax\u00e9 sur le r\u00f4le que la physique peut jouer lorsqu&#8217;elle est appliqu\u00e9e \u00e0 la sant\u00e9 et \u00e0 la m\u00e9decine pour diagnostiquer et traiter les patients &#8211; il l&#8217;a poursuivie comme un cheminement de carri\u00e8re.<\/p>\n<p>Apr\u00e8s avoir travaill\u00e9 dans l&#8217;industrie pendant quelques ann\u00e9es, le D<sup>r<\/sup> Bardouille est retourn\u00e9 \u00e0 l&#8217;\u00e9cole pour obtenir son doctorat et a travaill\u00e9 \u00e0 la r\u00e9orientation de sa carri\u00e8re vers la recherche.<\/p>\n<p>Aujourd&#8217;hui, ses recherches au laboratoire de biosignalisation de Dal explorent la mani\u00e8re de saisir et d&#8217;analyser les donn\u00e9es d&#8217;imagerie sur l&#8217;activit\u00e9 c\u00e9r\u00e9brale associ\u00e9e aux troubles du syst\u00e8me moteur, dans le but de cr\u00e9er une technologie qui contribue \u00e0 am\u00e9liorer les r\u00e9sultats des patients.<\/p>\n<p>Pour en savoir plus, consultez les sites :<\/p>\n<p><a href=\"https:\/\/www.dal.ca\/sites\/biosignal-lab.html\">https:\/\/www.dal.ca\/sites\/biosignal-lab.html<\/a><\/p>\n<p><a href=\"https:\/\/soundcloud.com\/sciographies\/tim-bardouille\">https:\/\/soundcloud.com\/sciographies\/tim-bardouille<\/a><\/p>\n","protected":false},"excerpt":{"rendered":"<p>Les \u00e9tudiants en physique (\u00e0 plein temps ou \u00e0 temps partiel) et toute personne titulaire d\u2019un dipl\u00f4me de physique travaillant au Canada, qui s\u2019identifient comme Noirs, Afro-Canadiens, Afro-N\u00e9o-\u00c9cossais ou d\u2019origine noire\/africaine\u00a0sont invit\u00e9s \u00e0 s\u2019entretenir avec un groupe de professeurs et de post-doctorants canadiens en physique, lors de la r\u00e9union de r\u00e9seautage de l\u2019ACP sur le&#8230;  <a class=\"excerpt-read-more\" href=\"https:\/\/cap.ca\/fr\/bicp\/tim-bardouille\/\" title=\"LireC\u00e9l\u00e9brer Black in Canadian Physics \u2013 Rencontrez Tim Bardouille\">Lire la suite &raquo;<\/a><\/p>\n","protected":false},"author":12,"featured_media":0,"parent":16323,"menu_order":7,"comment_status":"closed","ping_status":"closed","template":"","meta":{"footnotes":""},"class_list":["post-16419","page","type-page","status-publish","hentry"],"_links":{"self":[{"href":"https:\/\/cap.ca\/fr\/wp-json\/wp\/v2\/pages\/16419","targetHints":{"allow":["GET"]}}],"collection":[{"href":"https:\/\/cap.ca\/fr\/wp-json\/wp\/v2\/pages"}],"about":[{"href":"https:\/\/cap.ca\/fr\/wp-json\/wp\/v2\/types\/page"}],"author":[{"embeddable":true,"href":"https:\/\/cap.ca\/fr\/wp-json\/wp\/v2\/users\/12"}],"replies":[{"embeddable":true,"href":"https:\/\/cap.ca\/fr\/wp-json\/wp\/v2\/comments?post=16419"}],"version-history":[{"count":6,"href":"https:\/\/cap.ca\/fr\/wp-json\/wp\/v2\/pages\/16419\/revisions"}],"predecessor-version":[{"id":16436,"href":"https:\/\/cap.ca\/fr\/wp-json\/wp\/v2\/pages\/16419\/revisions\/16436"}],"up":[{"embeddable":true,"href":"https:\/\/cap.ca\/fr\/wp-json\/wp\/v2\/pages\/16323"}],"wp:attachment":[{"href":"https:\/\/cap.ca\/fr\/wp-json\/wp\/v2\/media?parent=16419"}],"curies":[{"name":"wp","href":"https:\/\/api.w.org\/{rel}","templated":true}]}}