{"id":16384,"date":"2020-10-29T13:31:35","date_gmt":"2020-10-29T17:31:35","guid":{"rendered":"https:\/\/cap.ca\/?page_id=16384"},"modified":"2020-10-29T13:31:58","modified_gmt":"2020-10-29T17:31:58","slug":"kevin-hewitt","status":"publish","type":"page","link":"https:\/\/cap.ca\/fr\/bicp\/kevin-hewitt\/","title":{"rendered":"C\u00e9l\u00e9brer Black in Canadian Physics &#8211; Rencontrez Kevin Hewitt"},"content":{"rendered":"<p><strong>Les \u00e9tudiants en physique (\u00e0 plein temps ou \u00e0 temps partiel) et toute personne titulaire d&#8217;un dipl\u00f4me de physique travaillant au Canada, qui s&#8217;identifient comme Noirs, Afro-Canadiens, Afro-N\u00e9o-\u00c9cossais ou d&#8217;origine noire\/africaine<\/strong> sont invit\u00e9s \u00e0 s&#8217;entretenir avec un groupe de professeurs et de post-doctorants canadiens en physique, lors de la r\u00e9union de r\u00e9seautage de l&#8217;ACP sur le th\u00e8me &#8220;Black in Canadian Physics&#8221;, qui se tiendra le vendredi 30 octobre 2020 de 14 \u00e0 15 heures (HAE).<\/p>\n<p><a href=\"https:\/\/cap.ca\/fr\/congres-de-lacp\/conferences-evenements-venir\/bicp\/#Register\">Cliquez ici pour vous inscrire<\/a> et recevoir le lien vers Zoom sur le 30 octobre.<\/p>\n<p>.<\/p>\n<h3 style=\"margin-bottom: 13.5pt;\"><img loading=\"lazy\" decoding=\"async\" class=\"size-full wp-image-16314 alignleft\" src=\"https:\/\/cap.ca\/wp-content\/uploads\/2020\/10\/Kevin-Hewitt-1.jpg\" alt=\"\" width=\"275\" height=\"183\" \/><\/h3>\n<h4><span style=\"color: #0000ff; font-size: 18pt; font-family: 'Open Sans', Georgia, Cambria, 'Times New Roman', Times, serif; font-weight: 600;\">Kevin Hewitt, PhD<\/span><\/h4>\n<h4>Professeur<br \/>\nDalhousie University<\/h4>\n<p>________________________________<\/p>\n<p>D<sup>r<\/sup>\u00a0Hewitt est professeur titulaire au d\u00e9partement de physique et de sciences atmosph\u00e9riques, et pr\u00e9sident du S\u00e9nat (2015-) \u00e0 l&#8217;universit\u00e9 Dalhousie.\u00a0 Dans son laboratoire d&#8217;imagerie mol\u00e9culaire (<a href=\"https:\/\/hewitt-lab.com\/\" target=\"_blank\" rel=\"noopener noreferrer\">https:\/\/hewitt-lab.com\/<\/a>), il a mis au point de nouvelles sondes \u00e0 nanoparticules pour l&#8217;imagerie et le traitement du cancer, de nouvelles approches d&#8217;imagerie optique et un prototype d&#8217;outil de diagnostic m\u00e9dical.<\/p>\n<p>Le r\u00e9cit de la vie du D<sup>r<\/sup> Hewitt doit commencer par la reconnaissance de la puissante influence de<br \/>\nsa d\u00e9funte m\u00e8re, qui a \u00e9lev\u00e9 quatre enfants en tant que parent c\u00e9libataire, pour valoriser la famille,<br \/>\nla communaut\u00e9 et le travail acharn\u00e9.\u00a0 Kevin a d&#8217;abord \u00e9t\u00e9 \u00e9lev\u00e9 par sa grand-m\u00e8re \u00e0<br \/>\nSaint-Vincent-et-les-Grenadines, jusqu&#8217;\u00e0 l&#8217;\u00e2ge de dix ans, lorsqu&#8217;il a retrouv\u00e9 sa m\u00e8re qui avait d\u00e9m\u00e9nag\u00e9 au Royaume-Uni \u00e0 la recherche d&#8217;un emploi d&#8217;infirmi\u00e8re au sein de la g\u00e9n\u00e9ration Windrush<br \/>\n( <a href=\"https:\/\/www.lbhf.gov.uk\/community\/windrush-day-honouring-british-caribbean-community\/windrush-generation\" target=\"_blank\" rel=\"noopener noreferrer\">https:\/\/www.lbhf.gov.uk\/community\/windrush-day-honouring-british-caribbean-community\/windrush-generation<\/a> ). \u00a0Sa m\u00e8re \u00e9tait tr\u00e8s impliqu\u00e9e dans la communaut\u00e9 noire de Toronto, et Kevin a commenc\u00e9 \u00e0 servir sa communaut\u00e9 en tant que conseiller au camp d&#8217;\u00e9t\u00e9 Harriet Tubman. \u00a0En tant qu&#8217;\u00e9tudiant de premier cycle \u00e0 l&#8217;universit\u00e9 de Toronto (UofT), o\u00f9 il a \u00e9t\u00e9 le premier Afro-Canadien \u00e0 remporter le prix de physique du coll\u00e8ge UofT-Scarborough, il a mis en place des programmes de tutorat pour les \u00e9tudiants tout en dirigeant l&#8217;Association des \u00e9tudiants afro-carib\u00e9ens.\u00a0 Pendant ses \u00e9tudes sup\u00e9rieures \u00e0 l&#8217;universit\u00e9 Simon Fraser, Kevin a cofond\u00e9 l&#8217;Association des \u00e9tudiants d&#8217;origine africaine et l&#8217;Association Saint-Vincent-et-les-Grenadines du Grand Vancouver.\u00a0 Il a des racines africaines et carib\u00e9ennes et d\u00e9couvre son identit\u00e9 garifuna ( <a href=\"https:\/\/ich.unesco.org\/en\/RL\/language-dance-and-music-of-the-garifuna-00001\" target=\"_blank\" rel=\"noopener noreferrer\">https:\/\/ich.unesco.org\/en\/RL\/language-dance-and-music-of-the-garifuna-00001<\/a> ).<\/p>\n<p>Au cours de la derni\u00e8re ann\u00e9e de ses \u00e9tudes sup\u00e9rieures, il a unifi\u00e9 son int\u00e9r\u00eat profond et constant pour la science, la culture africaine et carib\u00e9enne et la sensibilisation de la communaut\u00e9 en cr\u00e9ant un programme scientifique d&#8217;une journ\u00e9e pour les \u00e9l\u00e8ves de la maternelle \u00e0 la 12<sup>e<\/sup> ann\u00e9e &#8212; Imhotep&#8217;s Legacy : African Canadians in Science &#8211; Une affaire de famille sur le th\u00e8me &#8220;Voir, c&#8217;est croire&#8230;&#8221;.\u00a0\u00a0\u00c0 l&#8217;Universit\u00e9 Dalhousie, Kevin a tir\u00e9 parti du succ\u00e8s du programme scientifique d&#8217;une journ\u00e9e en co-fondant en 2003 l&#8217;Imhotep&#8217;s Legacy Academy (<a href=\"https:\/\/www.dal.ca\/faculty\/science\/imhotep.html\" target=\"_blank\" rel=\"noopener noreferrer\">https:\/\/www.dal.ca\/faculty\/science\/imhotep.html<\/a>), un programme provincial prim\u00e9 de sensibilisation aux STIM destin\u00e9 aux \u00e9tudiants afro-canadiens du premier cycle du secondaire \u00e0 l&#8217;universit\u00e9 ( <a href=\"https:\/\/www.dal.ca\/news\/2013\/05\/30\/from-promise-to-potential.html\" target=\"_blank\" rel=\"noopener noreferrer\">https:\/\/www.dal.ca\/news\/2013\/05\/30\/from-promise-to-potential.html<\/a> ).\u00a0 Il a cr\u00e9\u00e9 une tente holographique mobile qui a fait le tour de la province pour c\u00e9l\u00e9brer l&#8217;Ann\u00e9e mondiale de la physique (2005), au cours de laquelle des milliers de N\u00e9o-\u00c9cossais ont pu r\u00e9aliser leurs propres hologrammes.<\/p>\n<p>Ses contributions ont \u00e9t\u00e9 r\u00e9compens\u00e9es par un Youth Community Service Award (1999), le Harry Jerome Award for Professional Excellence (2014) et le Nova Scotia Discovery Centre Science Champion Award (2018). Il est pr\u00e9sent\u00e9 dans COOL BLACK NORTH ( <a href=\"http:\/\/coolblacknorth.com\/\" target=\"_blank\" rel=\"noopener noreferrer\">http:\/\/coolblacknorth.com\/<\/a> ), un documentaire de 2019 qui explore la communaut\u00e9 noire canadienne, unique et dynamique, et son r\u00f4le dans l&#8217;identit\u00e9 contemporaine de notre pays.<\/p>\n<p>Kevin a \u00e9t\u00e9 \u00e9lu ou nomm\u00e9 \u00e0 des postes au sein de l&#8217;Association canadienne des physiciens et physiciennes (2002-04), de l&#8217;American Physical Society &#8211; Committee on Minorities in Physics (2002-05), du Comit\u00e9 consultatif national sur la politique d&#8217;\u00e9quit\u00e9, de diversit\u00e9 et d&#8217;inclusion (ACEDIP) pour le Secr\u00e9tariat des programmes institutionnels des trois agences (2017-), d&#8217;Affaires mondiales Canada, du Programme de mobilit\u00e9 des professeurs &#8211; Comit\u00e9 de s\u00e9lection du programme des nouveaux leaders dans les Am\u00e9riques (2019-) et du comit\u00e9 d&#8217;examen multidisciplinaire du Fonds des nouvelles fronti\u00e8res de la recherche des programmes institutionnels des trois agences.<\/p>\n<p>Plus important encore, il est fier de ses quatre enfants r\u00e9fl\u00e9chis, brillants et magnifiques : Anika, Lishan, Zer\u00e9 et Sanea.<\/p>\n","protected":false},"excerpt":{"rendered":"<p>Les \u00e9tudiants en physique (\u00e0 plein temps ou \u00e0 temps partiel) et toute personne titulaire d&#8217;un dipl\u00f4me de physique travaillant au Canada, qui s&#8217;identifient comme Noirs, Afro-Canadiens, Afro-N\u00e9o-\u00c9cossais ou d&#8217;origine noire\/africaine sont invit\u00e9s \u00e0 s&#8217;entretenir avec un groupe de professeurs et de post-doctorants canadiens en physique, lors de la r\u00e9union de r\u00e9seautage de l&#8217;ACP sur&#8230;  <a class=\"excerpt-read-more\" href=\"https:\/\/cap.ca\/fr\/bicp\/kevin-hewitt\/\" title=\"LireC\u00e9l\u00e9brer Black in Canadian Physics &#8211; Rencontrez Kevin Hewitt\">Lire la suite &raquo;<\/a><\/p>\n","protected":false},"author":7,"featured_media":0,"parent":16323,"menu_order":7,"comment_status":"closed","ping_status":"closed","template":"","meta":{"footnotes":""},"class_list":["post-16384","page","type-page","status-publish","hentry"],"_links":{"self":[{"href":"https:\/\/cap.ca\/fr\/wp-json\/wp\/v2\/pages\/16384","targetHints":{"allow":["GET"]}}],"collection":[{"href":"https:\/\/cap.ca\/fr\/wp-json\/wp\/v2\/pages"}],"about":[{"href":"https:\/\/cap.ca\/fr\/wp-json\/wp\/v2\/types\/page"}],"author":[{"embeddable":true,"href":"https:\/\/cap.ca\/fr\/wp-json\/wp\/v2\/users\/7"}],"replies":[{"embeddable":true,"href":"https:\/\/cap.ca\/fr\/wp-json\/wp\/v2\/comments?post=16384"}],"version-history":[{"count":3,"href":"https:\/\/cap.ca\/fr\/wp-json\/wp\/v2\/pages\/16384\/revisions"}],"predecessor-version":[{"id":16396,"href":"https:\/\/cap.ca\/fr\/wp-json\/wp\/v2\/pages\/16384\/revisions\/16396"}],"up":[{"embeddable":true,"href":"https:\/\/cap.ca\/fr\/wp-json\/wp\/v2\/pages\/16323"}],"wp:attachment":[{"href":"https:\/\/cap.ca\/fr\/wp-json\/wp\/v2\/media?parent=16384"}],"curies":[{"name":"wp","href":"https:\/\/api.w.org\/{rel}","templated":true}]}}