{"id":16345,"date":"2020-10-28T02:50:00","date_gmt":"2020-10-28T06:50:00","guid":{"rendered":"https:\/\/cap.ca\/?page_id=16345"},"modified":"2020-10-28T02:54:47","modified_gmt":"2020-10-28T06:54:47","slug":"martin-williams","status":"publish","type":"page","link":"https:\/\/cap.ca\/fr\/bicp\/martin-williams\/","title":{"rendered":"C\u00e9l\u00e9brer Black in Canadian Physics &#8211; Rencontrez Martin Williams"},"content":{"rendered":"<blockquote><p><strong>Les \u00e9tudiants en physique (\u00e0 plein temps ou \u00e0 temps partiel) et toute personne titulaire d&#8217;un dipl\u00f4me de physique travaillant au Canada, qui s&#8217;identifient comme Noirs, Afro-Canadiens, Afro-N\u00e9o-\u00c9cossais ou d&#8217;origine noire\/africaine<\/strong> sont invit\u00e9s \u00e0 s&#8217;entretenir avec un groupe de professeurs et de post-doctorants canadiens en physique, lors de la r\u00e9union de r\u00e9seautage de l&#8217;ACP sur le th\u00e8me &#8220;Black in Canadian Physics&#8221;, qui se tiendra le vendredi 30 octobre 2020 de 14 \u00e0 15 heures (HAE).<\/p>\n<p><a href=\"https:\/\/cap.ca\/fr\/congres-de-lacp\/conferences-evenements-venir\/bicp\/#Register\">Cliquez ici pour vous inscrire<\/a> et recevoir le lien vers Zoom sur le 30 octobre.<\/p>\n<p>.<\/p><\/blockquote>\n<h4><\/h4>\n<h3><img decoding=\"async\" class=\"alignleft\" src=\"https:\/\/www.physics.uoguelph.ca\/sites\/default\/files\/styles\/large\/public\/Williams-Laughing.jpg?itok=tP1WLV6W\" alt=\"Dr. Martin Williams\" \/><\/h3>\n<h4><span style=\"color: #0000ff; font-size: 18pt; font-family: 'Open Sans', Georgia, Cambria, 'Times New Roman', Times, serif; font-weight: 600;\">Martin Williams, PhD<\/span><\/h4>\n<h4>Professeur<br \/>\nUniversity of Guelph<\/h4>\n<p>________________________________<\/p>\n<p>Martin Williams est un membre permanent du facult\u00e9 du d\u00e9partement de physique de l&#8217;universit\u00e9 de Guelph et est le directeur de l&#8217;enseignement et de l&#8217;apprentissage de l&#8217;universit\u00e9. L&#8217;enseignement de Martin a \u00e9t\u00e9 reconnu par plusieurs prix, notamment la m\u00e9daille de l&#8217;ACP pour l&#8217;excellence dans l&#8217;enseignement de la physique au premier cycle et le prix du professeur distingu\u00e9 de l&#8217;universit\u00e9 de Guelph pour l&#8217;excellence dans l&#8217;enseignement.<\/p>\n<p>Martin a obtenu son doctorat en physique exp\u00e9rimentale de la mati\u00e8re condens\u00e9e \u00e0 l&#8217;Imperial College de l&#8217;universit\u00e9 de Londres, au Royaume-Uni. \u00a0Martin a un programme de recherche actif qui s&#8217;int\u00e9resse actuellement \u00e0 la bourse de l&#8217;enseignement et de l&#8217;apprentissage. \u00a0Avant d&#8217;arriver \u00e0 Guelph, il a travaill\u00e9 comme chercheur postdoctoral \u00e0 l&#8217;Imperial College et \u00e0 l&#8217;University College London.<\/p>\n<p>Il est physicien agr\u00e9\u00e9 et membre de l&#8217;Institute of Physics UK et ancien pr\u00e9sident de la division de l&#8217;enseignement de la physique de l&#8217;Association canadienne des physiciens et physiciennes.<\/p>\n","protected":false},"excerpt":{"rendered":"<p>Les \u00e9tudiants en physique (\u00e0 plein temps ou \u00e0 temps partiel) et toute personne titulaire d&#8217;un dipl\u00f4me de physique travaillant au Canada, qui s&#8217;identifient comme Noirs, Afro-Canadiens, Afro-N\u00e9o-\u00c9cossais ou d&#8217;origine noire\/africaine sont invit\u00e9s \u00e0 s&#8217;entretenir avec un groupe de professeurs et de post-doctorants canadiens en physique, lors de la r\u00e9union de r\u00e9seautage de l&#8217;ACP sur&#8230;  <a class=\"excerpt-read-more\" href=\"https:\/\/cap.ca\/fr\/bicp\/martin-williams\/\" title=\"LireC\u00e9l\u00e9brer Black in Canadian Physics &#8211; Rencontrez Martin Williams\">Lire la suite &raquo;<\/a><\/p>\n","protected":false},"author":7,"featured_media":0,"parent":16323,"menu_order":7,"comment_status":"closed","ping_status":"closed","template":"","meta":{"footnotes":""},"class_list":["post-16345","page","type-page","status-publish","hentry"],"_links":{"self":[{"href":"https:\/\/cap.ca\/fr\/wp-json\/wp\/v2\/pages\/16345","targetHints":{"allow":["GET"]}}],"collection":[{"href":"https:\/\/cap.ca\/fr\/wp-json\/wp\/v2\/pages"}],"about":[{"href":"https:\/\/cap.ca\/fr\/wp-json\/wp\/v2\/types\/page"}],"author":[{"embeddable":true,"href":"https:\/\/cap.ca\/fr\/wp-json\/wp\/v2\/users\/7"}],"replies":[{"embeddable":true,"href":"https:\/\/cap.ca\/fr\/wp-json\/wp\/v2\/comments?post=16345"}],"version-history":[{"count":2,"href":"https:\/\/cap.ca\/fr\/wp-json\/wp\/v2\/pages\/16345\/revisions"}],"predecessor-version":[{"id":16347,"href":"https:\/\/cap.ca\/fr\/wp-json\/wp\/v2\/pages\/16345\/revisions\/16347"}],"up":[{"embeddable":true,"href":"https:\/\/cap.ca\/fr\/wp-json\/wp\/v2\/pages\/16323"}],"wp:attachment":[{"href":"https:\/\/cap.ca\/fr\/wp-json\/wp\/v2\/media?parent=16345"}],"curies":[{"name":"wp","href":"https:\/\/api.w.org\/{rel}","templated":true}]}}