{"id":16323,"date":"2020-10-26T22:08:18","date_gmt":"2020-10-27T02:08:18","guid":{"rendered":"https:\/\/cap.ca\/?page_id=16323"},"modified":"2020-10-29T22:05:30","modified_gmt":"2020-10-30T02:05:30","slug":"bicp","status":"publish","type":"page","link":"https:\/\/cap.ca\/fr\/bicp\/","title":{"rendered":"\u00c9v\u00e9nement de r\u00e9seautage Black in Canadian Physics &#8211; 30 octobre 2020 ; 14h00-15h00 HAE"},"content":{"rendered":"<img loading=\"lazy\" decoding=\"async\" class=\"aligncenter wp-image-16375\" src=\"https:\/\/cap.ca\/wp-content\/uploads\/2020\/10\/Black-in-Canadian-Physics-5-1-300x300.png\" alt=\"\" width=\"216\" height=\"111\" \/>\n<p style=\"text-align: center;\"><span style=\"font-size: 14pt;\"><strong>Vous \u00eates \u00e9tudiant(e) en physique (\u00e0 temps plein ou \u00e0 temps partiel) ou titulaire d&#8217;un dipl\u00f4me de physique travaillant au Canada et vous vous identifiez<br \/>\ncomme Noir, Afro-Canadien, N\u00e9o-\u00c9cossais d&#8217;origine africaine ou d&#8217;origine noire\/africaine ?<\/strong><\/span><\/p>\n<p style=\"text-align: left;\">Venez discuter avec un panel de professeur(e)s de physique et de post-doctorats canadien(ne)s lors de la r\u00e9union de r\u00e9seautage d&#8217;une heure &#8220;Black in Canadian Physics&#8221;, qui se tiendra le vendredi 30 octobre 2020 de 14h00 \u00e0 15h00 HAE.<\/p>\n<p style=\"text-align: left;\">Apr\u00e8s une br\u00e8ve pr\u00e9sentation de chaque membre du panel, les participants seront invit\u00e9s \u00e0 rejoindre les salles de r\u00e9union virtuelles avec les membres du panel pour engager des discussions ouvertes sur les d\u00e9fis et les opportunit\u00e9s de poursuivre une carri\u00e8re de physicien(ne) au Canada.<\/p>\n<p style=\"text-align: center;\"><strong><a href=\"#Register\">Inscrivez-vous d\u00e8s maintenant en remplissant le formulaire en bas de cette page<\/a>,<br \/>\net recevez le lien vers l&#8217;\u00e9v\u00e9nement en ligne le vendredi 30 octobre.<\/strong><\/p>\n<p>___________________________________<\/p>\n<p><strong><span style=\"font-size: 18pt;\">Rencontrez les membres du panel <\/span><\/strong><span style=\"font-size: 18pt;\"><span style=\"font-size: 12pt;\">(cliquez sur leur nom pour le profil d\u00e9taill\u00e9)<\/span><\/span> :<\/p>\n<table style=\"border-collapse: collapse; width: 77.0178%;\">\n<tbody>\n<tr>\n<td style=\"width: 26.9038%; text-align: center;\"><span style=\"font-size: 14pt;\"><strong><a href=\"https:\/\/cap.ca\/fr\/congres-de-lacp\/conferences-evenements-venir\/bicp\/nadia-octave\/\" target=\"_blank\" rel=\"noopener noreferrer\">Nadia Octave<\/a><\/strong><\/span><img loading=\"lazy\" decoding=\"async\" class=\"alignnone wp-image-16222 size-thumbnail aligncenter\" src=\"https:\/\/cap.ca\/wp-content\/uploads\/2020\/10\/DrNadiaOctave-150x150.jpg\" alt=\"\" width=\"150\" height=\"150\" srcset=\"https:\/\/cap.ca\/wp-content\/uploads\/2020\/10\/DrNadiaOctave-150x150.jpg 150w, https:\/\/cap.ca\/wp-content\/uploads\/2020\/10\/DrNadiaOctave-125x125.jpg 125w\" sizes=\"auto, (max-width: 150px) 100vw, 150px\" \/><\/td>\n<td style=\"width: 26.9038%; text-align: center;\"><span style=\"font-size: 14pt;\"><strong><a href=\"https:\/\/cap.ca\/fr\/congres-de-lacp\/conferences-evenements-venir\/bicp\/martin-williams\/\" target=\"_blank\" rel=\"noopener noreferrer\">Martin Williams<\/a><\/strong><\/span><img loading=\"lazy\" decoding=\"async\" class=\"alignnone size-full wp-image-5506\" src=\"https:\/\/cap.ca\/wp-content\/uploads\/2017\/03\/martin-williams-sized-1.jpg\" alt=\"\" width=\"150\" height=\"150\" srcset=\"https:\/\/cap.ca\/wp-content\/uploads\/2017\/03\/martin-williams-sized-1.jpg 150w, https:\/\/cap.ca\/wp-content\/uploads\/2017\/03\/martin-williams-sized-1-125x125.jpg 125w\" sizes=\"auto, (max-width: 150px) 100vw, 150px\" \/><\/td>\n<td style=\"width: 26.9038%; text-align: center;\"><span style=\"font-size: 14pt;\"><strong><a href=\"https:\/\/cap.ca\/fr\/congres-de-lacp\/conferences-evenements-venir\/bicp\/kevin-hewitt\/\" target=\"_blank\" rel=\"noopener noreferrer\">Kevin Hewitt<\/a><\/strong><\/span><img loading=\"lazy\" decoding=\"async\" class=\"alignnone wp-image-16314 size-thumbnail\" src=\"https:\/\/cap.ca\/wp-content\/uploads\/2020\/10\/Kevin-Hewitt-1-150x150.jpg\" alt=\"\" width=\"150\" height=\"150\" srcset=\"https:\/\/cap.ca\/wp-content\/uploads\/2020\/10\/Kevin-Hewitt-1-150x150.jpg 150w, https:\/\/cap.ca\/wp-content\/uploads\/2020\/10\/Kevin-Hewitt-1-125x125.jpg 125w\" sizes=\"auto, (max-width: 150px) 100vw, 150px\" \/><\/td>\n<\/tr>\n<tr>\n<td style=\"width: 26.9038%; text-align: center;\"><span style=\"font-size: 14pt;\"><strong><a href=\"https:\/\/cap.ca\/fr\/congres-de-lacp\/conferences-evenements-venir\/bicp\/estelle-inack\/\" target=\"_blank\" rel=\"noopener noreferrer\">Estelle Inack<\/a><\/strong><\/span><img loading=\"lazy\" decoding=\"async\" class=\"alignnone wp-image-16406 size-thumbnail\" src=\"https:\/\/cap.ca\/wp-content\/uploads\/2020\/10\/Estelle-Inack_214_2-150x150.jpg\" alt=\"\" width=\"150\" height=\"150\" srcset=\"https:\/\/cap.ca\/wp-content\/uploads\/2020\/10\/Estelle-Inack_214_2-150x150.jpg 150w, https:\/\/cap.ca\/wp-content\/uploads\/2020\/10\/Estelle-Inack_214_2-125x125.jpg 125w\" sizes=\"auto, (max-width: 150px) 100vw, 150px\" \/><\/td>\n<td style=\"width: 26.9038%; text-align: center;\"><span style=\"font-size: 14pt;\"><span style=\"font-size: 14pt;\"><strong><a href=\"https:\/\/cap.ca\/fr\/congres-de-lacp\/conferences-evenements-venir\/bicp\/tim-bardouille\" target=\"_blank\" rel=\"noopener noreferrer\">Tim Bardouille<br \/>\n<\/a><\/strong><\/span><\/span><img loading=\"lazy\" decoding=\"async\" class=\"alignnone wp-image-16416 size-thumbnail\" src=\"https:\/\/cap.ca\/wp-content\/uploads\/2020\/10\/TimBardouille_Proof1-150x150.jpg\" alt=\"\" width=\"150\" height=\"150\" srcset=\"https:\/\/cap.ca\/wp-content\/uploads\/2020\/10\/TimBardouille_Proof1-150x150.jpg 150w, https:\/\/cap.ca\/wp-content\/uploads\/2020\/10\/TimBardouille_Proof1-300x300.jpg 300w, https:\/\/cap.ca\/wp-content\/uploads\/2020\/10\/TimBardouille_Proof1-1024x1024.jpg 1024w, https:\/\/cap.ca\/wp-content\/uploads\/2020\/10\/TimBardouille_Proof1-768x768.jpg 768w, https:\/\/cap.ca\/wp-content\/uploads\/2020\/10\/TimBardouille_Proof1-1536x1536.jpg 1536w, https:\/\/cap.ca\/wp-content\/uploads\/2020\/10\/TimBardouille_Proof1-2048x2048.jpg 2048w, https:\/\/cap.ca\/wp-content\/uploads\/2020\/10\/TimBardouille_Proof1-125x125.jpg 125w\" sizes=\"auto, (max-width: 150px) 100vw, 150px\" \/><\/td>\n<td style=\"width: 26.9038%; text-align: center;\"><span style=\"font-size: 14pt;\">\u00a0<\/span><\/td>\n<\/tr>\n<\/tbody>\n<\/table>\n<p>&nbsp;<\/p>\n<h3><strong>Inscrivez maintenant<\/strong><\/h3>\n<p><a id=\"Register\"><\/a><\/p>\n","protected":false},"excerpt":{"rendered":"<p>Vous \u00eates \u00e9tudiant(e) en physique (\u00e0 temps plein ou \u00e0 temps partiel) ou titulaire d&#8217;un dipl\u00f4me de physique travaillant au Canada et vous vous identifiez comme Noir, Afro-Canadien, N\u00e9o-\u00c9cossais d&#8217;origine africaine ou d&#8217;origine noire\/africaine ? Venez discuter avec un panel de professeur(e)s de physique et de post-doctorats canadien(ne)s lors de la r\u00e9union de r\u00e9seautage d&#8217;une&#8230;  <a class=\"excerpt-read-more\" href=\"https:\/\/cap.ca\/fr\/bicp\/\" title=\"Lire\u00c9v\u00e9nement de r\u00e9seautage Black in Canadian Physics &#8211; 30 octobre 2020 ; 14h00-15h00 HAE\">Lire la suite &raquo;<\/a><\/p>\n","protected":false},"author":7,"featured_media":0,"parent":0,"menu_order":7,"comment_status":"closed","ping_status":"closed","template":"","meta":{"footnotes":""},"class_list":["post-16323","page","type-page","status-publish","hentry"],"_links":{"self":[{"href":"https:\/\/cap.ca\/fr\/wp-json\/wp\/v2\/pages\/16323","targetHints":{"allow":["GET"]}}],"collection":[{"href":"https:\/\/cap.ca\/fr\/wp-json\/wp\/v2\/pages"}],"about":[{"href":"https:\/\/cap.ca\/fr\/wp-json\/wp\/v2\/types\/page"}],"author":[{"embeddable":true,"href":"https:\/\/cap.ca\/fr\/wp-json\/wp\/v2\/users\/7"}],"replies":[{"embeddable":true,"href":"https:\/\/cap.ca\/fr\/wp-json\/wp\/v2\/comments?post=16323"}],"version-history":[{"count":21,"href":"https:\/\/cap.ca\/fr\/wp-json\/wp\/v2\/pages\/16323\/revisions"}],"predecessor-version":[{"id":16444,"href":"https:\/\/cap.ca\/fr\/wp-json\/wp\/v2\/pages\/16323\/revisions\/16444"}],"wp:attachment":[{"href":"https:\/\/cap.ca\/fr\/wp-json\/wp\/v2\/media?parent=16323"}],"curies":[{"name":"wp","href":"https:\/\/api.w.org\/{rel}","templated":true}]}}