{"id":16218,"date":"2020-10-22T15:57:56","date_gmt":"2020-10-22T19:57:56","guid":{"rendered":"https:\/\/cap.ca\/?page_id=16218"},"modified":"2021-10-28T15:32:35","modified_gmt":"2021-10-28T19:32:35","slug":"cotisations-des-membres-departementaux-2021","status":"publish","type":"page","link":"https:\/\/cap.ca\/fr\/cotisations-des-membres-departementaux-2021\/","title":{"rendered":"Cotisations des membres d\u00e9partementaux (2021)"},"content":{"rendered":"<p>Nos frais d&#8217;adh\u00e9sion refl\u00e8tent la taille des universit\u00e9s et coll\u00e8ges canadiens et l&#8217;\u00e9tendue de leurs programmes<\/p>\n<p><strong>Frais pour l&#8217;ann\u00e9e 2021 (avant TPS\/TVH):<\/strong><\/p>\n<table style=\"width: 100%;\" cellspacing=\"1\" cellpadding=\"1\">\n<tbody>\n<tr>\n<td style=\"width: 84.8276%;\">D\u00e9partements offrant des programmes d&#8217;\u00e9tudes sup\u00e9rieures (Doctorat)<\/td>\n<td style=\"width: 15.0345%;\">542.00 $<\/td>\n<\/tr>\n<tr>\n<td style=\"width: 84.8276%;\">D\u00e9partements offrants des programmes de premier et deuxi\u00e8me cycles (Baccalaur\u00e9at et Ma\u00eetrise)<\/td>\n<td style=\"width: 15.0345%;\">328.00 $<\/td>\n<\/tr>\n<tr>\n<td style=\"width: 84.8276%;\">L&#8217;enseignement de la physique au niveau coll\u00e9gial (CEGEP)<\/td>\n<td style=\"width: 15.0345%;\">217.00 $<\/td>\n<\/tr>\n<tr>\n<td style=\"width: 84.8276%;\">Tous les autres programmes li\u00e9s \u00e0 la physique.<\/td>\n<td style=\"width: 15.0345%;\">109.00 $<\/td>\n<\/tr>\n<\/tbody>\n<\/table>\n","protected":false},"excerpt":{"rendered":"<p>Nos frais d&#8217;adh\u00e9sion refl\u00e8tent la taille des universit\u00e9s et coll\u00e8ges canadiens et l&#8217;\u00e9tendue de leurs programmes Frais pour l&#8217;ann\u00e9e 2021 (avant TPS\/TVH): D\u00e9partements offrant des programmes d&#8217;\u00e9tudes sup\u00e9rieures (Doctorat) 542.00 $ D\u00e9partements offrants des programmes de premier et deuxi\u00e8me cycles (Baccalaur\u00e9at et Ma\u00eetrise) 328.00 $ L&#8217;enseignement de la physique au niveau coll\u00e9gial (CEGEP) 217.00 $&#8230;  <a class=\"excerpt-read-more\" href=\"https:\/\/cap.ca\/fr\/cotisations-des-membres-departementaux-2021\/\" title=\"LireCotisations des membres d\u00e9partementaux (2021)\">Lire la suite &raquo;<\/a><\/p>\n","protected":false},"author":5,"featured_media":0,"parent":0,"menu_order":260,"comment_status":"closed","ping_status":"closed","template":"","meta":{"footnotes":""},"class_list":["post-16218","page","type-page","status-publish","hentry"],"_links":{"self":[{"href":"https:\/\/cap.ca\/fr\/wp-json\/wp\/v2\/pages\/16218","targetHints":{"allow":["GET"]}}],"collection":[{"href":"https:\/\/cap.ca\/fr\/wp-json\/wp\/v2\/pages"}],"about":[{"href":"https:\/\/cap.ca\/fr\/wp-json\/wp\/v2\/types\/page"}],"author":[{"embeddable":true,"href":"https:\/\/cap.ca\/fr\/wp-json\/wp\/v2\/users\/5"}],"replies":[{"embeddable":true,"href":"https:\/\/cap.ca\/fr\/wp-json\/wp\/v2\/comments?post=16218"}],"version-history":[{"count":9,"href":"https:\/\/cap.ca\/fr\/wp-json\/wp\/v2\/pages\/16218\/revisions"}],"predecessor-version":[{"id":18979,"href":"https:\/\/cap.ca\/fr\/wp-json\/wp\/v2\/pages\/16218\/revisions\/18979"}],"wp:attachment":[{"href":"https:\/\/cap.ca\/fr\/wp-json\/wp\/v2\/media?parent=16218"}],"curies":[{"name":"wp","href":"https:\/\/api.w.org\/{rel}","templated":true}]}}