{"id":15955,"date":"2020-09-03T15:07:09","date_gmt":"2020-09-03T19:07:09","guid":{"rendered":"https:\/\/cap.ca\/?page_id=15955"},"modified":"2024-07-11T12:58:46","modified_gmt":"2024-07-11T16:58:46","slug":"comite-dequite-de-dejudiciarisation-et-dinclusion","status":"publish","type":"page","link":"https:\/\/cap.ca\/fr\/propos-lacp\/comites\/comite-dequite-de-dejudiciarisation-et-dinclusion\/","title":{"rendered":"Comit\u00e9 d&#8217;\u00e9quit\u00e9, de diversit\u00e9 et d&#8217;inclusion"},"content":{"rendered":"<h3>Les membres du comit\u00e9:<\/h3>\n<p>&nbsp;<\/p>\n<p><strong>James Botte\u00a0 |\u00a0 <\/strong>Carleton University<\/p>\n<p><strong>Gurkaran Chowdhry\u00a0 |\u00a0 <\/strong>Dalhousie University<\/p>\n<p><strong>Kevin Hewitt\u00a0 |\u00a0 <\/strong>Dalhousie University<\/p>\n<p><strong>Nadia Octave\u00a0 |\u00a0 <\/strong>CISSS de Chaudi\u00e8re-Appalaches<\/p>\n<p><strong>A.W. Peet\u00a0 |\u00a0 <\/strong>University of Toronto<\/p>\n<p><strong>Laurie Rousseau-Nepton\u00a0 |\u00a0 <\/strong>Canada France Hawaii Telescope, Hawaii<\/p>\n<p><strong>Anastasia Smolina\u00a0 |\u00a0 <\/strong>University of Toronto<\/p>\n<p><strong>Michael Steinitz\u00a0 |\u00a0 <\/strong>St. Francis Xavier University<\/p>\n<p>&nbsp;<\/p>\n<p>Liaison avec le conseil d&#8217;administration de l&#8217;ACP:\u00a0 <strong>Martin Williams<\/strong> | University of Guelph<\/p>\n","protected":false},"excerpt":{"rendered":"<p>Les membres du comit\u00e9: &nbsp; James Botte\u00a0 |\u00a0 Carleton University Gurkaran Chowdhry\u00a0 |\u00a0 Dalhousie University Kevin Hewitt\u00a0 |\u00a0 Dalhousie University Nadia Octave\u00a0 |\u00a0 CISSS de Chaudi\u00e8re-Appalaches A.W. Peet\u00a0 |\u00a0 University of Toronto Laurie Rousseau-Nepton\u00a0 |\u00a0 Canada France Hawaii Telescope, Hawaii Anastasia Smolina\u00a0 |\u00a0 University of Toronto Michael Steinitz\u00a0 |\u00a0 St. Francis Xavier University &nbsp; Liaison&#8230;  <a class=\"excerpt-read-more\" href=\"https:\/\/cap.ca\/fr\/propos-lacp\/comites\/comite-dequite-de-dejudiciarisation-et-dinclusion\/\" title=\"LireComit\u00e9 d&#8217;\u00e9quit\u00e9, de diversit\u00e9 et d&#8217;inclusion\">Lire la suite &raquo;<\/a><\/p>\n","protected":false},"author":12,"featured_media":0,"parent":3159,"menu_order":7,"comment_status":"closed","ping_status":"closed","template":"","meta":{"footnotes":""},"class_list":["post-15955","page","type-page","status-publish","hentry"],"_links":{"self":[{"href":"https:\/\/cap.ca\/fr\/wp-json\/wp\/v2\/pages\/15955","targetHints":{"allow":["GET"]}}],"collection":[{"href":"https:\/\/cap.ca\/fr\/wp-json\/wp\/v2\/pages"}],"about":[{"href":"https:\/\/cap.ca\/fr\/wp-json\/wp\/v2\/types\/page"}],"author":[{"embeddable":true,"href":"https:\/\/cap.ca\/fr\/wp-json\/wp\/v2\/users\/12"}],"replies":[{"embeddable":true,"href":"https:\/\/cap.ca\/fr\/wp-json\/wp\/v2\/comments?post=15955"}],"version-history":[{"count":8,"href":"https:\/\/cap.ca\/fr\/wp-json\/wp\/v2\/pages\/15955\/revisions"}],"predecessor-version":[{"id":25458,"href":"https:\/\/cap.ca\/fr\/wp-json\/wp\/v2\/pages\/15955\/revisions\/25458"}],"up":[{"embeddable":true,"href":"https:\/\/cap.ca\/fr\/wp-json\/wp\/v2\/pages\/3159"}],"wp:attachment":[{"href":"https:\/\/cap.ca\/fr\/wp-json\/wp\/v2\/media?parent=15955"}],"curies":[{"name":"wp","href":"https:\/\/api.w.org\/{rel}","templated":true}]}}