{"id":15873,"date":"2020-09-28T13:05:01","date_gmt":"2020-09-28T17:05:01","guid":{"rendered":"https:\/\/cap.ca\/?page_id=15873"},"modified":"2022-02-01T10:44:32","modified_gmt":"2022-02-01T15:44:32","slug":"assemblee-generale-annuelle-virtuelle-2020-de-lacp-aga","status":"publish","type":"page","link":"https:\/\/cap.ca\/fr\/propos-lacp\/gouvernance\/assemblee-generale-annuelle-virtuelle-2020-de-lacp-aga\/","title":{"rendered":"Assembl\u00e9e g\u00e9n\u00e9rale annuelle virtuelle 2020 de l&#8217;ACP (AGA)"},"content":{"rendered":"<p>L&#8217;AGA de l&#8217;ACP 2020 se tiendra sous forme de r\u00e9union virtuelle<strong> le mercredi 30 septembre de 11h30 \u00e0 13h00 HAE.<\/strong><\/p>\n<p>Veuillez marquer cette date importante sur vos calendriers et pr\u00e9voir d&#8217;y assister !\u00a0 \u00a0<strong><a href=\"https:\/\/crm.cap.ca\/sites\/all\/modules\/civicrm\/extern\/url.php?u=1572&amp;qid=\">Cliquez ici pour vous inscrire \u00e0 cette r\u00e9union <\/a>et recevoir les informations de connexion Zoom.<\/strong><\/p>\n<h3>ORDRE DU JOUR PROVISOIRE<\/h3>\n<ol class=\"content-list\">\n<li>\u00a0\u00a0Rappel \u00e0 l&#8217;ordre, constatation du quorum et approbation de l&#8217;ordre du jour<\/li>\n<li>\u00a0\u00a0Rapport du comit\u00e9 des nominations et br\u00e8ve explication du d\u00e9roulement et de la proc\u00e9dure d&#8217;\u00e9lection<br \/>\ndu conseil d&#8217;administration de l&#8217;ACP<br \/>\n(<strong><a href=\"https:\/\/cap.ca\/fr\/propos-lacp\/gouvernance\/election-du-30-septembre-conseil-dadministration-de-lacp-2020-2021\/\" target=\"_blank\" rel=\"noopener noreferrer\">cliquez ici pour consulter la liste<\/a>, y compris les d\u00e9clarations des deux candidats au poste de vice-pr\u00e9sident \u00e9lu)<\/strong><br \/>\n&#8211; 11h40-12h40 p\u00e9riode de vote, accessible via le login aux services pour membres.<\/li>\n<li>\u00a0\u00a0Approbation du proc\u00e8s-verbal de l&#8217;assembl\u00e9e g\u00e9n\u00e9rale annuelle du 5 juin 2019<br \/>\n(<strong><a href=\"https:\/\/cap.ca\/wp-content\/uploads\/2020\/09\/CAP-Minutes-AGM-June-2019-for-approval.pdf\" target=\"_blank\" rel=\"noopener noreferrer\">cliquez ici pour voir les proc\u00e8s-verbal de l&#8217;AGA de 2019<\/a><\/strong>)<\/li>\n<li>\u00a0\u00a0Rapport annuel<br \/>\n4.1\u00a0\u00a0Rapport du pr\u00e9sident de l&#8217;ACP (S. Ghose)<br \/>\n4.2\u00a0\u00a0\u00c9tats financiers r\u00e9vis\u00e9s au 31 d\u00e9cembre 2019\u00a0 (C. Kraus)<br \/>\n<strong>(cliquez ici pour voir la <a href=\"https:\/\/cap.ca\/wp-content\/uploads\/2020\/09\/2020-Report-to-AGM-on-2019-Finances.pdf\" target=\"_blank\" rel=\"noopener noreferrer\">Rapport du secr\u00e9taire-tr\u00e9sorier et pr\u00e9sident du Comit\u00e9 des finances<\/a>;<\/strong><br \/>\n<strong>cliquez ici pour voir les <a href=\"https:\/\/cap.ca\/wp-content\/uploads\/2020\/09\/Canadian-Association-of-Physicists-2019-Financial-statements.pdf\" target=\"_blank\" rel=\"noopener noreferrer\">\u00e9tats financiers au 31 d\u00e9cembre 2019<\/a>)<\/strong><\/li>\n<li>\u00a0\u00a0Nomination d&#8217;un organisme de v\u00e9rification pour l&#8217;examen des finances de 2020 (<strong><a href=\"https:\/\/cap.ca\/wp-content\/uploads\/2020\/09\/2020-AGM-motion-audit-firm.png\" target=\"_blank\" rel=\"noopener noreferrer\">cliquez ici pour voir la motion<\/a><\/strong>)<\/li>\n<li>\u00a0\u00a0Commentaires sur les succ\u00e8s et les d\u00e9fis du Congr\u00e8s de l&#8217;ACP 2020 (M. Paranjape)<\/li>\n<li>\u00a0\u00a0Rapport sur la planification pr\u00e9liminaire du Congr\u00e8s virtuel de l&#8217;ACP 2021 (M. Paranjape)<\/li>\n<li>\u00a0\u00a0Autres sujets<br \/>\n8.1\u00a0\u00a02021 Frais d&#8217;adh\u00e9sion (C. Kraus) (<strong><a href=\"https:\/\/cap.ca\/wp-content\/uploads\/2020\/09\/2020-AGM-info-re-2021-fees.png\" target=\"_blank\" rel=\"noopener noreferrer\">cliquez ici pour plus d&#8217;informations<\/a><\/strong>)<br \/>\n8.2\u00a0\u00a0Mise \u00e0 jour sur l&#8217;impact de COVID-19 et les finances de l&#8217;ACP 2020 jusq&#8217;au 30 juin (C. Kraus)<br \/>\n8.3\u00a0\u00a0Mise \u00e0 jour sur la proposition de cr\u00e9ation d&#8217;un programme de Fellows de l&#8217;ACP (B. Gaulin)<br \/>\n(<a href=\"https:\/\/cap.ca\/wp-content\/uploads\/2020\/09\/FCAP-Nomination-Criteria-and-Process-draft_May04_2020_BDG.pdf\" target=\"_blank\" rel=\"noopener noreferrer\"><strong>Cliquez ici pour l&#8217;\u00e9bauche de la proposition mise \u00e0 jour avril 2020<\/strong><\/a>)<br \/>\n8.4\u00a0\u00a0Rapport sur le changement de nom du CEWIP \u00e0 DGEP (C. Rangan) (<strong><a href=\"https:\/\/cap.ca\/wp-content\/uploads\/2020\/09\/2020-AGM-info-re-CEWIP-name-change.png\" target=\"_blank\" rel=\"noopener noreferrer\">cliquez ici pour plus d&#8217;informations<\/a><\/strong>)<br \/>\n8.5\u00a0\u00a0Rapport du Conseil consultatif des \u00e9tudiants (C. MacDougall)<br \/>\n8.6\u00a0\u00a0Annonce des b\u00e9n\u00e9ficiaires des bourses 2020 de la FACP (M. Roney)<br \/>\n8.6.1\u00a0\u00a0Introduction de A. Carswell de la Fondation de la famille Allan Carswell<br \/>\n8.7\u00a0\u00a0Autres discussions<\/li>\n<li>\u00a0\u00a0R\u00e9sultats de l&#8217;\u00e9lection du conseil d&#8217;administration, vote de remerciement et changement de pr\u00e9sident<\/li>\n<li>\u00a0\u00a0Date et lieu de la prochaine r\u00e9union<\/li>\n<li>\u00a0\u00a0Ajournement<\/li>\n<\/ol>\n","protected":false},"excerpt":{"rendered":"<p>L&#8217;AGA de l&#8217;ACP 2020 se tiendra sous forme de r\u00e9union virtuelle le mercredi 30 septembre de 11h30 \u00e0 13h00 HAE. Veuillez marquer cette date importante sur vos calendriers et pr\u00e9voir d&#8217;y assister !\u00a0 \u00a0Cliquez ici pour vous inscrire \u00e0 cette r\u00e9union et recevoir les informations de connexion Zoom. ORDRE DU JOUR PROVISOIRE \u00a0\u00a0Rappel \u00e0 l&#8217;ordre,&#8230;  <a class=\"excerpt-read-more\" href=\"https:\/\/cap.ca\/fr\/propos-lacp\/gouvernance\/assemblee-generale-annuelle-virtuelle-2020-de-lacp-aga\/\" title=\"LireAssembl\u00e9e g\u00e9n\u00e9rale annuelle virtuelle 2020 de l&#8217;ACP (AGA)\">Lire la suite &raquo;<\/a><\/p>\n","protected":false},"author":5,"featured_media":0,"parent":3170,"menu_order":98,"comment_status":"closed","ping_status":"closed","template":"","meta":{"footnotes":""},"class_list":["post-15873","page","type-page","status-publish","hentry"],"_links":{"self":[{"href":"https:\/\/cap.ca\/fr\/wp-json\/wp\/v2\/pages\/15873","targetHints":{"allow":["GET"]}}],"collection":[{"href":"https:\/\/cap.ca\/fr\/wp-json\/wp\/v2\/pages"}],"about":[{"href":"https:\/\/cap.ca\/fr\/wp-json\/wp\/v2\/types\/page"}],"author":[{"embeddable":true,"href":"https:\/\/cap.ca\/fr\/wp-json\/wp\/v2\/users\/5"}],"replies":[{"embeddable":true,"href":"https:\/\/cap.ca\/fr\/wp-json\/wp\/v2\/comments?post=15873"}],"version-history":[{"count":11,"href":"https:\/\/cap.ca\/fr\/wp-json\/wp\/v2\/pages\/15873\/revisions"}],"predecessor-version":[{"id":19683,"href":"https:\/\/cap.ca\/fr\/wp-json\/wp\/v2\/pages\/15873\/revisions\/19683"}],"up":[{"embeddable":true,"href":"https:\/\/cap.ca\/fr\/wp-json\/wp\/v2\/pages\/3170"}],"wp:attachment":[{"href":"https:\/\/cap.ca\/fr\/wp-json\/wp\/v2\/media?parent=15873"}],"curies":[{"name":"wp","href":"https:\/\/api.w.org\/{rel}","templated":true}]}}