{"id":15866,"date":"2020-09-25T08:55:28","date_gmt":"2020-09-25T12:55:28","guid":{"rendered":"https:\/\/cap.ca\/?page_id=15866"},"modified":"2020-09-28T10:38:35","modified_gmt":"2020-09-28T14:38:35","slug":"election-du-30-septembre-conseil-dadministration-de-lacp-2020-2021","status":"publish","type":"page","link":"https:\/\/cap.ca\/fr\/propos-lacp\/gouvernance\/election-du-30-septembre-conseil-dadministration-de-lacp-2020-2021\/","title":{"rendered":"\u00c9lection du 30 septembre : conseil d\u2019administration de l\u2019ACP 2020-2021"},"content":{"rendered":"<p>Vous trouverez ci-apr\u00e8s la liste des candidatures pour le conseil d\u2019administration de l\u2019ACP 2020-2021, et l\u2019on y trouve des liens aux notices biographiques de chacun des candidats. Aucune autre candidature n\u2019a \u00e9t\u00e9 re\u00e7ue.<\/p>\n<h3><span style=\"color: #800000;\"><strong>Quand voter<\/strong><\/span><\/h3>\n<ul class=\"content-list\">\n<li>Les membres auront la chance\u00a0<strong>d\u2019inscrire leur vote<\/strong>\u00a0pour les membres du conseil durant\u00a0 Assembl\u00e9e g\u00e9n\u00e9rale annuelle virtuelle(AGA) le mercredi 30 septembre,\u00a0de 11 h 30 \u00e0 13 h 00 HAE. <span style=\"text-decoration: underline;\"><span style=\"color: #3366ff; text-decoration: underline;\"><a style=\"color: #3366ff; text-decoration: underline;\" href=\"https:\/\/crm.cap.ca\/sites\/all\/modules\/civicrm\/extern\/url.php?u=1572&amp;qid=222038\">Clicquez ici pour vous inscrire\u00a0\u00e0\u00a0 cette r\u00e9union<\/a><\/span><\/span><\/li>\n<li><strong>Le syst\u00e8me de vote sera ouvert de 11h40 \u00e0 12h40 le 30 septembre HAE.<\/strong><\/li>\n<\/ul>\n<h3><span style=\"color: #800000;\"><strong>Comment voter<\/strong><\/span><\/h3>\n<ul class=\"content-list\">\n<li>Vous pourrez\u00a0<strong>acc\u00e9der au syst\u00e8me de vote\u00a0<\/strong>en vous connectant \u00e0 <a href=\"https:\/\/crm.cap.ca\/fr\/user\/login\/\" target=\"_blank\" rel=\"noopener noreferrer\">Services aux membres<\/a> et puis en choisissant \u00ab\u00a0menu du syst\u00e8me de vote\u00a0\u00bb.<\/li>\n<\/ul>\n<h3><span style=\"color: #800000;\"><strong>Quorum n\u00e9cessaire<\/strong><\/span><\/h3>\n<ul class=\"content-list\">\n<li><strong>Le quorum des membres pr\u00e9sents sera de 50 membres\u00a0<\/strong>\u00e0 l\u2019assembl\u00e9e g\u00e9n\u00e9rale annuelle pour que l\u2019\u00e9lection puisse se tenir.<\/li>\n<\/ul>\n<h1>Liste des candidatures<br \/>\nConseil d&#8217;administration de la l&#8217;ACP 2020-21<\/h1>\n<p><strong>NOTE:\u00a0\u00a0Shohini Ghose<\/strong> passera de pr\u00e9sidente \u00e0 pr\u00e9sidente sortante (aucun vote requis).<\/p>\n<table style=\"height: 435px; width: 731px;\">\n<tbody>\n<tr style=\"height: 84px;\">\n<td style=\"width: 269px; height: 84px;\"><span style=\"text-decoration: underline;\"><strong>Position<\/strong><\/span><\/td>\n<td style=\"width: 248px; height: 84px;\"><span style=\"text-decoration: underline;\"><strong>Mandat<\/strong><\/span><\/td>\n<td style=\"width: 213px; height: 84px;\"><span style=\"text-decoration: underline;\"><strong>Nominee(s)<br \/>\n<\/strong><\/span>(Cliquez sur le nom pour voir la biographie)<\/td>\n<\/tr>\n<tr style=\"height: 97px;\">\n<td style=\"width: 269px; height: 97px;\"><strong>Pr\u00e9sident<\/strong><br \/>\nLe candidat a \u00e9t\u00e9 vice-pr\u00e9sident en\u00a02019-20<\/td>\n<td style=\"width: 248px; height: 97px;\">Progression de 4 ans \u00e0 travers la ligne pr\u00e9sidentielle<\/td>\n<td style=\"width: 213px; height: 97px;\"><strong><a href=\"https:\/\/cap.ca\/wp-content\/uploads\/2019\/05\/Bio_Robert_Thompson_2019.pdf\">Robert Thompson<\/a><\/strong><\/p>\n<p>University of Calgary<\/td>\n<\/tr>\n<tr style=\"height: 97px;\">\n<td style=\"width: 269px; height: 97px;\"><strong>Vice-pr\u00e9sident<\/strong><br \/>\nLe candidat a \u00e9t\u00e9 vice-pr\u00e9sident \u00e9lu(e)\u00a0en\u00a0 in 2018-19<\/td>\n<td style=\"width: 248px; height: 97px;\">Progression de 4 ans \u00e0 travers la ligne pr\u00e9sidentielle<br \/>\n(ce sera la deuxi\u00e8me ann\u00e9e)<\/td>\n<td style=\"width: 213px; height: 97px;\"><a href=\"https:\/\/cap.ca\/wp-content\/uploads\/2019\/05\/Bio-Manu-Paranjape-2019-Final.pdf\" target=\"_blank\" rel=\"noopener noreferrer\"><strong>Manu Paranjabe<\/strong><\/a><\/p>\n<p>Universit\u00e9 de Montr\u00e9al<\/td>\n<\/tr>\n<tr style=\"height: 102.277px;\">\n<td style=\"width: 269px; height: 102.277px;\"><strong>Vice-pr\u00e9sident(e) \u00e9lu(e)<\/strong><\/td>\n<td style=\"width: 248px; height: 102.277px;\">Progression de 4 ans \u00e0 travers la ligne pr\u00e9sidentielle<br \/>\n(ce sera la premi\u00e8re ann\u00e9e)<\/td>\n<td style=\"width: 213px; height: 102.277px;\">Les\u00a0 candidats suivants ont \u00e9t\u00e9 d\u00e9sign\u00e9s:<\/p>\n<p><strong>Barbara Frisken<\/strong><\/p>\n<p>Simon Fraser University<\/p>\n<p><span style=\"font-size: 10pt;\">(<a href=\"https:\/\/cap.ca\/wp-content\/uploads\/2020\/08\/VP-Elect-Barbabra-Frisken-short-candidate-statement-French.pdf\">cliquez ici pour la d\u00e9claration du candidat<\/a>)<\/span><\/p>\n<p><strong>Calvin Kalman<\/strong><\/p>\n<p>Concordia University<\/p>\n<p><span style=\"font-size: 10pt;\">(<a href=\"https:\/\/cap.ca\/wp-content\/uploads\/2020\/08\/VP-Elect-Calvin-Kalman-short-candidate-statement_CAP-French.pdf\">cliquez ici pour la d\u00e9claration du candidat<\/a>)<\/span><\/td>\n<\/tr>\n<tr style=\"height: 97px;\">\n<td style=\"width: 269px; height: 97px;\"><strong>Directeur &#8211; Affaires Professionnelles<\/strong><\/td>\n<td style=\"width: 248px; height: 97px;\">Mandat de 3ans<\/p>\n<p><span style=\"font-size: 10pt;\">(NOTE : Le titulaire actuel a \u00e9t\u00e9 nomm\u00e9 pour un second mandat)<\/span><\/td>\n<td style=\"width: 213px; height: 97px;\"><a href=\"https:\/\/cap.ca\/wp-content\/uploads\/2017\/03\/Bio_Daniel-Cluff_2018.pdf\" target=\"_blank\" rel=\"noopener noreferrer\"><strong>Daniel Cluff<\/strong><\/a><\/p>\n<p>CanMind Associates<\/td>\n<\/tr>\n<tr style=\"height: 97px;\">\n<td style=\"width: 269px; height: 97px;\"><strong>Directrice &#8211; Communications<\/strong><\/td>\n<td style=\"width: 248px; height: 97px;\">Mandat de 2ans<\/td>\n<td style=\"width: 213px; height: 97px;\"><strong><a href=\"https:\/\/cap.ca\/wp-content\/uploads\/2017\/03\/Dir.-of-Communications-Sandra-Ribeiro-Website-posting.pdf\" target=\"_blank\" rel=\"noopener noreferrer\">Sandra Ribeiro<\/a><\/strong><\/p>\n<p>Centre canadien de rayonnement synchrotron<\/td>\n<\/tr>\n<tr style=\"height: 97px;\">\n<td style=\"width: 269px; height: 97px;\"><strong>Directrice &#8211; Affaires Internationales<\/strong><\/td>\n<td style=\"width: 248px; height: 97px;\">Mandat de 3ans<\/p>\n<p><span style=\"font-size: 10pt;\">(NOTE : Le titulaire actuel a \u00e9t\u00e9 nomm\u00e9 pour un second mandat)<\/span><\/td>\n<td style=\"width: 213px; height: 97px;\"><a href=\"https:\/\/cap.ca\/wp-content\/uploads\/2017\/09\/Bio_Ritu-Kanungo_2018.pdf\"><strong>Prof. Ritu Kanungo<\/strong><\/a><\/p>\n<p>Saint Mary&#8217;s University \/ TRIUMF<\/td>\n<\/tr>\n<\/tbody>\n<\/table>\n","protected":false},"excerpt":{"rendered":"<p>Vous trouverez ci-apr\u00e8s la liste des candidatures pour le conseil d\u2019administration de l\u2019ACP 2020-2021, et l\u2019on y trouve des liens aux notices biographiques de chacun des candidats. Aucune autre candidature n\u2019a \u00e9t\u00e9 re\u00e7ue. Quand voter Les membres auront la chance\u00a0d\u2019inscrire leur vote\u00a0pour les membres du conseil durant\u00a0 Assembl\u00e9e g\u00e9n\u00e9rale annuelle virtuelle(AGA) le mercredi 30 septembre,\u00a0de&#8230;  <a class=\"excerpt-read-more\" href=\"https:\/\/cap.ca\/fr\/propos-lacp\/gouvernance\/election-du-30-septembre-conseil-dadministration-de-lacp-2020-2021\/\" title=\"Lire\u00c9lection du 30 septembre : conseil d\u2019administration de l\u2019ACP 2020-2021\">Lire la suite &raquo;<\/a><\/p>\n","protected":false},"author":5,"featured_media":0,"parent":3170,"menu_order":7,"comment_status":"closed","ping_status":"closed","template":"","meta":{"footnotes":""},"class_list":["post-15866","page","type-page","status-publish","hentry"],"_links":{"self":[{"href":"https:\/\/cap.ca\/fr\/wp-json\/wp\/v2\/pages\/15866","targetHints":{"allow":["GET"]}}],"collection":[{"href":"https:\/\/cap.ca\/fr\/wp-json\/wp\/v2\/pages"}],"about":[{"href":"https:\/\/cap.ca\/fr\/wp-json\/wp\/v2\/types\/page"}],"author":[{"embeddable":true,"href":"https:\/\/cap.ca\/fr\/wp-json\/wp\/v2\/users\/5"}],"replies":[{"embeddable":true,"href":"https:\/\/cap.ca\/fr\/wp-json\/wp\/v2\/comments?post=15866"}],"version-history":[{"count":23,"href":"https:\/\/cap.ca\/fr\/wp-json\/wp\/v2\/pages\/15866\/revisions"}],"predecessor-version":[{"id":16054,"href":"https:\/\/cap.ca\/fr\/wp-json\/wp\/v2\/pages\/15866\/revisions\/16054"}],"up":[{"embeddable":true,"href":"https:\/\/cap.ca\/fr\/wp-json\/wp\/v2\/pages\/3170"}],"wp:attachment":[{"href":"https:\/\/cap.ca\/fr\/wp-json\/wp\/v2\/media?parent=15866"}],"curies":[{"name":"wp","href":"https:\/\/api.w.org\/{rel}","templated":true}]}}