{"id":15785,"date":"2020-07-09T14:23:23","date_gmt":"2020-07-09T18:23:23","guid":{"rendered":"https:\/\/cap.ca\/?page_id=15785"},"modified":"2020-07-09T14:23:56","modified_gmt":"2020-07-09T18:23:56","slug":"15785-2","status":"publish","type":"page","link":"https:\/\/cap.ca\/fr\/congres-de-lacp\/congres-anterieurs\/2020-congress\/15785-2\/","title":{"rendered":"Prix \u200b\u200bde la meilleure pr\u00e9sentation orale pour \u00e9tudiants"},"content":{"rendered":"<h3 style=\"text-align: center;\"><\/h3>\n<blockquote>\n<h3><span style=\"font-size: 14pt;\">L&#8217;ACP aimerait remercier et f\u00e9liciter tous ceux qui ont particip\u00e9 au Congr\u00e8s virtuel et au concours de la meilleure pr\u00e9sentation orale des \u00e9tudiants de cette ann\u00e9e. Votre soutien et votre participation ont \u00e9t\u00e9 essentiels au succ\u00e8s de l&#8217;\u00e9v\u00e9nement.<\/span><\/h3>\n<\/blockquote>\n<h2><\/h2>\n<h2 id=\"tw-target-text\" class=\"tw-data-text tw-text-large XcVN5d tw-ta\" dir=\"ltr\" data-placeholder=\"Translation\"><strong><span lang=\"fr\">Finalistes oraux de la division: <\/span><\/strong><\/h2>\n<p class=\"tw-data-text tw-text-large XcVN5d tw-ta\" dir=\"ltr\" data-placeholder=\"Translation\"><span lang=\"fr\">La comp\u00e9tition \u00e9tudiante de la division s&#8217;est tenue pratiquement du 8 au 15 juin.<\/span><\/p>\n<table style=\"width: 769px; height: 1120px;\">\n<tbody>\n<tr style=\"height: 9px;\">\n<td style=\"width: 123px; height: 9px; vertical-align: top;\"><strong>Division:<\/strong><\/td>\n<td style=\"width: 546px; height: 9px; vertical-align: top;\">\n<p id=\"tw-target-text\" class=\"tw-data-text tw-text-large XcVN5d tw-ta\" dir=\"ltr\" data-placeholder=\"Translation\"><strong><span lang=\"fr\">Nom, affiliation et titre:<\/span><\/strong><\/p>\n<\/td>\n<td style=\"width: 99px; height: 9px; vertical-align: top;\"><strong>Position<\/strong><\/td>\n<\/tr>\n<tr style=\"height: 85px;\">\n<td style=\"width: 123px; height: 85px; vertical-align: top;\">DAMOPC<\/td>\n<td style=\"width: 546px; height: 85px; vertical-align: top;\"><em><strong>Aaron Bondy \u2013 University of Windsor<\/strong><\/em>\u201cDouble atomic electron emission following the beta decay of He-6\u201d<\/td>\n<td style=\"width: 99px; height: 85px; vertical-align: top;\">1er<\/td>\n<\/tr>\n<tr style=\"height: 94px;\">\n<td style=\"width: 123px; height: 94px; vertical-align: top;\">DCMMP\/DPP<\/td>\n<td style=\"width: 546px; height: 94px; vertical-align: top;\"><em><strong>Alex Inayeh \u2013 Queen\u2019s University<\/strong><\/em>\u201cMolecular-level study of N-heterocyclic carbenes for biosensing: orientation and self-assembly\u201d<\/td>\n<td style=\"width: 99px; height: 94px; vertical-align: top;\">\u00a01er<\/td>\n<\/tr>\n<tr style=\"height: 71px;\">\n<td style=\"width: 123px; height: 129px; vertical-align: top;\" rowspan=\"2\">DNP<\/td>\n<td style=\"width: 546px; height: 71px; vertical-align: top;\"><em><strong>Lilianna Hariasz \u2013 Queen\u2019s University<\/strong><\/em>\u201cA Measurement of Zinc-65 Using Data from the KDK Experiment\u201d<\/td>\n<td style=\"width: 99px; height: 71px; vertical-align: top;\">1er<\/td>\n<\/tr>\n<tr style=\"height: 58px;\">\n<td style=\"width: 546px; height: 58px; vertical-align: top;\"><em><strong>Rouzbeh Moderresi Yazdi \u2013 McGill University<\/strong><\/em>\u201cDirect Photons From Jets in Quark Gluon Plasma\u201d<\/td>\n<td style=\"width: 99px; height: 58px; vertical-align: top;\">2e<\/td>\n<\/tr>\n<tr style=\"height: 65px;\">\n<td style=\"width: 123px; height: 92px; vertical-align: top;\" rowspan=\"2\">DPMB<\/td>\n<td style=\"width: 546px; height: 65px; vertical-align: top;\"><em><strong>Claire Park \u2013 Robarts Research Institute \/ University of Western Ontario<\/strong><\/em>\u201cA novel technique for breast lesion targeting under ultrasound-guidance and positron emission mammography localization\u201d<\/td>\n<td style=\"width: 99px; height: 65px; vertical-align: top;\">1er<\/td>\n<\/tr>\n<tr style=\"height: 27px;\">\n<td style=\"width: 546px; height: 27px; vertical-align: top;\">Lucas Philipp<\/td>\n<td style=\"width: 99px; height: 27px; vertical-align: top;\">2e<\/td>\n<\/tr>\n<tr style=\"height: 23px;\">\n<td style=\"width: 123px; height: 23px; vertical-align: top;\">DTP<\/td>\n<td style=\"width: 546px; height: 23px; vertical-align: top;\"><em><strong>Erickson Tjoa \u2013 University of Waterloo<\/strong><\/em>\u201cRelativistic Causality and Vacuum Entanglement Harvesting with a Zero Mode\u201d<\/td>\n<td style=\"width: 99px; height: 23px; vertical-align: top;\">1er<\/td>\n<\/tr>\n<tr style=\"height: 2px;\">\n<td style=\"width: 123px; height: 17px; vertical-align: top;\" rowspan=\"3\">PPD<\/td>\n<td style=\"width: 546px; height: 2px; vertical-align: top;\"><em><strong>Daniel Durnford \u2013 University of Alberta<\/strong><\/em>\u201cThe NEWS-G light Dark Matter search experiment: New results from the LSM\u201d<\/td>\n<td style=\"width: 99px; height: 2px; vertical-align: top;\">1er<\/td>\n<\/tr>\n<tr style=\"height: 13px;\">\n<td style=\"width: 546px; height: 13px; vertical-align: top;\"><em><strong>Taylor Gray \u2013 Carleton University<\/strong><\/em>\u201cHow was Dark Matter produced in the early universe? A Study of\u00a0 fermionic Dark Matter with a Z\u2019 portal\u201d<\/td>\n<td style=\"width: 99px; height: 13px; vertical-align: top;\">2e<\/td>\n<\/tr>\n<tr style=\"height: 2px;\">\n<td style=\"width: 546px; height: 2px; vertical-align: top;\">Michael\u00a0Staelens<\/td>\n<td style=\"width: 99px; height: 2px; vertical-align: top;\">3e<\/td>\n<\/tr>\n<tr style=\"height: 14px;\">\n<td style=\"width: 123px; height: 14px; vertical-align: top;\">Soft Matter Canada<br \/>\n(SMC)<\/td>\n<td style=\"width: 546px; height: 14px; vertical-align: top;\"><em><strong>Sylvia Luyben \u2013 University of Guelph<\/strong><\/em>\u201cPolyelectrolyte dynamical self-consistent field theory\u201d<\/td>\n<td style=\"width: 99px; height: 14px; vertical-align: top;\">1er<\/td>\n<\/tr>\n<\/tbody>\n<\/table>\n<h2><\/h2>\n<h2><strong>Finalistes oraux de l&#8217;ACP:<\/strong><\/h2>\n<p>Les finalistes de l&#8217;ACP recevront non seulement un prix en argent, mais auront \u00e9galement la possibilit\u00e9 de soumettre un r\u00e9sum\u00e9 d\u00e9taill\u00e9 dans notre prochaine publication Physics in Canada.<\/p>\n<table style=\"width: 731px;\">\n<tbody>\n<tr>\n<td style=\"width: 121px; vertical-align: top;\"><strong>Division<\/strong><\/td>\n<td style=\"width: 449px; vertical-align: top;\">\n<p id=\"tw-target-text\" class=\"tw-data-text tw-text-large XcVN5d tw-ta\" dir=\"ltr\" data-placeholder=\"Translation\"><strong><span lang=\"fr\">Nom, affiliation et titre<\/span><\/strong><\/p>\n<\/td>\n<td style=\"width: 160px; vertical-align: top;\"><strong>Position<\/strong><\/td>\n<\/tr>\n<tr>\n<td style=\"width: 121px; vertical-align: top;\">DPMB<\/td>\n<td style=\"width: 449px; vertical-align: top;\"><em><strong>Claire Park \u2013 Robarts Research Institute \/ University of Western Ontario<br \/>\n<\/strong><\/em>\u201cA novel technique for breast lesion targeting under ultrasound-guidance and positron emission mammography localization\u201d<\/td>\n<td style=\"width: 160px; vertical-align: top;\">1er<\/td>\n<\/tr>\n<tr>\n<td style=\"width: 121px; vertical-align: top;\">DNP<\/td>\n<td style=\"width: 449px; vertical-align: top;\"><em><strong>Rouzbeh Moderresi Yazdi \u2013 McGill University<br \/>\n<\/strong><\/em>\u201cDirect Photons From Jets in Quark Gluon Plasma\u201d<\/td>\n<td style=\"width: 160px; vertical-align: top;\">2e<\/td>\n<\/tr>\n<tr>\n<td style=\"width: 121px; vertical-align: top;\">DAMOPC<\/td>\n<td style=\"width: 449px; vertical-align: top;\"><em><strong>Aaron Bondy \u2013 University of Windsor<br \/>\n<\/strong><\/em>\u201cDouble atomic electron emission following the beta decay of He-6\u201d<\/td>\n<td style=\"width: 160px; vertical-align: top;\">3e\u00a0(\u00e9galiser)<\/td>\n<\/tr>\n<tr>\n<td style=\"width: 121px; vertical-align: top;\">Soft Matter Canada<br \/>\n(SMC)<\/td>\n<td style=\"width: 449px; vertical-align: top;\"><em><strong>Sylvia Luyben \u2013 University of Guelph<br \/>\n<\/strong><\/em>\u201cPolyelectrolyte dynamical self-consistent field theory\u201d<\/td>\n<td style=\"width: 160px; vertical-align: top;\">3e (\u00e9galiser)<\/td>\n<\/tr>\n<\/tbody>\n<\/table>\n","protected":false},"excerpt":{"rendered":"<p>L&#8217;ACP aimerait remercier et f\u00e9liciter tous ceux qui ont particip\u00e9 au Congr\u00e8s virtuel et au concours de la meilleure pr\u00e9sentation orale des \u00e9tudiants de cette ann\u00e9e. Votre soutien et votre participation ont \u00e9t\u00e9 essentiels au succ\u00e8s de l&#8217;\u00e9v\u00e9nement. Finalistes oraux de la division: La comp\u00e9tition \u00e9tudiante de la division s&#8217;est tenue pratiquement du 8 au&#8230;  <a class=\"excerpt-read-more\" href=\"https:\/\/cap.ca\/fr\/congres-de-lacp\/congres-anterieurs\/2020-congress\/15785-2\/\" title=\"LirePrix \u200b\u200bde la meilleure pr\u00e9sentation orale pour \u00e9tudiants\">Lire la suite &raquo;<\/a><\/p>\n","protected":false},"author":12,"featured_media":0,"parent":15386,"menu_order":7,"comment_status":"closed","ping_status":"closed","template":"","meta":{"footnotes":""},"class_list":["post-15785","page","type-page","status-publish","hentry"],"_links":{"self":[{"href":"https:\/\/cap.ca\/fr\/wp-json\/wp\/v2\/pages\/15785","targetHints":{"allow":["GET"]}}],"collection":[{"href":"https:\/\/cap.ca\/fr\/wp-json\/wp\/v2\/pages"}],"about":[{"href":"https:\/\/cap.ca\/fr\/wp-json\/wp\/v2\/types\/page"}],"author":[{"embeddable":true,"href":"https:\/\/cap.ca\/fr\/wp-json\/wp\/v2\/users\/12"}],"replies":[{"embeddable":true,"href":"https:\/\/cap.ca\/fr\/wp-json\/wp\/v2\/comments?post=15785"}],"version-history":[{"count":2,"href":"https:\/\/cap.ca\/fr\/wp-json\/wp\/v2\/pages\/15785\/revisions"}],"predecessor-version":[{"id":15787,"href":"https:\/\/cap.ca\/fr\/wp-json\/wp\/v2\/pages\/15785\/revisions\/15787"}],"up":[{"embeddable":true,"href":"https:\/\/cap.ca\/fr\/wp-json\/wp\/v2\/pages\/15386"}],"wp:attachment":[{"href":"https:\/\/cap.ca\/fr\/wp-json\/wp\/v2\/media?parent=15785"}],"curies":[{"name":"wp","href":"https:\/\/api.w.org\/{rel}","templated":true}]}}