{"id":15492,"date":"2020-05-28T20:28:12","date_gmt":"2020-05-29T00:28:12","guid":{"rendered":"https:\/\/cap.ca\/?page_id=15492"},"modified":"2021-06-29T12:34:40","modified_gmt":"2021-06-29T16:34:40","slug":"possibilites-demploi","status":"publish","type":"page","link":"https:\/\/cap.ca\/fr\/activites\/careers-and-employment\/possibilites-demploi\/","title":{"rendered":"Possibilit\u00e9s d&#8217;emploi"},"content":{"rendered":"<blockquote><p><span lang=\"fr\">Les annonces sont publi\u00e9es dans la langue de soumission.<\/span><\/p><\/blockquote>\n<div class=\"wpb_text_column wpb_content_element \">\n<div class=\"wpb_wrapper\"><\/div>\n<\/div>\n<div class=\"wpb_wrapper\">\n<div><\/div>\n<\/div>\n<h2><\/h2>\n<h1><span style=\"font-size: 18pt;\">Postes d&#8217;\u00e9tudiants et de d\u00e9but de carri\u00e8re:<\/span><\/h1>\n<div>\n<table style=\"height: 231px; width: 106.977%; border-collapse: collapse; border-style: none; background-color: #ffffff; border-color: #ffffff;\" border=\"0px\">\n<tbody>\n<tr style=\"height: 35px;\">\n<td style=\"width: 97.8468%; border-style: none; text-align: left; vertical-align: top; height: 35px;\"><\/td>\n<td style=\"width: 6.0045%; vertical-align: top; border-style: none; text-align: left; height: 35px;\">\n<h3><span style=\"font-size: 14pt;\">\u00a0<\/span><\/h3>\n<\/td>\n<\/tr>\n<tr style=\"height: 196px;\">\n<td style=\"width: 97.8468%; border-style: none; text-align: left; vertical-align: top; height: 196px;\">\n<h3 class=\"p2\"><span style=\"font-size: 14pt;\">Masters &amp; PhD in Physics: Study of novel 2D materials based quantum circuits<\/span><\/h3>\n<p><strong>Organization:\u00a0<\/strong>NRC Canada, University of Ottawa<br \/>\n<strong>Area of Work:\u00a0<\/strong>Experimental condensed matter physics<br \/>\n<strong>City:\u00a0<\/strong>Ottawa, ON<br \/>\n<strong>Deadline:\u00a0<\/strong>Open until filled \u2013\u00a0<a href=\"https:\/\/cap.ca\/wp-content\/uploads\/2021\/06\/615-Ad.pdf\" target=\"_blank\" rel=\"noopener noreferrer\">learn more here.\u00a0<\/a><\/td>\n<td style=\"width: 6.0045%; vertical-align: top; border-style: none; text-align: left; height: 196px;\">\n<h3><span style=\"font-size: 14pt;\">\u00a0<\/span><\/h3>\n<\/td>\n<\/tr>\n<\/tbody>\n<\/table>\n<\/div>\n<div><\/div>\n<div>\n<h1><\/h1>\n<h2><span style=\"font-size: 18pt;\"><strong>Postes de bourses postdoctorales:<\/strong><\/span><\/h2>\n<div>\n<table style=\"height: 220px; width: 106.977%; border-collapse: collapse; border-style: none; background-color: #ffffff; border-color: #ffffff;\" border=\"0px\">\n<tbody>\n<tr>\n<td style=\"width: 97.0795%; border-style: none; text-align: left; vertical-align: top;\"><\/td>\n<td style=\"width: 6.77177%; vertical-align: top; border-style: none; text-align: left;\">\n<h3><span style=\"font-size: 14pt;\">\u00a0<\/span><\/h3>\n<\/td>\n<\/tr>\n<tr>\n<td style=\"width: 97.0795%;\">\n<h3 class=\"p2\"><span style=\"font-size: 14pt;\">Molecular Quantum Chemistry Postgraduates and Interns Modellers<\/span><\/h3>\n<p><strong>Organization:\u00a0<\/strong>Awn Nanotech<br \/>\n<strong>Area of Work:\u00a0<\/strong>Nanotechnological framework water condensation and capture<br \/>\n<strong>City:\u00a0<\/strong>Montr\u00e9al, QC<br \/>\n<strong>Deadline:\u00a0<\/strong>Oct 1, 2021 \u2013\u00a0<a href=\"https:\/\/cap.ca\/wp-content\/uploads\/2021\/06\/Ad-627-PDF.pdf\" target=\"_blank\" rel=\"noopener noreferrer\">learn more here.\u00a0<\/a><\/td>\n<td style=\"width: 6.77177%;\"><\/td>\n<\/tr>\n<tr>\n<td style=\"width: 97.0795%;\">\n<h3><span style=\"font-size: 14pt;\">Postdoctoral Position in Computational Condensed Matter Physics\u00a0<\/span><\/h3>\n<p><strong>Organization:\u00a0<\/strong>Memorial University<br \/>\n<strong>Department:\u00a0<\/strong>Physics<br \/>\n<strong>Area of Work:\u00a0<\/strong>Computational Condensed Matter Physics<br \/>\n<strong>City:\u00a0<\/strong>St. John\u2019s, NL<br \/>\n<strong>Deadline:\u00a0<\/strong>Open until filled \u2013\u00a0<a href=\"https:\/\/cap.ca\/wp-content\/uploads\/2021\/06\/619-Ad.pdf\" target=\"_blank\" rel=\"noopener noreferrer\">learn more here.<\/a><\/td>\n<td style=\"width: 6.77177%;\"><\/td>\n<\/tr>\n<tr>\n<td style=\"width: 97.0795%;\">\n<h3><span style=\"font-size: 14pt;\">Horizon Postdoctoral Fellowship<\/span><\/h3>\n<p><strong>Organization:\u00a0<\/strong>Concordia University<br \/>\n<strong>Department:\u00a0<\/strong>Physics<br \/>\n<strong>Area of Work:\u00a0<\/strong>Condensed matter theory (quantum materials)<br \/>\n<strong>City:\u00a0<\/strong>Montreal, QC<br \/>\n<strong>Deadline:<\/strong>\u00a0Open until filled \u2013\u00a0<a href=\"https:\/\/cap.ca\/wp-content\/uploads\/2021\/06\/618-Ad.pdf\" target=\"_blank\" rel=\"noopener noreferrer\">learn more here.<\/a><\/td>\n<td style=\"width: 6.77177%;\"><\/td>\n<\/tr>\n<\/tbody>\n<\/table>\n<\/div>\n<div><\/div>\n<\/div>\n<h1><\/h1>\n<h1><span style=\"font-size: 18pt;\"><strong>Positions de recherche :<\/strong><\/span><\/h1>\n<p><em>Pas d&#8217;affichage pour le moment<\/em><\/p>\n<p>&nbsp;<\/p>\n<div>\n<h1><span style=\"font-size: 18pt;\"><strong>Positions de facult\u00e9:<\/strong><\/span><\/h1>\n<div>\n<div>\n<table style=\"height: 187px; width: 106.977%; border-collapse: collapse; border-style: none; background-color: #ffffff; border-color: #ffffff;\" border=\"0px\">\n<tbody>\n<tr>\n<td style=\"width: 55.0079%; border-style: none; text-align: left; vertical-align: top;\">\n<h3 class=\"p2\"><span style=\"font-size: 14pt;\">\u00a0<\/span><\/h3>\n<\/td>\n<\/tr>\n<tr>\n<td style=\"width: 55.0079%;\">\n<h3 class=\"p2\"><span style=\"font-size: 14pt;\">Assistant or Associate Professor, Faculty of Science<\/span><\/h3>\n<p><strong>Organization:\u00a0<\/strong>University of Manitoba<br \/>\n<strong>Department:\u00a0<\/strong>Physics &amp; Astronomy, and Chemistry<br \/>\n<strong>City:\u00a0<\/strong>Winnipeg, MB<br \/>\n<strong>Deadline:\u00a0<\/strong>Aug 30, 2021 \u2013\u00a0<a href=\"https:\/\/cap.ca\/wp-content\/uploads\/2021\/06\/Ad-625-PDF.pdf\" target=\"_blank\" rel=\"noopener noreferrer\">learn more here.<\/a><\/td>\n<\/tr>\n<tr>\n<td style=\"width: 55.0079%;\">\n<h3 class=\"p2\"><span style=\"font-size: 14pt;\">Assistant or Associate Professor in Theoretical\/Computational Biophysics<\/span><\/h3>\n<p><strong>Organization:\u00a0<\/strong>University of Manitoba<br \/>\n<strong>Department:\u00a0<\/strong>Physics &amp; Astronomy<br \/>\n<strong>City:\u00a0<\/strong>Winnipeg, MB<br \/>\n<strong>Deadline:\u00a0<\/strong>Aug 1, 2021 \u2013\u00a0<a href=\"https:\/\/cap.ca\/wp-content\/uploads\/2021\/06\/Ad-623-PDF.pdf\" target=\"_blank\" rel=\"noopener noreferrer\">learn more here.<\/a><\/td>\n<\/tr>\n<tr>\n<td style=\"width: 55.0079%;\">\n<h3 class=\"p2\"><span style=\"font-size: 14pt;\">Assistant Professor in Subatomic Physics<\/span><\/h3>\n<p><strong>Organization:\u00a0<\/strong>University of Manitoba<br \/>\n<strong>Department:<\/strong> Physics and Astronomy<br \/>\n<strong>City:\u00a0<\/strong>Winnipeg, MB<br \/>\n<strong>Deadline:\u00a0<\/strong>Aug 1, 2021 &#8211; <a href=\"https:\/\/cap.ca\/wp-content\/uploads\/2021\/04\/Entry-609-PDF.pdf\">learn more here.\u00a0<\/a><\/td>\n<\/tr>\n<\/tbody>\n<\/table>\n<\/div>\n<\/div>\n<\/div>\n<div>\n<div>\n<h1><\/h1>\n<\/div>\n<\/div>\n<div>\n<p>&nbsp;<\/p>\n<\/div>\n<div>\n<h1><span style=\"font-size: 18pt;\"><strong>Positions g\u00e9n\u00e9rales:<\/strong><\/span><\/h1>\n<div>\n<table style=\"height: 98px; width: 106.977%; border-collapse: collapse; border-style: none; background-color: #ffffff; border-color: #ffffff;\" border=\"0px\">\n<tbody>\n<tr>\n<td style=\"width: 96.0565%; border-style: none; text-align: left; vertical-align: top;\"><em>Pas d&#8217;affichage pour le moment<\/em><\/td>\n<td style=\"width: 7.79483%; vertical-align: top; border-style: none; text-align: left;\">\n<h3><span style=\"font-size: 14pt;\">\u00a0<\/span><\/h3>\n<\/td>\n<\/tr>\n<\/tbody>\n<\/table>\n<\/div>\n<\/div>\n<p>&nbsp;<\/p>\n<p>&nbsp;<\/p>\n<p>Inscrivez-vous \u00e0 notre liste de courriels de notification d&#8217;opportunit\u00e9 d&#8217;emploi pour rester \u00e0 jour avec les nouvelles opportunit\u00e9s publi\u00e9es.<\/p>\n<p>Cliquez sur le lien suivant pour soumettre une annonce<\/p>\n<p>Des publicit\u00e9s commerciales sont \u00e9galement disponibles sur la page d&#8217;accueil de Physique au Canada<\/p>\n","protected":false},"excerpt":{"rendered":"<p>Les annonces sont publi\u00e9es dans la langue de soumission. Postes d&#8217;\u00e9tudiants et de d\u00e9but de carri\u00e8re: \u00a0 Masters &amp; PhD in Physics: Study of novel 2D materials based quantum circuits Organization:\u00a0NRC Canada, University of Ottawa Area of Work:\u00a0Experimental condensed matter physics City:\u00a0Ottawa, ON Deadline:\u00a0Open until filled \u2013\u00a0learn more here.\u00a0 \u00a0 Postes de bourses postdoctorales: \u00a0&#8230;  <a class=\"excerpt-read-more\" href=\"https:\/\/cap.ca\/fr\/activites\/careers-and-employment\/possibilites-demploi\/\" title=\"LirePossibilit\u00e9s d&#8217;emploi\">Lire la suite &raquo;<\/a><\/p>\n","protected":false},"author":7,"featured_media":0,"parent":8567,"menu_order":7,"comment_status":"closed","ping_status":"closed","template":"","meta":{"footnotes":""},"class_list":["post-15492","page","type-page","status-publish","hentry"],"_links":{"self":[{"href":"https:\/\/cap.ca\/fr\/wp-json\/wp\/v2\/pages\/15492","targetHints":{"allow":["GET"]}}],"collection":[{"href":"https:\/\/cap.ca\/fr\/wp-json\/wp\/v2\/pages"}],"about":[{"href":"https:\/\/cap.ca\/fr\/wp-json\/wp\/v2\/types\/page"}],"author":[{"embeddable":true,"href":"https:\/\/cap.ca\/fr\/wp-json\/wp\/v2\/users\/7"}],"replies":[{"embeddable":true,"href":"https:\/\/cap.ca\/fr\/wp-json\/wp\/v2\/comments?post=15492"}],"version-history":[{"count":63,"href":"https:\/\/cap.ca\/fr\/wp-json\/wp\/v2\/pages\/15492\/revisions"}],"predecessor-version":[{"id":18511,"href":"https:\/\/cap.ca\/fr\/wp-json\/wp\/v2\/pages\/15492\/revisions\/18511"}],"up":[{"embeddable":true,"href":"https:\/\/cap.ca\/fr\/wp-json\/wp\/v2\/pages\/8567"}],"wp:attachment":[{"href":"https:\/\/cap.ca\/fr\/wp-json\/wp\/v2\/media?parent=15492"}],"curies":[{"name":"wp","href":"https:\/\/api.w.org\/{rel}","templated":true}]}}