{"id":15386,"date":"2020-05-21T14:26:48","date_gmt":"2020-05-21T18:26:48","guid":{"rendered":"https:\/\/cap.ca\/congres-de-lacp\/2020-congress\/"},"modified":"2021-01-07T08:42:51","modified_gmt":"2021-01-07T13:42:51","slug":"2020-congress","status":"publish","type":"page","link":"https:\/\/cap.ca\/fr\/congres-de-lacp\/congres-anterieurs\/2020-congress\/","title":{"rendered":"Congr\u00e8s virtuel de l&#8217;ACP 2020, 8-12 juin plus activit\u00e9s additionnelles du 15 juin au 16 juillet"},"content":{"rendered":"<h3 class=\"tw-data-text tw-text-large XcVN5d tw-ta\" dir=\"ltr\" data-placeholder=\"Translation\">\u00a0(this page is available in English only at this time)<\/h3>\n<p>&nbsp;<\/p>\n<h1 class=\"tw-data-text tw-text-large XcVN5d tw-ta\" dir=\"ltr\" data-placeholder=\"Translation\"><\/h1>\n<h1 id=\"tw-target-text\" class=\"tw-data-text tw-text-large XcVN5d tw-ta\" dir=\"ltr\" data-placeholder=\"Translation\">Get excited!\u00a0 Participate &#8211; Registration is free<\/h1>\n<p>The Program Committee for the 2020 CAP Congress has developed a reduced program from the originally planned in-person Congress that was cancelled due to COVID-19.\u00a0 An exciting series of presentations, talks, and meetings will be offered during the week of 2020 June 8-12, followed later by the CAP Best Oral Presentation final on 2020 June 25<sup>th<\/sup>, the DPE Program (including workshops and discussions on online teaching and learning) on 2020 June 15th, CINP Townhall meetings on June 22-23, and the IPP Townhall meetings on July 15-16.\u00a0 In an effort to ensure that all presentations and meetings are accessible at reasonable times across Canada, they are all being offered between 10h00 and 17h00 EST.<\/p>\n<h3 class=\"tw-data-text tw-text-large XcVN5d tw-ta\" dir=\"ltr\" data-placeholder=\"Translation\"><\/h3>\n<h3 class=\"tw-data-text tw-text-large XcVN5d tw-ta\" dir=\"ltr\" data-placeholder=\"Translation\">The CAP invites you to join our Virtual Congress 2020<\/h3>\n<p class=\"tw-data-text tw-text-large XcVN5d tw-ta\" dir=\"ltr\" data-placeholder=\"Translation\">The week will begin with the traditional NSERC community update on June 8 from 11h15-11h50 EST. During the remainder of the week, there will be a series of technical sessions\/talks, student presentation competition sessions, and annual business meetings offered by the CAP divisions and its partners.<\/p>\n<blockquote>\n<h4 class=\"tw-data-text tw-text-large XcVN5d tw-ta\" dir=\"ltr\" data-placeholder=\"Translation\"><\/h4>\n<p><strong>Pour soutenir la gr\u00e8ve acad\u00e9mique pour les vies des Noirs organis\u00e9e par nos coll\u00e8gues physiciens aux \u00c9tats-Unis (<a href=\"https:\/\/www.particlesforjustice.org\" target=\"_blank\" rel=\"noopener noreferrer\">https:\/\/www.particlesforjustice.org<\/a>), l\u2019ACP cesse toutes ses activit\u00e9s r\u00e9guli\u00e8res et annule les sessions du Congr\u00e8s virtuel de l\u2019ACP le 10 juin. Les \u00e9v\u00e9nements reprogramm\u00e9s seront annonc\u00e9s prochainement.<\/strong><\/p>\n<p><strong>En outre, rejoignez-nous pour une session sp\u00e9ciale le 10 juin \u00e0 13h HAE, organis\u00e9e par le Comit\u00e9 EDI de l\u2019ACP, qui se concentrera sur les actions \u00e0 prendre pour am\u00e9liorer les exp\u00e9riences des \u00e9tudiant(e)s et des chercheur(e)s noir(e)s en physique. Pour vous inscrire \u00e0 cette session, <a href=\"https:\/\/indico.cern.ch\/event\/914602\/registrations\/61734\/\" target=\"_blank\" rel=\"noopener noreferrer\">cliquez ici<\/a>.<\/strong><\/p>\n<p>&nbsp;<\/p><\/blockquote>\n<h4 class=\"tw-data-text tw-text-large XcVN5d tw-ta\" dir=\"ltr\" data-placeholder=\"Translation\">Current details\u00a0of the 2020 Virtual Congress:<\/h4>\n<p><a href=\"https:\/\/cap.ca\/wp-content\/uploads\/2020\/05\/Congress2020-virtual-sessions-May2020-for-web-v7.pdf\"><img loading=\"lazy\" decoding=\"async\" class=\"alignleft wp-image-15411 size-medium\" src=\"https:\/\/cap.ca\/wp-content\/uploads\/2020\/05\/Congress2020-virtual-sessions-May2020-for-web-v7-1-300x160.jpg\" alt=\"\" width=\"300\" height=\"144\" \/><\/a>The general outline of our virtual conference is in the program outline.\u00a0 The online timetable, with the session details as they are currently available, can be found at\u00a0<a href=\"https:\/\/indico.cern.ch\/e\/CAP2020-Virtual\">https:\/\/indico.cern.ch\/e\/CAP2020-Virtual<\/a>.\u00a0 That site is being updated on a regular basis as the list of speakers and student competitors becomes finalized.<\/p>\n<p>&nbsp;<\/p>\n<h4>Registration:<\/h4>\n<p>There is no fee to participate in these sessions; however, we will be asking anyone interested in participating to register using the links below\u00a0to receive the connection instructions once they have been finalized.\u00a0\u00a0<strong><br \/>\n<\/strong><\/p>\n<p><strong>Virtual Congress Events that have been completed\u00a0<\/strong><\/p>\n<p><strong>Special Session hosted by the CAP EDI (Equity, Diversity and Inclusion) Committee, focused on taking action to improve the experiences of Black students and researchers in physics\u00a0:<\/strong><\/p>\n<p><em>Wed., June 10, 13h00-14h00 EDT<\/em><\/p>\n<p>https:\/\/indico.cern.ch\/event\/914602\/registrations\/61734\/\u00a0 \u00a0(Event concluded)<\/p>\n<p><strong>NSERC (Natural Sciences and Engineering Research Council\u00a0of Canada) Community Updates \/ Mises-\u00e0-jour de la CRSNG pour la communaut\u00e9:<\/strong><\/p>\n<p><em>Mon, June 8, 11h15-11h45 EDT<\/em><\/p>\n<p>https:\/\/indico.cern.ch\/event\/914602\/registrations\/61382\/\u00a0 \u00a0 (Event concluded.)<\/p>\n<p><strong>DAMOPC\u00a0<span style=\"color: #000000;\">(<a style=\"color: #000000;\" href=\"https:\/\/cap.ca\/divisions\/damopc\/\">Division of Atomic, Molecular and Optical Physics, Canada<\/a>)<\/span>\u00a0&#8211; Student competition and Business Meeting:<\/strong><\/p>\n<p><em>Mon, June 8, 14h00-16h15 EDT<\/em><\/p>\n<p>https:\/\/indico.cern.ch\/event\/914602\/registrations\/60653\/\u00a0 (Event concluded)<\/p>\n<p><strong>DAPI (<span style=\"color: #000000;\"><a style=\"color: #000000;\" href=\"https:\/\/cap.ca\/divisions\/dhp\/\">Division o<\/a>f Applied Physics and Instrumentation<\/span>) &#8211; Business Meeting:<\/strong><\/p>\n<p><em>Fri, June 12, 15h30-16h30 EDT<\/em><\/p>\n<p>https:\/\/indico.cern.ch\/event\/914602\/registrations\/61835\/ (Event concluded)<\/p>\n<p><strong>DCMMP (<span style=\"color: #000000;\"><a style=\"color: #000000;\" href=\"https:\/\/cap.ca\/divisions\/dcmmp\/\">Division of Condensed Matter and Materials Physics<\/a><\/span>) &#8211; Student competition Session :<\/strong><\/p>\n<p><em>Thurs, June 11, 12h00-13h00 EDT<\/em><\/p>\n<p>https:\/\/indico.cern.ch\/event\/914602\/registrations\/61546\/\u00a0(Event\u00a0concluded)<\/p>\n<p><strong>DHP (<span style=\"color: #000000;\"><a style=\"color: #000000;\" href=\"https:\/\/cap.ca\/divisions\/dhp\/\">Division on the History of Physics<\/a><\/span>) &#8211; Sarah Symons invited talk + Business Meeting:<\/strong><\/p>\n<p><em>Fri, June 12, 13h30-15h00 EDT\u00a0 (rescheduled date)<\/em><\/p>\n<p>https:\/\/indico.cern.ch\/event\/914602\/registrations\/61187\/\u00a0(Event concluded)<\/p>\n<p><strong>DNP (<span style=\"color: #000000;\"><a style=\"color: #000000;\" href=\"https:\/\/cap.ca\/divisions\/dnp\/\">Division of Nuclear Physics<\/a><\/span>) &#8211; Annual Business Meeting:<\/strong><\/p>\n<p><em>Thurs, June 11, 16h00-16h45 EDT (rescheduled date)<\/em><\/p>\n<p>https:\/\/sfu.zoom.us\/meeting\/register\/tJcvcO-vrD8qGtJgw0aj1ZRSjZpC8eGHKQou\u00a0\u00a0(Event\u00a0concluded)<\/p>\n<p><strong>DNP (<span style=\"color: #000000;\"><a style=\"color: #000000;\" href=\"https:\/\/cap.ca\/divisions\/dnp\/\">Division of Nuclear Physics<\/a>)<\/span>\u00a0&#8211; Best Student Oral Competition:<\/strong><\/p>\n<p><em>Thurs, June 10, 13h00-15h55 EDT<\/em><\/p>\n<p>https:\/\/sfu.zoom.us\/meeting\/register\/tJEtf-ugrDIjGddIQm329noWW1G9aLzle_UJ\u00a0(Event\u00a0concluded)<\/p>\n<p><strong>DPE (<span style=\"color: #000000;\"><a style=\"color: #000000;\" href=\"https:\/\/cap.ca\/divisions\/dpe\/\">Division of Physics Education<\/a><\/span>) &#8211; Meet and Greet, Annual Business Meeting, and Workshops and Discussions about online teaching and learning:<\/strong><\/p>\n<p><em>Mon, June 15, 12h30-16h00 EDT<\/em><\/p>\n<p>https:\/\/indico.cern.ch\/event\/914602\/registrations\/61188\/\u00a0(Event concluded)<\/p>\n<p><strong>DPMB (<span style=\"color: #000000;\"><a style=\"color: #000000;\" href=\"https:\/\/cap.ca\/divisions\/dpmb\/\">Division of Physics in Medicine and Biology<\/a><\/span>)- Business Meeting and Best Student Competition:<\/strong><\/p>\n<p><em>Mon, June 8, 12h00-13h30 EDT (Business Meeting)<br \/>\n13h45-16h30 EDT (Student Competition)<\/em><\/p>\n<p>https:\/\/indico.cern.ch\/event\/914602\/registrations\/61202\/\u00a0 \u00a0(Event\u00a0concluded)<\/p>\n<p><strong>DPP (<span style=\"color: #000000;\"><a style=\"color: #000000;\" href=\"https:\/\/cap.ca\/divisions\/dpp\/\">Division of Plasma Physics<\/a><\/span>) &#8211; Symposium and Business Meeting:<\/strong><\/p>\n<p><em>Tues, June 9, 10h00-16h45 EDT<\/em><\/p>\n<p>https:\/\/indico.cern.ch\/event\/914602\/registrations\/61201<a href=\"https:\/\/indico.cern.ch\/event\/914602\/registrations\/61201\/\" target=\"_blank\" rel=\"noopener noreferrer\">\/<\/a>\u00a0 (Event\u00a0concluded)<\/p>\n<p><strong>DTP (<span style=\"color: #000000;\"><a style=\"color: #000000;\" href=\"https:\/\/cap.ca\/divisions\/dtp\/\">Division of Theoretical Physics<\/a><\/span>) &#8211; Programmed Sessions, including the DTP Business Meeting and Student competition<\/strong><\/p>\n<p><em>Thurs, June 11, 12h00-15h05 EDT<br \/>\n<\/em><em>Fri, June 12, 12h00-14h15 EDT<\/em><\/p>\n<p>https:\/\/indico.cern.ch\/event\/914602\/registrations\/61200\/\u00a0(Event concluded)<\/p>\n<p><strong>PPD (<span style=\"color: #000000;\"><a style=\"color: #000000;\" href=\"https:\/\/cap.ca\/divisions\/ppd\/\">Particle Physics Division<\/a><\/span>)- Programmed Sessions and Business Meeting:<\/strong><\/p>\n<p><em>Mon, June 8, 12h00-17h15 EDT<\/em><br \/>\n<em>Tues, June 9, 12h00-17h30 EDT<\/em><br \/>\n<em>Thurs, June 11, 15h00-17h00 EDT (Business Meeting) &#8211; rescheduled date<\/em><\/p>\n<p>https:\/\/indico.cern.ch\/event\/914602\/registrations\/61184\/\u00a0(Event\u00a0concluded)<\/p>\n<p><strong>Soft Matter Canada 2020:\u00a0\u00a0<\/strong><\/p>\n<p><em>Tues, June 9, 11h45-17h00 EDT<br \/>\n<del>Wed, June 10\u00a0<\/del>\u00a011h45-17h00 EDT (rescheduled to Wed. June 17 same time)<br \/>\nThurs, June 11 13h00-15h15 EDT<\/em><\/p>\n<p>https:\/\/www.softmattercanada.ca\/\u00a0 (Event\u00a0concluded)<\/p>\n<p><strong>CINP\/IPP Joint Session:\u00a0\u00a0<\/strong><\/p>\n<p><em>Thurs. June 11, 10h45-13h00 EDT\u00a0 (rescheduled date)<\/em><\/p>\n<p>https:\/\/indico.cern.ch\/event\/914602\/registrations\/61434\/\u00a0(Event\u00a0concluded)<\/p>\n<p><strong>CINP (Canadian Institute for Nuclear Physics) &#8211; Annual General Meeting:\u00a0\u00a0<\/strong><\/p>\n<p><em>Thurs, June 11, 17h00 EDT\u00a0 (Rescheduled date)<\/em><\/p>\n<p>https:\/\/indico.cern.ch\/event\/914602\/registrations\/61433\/\u00a0(Event\u00a0concluded)<\/p>\n<p><strong>IPP (Institute of Particle Physics) Annual General Meeting:<\/strong><\/p>\n<p><em>Fri. June 12, 11h00-12h30 EDT\u00a0 (rescheduled date)<\/em><\/p>\n<p>https:\/\/indico.cern.ch\/event\/914602\/registrations\/61233\/\u00a0(Event\u00a0concluded)<\/p>\n<p><strong>CINP Townhall meetings<\/strong><\/p>\n<p>Mon. June 22 &#8211; Tues. June 23, 11h30-16h30 EDT each day<\/p>\n<p>https:\/\/indico.cern.ch\/event\/914602\/registrations\/61722\/\u00a0(Event Concluded)<\/p>\n<p><strong>CEWIP (<a href=\"https:\/\/cap.ca\/divisions\/cewip\/\">Committee to Encourage Women in Physics<\/a>) &#8211; Annual Business Meeting:<\/strong><\/p>\n<p><em>Tues, June 23, 14h30-16h30 EDT<\/em><\/p>\n<p>https:\/\/indico.cern.ch\/event\/914602\/registrations\/61396\/\u00a0(Event Concluded)<\/p>\n<p><strong>CAP Best Student Oral Competition Finals:<\/strong><\/p>\n<p><em>Thurs. June 25, 12h00-14h20 EDT<\/em><\/p>\n<p>https:\/\/indico.cern.ch\/event\/914602\/registrations\/61383\/\u00a0(Event Concluded)<\/p>\n<p>&nbsp;<\/p>\n<p><strong>IPP Townhall meetings<\/strong><\/p>\n<p>Wed. July 15 &#8211; Thurs. July 16, 11h30-16h30 EDT each day<\/p>\n<p>https:\/\/indico.cern.ch\/event\/914602\/registrations\/61723\/ (Event concluded)<\/p>\n<p>&nbsp;<\/p>\n","protected":false},"excerpt":{"rendered":"<p>\u00a0(this page is available in English only at this time) &nbsp; Get excited!\u00a0 Participate &#8211; Registration is free The Program Committee for the 2020 CAP Congress has developed a reduced program from the originally planned in-person Congress that was cancelled due to COVID-19.\u00a0 An exciting series of presentations, talks, and meetings will be offered during&#8230;  <a class=\"excerpt-read-more\" href=\"https:\/\/cap.ca\/fr\/congres-de-lacp\/congres-anterieurs\/2020-congress\/\" title=\"LireCongr\u00e8s virtuel de l&#8217;ACP 2020, 8-12 juin plus activit\u00e9s additionnelles du 15 juin au 16 juillet\">Lire la suite &raquo;<\/a><\/p>\n","protected":false},"author":12,"featured_media":0,"parent":3253,"menu_order":87,"comment_status":"closed","ping_status":"closed","template":"","meta":{"footnotes":""},"class_list":["post-15386","page","type-page","status-publish","hentry"],"_links":{"self":[{"href":"https:\/\/cap.ca\/fr\/wp-json\/wp\/v2\/pages\/15386","targetHints":{"allow":["GET"]}}],"collection":[{"href":"https:\/\/cap.ca\/fr\/wp-json\/wp\/v2\/pages"}],"about":[{"href":"https:\/\/cap.ca\/fr\/wp-json\/wp\/v2\/types\/page"}],"author":[{"embeddable":true,"href":"https:\/\/cap.ca\/fr\/wp-json\/wp\/v2\/users\/12"}],"replies":[{"embeddable":true,"href":"https:\/\/cap.ca\/fr\/wp-json\/wp\/v2\/comments?post=15386"}],"version-history":[{"count":47,"href":"https:\/\/cap.ca\/fr\/wp-json\/wp\/v2\/pages\/15386\/revisions"}],"predecessor-version":[{"id":15802,"href":"https:\/\/cap.ca\/fr\/wp-json\/wp\/v2\/pages\/15386\/revisions\/15802"}],"up":[{"embeddable":true,"href":"https:\/\/cap.ca\/fr\/wp-json\/wp\/v2\/pages\/3253"}],"wp:attachment":[{"href":"https:\/\/cap.ca\/fr\/wp-json\/wp\/v2\/media?parent=15386"}],"curies":[{"name":"wp","href":"https:\/\/api.w.org\/{rel}","templated":true}]}}