{"id":15217,"date":"2020-03-11T12:18:33","date_gmt":"2020-03-11T16:18:33","guid":{"rendered":"https:\/\/cap.ca\/?page_id=15217"},"modified":"2022-04-14T14:46:37","modified_gmt":"2022-04-14T18:46:37","slug":"covid-19","status":"publish","type":"page","link":"https:\/\/cap.ca\/fr\/congres-de-lacp\/congres-anterieurs\/2020-congress\/covid-19\/","title":{"rendered":"Announces COVID-19 (11 mars, 2020)"},"content":{"rendered":"<p>Au nom de l&#8217;ACP, nous souhaitons fournir \u00e0 nos membres et au public des ressources concernant les mises \u00e0 jour actuelles et les mesures de s\u00e9curit\u00e9 disponibles concernant le virus COVID-19.\u00a0\u00a0Des mises \u00e0 jour sur les programmes de l&#8217;ACP, y compris le Congr\u00e8s, sont \u00e9galement incluses ci-dessous.<\/p>\n<p>&nbsp;<\/p>\n<p><strong>MISES \u00c0 JOUR RELATIVES AU VOYAGE<\/strong><\/p>\n<ul class=\"content-list\">\n<li>Un message des 3 organismes subventionnaires f\u00e9d\u00e9raux sur les voyages de recherche touch\u00e9s par COVID-19 &#8211; https:\/\/can01.safelinks.protection.outlook.com\u00a0(en anglais)<\/li>\n<li>Conseils aux voyageurs de Sant\u00e9 Canada &#8211;\u00a0<a href=\"https:\/\/www.canada.ca\/fr\/sante-publique\/services\/maladies\/2019-nouveau-coronavirus\/derniers-conseils-sante-voyageurs.html\">https:\/\/www.canada.ca\/fr\/sante-publique\/services\/maladies\/2019-nouveau-coronavirus\/derniers-conseils-sante-voyageurs.html<\/a><\/li>\n<li>Avis aux voyageurs d&#8217;Affaires mondiales &#8211;\u00a0<a href=\"https:\/\/voyage.gc.ca\/voyager\/avertissements?_ga=2.112804935.2123966949.1583940608-243949726.1583940607\">https:\/\/voyage.gc.ca\/voyager\/avertissements<\/a><\/li>\n<\/ul>\n<p>&nbsp;<\/p>\n<p><strong>PRATIQUES RECOMMAND\u00c9ES ET RESSOURCES GOUVERNEMENTALES<\/strong><\/p>\n<p>Vous trouverez ci-dessous des liens vers les pages du gouvernement du Canada et du gouvernement de l&#8217;Ontario contenant des mises \u00e0 jour de statut, des mesures de s\u00e9curit\u00e9, des traitements et des sympt\u00f4mes, et plus encore.<\/p>\n<p>Gouvernement du Canada:<\/p>\n<ul class=\"content-list\">\n<li>En cours de pr\u00e9paration &#8211;<a href=\"https:\/\/www.canada.ca\/fr\/sante-publique\/services\/maladies\/2019-nouveau-coronavirus\/preparation.html\">\u00a0https:\/\/www.canada.ca\/fr\/sante-publique\/services\/maladies\/2019-nouveau-coronavirus\/preparation.html<\/a><\/li>\n<li>M\u00e9thodes de pr\u00e9vention &#8211;<a href=\"https:\/\/www.canada.ca\/fr\/sante-publique\/services\/maladies\/2019-nouveau-coronavirus\/prevention-risques.html\">\u00a0https:\/\/www.canada.ca\/fr\/sante-publique\/services\/maladies\/2019-nouveau-coronavirus\/prevention-risques.html<\/a><\/li>\n<li>Sympt\u00f4mes &#8211;\u00a0<a href=\"https:\/\/www.canada.ca\/fr\/sante-publique\/services\/maladies\/2019-nouveau-coronavirus\/symptomes.html\">https:\/\/www.canada.ca\/fr\/sante-publique\/services\/maladies\/2019-nouveau-coronavirus\/symptomes.html<\/a><\/li>\n<\/ul>\n<p>Gouvernements provinciaux:<\/p>\n<ul class=\"content-list\">\n<li>Ontario &#8211;\u00a0<a href=\"https:\/\/www.ontario.ca\/fr\/page\/nouveau-coronavirus-2019\">https:\/\/www.ontario.ca\/fr\/page\/nouveau-coronavirus-2019<\/a><\/li>\n<li>Qu\u00e9bec &#8211;\u00a0<a href=\"https:\/\/www.quebec.ca\/sante\/problemes-de-sante\/a-z\/coronavirus-2019\/\">https:\/\/www.quebec.ca\/sante\/problemes-de-sante\/a-z\/coronavirus-2019\/<\/a><\/li>\n<li>BC Centre for Disease Control &#8211; <a href=\"http:\/\/www.bccdc.ca\/2020\/information-on-novel-coronavirus\">http:\/\/www.bccdc.ca\/2020\/information-on-novel-coronavirus<\/a>\u00a0(en anglais)<\/li>\n<li>Alberta &#8211; <a href=\"https:\/\/www.alberta.ca\/coronavirus-info-for-albertans.aspx\">https:\/\/www.alberta.ca\/coronavirus-info-for-albertans.aspx<\/a>\u00a0(en anglais)<\/li>\n<li>Manitoba &#8211;\u00a0<a href=\"https:\/\/www.gov.mb.ca\/health\/coronavirus\/index.fr.html\">https:\/\/www.gov.mb.ca\/health\/coronavirus\/index.fr.html<\/a><\/li>\n<li>Saskatchewan &#8211;\u00a0<a href=\"https:\/\/www.saskatchewan.ca\/bonjour\/health-and-healthy-living\/2019-novel-coronavirus\">https:\/\/www.saskatchewan.ca\/bonjour\/health-and-healthy-living\/2019-novel-coronavirus<\/a><\/li>\n<li>Nouvelle-\u00c9cosse &#8211;\u00a0<a href=\"https:\/\/novascotia.ca\/coronavirus\/fr\/\">https:\/\/novascotia.ca\/coronavirus\/fr\/<\/a><\/li>\n<li>Nouveau-Brunswick &#8211; <a href=\"https:\/\/www2.gnb.ca\/content\/gnb\/en\/coronavirus.html\">https:\/\/www2.gnb.ca\/content\/gnb\/en\/coronavirus.html <\/a>(en anglais)<\/li>\n<li>Terre-Neuve-Labrador &#8211; <a href=\"https:\/\/www.health.gov.nl.ca\/health\/publichealth\/cdc\/coronavirus\/\">https:\/\/www.health.gov.nl.ca\/health\/publichealth\/cdc\/coronavirus\/<\/a> (en anglais)<\/li>\n<li>\u00ce.-P.-\u00c9. &#8211;\u00a0<a href=\"https:\/\/www.princeedwardisland.ca\/fr\/information\/sante-et-mieux-etre\/infection-au-coronavirus-foire-aux-questions\">https:\/\/www.princeedwardisland.ca\/fr\/information\/sante-et-mieux-etre\/infection-au-coronavirus-foire-aux-questions<\/a><\/li>\n<li>Nunavut &#8211;<a href=\"https:\/\/www.gov.nu.ca\/fr\/sante\/news\/coronavirus-voyageurs-soyez-vigilants\">\u00a0https:\/\/www.gov.nu.ca\/fr\/sante\/news\/coronavirus-voyageurs-soyez-vigilants<\/a><\/li>\n<li>Territoires du Nord-Ouest &#8211;\u00a0<a href=\"https:\/\/www.hss.gov.nt.ca\/fr\/services\/maladie-%C3%A0-coronavirus-covid-19\">https:\/\/www.hss.gov.nt.ca\/fr\/services\/maladie-%C3%A0-coronavirus-covid-19<\/a><\/li>\n<li>Yukon &#8211;\u00a0<a href=\"https:\/\/yukon.ca\/fr\/informations-sur-le-coronavirus\">https:\/\/yukon.ca\/fr\/informations-sur-le-coronavirus<\/a><\/li>\n<\/ul>\n<p>&nbsp;<\/p>\n<p><strong>SUSPENSION DU\u00a0TOURN\u00c9E DU CONF\u00c9RENCIERS DE L&#8217;ACP\u00a02020 EN VIGUEUR SAMEDI 2020 14 MARS<\/strong><\/p>\n<blockquote><p>En suivant les conseils des autorit\u00e9s sanitaires nationales et r\u00e9gionales, en respectant la priorit\u00e9 \u00e9tablie par de nombreuses organisations ouvertes au public et en tenant compte de la sant\u00e9 et de la s\u00e9curit\u00e9 des \u00e9tudiants, du personnel, des professeurs et de nos conf\u00e9renciers, le conseil d&#8217;administration de l&#8217;ACP a d\u00e9cid\u00e9 de suspendre officiellement la balance du tourn\u00e9e de\u00a0conf\u00e9renciers pour l&#8217;ann\u00e9e universitaire en cours, effective apr\u00e8s toutes les conf\u00e9rences pr\u00e9vues pour vendredi, 13 mars.<\/p>\n<p>Cette mesure est prise en r\u00e9ponse directe aux incertitudes actuelles li\u00e9es au COVID-19 et \u00e0 la fermeture, hier, de l&#8217;Universit\u00e9 Laurentienne en r\u00e9ponse \u00e0 un cas confirm\u00e9 au sein de leur communaut\u00e9 et \u00e0 l&#8217;anticipation que cette mesure pourrait \u00e9ventuellement \u00eatre prise par d&#8217;autres universit\u00e9s \u00e0 travers le Canada dans les prochaines\u00a0journ\u00e9es. Encore une fois, la sant\u00e9 et la s\u00e9curit\u00e9 de nos conf\u00e9renciers et des \u00e9tudiants et professeurs qui assisteraient \u00e0 la conf\u00e9rence sont d&#8217;une importance capitale pour nous.<\/p>\n<p>Selon la fa\u00e7on dont la pand\u00e9mie se d\u00e9roulera, nous envisagerons d&#8217;organiser les conf\u00e9rences annul\u00e9es \u00e0 l&#8217;automne 2020.<\/p>\n<p>&nbsp;<\/p><\/blockquote>\n<p id=\"tw-target-text\" dir=\"ltr\" data-placeholder=\"Translation\"><strong>D\u00c9CLARATION DE L&#8217;ACP ACTUELLE SUR COVID-19 ET LE CONGR\u00c8S DE L&#8217;ACP 2020<\/strong><\/p>\n<blockquote><p>Par suite de l\u2019annulation \u00e0 bref pr\u00e9avis de la r\u00e9union pr\u00e9vue pour mars par l\u2019APS en raison de craintes au sujet du virus COVID-19, nous croyons que bien des membres de l\u2019ACP se demandent \u00e0 quel point le virus pourrait nuire au prochain congr\u00e8s qui se tiendra \u00e0 l\u2019Universit\u00e9 McMaster, en juin 2020. Nous tenons \u00e0 vous assurer qu\u2019on suit la situation de pr\u00e8s, les copr\u00e9sidents du Comit\u00e9 organisateur local (COL) demeurant en \u00e9troite relation avec le directeur ex\u00e9cutif de l\u2019ACP, le pr\u00e9sident de l\u2019ACP et le pr\u00e9sident du Comit\u00e9 du programme du Congr\u00e8s 2020. Le COL de l\u2019ACP 2020 consulte r\u00e9guli\u00e8rement les autorit\u00e9s de McMaster et leur \u00e9quipe d\u2019intervention.<\/p>\n<p>\u00c0 l\u2019heure actuelle, il est pr\u00e9vu que le Congr\u00e8s de l\u2019ACP aura lieu.\u00a0Nous informerons les membres, et les non-membres qui ont soumis un m\u00e9moire pour le Congr\u00e8s, de l\u2019\u00e9volution de la situation en cas de changement. Nous publierons \u00e9galement des mises \u00e0 jour sur la page du site Web du Congr\u00e8s\u00a0:<a href=\"https:\/\/cap.ca\/Congress\/2020\" data-cke-saved-href=\"https:\/\/cap.ca\/Congress\/2020\"> https:\/\/cap.ca\/fr\/congres-de-lacp\/congres-2020\/<\/a>.<\/p><\/blockquote>\n","protected":false},"excerpt":{"rendered":"<p>Au nom de l&#8217;ACP, nous souhaitons fournir \u00e0 nos membres et au public des ressources concernant les mises \u00e0 jour actuelles et les mesures de s\u00e9curit\u00e9 disponibles concernant le virus COVID-19.\u00a0\u00a0Des mises \u00e0 jour sur les programmes de l&#8217;ACP, y compris le Congr\u00e8s, sont \u00e9galement incluses ci-dessous. &nbsp; MISES \u00c0 JOUR RELATIVES AU VOYAGE Un&#8230;  <a class=\"excerpt-read-more\" href=\"https:\/\/cap.ca\/fr\/congres-de-lacp\/congres-anterieurs\/2020-congress\/covid-19\/\" title=\"LireAnnounces COVID-19 (11 mars, 2020)\">Lire la suite &raquo;<\/a><\/p>\n","protected":false},"author":12,"featured_media":0,"parent":15386,"menu_order":62,"comment_status":"closed","ping_status":"closed","template":"","meta":{"footnotes":""},"class_list":["post-15217","page","type-page","status-publish","hentry"],"_links":{"self":[{"href":"https:\/\/cap.ca\/fr\/wp-json\/wp\/v2\/pages\/15217","targetHints":{"allow":["GET"]}}],"collection":[{"href":"https:\/\/cap.ca\/fr\/wp-json\/wp\/v2\/pages"}],"about":[{"href":"https:\/\/cap.ca\/fr\/wp-json\/wp\/v2\/types\/page"}],"author":[{"embeddable":true,"href":"https:\/\/cap.ca\/fr\/wp-json\/wp\/v2\/users\/12"}],"replies":[{"embeddable":true,"href":"https:\/\/cap.ca\/fr\/wp-json\/wp\/v2\/comments?post=15217"}],"version-history":[{"count":5,"href":"https:\/\/cap.ca\/fr\/wp-json\/wp\/v2\/pages\/15217\/revisions"}],"predecessor-version":[{"id":20399,"href":"https:\/\/cap.ca\/fr\/wp-json\/wp\/v2\/pages\/15217\/revisions\/20399"}],"up":[{"embeddable":true,"href":"https:\/\/cap.ca\/fr\/wp-json\/wp\/v2\/pages\/15386"}],"wp:attachment":[{"href":"https:\/\/cap.ca\/fr\/wp-json\/wp\/v2\/media?parent=15217"}],"curies":[{"name":"wp","href":"https:\/\/api.w.org\/{rel}","templated":true}]}}