{"id":15179,"date":"2020-03-06T19:18:15","date_gmt":"2020-03-07T00:18:15","guid":{"rendered":"https:\/\/cap.ca\/?page_id=15179"},"modified":"2021-01-31T13:16:09","modified_gmt":"2021-01-31T18:16:09","slug":"cedule-2020","status":"publish","type":"page","link":"https:\/\/cap.ca\/fr\/tournee-de-conferenciers-2020\/cedule-2020\/","title":{"rendered":"C\u00e9dule 2020"},"content":{"rendered":"<p><strong>SUSPENSION DU TOURN\u00c9E DU CONF\u00c9RENCIERS DE L&#8217;ACP 2020 EN VIGUEUR SAMEDI 2020 14 MARS\u00a0<\/strong>(voir mise \u00e0 jour ci-dessous)<\/p>\n<blockquote><p>En suivant les conseils des autorit\u00e9s sanitaires nationales et r\u00e9gionales, en respectant la priorit\u00e9 \u00e9tablie par de nombreuses organisations ouvertes au public et en tenant compte de la sant\u00e9 et de la s\u00e9curit\u00e9 des \u00e9tudiants, du personnel, des professeurs et de nos conf\u00e9renciers, le conseil d&#8217;administration de l&#8217;ACP a d\u00e9cid\u00e9 de suspendre officiellement la balance du tourn\u00e9e de conf\u00e9renciers pour l&#8217;ann\u00e9e universitaire en cours, effective apr\u00e8s toutes les conf\u00e9rences pr\u00e9vues pour vendredi, 13 mars.<\/p>\n<p>Cette mesure est prise en r\u00e9ponse directe aux incertitudes actuelles li\u00e9es au COVID-19 et \u00e0 la fermeture, hier, de l&#8217;Universit\u00e9 Laurentienne en r\u00e9ponse \u00e0 un cas confirm\u00e9 au sein de leur communaut\u00e9 et \u00e0 l&#8217;anticipation que cette mesure pourrait \u00e9ventuellement \u00eatre prise par d&#8217;autres universit\u00e9s \u00e0 travers le Canada dans les prochaines journ\u00e9es. Encore une fois, la sant\u00e9 et la s\u00e9curit\u00e9 de nos conf\u00e9renciers et des \u00e9tudiants et professeurs qui assisteraient \u00e0 la conf\u00e9rence sont d&#8217;une importance capitale pour nous.<\/p>\n<p>Selon la fa\u00e7on dont la pand\u00e9mie se d\u00e9roulera, nous envisagerons d&#8217;organiser les conf\u00e9rences annul\u00e9es \u00e0 l&#8217;automne 2020.<\/p>\n<table style=\"width: 100%; border-collapse: collapse;\" border=\"5\" cellspacing=\"3\" cellpadding=\"3\">\n<tbody>\n<tr>\n<td style=\"width: 100%;\">\n<h2><strong>La tourn\u00e9e de conf\u00e9rences 2020 reprend sous forme de conf\u00e9rences virtuelles, \u00e0 partir de novembre 2020.<\/strong><\/h2>\n<p>Les dates figurant dans la liste ci-dessous seront mises \u00e0 jour au fur et \u00e0 mesure que les horaires des conf\u00e9rences seront disponibles.<\/td>\n<\/tr>\n<\/tbody>\n<\/table>\n<\/blockquote>\n<p>&nbsp;<\/p>\n<p><iframe loading=\"lazy\" id=\"iframe-0\" class=\" iframe-delta-0\" src=\"https:\/\/services.cap.ca\/lecture_tour\/schedule.php?year=2020&#038;lang=fr\" name=\"iframe-0\" width=\"100%\" height=\"700\" frameborder=\"0\" scrolling=\"auto\" data-mce-fragment=\"1\">Your browser does not support iframes. But You can use the following link: https:\/\/services.cap.ca\/lecture_tour\/schedule.php?year=2020&#038;lang=fr<\/iframe><\/p>\n","protected":false},"excerpt":{"rendered":"<p>SUSPENSION DU TOURN\u00c9E DU CONF\u00c9RENCIERS DE L&#8217;ACP 2020 EN VIGUEUR SAMEDI 2020 14 MARS\u00a0(voir mise \u00e0 jour ci-dessous) En suivant les conseils des autorit\u00e9s sanitaires nationales et r\u00e9gionales, en respectant la priorit\u00e9 \u00e9tablie par de nombreuses organisations ouvertes au public et en tenant compte de la sant\u00e9 et de la s\u00e9curit\u00e9 des \u00e9tudiants, du personnel,&#8230;  <a class=\"excerpt-read-more\" href=\"https:\/\/cap.ca\/fr\/tournee-de-conferenciers-2020\/cedule-2020\/\" title=\"LireC\u00e9dule 2020\">Lire la suite &raquo;<\/a><\/p>\n","protected":false},"author":7,"featured_media":0,"parent":14344,"menu_order":7,"comment_status":"closed","ping_status":"closed","template":"","meta":{"footnotes":""},"class_list":["post-15179","page","type-page","status-publish","hentry"],"_links":{"self":[{"href":"https:\/\/cap.ca\/fr\/wp-json\/wp\/v2\/pages\/15179","targetHints":{"allow":["GET"]}}],"collection":[{"href":"https:\/\/cap.ca\/fr\/wp-json\/wp\/v2\/pages"}],"about":[{"href":"https:\/\/cap.ca\/fr\/wp-json\/wp\/v2\/types\/page"}],"author":[{"embeddable":true,"href":"https:\/\/cap.ca\/fr\/wp-json\/wp\/v2\/users\/7"}],"replies":[{"embeddable":true,"href":"https:\/\/cap.ca\/fr\/wp-json\/wp\/v2\/comments?post=15179"}],"version-history":[{"count":9,"href":"https:\/\/cap.ca\/fr\/wp-json\/wp\/v2\/pages\/15179\/revisions"}],"predecessor-version":[{"id":17189,"href":"https:\/\/cap.ca\/fr\/wp-json\/wp\/v2\/pages\/15179\/revisions\/17189"}],"up":[{"embeddable":true,"href":"https:\/\/cap.ca\/fr\/wp-json\/wp\/v2\/pages\/14344"}],"wp:attachment":[{"href":"https:\/\/cap.ca\/fr\/wp-json\/wp\/v2\/media?parent=15179"}],"curies":[{"name":"wp","href":"https:\/\/api.w.org\/{rel}","templated":true}]}}