{"id":15050,"date":"2020-02-20T11:04:09","date_gmt":"2020-02-20T16:04:09","guid":{"rendered":"https:\/\/cap.ca\/?page_id=15050"},"modified":"2025-08-28T11:34:59","modified_gmt":"2025-08-28T15:34:59","slug":"conferences-etudiantes","status":"publish","type":"page","link":"https:\/\/cap.ca\/fr\/facp\/conferences-etudiantes\/","title":{"rendered":"Conf\u00e9rences \u00e9tudiantes"},"content":{"rendered":"<p>L&#8217;ACP, gr\u00e2ce au g\u00e9n\u00e9reux don de membres \u00e0 la Fondation de l&#8217;ACP, soutient les conf\u00e9rences \u00e9tudiantes suivantes. Cliquez sur le nom de chaque conf\u00e9rence pour plus de d\u00e9tails.<\/p>\n<h4>Pour les \u00e9tudiants de premier cycle<\/h4>\n<ul class=\"content-list\">\n<li><a href=\"https:\/\/cap.ca\/fr\/congres-de-lacp\/conference-canadienne-des-etudiantes-en-physique-ccuwip\/\"><strong>La Conf\u00e9rence canadienne des \u00e9tudiantes en physique\u00a0<\/strong><\/a>(CCUW*iP)<\/li>\n<li><strong><a href=\"https:\/\/cap.ca\/fr\/congres-de-lacp\/ccep\/\">Conf\u00e9rence canadienne des \u00e9tudiant(e)s en physique<\/a>\u00a0<\/strong>(CCEP)<\/li>\n<\/ul>\n<h4>Pour les \u00e9tudiants dipl\u00f4m\u00e9s<\/h4>\n<ul class=\"content-list\">\n<li><strong><a href=\"https:\/\/cap.ca\/fr\/congres-de-lacp\/wipc\/\">Femmes en Physique Canada<\/a><\/strong>\u00a0(WiPC)<\/li>\n<li><a href=\"https:\/\/cap.ca\/fr\/congres-de-lacp\/camf\/\"><strong>La Conf\u00e9rence d\u2019\u00e9tudiants dipl\u00f4m\u00e9s de physique Canada-\u00c9tats-Unis-Mexique<\/strong><\/a> (CAM)<\/li>\n<\/ul>\n<p>&nbsp;<\/p>\n","protected":false},"excerpt":{"rendered":"<p>L&#8217;ACP, gr\u00e2ce au g\u00e9n\u00e9reux don de membres \u00e0 la Fondation de l&#8217;ACP, soutient les conf\u00e9rences \u00e9tudiantes suivantes. Cliquez sur le nom de chaque conf\u00e9rence pour plus de d\u00e9tails. Pour les \u00e9tudiants de premier cycle La Conf\u00e9rence canadienne des \u00e9tudiantes en physique\u00a0(CCUW*iP) Conf\u00e9rence canadienne des \u00e9tudiant(e)s en physique\u00a0(CCEP) Pour les \u00e9tudiants dipl\u00f4m\u00e9s Femmes en Physique Canada\u00a0(WiPC)&#8230;  <a class=\"excerpt-read-more\" href=\"https:\/\/cap.ca\/fr\/facp\/conferences-etudiantes\/\" title=\"LireConf\u00e9rences \u00e9tudiantes\">Lire la suite &raquo;<\/a><\/p>\n","protected":false},"author":7,"featured_media":0,"parent":3382,"menu_order":7,"comment_status":"closed","ping_status":"closed","template":"","meta":{"footnotes":""},"class_list":["post-15050","page","type-page","status-publish","hentry"],"_links":{"self":[{"href":"https:\/\/cap.ca\/fr\/wp-json\/wp\/v2\/pages\/15050","targetHints":{"allow":["GET"]}}],"collection":[{"href":"https:\/\/cap.ca\/fr\/wp-json\/wp\/v2\/pages"}],"about":[{"href":"https:\/\/cap.ca\/fr\/wp-json\/wp\/v2\/types\/page"}],"author":[{"embeddable":true,"href":"https:\/\/cap.ca\/fr\/wp-json\/wp\/v2\/users\/7"}],"replies":[{"embeddable":true,"href":"https:\/\/cap.ca\/fr\/wp-json\/wp\/v2\/comments?post=15050"}],"version-history":[{"count":4,"href":"https:\/\/cap.ca\/fr\/wp-json\/wp\/v2\/pages\/15050\/revisions"}],"predecessor-version":[{"id":27674,"href":"https:\/\/cap.ca\/fr\/wp-json\/wp\/v2\/pages\/15050\/revisions\/27674"}],"up":[{"embeddable":true,"href":"https:\/\/cap.ca\/fr\/wp-json\/wp\/v2\/pages\/3382"}],"wp:attachment":[{"href":"https:\/\/cap.ca\/fr\/wp-json\/wp\/v2\/media?parent=15050"}],"curies":[{"name":"wp","href":"https:\/\/api.w.org\/{rel}","templated":true}]}}