{"id":15039,"date":"2020-02-20T10:35:28","date_gmt":"2020-02-20T15:35:28","guid":{"rendered":"https:\/\/cap.ca\/?page_id=15039"},"modified":"2024-10-29T13:18:30","modified_gmt":"2024-10-29T17:18:30","slug":"bourses","status":"publish","type":"page","link":"https:\/\/cap.ca\/fr\/facp\/bourses\/","title":{"rendered":"Bourses pour \u00e9tudiant(e)s"},"content":{"rendered":"<div class=\"wpb-content-wrapper\"><p>[vc_row][vc_column][vc_column_text]<\/p>\n<p>Ce n&#8217;est que gr\u00e2ce aux dons g\u00e9n\u00e9reux des membres et des amis que l&#8217;ACP, par l&#8217;interm\u00e9diaire de sa Fondation, est en mesure d&#8217;offrir les bourses d&#8217;\u00e9tudes suivantes. Cliquez sur les liens associ\u00e9s \u00e0 chaque bourse pour conna\u00eetre les crit\u00e8res d&#8217;\u00e9ligibilit\u00e9 et les instructions de candidature.<\/p>\n<div>\n<table style=\"border-collapse: collapse; width: 100%;\">\n<thead>\n<tr>\n<th style=\"width: 40%;\"><strong>Bourse d&#8217;\u00e9tudes<\/strong><\/th>\n<th style=\"width: 15%;\"><strong>Montant<\/strong><\/th>\n<th style=\"width: 22.5%;\"><strong>Ouverture des candidatures<\/strong><\/th>\n<th style=\"width: 22.5%;\"><strong>Date limite de d\u00e9p\u00f4t des candidatures<\/strong><\/th>\n<\/tr>\n<\/thead>\n<tbody>\n<tr>\n<td style=\"width: 40%;\"><strong><a href=\"https:\/\/cap.ca\/fr\/facp\/bourses\/carswell\/\">Bourse Allan Carswell d\u2019enseignant en physique<\/a><\/strong><br \/>\nPour les \u00e9tudiants passionn\u00e9s par l&#8217;enseignement qui ont postul\u00e9 ou pr\u00e9voient de postuler \u00e0 une formation d&#8217;enseignant post-dipl\u00f4me.<\/td>\n<td style=\"width: 15%;\">Deux prix de 5 000 dollars canadiens chacun<\/td>\n<td style=\"width: 22.5%;\">1er octobre<\/td>\n<td style=\"width: 22.5%;\">15 janvier<\/td>\n<\/tr>\n<tr>\n<td style=\"width: 40%;\"><strong><a href=\"https:\/\/cap.ca\/fr\/facp\/bourses\/stoicheff\/\">Bourse comm\u00e9morative Boris P. Stoicheff de l\u2019ACP-OPTICA pour \u00e9tudiants de cycles sup\u00e9rieurs<\/a><\/strong><br \/>\nDestin\u00e9 aux \u00e9tudiants de troisi\u00e8me cycle qui ont fait preuve d&#8217;excellence en mati\u00e8re de recherche et qui ont rendu d&#8217;importants services \u00e0 la communaut\u00e9 des physiciens.<\/td>\n<td style=\"width: 15%;\">3 000 $ CAD<\/td>\n<td style=\"width: 22.5%;\">1er octobre (ann\u00e9es impaires)<\/td>\n<td style=\"width: 22.5%;\">15 janvier (ann\u00e9es paires)<\/td>\n<\/tr>\n<tr>\n<td style=\"width: 40%;\"><strong><a href=\"https:\/\/cap.ca\/fr\/facp\/bourses\/svensson\/\">Bourse comm\u00e9morative Eric C. Svensson pour \u00e9tudiants de cycles sup\u00e9rieurs<\/a><\/strong><br \/>\nDestin\u00e9 aux \u00e9tudiants de troisi\u00e8me cycle qui ont fait preuve d&#8217;excellence en mati\u00e8re de recherche et qui ont rendu d&#8217;importants services \u00e0 la communaut\u00e9 des physiciens.<\/td>\n<td style=\"width: 15%;\">3 000 $ CAD<\/td>\n<td style=\"width: 22.5%;\">1er octobre (ann\u00e9es paires)<\/td>\n<td style=\"width: 22.5%;\">15 janvier (ann\u00e9es impaires)<\/td>\n<\/tr>\n<\/tbody>\n<\/table>\n<\/div>\n<p>&nbsp;<\/p>\n<p><a href=\"https:\/\/cap.ca\/fr\/activites\/programme-de-distinctions\/\">Cliquez ici pour retourner aux pages des distinctions de l&#8217;ACP.<\/a><\/p>\n<p>[\/vc_column_text][\/vc_column][\/vc_row]<\/p>\n<blockquote><p><strong>NOTE IMPORTANTE :<\/strong> Les candidatures peuvent \u00eatre soumises dans les deux langues officielles, le fran\u00e7ais ou l&#8217;anglais ; cependant, l&#8217;interface du syst\u00e8me de candidature est uniquement en anglais.<\/p><\/blockquote>\n<\/div>","protected":false},"excerpt":{"rendered":"<p>[vc_row][vc_column][vc_column_text] Ce n&#8217;est que gr\u00e2ce aux dons g\u00e9n\u00e9reux des membres et des amis que l&#8217;ACP, par l&#8217;interm\u00e9diaire de sa Fondation, est en mesure d&#8217;offrir les bourses d&#8217;\u00e9tudes suivantes. Cliquez sur les liens associ\u00e9s \u00e0 chaque bourse pour conna\u00eetre les crit\u00e8res d&#8217;\u00e9ligibilit\u00e9 et les instructions de candidature. Bourse d&#8217;\u00e9tudes Montant Ouverture des candidatures Date limite de&#8230;  <a class=\"excerpt-read-more\" href=\"https:\/\/cap.ca\/fr\/facp\/bourses\/\" title=\"LireBourses pour \u00e9tudiant(e)s\">Lire la suite &raquo;<\/a><\/p>\n","protected":false},"author":7,"featured_media":0,"parent":3382,"menu_order":7,"comment_status":"closed","ping_status":"closed","template":"","meta":{"footnotes":""},"class_list":["post-15039","page","type-page","status-publish","hentry"],"_links":{"self":[{"href":"https:\/\/cap.ca\/fr\/wp-json\/wp\/v2\/pages\/15039","targetHints":{"allow":["GET"]}}],"collection":[{"href":"https:\/\/cap.ca\/fr\/wp-json\/wp\/v2\/pages"}],"about":[{"href":"https:\/\/cap.ca\/fr\/wp-json\/wp\/v2\/types\/page"}],"author":[{"embeddable":true,"href":"https:\/\/cap.ca\/fr\/wp-json\/wp\/v2\/users\/7"}],"replies":[{"embeddable":true,"href":"https:\/\/cap.ca\/fr\/wp-json\/wp\/v2\/comments?post=15039"}],"version-history":[{"count":28,"href":"https:\/\/cap.ca\/fr\/wp-json\/wp\/v2\/pages\/15039\/revisions"}],"predecessor-version":[{"id":25937,"href":"https:\/\/cap.ca\/fr\/wp-json\/wp\/v2\/pages\/15039\/revisions\/25937"}],"up":[{"embeddable":true,"href":"https:\/\/cap.ca\/fr\/wp-json\/wp\/v2\/pages\/3382"}],"wp:attachment":[{"href":"https:\/\/cap.ca\/fr\/wp-json\/wp\/v2\/media?parent=15039"}],"curies":[{"name":"wp","href":"https:\/\/api.w.org\/{rel}","templated":true}]}}