{"id":14847,"date":"2020-01-31T11:23:38","date_gmt":"2020-01-31T16:23:38","guid":{"rendered":"https:\/\/cap.ca\/?page_id=14847"},"modified":"2025-11-07T16:43:58","modified_gmt":"2025-11-07T21:43:58","slug":"carswell","status":"publish","type":"page","link":"https:\/\/cap.ca\/fr\/facp\/bourses\/carswell\/","title":{"rendered":"Bourse Allan Carswell d\u2019enseignant en physique"},"content":{"rendered":"<div class=\"wpb-content-wrapper\"><h2>Description<\/h2>\n<p>La bourse Allan Carswell pour l&#8217;enseignement de la physique reconna\u00eet l&#8217;importance cruciale et la valeur de la pr\u00e9sence de personnes form\u00e9es \u00e0 la physique et passionn\u00e9es par cette discipline, qui s&#8217;engagent aupr\u00e8s des jeunes Canadiens dans les salles de classe de ce pays. Gr\u00e2ce \u00e0 une dotation g\u00e9n\u00e9reuse de la Fondation de la famille Allan Carswell, jusqu&#8217;\u00e0 deux bourses d&#8217;\u00e9tudes, d&#8217;une valeur maximale de 5 000 $ chacune, seront attribu\u00e9es chaque ann\u00e9e. La premi\u00e8re bourse a \u00e9t\u00e9 attribu\u00e9e en 2022.<\/p>\n<p><a href=\"#Back\">Contexte<\/a><br \/>\n<a href=\"#Eval\">Crit\u00e8res d&#8217;\u00e9valuation<\/a><br \/>\n<a href=\"#Nom\">Proc\u00e9dures de candidature<\/a><br \/>\n<a href=\"#Prev\">Anciens b\u00e9n\u00e9ficiaires de bourses d&#8217;\u00e9tudes<\/a><\/p>\n<p>Toute question concernant la proc\u00e9dure de candidature doit \u00eatre envoy\u00e9e \u00e0 l&#8217;ACP, \u00e0 l&#8217;adresse suivante : programs@cap.ca.<\/p>\n<p style=\"text-align: center;\"><a href=\"https:\/\/cap.ca\/fr\/facp\/bourses\/\"><strong>Retour \u00e0 la page principale des bourses d&#8217;\u00e9tudes ACP<\/strong><\/a><\/p>\n<h2 id=\"Back\">Contexte<\/h2>\n<p>L&#8217;\u00e9conomie mondiale a \u00e9volu\u00e9 pour devenir plus d\u00e9pendante de l&#8217;innovation alors que nous sommes confront\u00e9s \u00e0 des d\u00e9fis allant du changement climatique aux besoins m\u00e9dicaux d&#8217;une population vieillissante. Les personnes ayant suivi une formation en physique sont id\u00e9alement plac\u00e9es pour r\u00e9soudre les probl\u00e8mes d&#8217;aujourd&#8217;hui. Pourtant, l&#8217;impact de la physique et de ceux qui ont suivi une formation en physique sur la vie de tous les jours n&#8217;est pas largement compris.<\/p>\n<p>La bourse Allan Carswell Physics Educator Scholarship fera prendre conscience \u00e0 tous les niveaux de la soci\u00e9t\u00e9 que l&#8217;enseignement de la physique est une voie de carri\u00e8re vitale, tr\u00e8s appr\u00e9ci\u00e9e et gratifiante, tout en renfor\u00e7ant le fait qu&#8217;une sp\u00e9cialisation en physique est utile pour de nombreuses carri\u00e8res, et pas seulement pour la recherche. Les \u00e9ducateurs \u00e0 tous les niveaux ont un r\u00f4le crucial \u00e0 jouer, car ils doivent transmettre aux \u00e9tudiants de tous les sexes et de tous les milieux la passion, la confiance et la culture scientifique qui les inciteront \u00e0 rechercher un enseignement de la physique au niveau universitaire et \u00e0 y parvenir.<\/p>\n<p>La bourse Allan Carswell Physics Educator Scholarship est con\u00e7ue pour augmenter le nombre de professeurs de physique hautement qualifi\u00e9s et d\u00e9vou\u00e9s en encourageant, d&#8217;une part, les \u00e9tudiants en physique \u00e0 suivre un programme de formation des enseignants apr\u00e8s l&#8217;obtention de leur dipl\u00f4me et, d&#8217;autre part, les professeurs de physique \u00e0 obtenir une licence en physique avant de s&#8217;inscrire au programme de formation des enseignants de leur choix.<\/p>\n<h3>\u00c0 propos du Dr. Allan Ian Carswell<\/h3>\n<p><img loading=\"lazy\" decoding=\"async\" class=\"alignright wp-image-14844 size-full\" src=\"https:\/\/cap.ca\/wp-content\/uploads\/2020\/01\/allan-carswell-e1580494239680.jpg\" alt=\"Headshot of Dr. Allan Carswell\" width=\"150\" height=\"188\" \/>Allan Ian Carswell (CM, FRSC) est un pionnier internationalement reconnu dans le domaine du radar laser (lidar). En 1974, il a fond\u00e9 la soci\u00e9t\u00e9 Optech Incorporated, qui compte aujourd&#8217;hui plus de 300 employ\u00e9s. Optech a \u00e9t\u00e9 rachet\u00e9e par Teledyne Technologies en 2015 et continue sous le nom de Teledyne Optech, un leader international dans le domaine de l&#8217;instrumentation laser. Le Dr Carswell a \u00e9t\u00e9 \u00e9lu Fellow de la Soci\u00e9t\u00e9 royale du Canada et est devenu membre de l&#8217;Ordre du Canada en 2005. Il a \u00e9t\u00e9 pr\u00e9sident de l&#8217;Association canadienne des physiciens et physiciennes en 1985.<\/p>\n<h2 id=\"Eval\">Crit\u00e8res d&#8217;\u00e9valuation<\/h2>\n<p>Cette bourse sera attribu\u00e9e chaque ann\u00e9e \u00e0 un maximum de deux \u00e9tudiants ayant un excellent dossier acad\u00e9mique et passionn\u00e9s par l&#8217;enseignement. L&#8217;\u00e9valuation sera bas\u00e9e sur la documentation soumise dans le dossier de candidature et se concentrera sur les trois domaines suivants :<\/p>\n<ul class=\"content-list\">\n<li>les r\u00e9sultats et l&#8217;excellence acad\u00e9mique du candidat<\/li>\n<li>la d\u00e9monstration de la passion du candidat pour la physique<\/li>\n<li>D\u00e9monstration de la passion du candidat pour la p\u00e9dagogie de la physique.<\/li>\n<\/ul>\n<h2 id=\"Nom\">Proc\u00e9dures de candidature<\/h2>\n<p>Bien que le syst\u00e8me de candidature de l&#8217;ACP dispose actuellement d&#8217;une interface en anglais uniquement, les candidatures peuvent \u00eatre soumises en anglais ou en fran\u00e7ais. L&#8217;ACP s&#8217;engage \u00e0 ce que les candidatures soumises dans l&#8217;une ou l&#8217;autre des langues officielles soient trait\u00e9es de mani\u00e8re \u00e9quitable. En outre, l&#8217;ACP s&#8217;engage \u00e0 faire en sorte que les personnes charg\u00e9es d&#8217;\u00e9valuer les prix aient une compr\u00e9hension approfondie de l&#8217;impact des pr\u00e9jug\u00e9s afin d&#8217;en tenir compte lors de l&#8217;examen des candidatures.<\/p>\n<h3>Conditions d&#8217;\u00e9ligibilit\u00e9<\/h3>\n<p>Chaque candidat doit<\/p>\n<ul class=\"content-list\">\n<li>Avoir obtenu un dipl\u00f4me en physique dans une universit\u00e9 canadienne ou \u00eatre en derni\u00e8re ann\u00e9e d&#8217;un tel dipl\u00f4me. Les dipl\u00f4mes admissibles sont les suivants : un dipl\u00f4me de premier cycle avec une sp\u00e9cialisation en physique ou un dipl\u00f4me d&#8217;\u00e9tudes sup\u00e9rieures en physique.<\/li>\n<li>Avoir d\u00e9pos\u00e9 une demande d&#8217;inscription, ou pr\u00e9voir de le faire, \u00e0 un programme de formation d&#8217;enseignants post-dipl\u00f4me dans une universit\u00e9 canadienne pour l&#8217;ann\u00e9e universitaire \u00e0 venir* Les programmes \u00e9ligibles sont ceux qui, une fois termin\u00e9s, sont n\u00e9cessaires pour obtenir une licence d&#8217;enseignement dans la province concern\u00e9e. Si la candidature est retenue, la preuve de l&#8217;inscription \u00e0 un programme de formation postuniversitaire pour enseignants doit \u00eatre re\u00e7ue et confirm\u00e9e par le bureau de l&#8217;ACP avant le versement des fonds de la bourse. [NOTE : Toute personne d\u00e9j\u00e0 inscrite \u00e0 un programme d&#8217;enseignement au moment de la demande n&#8217;est pas admissible \u00e0 cette bourse.<\/li>\n<\/ul>\n<p>Tous les candidats \u00e9ligibles ayant un excellent dossier acad\u00e9mique et aimant partager leur passion pour la physique sont encourag\u00e9s \u00e0 postuler, y compris ceux issus de groupes sous-repr\u00e9sent\u00e9s dans le domaine de la physique.<\/p>\n<h3>Composantes de la candidature<\/h3>\n<p>Chaque candidat doit fournir<\/p>\n<ul class=\"content-list\">\n<li>leurs derniers relev\u00e9s de notes<\/li>\n<li>Une explication d&#8217;une page (500 mots maximum) des raisons pour lesquelles ils sont int\u00e9ress\u00e9s par cette bourse et de la mani\u00e8re dont l&#8217;obtention de la bourse fera la diff\u00e9rence.<\/li>\n<li>Deux lettres de recommandation au minimum et un formulaire de validation sign\u00e9 par le directeur du d\u00e9partement de physique confirmant l&#8217;inscription ou l&#8217;obtention du dipl\u00f4me.\n<ul class=\"content-list\">\n<li>Pour plus d&#8217;informations sur les lettres de recommandation, <a href=\"https:\/\/cap.ca\/wp-content\/uploads\/2023\/11\/Carswell-scholarship-Reference-Guidelines-2024.pdf\">cliquez ici<\/a>.<\/li>\n<li>Remarque : les instructions relatives aux lettres de recommandation et au formulaire de validation sont affich\u00e9es ici \u00e0 l&#8217;intention des \u00e9tudiants qui poseront leur candidature, afin de leur permettre de fournir ces informations \u00e0 ces personnes d\u00e8s que possible. Afin de pr\u00e9server la confidentialit\u00e9, les lettres de recommandation et les formulaires de validation remplis DOIVENT \u00eatre t\u00e9l\u00e9charg\u00e9s directement par les personnes qui ont \u00e9t\u00e9 charg\u00e9es de les remplir.<br \/>\nUn lien de t\u00e9l\u00e9chargement s\u00e9curis\u00e9 sera envoy\u00e9 par courriel aux personnes identifi\u00e9es dans le fichier de candidature sauvegard\u00e9. Comme ces formulaires doivent \u00eatre envoy\u00e9s avant la date limite de candidature, les candidats pourront voir si les fichiers ont \u00e9t\u00e9 soumis en se reconnectant au syst\u00e8me de candidature.<\/li>\n<\/ul>\n<\/li>\n<\/ul>\n<p>Le processus de candidature en ligne de l&#8217;ACP est accessible en se connectant aux Services aux membres<a href=\"https:\/\/crm.cap.ca\">(https:\/\/crm.cap.ca<\/a>) et en s\u00e9lectionnant \u00ab Syst\u00e8me de distinction \u00bb sous \u00ab Services de l&#8217;ACP\u00a0\u00bb.<\/p>\n<blockquote><p>Bien que le syst\u00e8me de candidature de l&#8217;ACP dispose actuellement d&#8217;une interface en anglais uniquement, les candidatures peuvent \u00eatre soumises en anglais ou en fran\u00e7ais. L&#8217;ACP s&#8217;engage \u00e0 ce que les candidatures soumises dans l&#8217;une ou l&#8217;autre des langues officielles soient trait\u00e9es de mani\u00e8re \u00e9quitable. En outre, l&#8217;ACP s&#8217;engage \u00e0 faire en sorte que les personnes charg\u00e9es d&#8217;\u00e9valuer les prix aient une compr\u00e9hension approfondie de l&#8217;impact des pr\u00e9jug\u00e9s afin d&#8217;en tenir compte lors de l&#8217;examen des candidatures.<\/p><\/blockquote>\n<h2 id=\"Prev\">Anciens b\u00e9n\u00e9ficiaires de bourses d&#8217;\u00e9tudes<\/h2>\n<p><a href=\"https:\/\/services.cap.ca\/medal\/publicity\/recipients.php?medal=16&amp;type=sc&amp;lang=en\">Cliquez ici pour consulter la liste des boursiers des ann\u00e9es pr\u00e9c\u00e9dentes.<\/a><\/p>\n<p>Toute question relative \u00e0 la bourse doit \u00eatre adress\u00e9e \u00e0 l&#8217;ACP \u00e0 l&#8217;adresse suivante <a href=\"mailto:programs@cap.ca\">: programs@cap.ca<\/a><\/p>\n<p>&nbsp;<\/p>\n<hr \/>\n<h2><\/h2>\n<h2>Carswell Family Foundation<\/h2>\n<h5><img loading=\"lazy\" decoding=\"async\" class=\"alignnone wp-image-291 \" src=\"https:\/\/helencarswell.ampd.yorku.ca\/wp-content\/uploads\/sites\/1208\/2021\/04\/Carswell-foundation-banner.jpg\" sizes=\"auto, (max-width: 1280px) 100vw, 1280px\" srcset=\"https:\/\/helencarswell.ampd.yorku.ca\/wp-content\/uploads\/sites\/1208\/2021\/04\/Carswell-foundation-banner.jpg 1280w, https:\/\/helencarswell.ampd.yorku.ca\/wp-content\/uploads\/sites\/1208\/2021\/04\/Carswell-foundation-banner-300x94.jpg 300w, https:\/\/helencarswell.ampd.yorku.ca\/wp-content\/uploads\/sites\/1208\/2021\/04\/Carswell-foundation-banner-1024x320.jpg 1024w, https:\/\/helencarswell.ampd.yorku.ca\/wp-content\/uploads\/sites\/1208\/2021\/04\/Carswell-foundation-banner-768x240.jpg 768w\" alt=\"Carswell Foundation\" width=\"439\" height=\"137\" \/><\/h5>\n<h4>La bourse Allan Carswell pour les enseignants en physique est financ\u00e9e par une dotation de la Carswell Family Foundation.<\/h4>\n<hr \/>\n<h2><\/h2>\n<h2 style=\"text-align: center;\"><a href=\"https:\/\/cap.ca\/fr\/facp\/bourses\/\">Retour \u00e0 la page principale des bourses d&#8217;\u00e9tudes de l&#8217;ACP<\/a><\/h2>\n<p>[vc_row][vc_column][vc_single_image image=&#8221;21572&#8243; img_size=&#8221;full&#8221; onclick=&#8221;custom_link&#8221; img_link_target=&#8221;_blank&#8221; link=&#8221;http:\/\/https:\/\/cap.ca\/fr\/edi\/&#8221;][\/vc_column][\/vc_row]<\/p>\n<\/div>","protected":false},"excerpt":{"rendered":"<p>Description La bourse Allan Carswell pour l&#8217;enseignement de la physique reconna\u00eet l&#8217;importance cruciale et la valeur de la pr\u00e9sence de personnes form\u00e9es \u00e0 la physique et passionn\u00e9es par cette discipline, qui s&#8217;engagent aupr\u00e8s des jeunes Canadiens dans les salles de classe de ce pays. Gr\u00e2ce \u00e0 une dotation g\u00e9n\u00e9reuse de la Fondation de la famille&#8230;  <a class=\"excerpt-read-more\" href=\"https:\/\/cap.ca\/fr\/facp\/bourses\/carswell\/\" title=\"LireBourse Allan Carswell d\u2019enseignant en physique\">Lire la suite &raquo;<\/a><\/p>\n","protected":false},"author":12,"featured_media":0,"parent":15039,"menu_order":12,"comment_status":"closed","ping_status":"closed","template":"","meta":{"footnotes":""},"class_list":["post-14847","page","type-page","status-publish","hentry"],"_links":{"self":[{"href":"https:\/\/cap.ca\/fr\/wp-json\/wp\/v2\/pages\/14847","targetHints":{"allow":["GET"]}}],"collection":[{"href":"https:\/\/cap.ca\/fr\/wp-json\/wp\/v2\/pages"}],"about":[{"href":"https:\/\/cap.ca\/fr\/wp-json\/wp\/v2\/types\/page"}],"author":[{"embeddable":true,"href":"https:\/\/cap.ca\/fr\/wp-json\/wp\/v2\/users\/12"}],"replies":[{"embeddable":true,"href":"https:\/\/cap.ca\/fr\/wp-json\/wp\/v2\/comments?post=14847"}],"version-history":[{"count":34,"href":"https:\/\/cap.ca\/fr\/wp-json\/wp\/v2\/pages\/14847\/revisions"}],"predecessor-version":[{"id":28184,"href":"https:\/\/cap.ca\/fr\/wp-json\/wp\/v2\/pages\/14847\/revisions\/28184"}],"up":[{"embeddable":true,"href":"https:\/\/cap.ca\/fr\/wp-json\/wp\/v2\/pages\/15039"}],"wp:attachment":[{"href":"https:\/\/cap.ca\/fr\/wp-json\/wp\/v2\/media?parent=14847"}],"curies":[{"name":"wp","href":"https:\/\/api.w.org\/{rel}","templated":true}]}}